{"id":5444,"date":"2021-02-28T19:09:21","date_gmt":"2021-02-28T18:09:21","guid":{"rendered":"https:\/\/agora.xtec.cat\/iesitaca\/?page_id=5444"},"modified":"2021-06-07T10:18:43","modified_gmt":"2021-06-07T08:18:43","slug":"preinscripcio-eso-curs-21-21","status":"publish","type":"page","link":"https:\/\/agora.xtec.cat\/iesitaca\/secretaria\/preinscripcio-eso-curs-21-21\/","title":{"rendered":"PREINSCRIPCI\u00d3 ESO CURS 2021-2022"},"content":{"rendered":"<p><strong>V\u00eddeo explicatiu de com has de fer la preinscripci\u00f3 escolar en l\u00ednia i quina documentaci\u00f3 hi has de presentar<\/strong><\/p>\n<p>Aquest any la soli\u00b7licitud de preinscripci\u00f3 l&#8217;has d&#8217;emplenar i presentar en l\u00ednia.<\/p>\n<p>Pots fer-ho des de qualsevol ordinador, tauleta o m\u00f2bil amb connexi\u00f3 a Internet.<\/p>\n<p style=\"text-align: left;\"><iframe loading=\"lazy\" src=\"https:\/\/www.youtube.com\/embed\/7Jz8gYBFCFM\" width=\"560\" height=\"315\" frameborder=\"0\"><\/iframe><iframe loading=\"lazy\" src=\"https:\/\/www.youtube.com\/embed\/OuhbC06EQSs\" width=\"560\" height=\"315\" frameborder=\"0\"><\/iframe><\/p>\n<h4><a href=\"https:\/\/preinscripcio.gencat.cat\/ca\/estudis\/eso\/inici\/\" target=\"_blank\" rel=\"noopener noreferrer\">Web Departament d&#8217;Educaci\u00f3 per a la preinscripci\u00f3<\/a><\/h4>\n<h4><\/h4>\n<h4><strong>Calendari:<\/strong><\/h4>\n<p>La preinscripci\u00f3 dels alumnes als centres educatius d&#8217;ESO t\u00e9 dates i caracter\u00edstiques pr\u00f2pies. Si vols estar al cas de les diferents dates clau i dels terminis, has de tenir en compte alguns aspectes:<\/p>\n<ul>\n<li>El proc\u00e9s de preinscripci\u00f3 escolar\u00a0<strong>s&#8217;inicia al mar\u00e7 i acaba amb la formalitzaci\u00f3 de la matr\u00edcula, a principis de juny.<\/strong><\/li>\n<li><strong>Durant tot aquest temps, hi ha dates i terminis associats a actuacions clau<\/strong>\u00a0que has de tenir presents, ja que determinen l&#8217;assignaci\u00f3 final de places als centres educatius.<\/li>\n<\/ul>\n<p>Aix\u00ed, has d&#8217;estar pendent de les dates i de les gestions espec\u00edfiques de cada moment del proc\u00e9s.<\/p>\n<ul style=\"list-style-type: square;\">\n<li>Del 17 al 24 de mar\u00e7 de 2021: presentaci\u00f3 de sol\u00b7licituds.<\/li>\n<li>25 i 26 de mar\u00e7: presentaci\u00f3 de documentaci\u00f3<\/li>\n<li>19 d&#8217;abril de 2021: <a href=\"https:\/\/drive.google.com\/file\/d\/1cjRVderb382hqW8z7XKUqajay4Lo-yTT\/view?usp=sharing\" target=\"_blank\" rel=\"noopener noreferrer\">llista de sol\u00b7licituds amb puntuaci\u00f3 provisional<\/a><\/li>\n<li>Del 20 al 26 d&#8217;abril de 2021: presentaci\u00f3 de reclamacions<\/li>\n<\/ul>\n<p style=\"padding-left: 40px;\">Si no est\u00e0s d&#8217;acord amb la puntuaci\u00f3 provisional, o detectes alguna errada o anomalia, pots presentar una\u00a0<strong>reclamaci\u00f3<\/strong>. En la consulta individual trobar\u00e0s l&#8217;enlla\u00e7 per presentar-la.<\/p>\n<p style=\"padding-left: 40px;\">Si no pots accedir a la consulta individual o no trobes la sol\u00b7licitud a la llista amb la puntuaci\u00f3 provisional pots adre\u00e7ar-te al centre o a l&#8217;oficina municipal d&#8217;escolaritzaci\u00f3 per demanar informaci\u00f3. Tamb\u00e9 pots presentar una\u00a0<strong>reclamaci\u00f3<\/strong>\u00a0mitjan\u00e7ant els seg\u00fcents accessos, en funci\u00f3 del tipus de sol\u00b7licitud de preinscripci\u00f3 utilitzada:<\/p>\n<ul>\n<li style=\"list-style-type: none;\">\n<ul>\n<li style=\"list-style-type: none;\">\n<ul style=\"list-style-type: circle;\">\n<li><a href=\"https:\/\/ctti.queue-it.net\/?c=ctti&amp;e=preins&amp;t=https%3A%2F%2Faplicacions.ensenyament.gencat.cat%2FGEDAC%2FGEDACSOL_SE_MOD_CAT.html\" target=\"_blank\" rel=\"noopener noreferrer\">Si vas presentar una sol\u00b7licitud electr\u00f2nica<\/a><\/li>\n<li><a href=\"https:\/\/ctti.queue-it.net\/?c=ctti&amp;e=qpreinscripcioapexpr&amp;t=https%3A%2F%2Faplicacions.ensenyament.gencat.cat%2FGEDAC%2FGEDACSOL_SI_MOD_CAT.html\" target=\"_blank\" rel=\"noopener noreferrer\">Si vas presentar una sol\u00b7licitud en suport inform\u00e0tic<\/a><\/li>\n<\/ul>\n<\/li>\n<\/ul>\n<\/li>\n<\/ul>\n<ul style=\"list-style-type: square;\">\n<li>30 d&#8217;abril de 2021: llista de sol\u00b7licituds amb la puntuaci\u00f3 un cop resoltes les reclamacions<\/li>\n<li>5 de maig de 2021: sorteig per resoldre les sol\u00b7licituds de preinscripci\u00f3 empatades en punts<\/li>\n<li>7 de maig de 2021: <a href=\"https:\/\/drive.google.com\/file\/d\/1fmHBWsY6BvQp24J2n-Oadt7t9RGgfKd1\/view?usp=sharing\" target=\"_blank\" rel=\"noopener noreferrer\">llista ordenada<\/a><\/li>\n<li>7 de juny de 2021: <a href=\"https:\/\/drive.google.com\/file\/d\/162jCYemtbngrW8DB41TNy1H371JI8hbB\/view?usp=sharing\" target=\"_blank\" rel=\"noopener noreferrer\">llista d&#8217;alumnes assignats al centre<\/a>, <a href=\"https:\/\/drive.google.com\/file\/d\/1xV221KGZRvwFJ2YfAwoWGtObQP4xvc9A\/view?usp=sharing\" target=\"_blank\" rel=\"noopener noreferrer\">llista d&#8217;espera<\/a> i <a href=\"https:\/\/drive.google.com\/file\/d\/1orQJ_NtuBaIYKOtci4QbnWUWLvG831KW\/view?usp=sharing\" target=\"_blank\" rel=\"noopener noreferrer\">llistat d\u2019alumnes preinscrits al centre.<\/a>&nbsp;<\/li>\n<\/ul>\n<p class=\"header2 pd-15 pd-30\"><span style=\"text-decoration: underline;\">Formalitza la matriculaci\u00f3:<\/span> <em>(actiu del 17 al 24 de mar\u00e7)<\/em><\/p>\n<ul style=\"list-style-type: square;\">\n<li>Del 14 al 18 de juny: matriculaci\u00f3 dels alumnes de 1r d&#8217;ESO<\/li>\n<li>Del 28 de juny al 2 de juliol: matriculaci\u00f3 dels alumnes de 2n a 4t d&#8217;ESO<\/li>\n<\/ul>\n<h4 class=\"subtitle\">Criteris d&#8217;assignaci\u00f3 de pla\u00e7a:<\/h4>\n<ol>\n<li class=\"basic_title col-sm-12 pd-10\"><span style=\"text-decoration: underline;\"><span style=\"text-decoration: underline;\">Criteri d&#8217;adscripci\u00f3 del centre:<\/span><\/span>\n<div><strong>Aquest criteri t\u00e9 prioritat per damunt de qualsevol altre<\/strong>. \u00c9s a dir, totes les sol\u00b7licituds de preinscripci\u00f3 en un institut d&#8217;alumnes que hagin estudiat la prim\u00e0ria en una escola adscrita, autom\u00e0ticament tindran prioritat en l&#8217;assignaci\u00f3 de places per davant dels que provinguin d&#8217;altres centres no adscrits, i amb independ\u00e8ncia del barem de punts de la resta de criteris.<\/div>\n<div><\/div>\n<div>Nom\u00e9s en el cas que el nombre de sol\u00b7licituds d&#8217;alumnes de centres adscrits sigui superior al nombre de places de l&#8217;institut, entraran en joc els criteris generals i complementaris.<\/div>\n<\/li>\n<li class=\"basic_title col-sm-12 pd-10\"><span style=\"text-decoration: underline;\">Criteris de prioritat generals:<\/span>Quan l&#8217;infant que opta a la pla\u00e7a t\u00e9\u00a0<strong>germans o germanes que ja estudien al mateix centre educatiu o b\u00e9 el pare, la mare o el tutor o la tutora legal hi treballi<\/strong>. Se sumen\u00a0<strong>40 punts.<\/strong><strong>Proximitat geogr\u00e0fica del domicili habitual o del lloc de treball del pare o la mare a l&#8217;escola<\/strong>.<br \/>\nCada centre t\u00e9 una zona educativa que estableix el criteri de proximitat, i aix\u00f2 permet sumar puntuacions diferents segons les circumst\u00e0ncies:<\/p>\n<ul>\n<li>Quan el domicili habitual de la fam\u00edlia es troba dins la zona educativa del centre escolar que es demana en primer lloc se sumen\u00a0<strong>30 punts<\/strong>.<\/li>\n<li>Quan la ubicaci\u00f3 del lloc de feina del pare, la mare, el tutor o la tutora est\u00e0 dins la zona educativa del centre triat en primer lloc se sumen\u00a0<strong>20 punts<\/strong>.<\/li>\n<li>Quan el domicili familiar es troba dins del mateix municipi, per\u00f2 no dins de la zona educativa del centre que s&#8217;ha triat en primer lloc, se sumen\u00a0<strong>10 punts<\/strong>.<\/li>\n<\/ul>\n<p>Si la fam\u00edlia percep la\u00a0<strong>renda garantida de ciutadania<\/strong>, se sumen\u00a0<strong>10 punts<\/strong>.<\/p>\n<p>Si algun membre de la fam\u00edlia t\u00e9 una\u00a0<strong>discapacitat<\/strong>\u00a0se sumen\u00a0<strong>10 punts<\/strong>.<br \/>\nQuan l&#8217;infant mateix, el pare o la mare, o b\u00e9 algun germ\u00e0 o germana t\u00e9 una discapacitat igual o superior al 33 %.<\/li>\n<li class=\"basic_title col-sm-12 pd-10\"><span style=\"text-decoration: underline;\">Criteri complementari<\/span><\/li>\n<\/ol>\n<div>\n<div>Fam\u00edlia monoparental o nombrosa. Se sumen 15 punts addicionals.<\/div>\n<div><\/div>\n<\/div>\n<h5>Sol\u00b7licitud d&#8217;inscripci\u00f3:<\/h5>\n<p><a href=\"https:\/\/preinscripcio.gencat.cat\/ca\/estudis\/eso\/preinscriute\/sollicitud\/\" target=\"_blank\" rel=\"noopener noreferrer\">Oberta del 17 al 24 de mar\u00e7 de 2021.<\/a><\/p>\n<h5>Documentaci\u00f3:<\/h5>\n<div id=\"acordio-tramits-2\" class=\"panel-collapse collapse in\">\n<div class=\"panel-body\"><\/div>\n<\/div>\n<div>\n<p>Com que aquest any els tr\u00e0mits es fan de manera telem\u00e0tica,\u00a0<strong>cal escanejar o fotografiar tots els documents demanats per ambdues cares<\/strong>\u00a0i tenir-los disponibles en el dispositiu que utilitzareu per emplenar el formulari de preinscripci\u00f3, ja sigui un ordinador, una tauleta o un tel\u00e8fon intel\u00b7ligent, per tal de poder-los adjuntar.<\/p>\n<\/div>\n<div>\n<p>Els documents necessaris per acreditar la identitat de les fam\u00edlies en la sol\u00b7licitud de preinscripci\u00f3 s\u00f3n:<\/p>\n<\/div>\n<ul>\n<li><strong>Llibre de fam\u00edlia o altres documents relatius a la filiaci\u00f3.<br \/>\n<\/strong>Quan l&#8217;alumne estigui en situaci\u00f3 d&#8217;acolliment, el document que cal aportar \u00e9s la\u00a0<strong>resoluci\u00f3 d&#8217;acolliment del Departament de Treball, Afers Socials i Fam\u00edlies<\/strong>.<\/li>\n<li><strong>DNI del pare, la mare o el tutor o la tutora de l&#8217;alumne<\/strong>.<br \/>\nSi el sol\u00b7licitant \u00e9s estranger, necessitar\u00e0 la\u00a0<strong>targeta de resid\u00e8ncia<\/strong>\u00a0on consta el NIE o el\u00a0<strong>passaport<\/strong>, i si \u00e9s estranger d&#8217;un pa\u00eds membre de la Uni\u00f3 Europea li caldr\u00e0 adjuntar el\u00a0<strong>document d&#8217;identitat del pa\u00eds d&#8217;origen<\/strong>.<\/li>\n<\/ul>\n<p><a href=\"https:\/\/mapa.santboi.cat\/SB\/ZonesEscolars.html\" target=\"_blank\" rel=\"noopener noreferrer\">Zones escolars (Ajuntament de sant Boi de Llobregat).<\/a><\/p>\n","protected":false},"excerpt":{"rendered":"<p>V\u00eddeo explicatiu de com has de fer la preinscripci\u00f3 escolar en l\u00ednia i quina documentaci\u00f3 hi has de presentar<br \/>\nAquest any la soli\u00b7licitud de preinscripci\u00f3 l&#8217;has d&#8217;emplenar i presentar en l\u00ednia.<br \/>\nPots fer-ho des de qualsevol ordinador, tauleta o m\u00f2bil amb connexi\u00f3 a Internet.<\/p>\n<p><a href=\"https:\/\/preinscripcio.gencat.cat\/ca\/estudis\/eso\/inici\/\" target=\"_blank\" rel=\"noopener&hellip;  <a href=\"https:\/\/agora.xtec.cat\/iesitaca\/secretaria\/preinscripcio-eso-curs-21-21\/\" title=\"Read PREINSCRIPCI\u00d3 ESO CURS 2021-2022\">Llegeix m\u00e9s\u00bb<\/a><\/p>\n","protected":false},"author":1,"featured_media":0,"parent":81,"menu_order":0,"comment_status":"closed","ping_status":"closed","template":"","meta":{"_bbp_topic_count":0,"_bbp_reply_count":0,"_bbp_total_topic_count":0,"_bbp_total_reply_count":0,"_bbp_voice_count":0,"_bbp_anonymous_reply_count":0,"_bbp_topic_count_hidden":0,"_bbp_reply_count_hidden":0,"_bbp_forum_subforum_count":0,"footnotes":""},"class_list":["post-5444","page","type-page","status-publish","hentry"],"post_mailing_queue_ids":[],"_links":{"self":[{"href":"https:\/\/agora.xtec.cat\/iesitaca\/wp-json\/wp\/v2\/pages\/5444","targetHints":{"allow":["GET"]}}],"collection":[{"href":"https:\/\/agora.xtec.cat\/iesitaca\/wp-json\/wp\/v2\/pages"}],"about":[{"href":"https:\/\/agora.xtec.cat\/iesitaca\/wp-json\/wp\/v2\/types\/page"}],"author":[{"embeddable":true,"href":"https:\/\/agora.xtec.cat\/iesitaca\/wp-json\/wp\/v2\/users\/1"}],"replies":[{"embeddable":true,"href":"https:\/\/agora.xtec.cat\/iesitaca\/wp-json\/wp\/v2\/comments?post=5444"}],"version-history":[{"count":3,"href":"https:\/\/agora.xtec.cat\/iesitaca\/wp-json\/wp\/v2\/pages\/5444\/revisions"}],"predecessor-version":[{"id":5601,"href":"https:\/\/agora.xtec.cat\/iesitaca\/wp-json\/wp\/v2\/pages\/5444\/revisions\/5601"}],"up":[{"embeddable":true,"href":"https:\/\/agora.xtec.cat\/iesitaca\/wp-json\/wp\/v2\/pages\/81"}],"wp:attachment":[{"href":"https:\/\/agora.xtec.cat\/iesitaca\/wp-json\/wp\/v2\/media?parent=5444"}],"curies":[{"name":"wp","href":"https:\/\/api.w.org\/{rel}","templated":true}]}}