{"id":49,"date":"2014-09-17T16:55:55","date_gmt":"2014-09-17T16:55:55","guid":{"rendered":"http:\/\/agora.xtec.cat\/iesitaca\/?page_id=49"},"modified":"2024-07-11T13:10:19","modified_gmt":"2024-07-11T11:10:19","slug":"normes-dorganitzacio-i-funcionament","status":"publish","type":"page","link":"https:\/\/agora.xtec.cat\/iesitaca\/linstitut\/normes-dorganitzacio-i-funcionament\/","title":{"rendered":"Funcionament i normativa"},"content":{"rendered":"<p style=\"text-align: justify;\">FUNCIONAMENT<\/p>\n<p style=\"text-align: justify;\">A continuaci\u00f3 teniu al vostre abast els documents necessaris per al bon funcionament i marxa de l&#8217;institut.<\/p>\n<ul>\n<li>Projecte Educatiu de Centre<\/li>\n<\/ul>\n<p style=\"text-align: justify;\">Podeu veure el PEC clicant <a href=\"https:\/\/drive.google.com\/file\/d\/1SlwyYEeG6cidhNITpFvLfdD3bTUCaIZS\/view?usp=sharing\" target=\"_blank\" rel=\"noopener noreferrer\">aqu\u00ed.<\/a><\/p>\n<ul style=\"text-align: justify;\">\n<li>Pla de conviv\u00e8ncia<\/li>\n<\/ul>\n<p style=\"text-align: justify;\">Podeu veure el Pla de conviv\u00e8ncia clicant <a href=\"https:\/\/drive.google.com\/open?id=13gHjEPsd3a0OxzSKBHT11XPGxmJNs1Ws\" target=\"_blank\" rel=\"noopener noreferrer\">aqu\u00ed<\/a><\/p>\n<ul style=\"text-align: justify;\">\n<li>Pla d&#8217;Estrat\u00e8gia Digital de Centre<\/li>\n<\/ul>\n<p style=\"text-align: justify;\">Podeu veure l&#8217;EDC clicant <a href=\"https:\/\/sites.google.com\/xtec.cat\/edcinstituitaca\/inici\">aqu\u00ed<\/a><\/p>\n<ul style=\"text-align: justify;\">\n<li>Pla d&#8217;atenci\u00f3 a la diversitat<\/li>\n<\/ul>\n<p style=\"text-align: justify;\">Podeu veure el PAD\u00a0clicant <a href=\"https:\/\/drive.google.com\/file\/d\/1R5cXl2x12vjBRMhO03A9sbtftzWNX398\/view?usp=sharing\" target=\"_blank\" rel=\"noopener noreferrer\">aqu\u00ed<\/a><\/p>\n<ul style=\"text-align: justify;\">\n<li>Projecte curricular del centre<\/li>\n<\/ul>\n<p style=\"text-align: justify;\">Podeu veure el\u00a0 PCC clicant <a href=\"https:\/\/drive.google.com\/open?id=1WMfTX5BghpRxyI1PLxk87tNTf-4Cx2d5\" target=\"_blank\" rel=\"noopener noreferrer\">aqu\u00ed<\/a><\/p>\n<ul style=\"text-align: justify;\">\n<li>Pla d&#8217;acci\u00f3 tutorial<\/li>\n<\/ul>\n<p style=\"text-align: justify;\">Podeu veure el PAT clicant <a href=\"https:\/\/calendar.google.com\/calendar\/u\/2\/r?tab=mc\">aqu\u00ed<\/a><\/p>\n<ul style=\"text-align: justify;\">\n<li>Projecte ling\u00fc\u00edstic del centre<\/li>\n<\/ul>\n<p style=\"text-align: justify;\">Podeu veure el PLC clicant <a href=\"https:\/\/drive.google.com\/file\/d\/1dzSCEugC7cLVV6KY7HW_0ujoNoc2r_I7\/view?usp=sharing\" target=\"_blank\" rel=\"noopener noreferrer\">aqu\u00ed<\/a><\/p>\n<ul style=\"text-align: justify;\">\n<li>Pl\u00e0nol de riscos laborals<\/li>\n<\/ul>\n<p style=\"text-align: justify;\">Podeu veure el PRL clicant <a href=\"https:\/\/drive.google.com\/open?id=1y7zuQlG6yUZJa4d0JJ5nHIvRl4Jc-yC2\" target=\"_blank\" rel=\"noopener noreferrer\">aqu\u00ed<\/a><\/p>\n<ul style=\"list-style-type: disc; text-align: justify;\">\n<li>NOFC<\/li>\n<\/ul>\n<p style=\"text-align: justify;\">Podeu veure les NOFC clicant <a href=\"https:\/\/drive.google.com\/file\/d\/1s76KjXWO_EB_TQIe4BZdue8_5LTDAdTX\/view?usp=sharing\">aqu\u00ed<\/a><\/p>\n<p style=\"text-align: justify;\">Extracte\u00a0 de la normativa:<\/p>\n<p style=\"text-align: justify;\">L&#8217;estudi constitueix un deure b\u00e0sic de l&#8217;alumnat que comporta el desenvolupament de les seves aptituds personals i l&#8217;aprofitament dels coneixements que s&#8217;imparteixen amb la finalitat d&#8217;assolir una bona preparaci\u00f3 humana i acad\u00e8mica.<\/p>\n<p style=\"text-align: justify;\">Aquest deure general es concreta, entre d&#8217;altres, en les obligacions seg\u00fcents:\u00a0\u00a0<strong>\u00a0\u00a0\u00a0\u00a0\u00a0\u00a0\u00a0\u00a0 <\/strong><\/p>\n<ol style=\"text-align: justify;\">\n<li>Assist\u00e8ncia a classe, participaci\u00f3 en les activitats acordades en el calendari escolar i respecte als horaris establerts.<\/li>\n<\/ol>\n<ol style=\"text-align: justify;\" start=\"2\">\n<li>La puntualitat a l\u2019hora de comen\u00e7ar les classes i diferents activitats \u00e9s un fet que contribueix molt al bon funcionament del centre.<\/li>\n<\/ol>\n<ol style=\"text-align: justify;\" start=\"3\">\n<li>Realitzar les tasques encomanades pel professorat en l&#8217;exercici de les seves funcions docents.<\/li>\n<\/ol>\n<ol style=\"text-align: justify;\" start=\"4\">\n<li>Participar en les activitats i sortides pedag\u00f2giques organitzades pel centre<\/li>\n<\/ol>\n<ol style=\"text-align: justify;\" start=\"5\">\n<li>Col\u00b7laborar en el manteniment de les instal.lacions del centre:<\/li>\n<\/ol>\n<ul style=\"text-align: justify;\">\n<li>El respecte a les normes de conviv\u00e8ncia dins el centre docent com a deure b\u00e0sic de l&#8217;alumnat s&#8217;est\u00e9n a les obligacions seg\u00fcents:<\/li>\n<\/ul>\n<ol style=\"text-align: justify;\">\n<li>Respectar la llibertat de consci\u00e8ncia i les conviccions religioses, morals i ideol\u00f2giques, com tamb\u00e9 la dignitat, la integritat i la intimitat de tots els membres de la comunitat educativa.<\/li>\n<li>No discriminar cap membre de la comunitat educativa per ra\u00f3 de naixement, ra\u00e7a, sexe o per qualsevol altra circumst\u00e0ncia personal o social.<\/li>\n<li>Respectar, utilitzar correctament i compartir els b\u00e9ns mobles i les instal\u00b7lacions del centre.<\/li>\n<li>Complir les normes d\u2019organtizaci\u00f3 i funcionament del centre (NOF).<\/li>\n<li>Respectar les decisions dels \u00f2rgans unipersonals i col\u00b7legiats del centre<\/li>\n<li>Propiciar un ambient convivencial i respectar el dret dels altres membres de l&#8217;alumnat a que no sigui pertorbada l&#8217;activitat normal a les aules.<\/li>\n<li>A fi d&#8217;evitar sorolls als corredors, que destorben les classes, l&#8217;alumnat ha d&#8217;esperar el \/ la professor\/a dins la seva aula. Si aquest \/a es retard\u00e9s, caldr\u00e0 que els\/les delegats\/des vagin a preguntar al professorat de gu\u00e0rdia qu\u00e8 han de fer.<\/li>\n<li>Quan, per necessitat d&#8217;horari, l&#8217;alumnat hagi de canviar d&#8217;aula, els despla\u00e7aments per les depend\u00e8ncies de l&#8217;lnstitut es faran sense corredisses ni crits per tal d&#8217;evitar destorbar l&#8217;ambient d&#8217;estudi i treball del centre.<\/li>\n<li>Les portes del recinte estaran tancades durant l&#8217;horari lectiu. L&#8217;alumnat d\u2019ESO nom\u00e9s podr\u00e0 abandonar I&#8217;institut durant l&#8217;horari lectiu si va acompanyat pels seus pares o tutors legals o per una persona major d&#8217;edat autoritzada pels pares o tutors legals. Aquestes sortides s&#8217;anotaran en un registre a consergeria. L\u2019alumnat de 2n de BTX que cursa mat\u00e8ries soltes podr\u00e0 accedir i abandonar el centre presentant l\u2019acreditaci\u00f3 personal.<\/li>\n<li>Les portes del centre estaran obertes de 7.55h a 8.05h. La resta del temps, normalment, romandran tancades durant l&#8217;horari lectiu. La sortida es realitzar\u00e0 a les 14.30h.\u00a0 Fora d&#8217;aquest horari la seguretat de l&#8217;alumnat \u00e9s responsabilitat de les seves\u00a0 fam\u00edlies. Si l&#8217;horari lectiu de l&#8217;alumnat es modifiqu\u00e9s per qualsevol motiu, la direcci\u00f3 del centre informar\u00e0 previament a les fam\u00edlies.<\/li>\n<li>Per tal d&#8217;evitar el desordre a les aules i facilitar l&#8217;acc\u00e8s a les instal.lacions, a les hores d&#8217;entrada al mat\u00ed i despr\u00e9s del pati, el professorat controlar\u00e0 l&#8217;entrada d&#8217;alumnes a les aules que han de romandre tancades amb clau.<\/li>\n<li>L\u2019alumnat de Batxillerat podr\u00e0 sortir del centre durant l\u2019horari d\u2019esbarjo, si la fam\u00edlia ho considera oport\u00fa, o b\u00e9 romandre en el centre, al pati. El centre no \u00e9s responsable d\u2019aquest alumnat en aquesta franja hor\u00e0ria, en cas que opti per sortir.<\/li>\n<\/ol>\n<ul style=\"text-align: justify;\">\n<li>Les conductes contr\u00e0ries a les normes de conviv\u00e8ncia del centre estan recollides en les NOF del centre.<\/li>\n<\/ul>\n<ul style=\"text-align: justify;\">\n<li>Entre les mesures correctores que les NOF preveuen per a les conductes contr\u00e0ries a les normes de conviv\u00e8ncia del centre est\u00e0 l\u2019expulsi\u00f3 de classe.<\/li>\n<\/ul>\n<p style=\"text-align: justify;\">Les fam\u00edlies podran consultar de forma regular i personal les incid\u00e8ncies de cada alumne\/a a trav\u00e9s del programa Alexia.<\/p>\n","protected":false},"excerpt":{"rendered":"<p>FUNCIONAMENT<br \/>\nA continuaci\u00f3 teniu al vostre abast els documents necessaris per al bon funcionament i marxa de l&#8217;institut.<\/p>\n<ul>\n<li>Projecte Educatiu de Centre<\/li>\n<\/ul>\n<p>Podeu veure el PEC clicant <a href=\"https:\/\/drive.google.com\/file\/d\/1SlwyYEeG6cidhNITpFvLfdD3bTUCaIZS\/view?usp=sharing\" target=\"_blank\" rel=\"noopener noreferrer\">aqu\u00ed.<\/a><\/p>\n<ul style=\"text-align: justify;\">\n<li>Pla de conviv\u00e8ncia<\/li>\n<\/ul>\n<p>Podeu veure el Pla de conviv\u00e8ncia clicant <a href=\"https:\/\/drive.google.com\/open?id=13gHjEPsd3a0OxzSKBHT11XPGxmJNs1Ws\" target=\"_blank\" rel=\"noopener noreferrer\">aqu\u00ed<\/a><\/p>\n<ul style=\"text-align:&hellip;  <a href=\"https:\/\/agora.xtec.cat\/iesitaca\/linstitut\/normes-dorganitzacio-i-funcionament\/\" title=\"Read Funcionament i normativa\">Llegeix m\u00e9s\u00bb<\/a><\/p>\n","protected":false},"author":1,"featured_media":0,"parent":19,"menu_order":60,"comment_status":"closed","ping_status":"closed","template":"page-templates\/side-menu.php","meta":{"_bbp_topic_count":0,"_bbp_reply_count":0,"_bbp_total_topic_count":0,"_bbp_total_reply_count":0,"_bbp_voice_count":0,"_bbp_anonymous_reply_count":0,"_bbp_topic_count_hidden":0,"_bbp_reply_count_hidden":0,"_bbp_forum_subforum_count":0,"footnotes":""},"class_list":["post-49","page","type-page","status-publish","hentry"],"post_mailing_queue_ids":[],"_links":{"self":[{"href":"https:\/\/agora.xtec.cat\/iesitaca\/wp-json\/wp\/v2\/pages\/49","targetHints":{"allow":["GET"]}}],"collection":[{"href":"https:\/\/agora.xtec.cat\/iesitaca\/wp-json\/wp\/v2\/pages"}],"about":[{"href":"https:\/\/agora.xtec.cat\/iesitaca\/wp-json\/wp\/v2\/types\/page"}],"author":[{"embeddable":true,"href":"https:\/\/agora.xtec.cat\/iesitaca\/wp-json\/wp\/v2\/users\/1"}],"replies":[{"embeddable":true,"href":"https:\/\/agora.xtec.cat\/iesitaca\/wp-json\/wp\/v2\/comments?post=49"}],"version-history":[{"count":7,"href":"https:\/\/agora.xtec.cat\/iesitaca\/wp-json\/wp\/v2\/pages\/49\/revisions"}],"predecessor-version":[{"id":8013,"href":"https:\/\/agora.xtec.cat\/iesitaca\/wp-json\/wp\/v2\/pages\/49\/revisions\/8013"}],"up":[{"embeddable":true,"href":"https:\/\/agora.xtec.cat\/iesitaca\/wp-json\/wp\/v2\/pages\/19"}],"wp:attachment":[{"href":"https:\/\/agora.xtec.cat\/iesitaca\/wp-json\/wp\/v2\/media?parent=49"}],"curies":[{"name":"wp","href":"https:\/\/api.w.org\/{rel}","templated":true}]}}