{"id":3913,"date":"2019-09-06T19:18:59","date_gmt":"2019-09-06T17:18:59","guid":{"rendered":"http:\/\/agora.xtec.cat\/iesitaca\/?page_id=3913"},"modified":"2025-09-29T09:08:28","modified_gmt":"2025-09-29T07:08:28","slug":"documents-families","status":"publish","type":"page","link":"https:\/\/agora.xtec.cat\/iesitaca\/coordinacio\/documents-families\/","title":{"rendered":"Documents fam\u00edlies"},"content":{"rendered":"<p>Fam\u00edlies!, aqu\u00ed podreu trobar documentaci\u00f3 d&#8217;utilitat:<\/p>\n<table style=\"height: 300px; width: 102.895%;\" width=\"598\">\n<tbody>\n<tr style=\"height: 62px;\">\n<td style=\"height: 47px; width: 243px; text-align: center;\"><strong>INICI DE CURS<\/strong><\/td>\n<td style=\"height: 47px; width: 347px;\">\n<ul>\n<li class=\"odd\"><a href=\"https:\/\/agora.xtec.cat\/iesitaca\/wp-content\/uploads\/usu121\/2025\/07\/DOSSIER-FAMILIES-ESO-25-26.pdf\">DOSSIER FAM\u00cdLIES ESO 25-26<\/a><\/li>\n<li class=\"odd\"><a href=\"https:\/\/agora.xtec.cat\/iesitaca\/wp-content\/uploads\/usu121\/2025\/07\/DOSSIER-FAMILIES-BTX-25-26.pdf\">DOSSIER FAM\u00cdLIES BTX 25-26<\/a><\/li>\n<\/ul>\n<\/td>\n<\/tr>\n<tr style=\"height: 31px;\">\n<td style=\"height: 31px; width: 243px; text-align: center;\"><strong>DOCUMENTS PER SIGNAR INICI DE CURS<\/strong><\/td>\n<td style=\"height: 31px; width: 347px;\">\n<ul id=\"doc-attachments-ul\">\n<li id=\"doc-attachment-3941\" class=\"odd\"><a href=\"https:\/\/agora.xtec.cat\/iesitaca\/wp-content\/uploads\/usu121\/2025\/07\/Doc1Autoritzacio-anual-sortides.pdf\">doc1Autoritzaci\u00f3 anual sortides<\/a><\/li>\n<li class=\"odd\"><a href=\"https:\/\/agora.xtec.cat\/iesitaca\/wp-content\/uploads\/usu121\/2025\/07\/doc214.pdf\">doc2+14<\/a> <a href=\"https:\/\/agora.xtec.cat\/iesitaca\/wp-content\/uploads\/usu121\/2025\/07\/doc2-14.pdf\">doc2-14<\/a><\/li>\n<li class=\"odd\"><a href=\"https:\/\/agora.xtec.cat\/iesitaca\/wp-content\/uploads\/usu121\/2025\/07\/doc3Fitxa-sanitaria.pdf\">doc3Fitxa sanit\u00e0ria<\/a><\/li>\n<li class=\"odd\"><a href=\"https:\/\/agora.xtec.cat\/iesitaca\/wp-content\/uploads\/usu121\/2025\/07\/doc5.Mobils-Aparells-multimedia-DOC5.pdf\">doc5.M\u00f2bils-Aparells multim\u00e8dia DOC5<\/a><\/li>\n<li class=\"odd\"><a href=\"https:\/\/agora.xtec.cat\/iesitaca\/wp-content\/uploads\/usu121\/2025\/07\/doc714a.pdf\">doc7+14a<\/a><\/li>\n<li class=\"odd\"><a href=\"https:\/\/agora.xtec.cat\/iesitaca\/wp-content\/uploads\/usu121\/2025\/07\/doc7-14Autoritzacioferservircorreu.pdf\">doc7-14Autoritzaci\u00f3ferservircorreu<\/a><\/li>\n<li class=\"odd\"><a href=\"https:\/\/agora.xtec.cat\/iesitaca\/wp-content\/uploads\/usu121\/2025\/07\/doc8.PSiE_.pdf\">doc8.PSiE<\/a><\/li>\n<li class=\"odd\"><a href=\"https:\/\/agora.xtec.cat\/iesitaca\/wp-content\/uploads\/usu121\/2025\/07\/doc9.asspsico.pdf\">doc9.asspsico<\/a><\/li>\n<\/ul>\n<\/td>\n<\/tr>\n<tr style=\"height: 31px;\">\n<td style=\"height: 31px; width: 243px; text-align: center;\"><strong>PER AJUDAR A ESTUDIAR<\/strong><\/td>\n<td style=\"height: 31px; width: 347px;\">\n<ul>\n<li><a href=\"https:\/\/agora.xtec.cat\/iesitaca\/wp-content\/uploads\/usu121\/2025\/09\/Llocs-WEB-per-a-tecniques-estudi.pdf\">Llocs WEB per a t\u00e8cniques estudi<\/a><\/li>\n<li id=\"doc-attachment-3937\" class=\"odd\"><a title=\"Herramientasytcnicasdeestudio.pdf\" href=\"https:\/\/agora.xtec.cat\/iesitaca\/docs\/tecnicas-de-estudio\/?bp-attachment=Herramientasytcnicasdeestudio.pdf\">Herramientasytcnicasdeestudio.pdf<\/a><\/li>\n<li id=\"doc-attachment-3936\" class=\"even\"><a title=\"dossier-tecniques-estudi-1.pdf\" href=\"https:\/\/agora.xtec.cat\/iesitaca\/docs\/tecnicas-de-estudio\/?bp-attachment=dossier-tecniques-estudi-1.pdf\">Dossier-tecniques-estudi-1.pdf<\/a><\/li>\n<\/ul>\n<\/td>\n<\/tr>\n<tr style=\"height: 31px;\">\n<td style=\"height: 10px; width: 243px; text-align: center;\"><strong>NORMATIVA CONVIV\u00c8NCIA<\/strong><\/td>\n<td style=\"height: 10px; width: 347px;\">\n<div class=\"doc-attachments\">\n<ul id=\"doc-attachments-ul\">\n<li id=\"doc-attachment-3931\" class=\"odd\"><a href=\"https:\/\/agora.xtec.cat\/iesitaca\/wp-content\/uploads\/usu121\/2025\/07\/Normes-basiques.pdf\">Normes b\u00e0siques<\/a><\/li>\n<li><a href=\"https:\/\/agora.xtec.cat\/iesitaca\/wp-content\/uploads\/usu121\/2025\/07\/Telefons-mobils.pdf\">Tel\u00e8fons m\u00f2bils<\/a><\/li>\n<\/ul>\n<\/div>\n<\/td>\n<\/tr>\n<\/tbody>\n<\/table>\n<p>&nbsp;<\/p>\n","protected":false},"excerpt":{"rendered":"<p>Fam\u00edlies!, aqu\u00ed podreu trobar documentaci\u00f3 d&#8217;utilitat:<\/p>\n<p>INICI DE CURS<\/p>\n<ul>\n<li class=\"odd\"><a href=\"https:\/\/agora.xtec.cat\/iesitaca\/wp-content\/uploads\/usu121\/2025\/07\/DOSSIER-FAMILIES-ESO-25-26.pdf\">DOSSIER FAM\u00cdLIES ESO 25-26<\/a><\/li>\n<li class=\"odd\"><a href=\"https:\/\/agora.xtec.cat\/iesitaca\/wp-content\/uploads\/usu121\/2025\/07\/DOSSIER-FAMILIES-BTX-25-26.pdf\">DOSSIER FAM\u00cdLIES BTX 25-26<\/a><\/li>\n<\/ul>\n<p>DOCUMENTS PER SIGNAR INICI DE CURS<\/p>\n<ul id=\"doc-attachments-ul\">\n<li id=\"doc-attachment-3941\" class=\"odd\"><a href=\"https:\/\/agora.xtec.cat\/iesitaca\/wp-content\/uploads\/usu121\/2025\/07\/Doc1Autoritzacio-anual-sortides.pdf\">doc1Autoritzaci\u00f3 anual sortides<\/a><\/li>\n<li class=\"odd\"><a href=\"https:\/\/agora.xtec.cat\/iesitaca\/wp-content\/uploads\/usu121\/2025\/07\/doc214.pdf\">doc2+14<\/a> <a href=\"https:\/\/agora.xtec.cat\/iesitaca\/wp-content\/uploads\/usu121\/2025\/07\/doc2-14.pdf\">doc2-14<\/a><\/li>\n<li class=\"odd\"><a href=\"https:\/\/agora.xtec.cat\/iesitaca\/wp-content\/uploads\/usu121\/2025\/07\/doc3Fitxa-sanitaria.pdf\">doc3Fitxa sanit\u00e0ria<\/a><\/li>\n<li class=\"odd\"><a href=\"https:\/\/agora.xtec.cat\/iesitaca\/wp-content\/uploads\/usu121\/2025\/07\/doc5.Mobils-Aparells-multimedia-DOC5.pdf\">doc5.M\u00f2bils-Aparells multim\u00e8dia DOC5<\/a><\/li>\n<li class=\"odd\"><a href=\"https:\/\/agora.xtec.cat\/iesitaca\/wp-content\/uploads\/usu121\/2025\/07\/doc714a.pdf\">doc7+14a<\/a><\/li>\n<li class=\"odd\"><a href=\"https:\/\/agora.xtec.cat\/iesitaca\/wp-content\/uploads\/usu121\/2025\/07\/doc7-14Autoritzacioferservircorreu.pdf\">doc7-14Autoritzaci\u00f3ferservircorreu<\/a><\/li>\n<li class=\"odd\"><a&hellip;  <a href=\"https:\/\/agora.xtec.cat\/iesitaca\/coordinacio\/documents-families\/\" title=\"Read Documents fam\u00edlies\">Llegeix m\u00e9s\u00bb<\/a><br \/>\n","protected":false},"author":1,"featured_media":0,"parent":432,"menu_order":0,"comment_status":"closed","ping_status":"closed","template":"","meta":{"_bbp_topic_count":0,"_bbp_reply_count":0,"_bbp_total_topic_count":0,"_bbp_total_reply_count":0,"_bbp_voice_count":0,"_bbp_anonymous_reply_count":0,"_bbp_topic_count_hidden":0,"_bbp_reply_count_hidden":0,"_bbp_forum_subforum_count":0,"footnotes":""},"class_list":["post-3913","page","type-page","status-publish","hentry"],"post_mailing_queue_ids":[],"_links":{"self":[{"href":"https:\/\/agora.xtec.cat\/iesitaca\/wp-json\/wp\/v2\/pages\/3913","targetHints":{"allow":["GET"]}}],"collection":[{"href":"https:\/\/agora.xtec.cat\/iesitaca\/wp-json\/wp\/v2\/pages"}],"about":[{"href":"https:\/\/agora.xtec.cat\/iesitaca\/wp-json\/wp\/v2\/types\/page"}],"author":[{"embeddable":true,"href":"https:\/\/agora.xtec.cat\/iesitaca\/wp-json\/wp\/v2\/users\/1"}],"replies":[{"embeddable":true,"href":"https:\/\/agora.xtec.cat\/iesitaca\/wp-json\/wp\/v2\/comments?post=3913"}],"version-history":[{"count":6,"href":"https:\/\/agora.xtec.cat\/iesitaca\/wp-json\/wp\/v2\/pages\/3913\/revisions"}],"predecessor-version":[{"id":8801,"href":"https:\/\/agora.xtec.cat\/iesitaca\/wp-json\/wp\/v2\/pages\/3913\/revisions\/8801"}],"up":[{"embeddable":true,"href":"https:\/\/agora.xtec.cat\/iesitaca\/wp-json\/wp\/v2\/pages\/432"}],"wp:attachment":[{"href":"https:\/\/agora.xtec.cat\/iesitaca\/wp-json\/wp\/v2\/media?parent=3913"}],"curies":[{"name":"wp","href":"https:\/\/api.w.org\/{rel}","templated":true}]}}