{"id":2984,"date":"2018-10-31T16:24:25","date_gmt":"2018-10-31T15:24:25","guid":{"rendered":"http:\/\/agora.xtec.cat\/iesitaca\/?page_id=2984"},"modified":"2019-02-07T12:25:51","modified_gmt":"2019-02-07T11:25:51","slug":"concurs-obert-simplificat-de-neteja-2019","status":"publish","type":"page","link":"https:\/\/agora.xtec.cat\/iesitaca\/secretaria\/concurs-obert-simplificat-de-neteja-2019\/","title":{"rendered":"Concurs obert (simplificat) de neteja 2019"},"content":{"rendered":"<p>S&#8217;ha obert\u00a0 el procediment obert simplificat del servei de neteja de l&#8217;Institut \u00cdtaca.<\/p>\n<p>Podeu trobar tota la informaci\u00f3 a la web de contractaci\u00f3 p\u00fablica de la Generalitat de Catalunya, a l&#8217;<a href=\"https:\/\/contractaciopublica.gencat.cat\/ecofin_pscp\/AppJava\/notice.pscp?idDoc=39255565&amp;reqCode=viewCn&amp;\" target=\"_blank\" rel=\"noopener\">enlla\u00e7<\/a>.<\/p>\n<p>Les empreses podran presentar els sobres fins el dia 13 de desembre a les 14:00 hores.<\/p>\n<p>Despr\u00e9s d&#8217;obrir el sobre A, farem l&#8217;<b>obertura de les pliques (sobre B)<\/b> el proper <b>dijous 20 de desembre a les 11.30 h <\/b>a la Sala \u00cdtaca del nostre centre.<\/p>\n<p>En data 23 de gener de 2019 hem signat el contracte administratiu del servei de neteja amb l&#8217;empresa Limpieza y desinfecci\u00f3n de Edificios y Locales Renet, S.L. per a aquest any 2019.<br \/>\n&nbsp;<\/p>\n","protected":false},"excerpt":{"rendered":"<p>S&#8217;ha obert\u00a0 el procediment obert simplificat del servei de neteja de l&#8217;Institut \u00cdtaca.<br \/>\nPodeu trobar tota la informaci\u00f3 a la web de contractaci\u00f3 p\u00fablica de la Generalitat de Catalunya, a l&#8217;<a href=\"https:\/\/contractaciopublica.gencat.cat\/ecofin_pscp\/AppJava\/notice.pscp?idDoc=39255565&amp;reqCode=viewCn&amp;\" target=\"_blank\" rel=\"noopener\">enlla\u00e7<\/a>.<br \/>\nLes empreses podran presentar els sobres fins el dia 13 de desembre a&hellip;  <a href=\"https:\/\/agora.xtec.cat\/iesitaca\/secretaria\/concurs-obert-simplificat-de-neteja-2019\/\" title=\"Read Concurs obert (simplificat) de neteja 2019\">Llegeix m\u00e9s\u00bb<\/a><\/p>\n","protected":false},"author":1,"featured_media":0,"parent":81,"menu_order":0,"comment_status":"closed","ping_status":"closed","template":"","meta":{"_bbp_topic_count":0,"_bbp_reply_count":0,"_bbp_total_topic_count":0,"_bbp_total_reply_count":0,"_bbp_voice_count":0,"_bbp_anonymous_reply_count":0,"_bbp_topic_count_hidden":0,"_bbp_reply_count_hidden":0,"_bbp_forum_subforum_count":0,"footnotes":""},"class_list":["post-2984","page","type-page","status-publish","hentry"],"post_mailing_queue_ids":[],"_links":{"self":[{"href":"https:\/\/agora.xtec.cat\/iesitaca\/wp-json\/wp\/v2\/pages\/2984","targetHints":{"allow":["GET"]}}],"collection":[{"href":"https:\/\/agora.xtec.cat\/iesitaca\/wp-json\/wp\/v2\/pages"}],"about":[{"href":"https:\/\/agora.xtec.cat\/iesitaca\/wp-json\/wp\/v2\/types\/page"}],"author":[{"embeddable":true,"href":"https:\/\/agora.xtec.cat\/iesitaca\/wp-json\/wp\/v2\/users\/1"}],"replies":[{"embeddable":true,"href":"https:\/\/agora.xtec.cat\/iesitaca\/wp-json\/wp\/v2\/comments?post=2984"}],"version-history":[{"count":3,"href":"https:\/\/agora.xtec.cat\/iesitaca\/wp-json\/wp\/v2\/pages\/2984\/revisions"}],"predecessor-version":[{"id":3296,"href":"https:\/\/agora.xtec.cat\/iesitaca\/wp-json\/wp\/v2\/pages\/2984\/revisions\/3296"}],"up":[{"embeddable":true,"href":"https:\/\/agora.xtec.cat\/iesitaca\/wp-json\/wp\/v2\/pages\/81"}],"wp:attachment":[{"href":"https:\/\/agora.xtec.cat\/iesitaca\/wp-json\/wp\/v2\/media?parent=2984"}],"curies":[{"name":"wp","href":"https:\/\/api.w.org\/{rel}","templated":true}]}}