{"id":27,"date":"2014-09-17T16:24:03","date_gmt":"2014-09-17T16:24:03","guid":{"rendered":"http:\/\/agora.xtec.cat\/iesitaca\/?page_id=27"},"modified":"2016-09-04T18:54:28","modified_gmt":"2016-09-04T17:54:28","slug":"historia","status":"publish","type":"page","link":"https:\/\/agora.xtec.cat\/iesitaca\/linstitut\/historia\/","title":{"rendered":"Hist\u00f2ria"},"content":{"rendered":"<p>L\u2019 Institut \u00cdtaca \u00e9s un centre p\u00fablic d\u2019educaci\u00f3 secund\u00e0ria obligat\u00f2ria i postobligat\u00f2ria del Departament d\u2019Ensenyament de la Generalitat de Catalunya.<\/p>\n<p>\u00c9s un centre relativament jove, va ser creat a l\u2019any 1996. El curs 2001-2002 es va completar, en la seva totalitat, l\u2019oferta educativa del centre: ESO i Batxillerat<\/p>\n<p>\u00c9s un centre inclusiu, laic i respectu\u00f3s amb la pluralitat.<\/p>\n<p>&nbsp;<\/p>\n","protected":false},"excerpt":{"rendered":"<p>L\u2019 Institut \u00cdtaca \u00e9s un centre p\u00fablic d\u2019educaci\u00f3 secund\u00e0ria obligat\u00f2ria i postobligat\u00f2ria del Departament d\u2019Ensenyament de la Generalitat de Catalunya.<br \/>\n\u00c9s un centre relativament jove, va ser creat a l\u2019any 1996. El curs 2001-2002 es va completar, en la seva totalitat, l\u2019oferta educativa del centre: ESO&hellip;  <a href=\"https:\/\/agora.xtec.cat\/iesitaca\/linstitut\/historia\/\" title=\"Read Hist\u00f2ria\">Llegeix m\u00e9s\u00bb<\/a><\/p>\n","protected":false},"author":1,"featured_media":0,"parent":19,"menu_order":20,"comment_status":"closed","ping_status":"closed","template":"page-templates\/side-menu.php","meta":{"_bbp_topic_count":0,"_bbp_reply_count":0,"_bbp_total_topic_count":0,"_bbp_total_reply_count":0,"_bbp_voice_count":0,"_bbp_anonymous_reply_count":0,"_bbp_topic_count_hidden":0,"_bbp_reply_count_hidden":0,"_bbp_forum_subforum_count":0,"footnotes":""},"class_list":["post-27","page","type-page","status-publish","hentry"],"post_mailing_queue_ids":[],"_links":{"self":[{"href":"https:\/\/agora.xtec.cat\/iesitaca\/wp-json\/wp\/v2\/pages\/27","targetHints":{"allow":["GET"]}}],"collection":[{"href":"https:\/\/agora.xtec.cat\/iesitaca\/wp-json\/wp\/v2\/pages"}],"about":[{"href":"https:\/\/agora.xtec.cat\/iesitaca\/wp-json\/wp\/v2\/types\/page"}],"author":[{"embeddable":true,"href":"https:\/\/agora.xtec.cat\/iesitaca\/wp-json\/wp\/v2\/users\/1"}],"replies":[{"embeddable":true,"href":"https:\/\/agora.xtec.cat\/iesitaca\/wp-json\/wp\/v2\/comments?post=27"}],"version-history":[{"count":3,"href":"https:\/\/agora.xtec.cat\/iesitaca\/wp-json\/wp\/v2\/pages\/27\/revisions"}],"predecessor-version":[{"id":567,"href":"https:\/\/agora.xtec.cat\/iesitaca\/wp-json\/wp\/v2\/pages\/27\/revisions\/567"}],"up":[{"embeddable":true,"href":"https:\/\/agora.xtec.cat\/iesitaca\/wp-json\/wp\/v2\/pages\/19"}],"wp:attachment":[{"href":"https:\/\/agora.xtec.cat\/iesitaca\/wp-json\/wp\/v2\/media?parent=27"}],"curies":[{"name":"wp","href":"https:\/\/api.w.org\/{rel}","templated":true}]}}