{"id":2328,"date":"2018-04-05T11:30:17","date_gmt":"2018-04-05T09:30:17","guid":{"rendered":"http:\/\/agora.xtec.cat\/iesitaca\/?page_id=2328"},"modified":"2020-07-07T12:18:50","modified_gmt":"2020-07-07T10:18:50","slug":"preinscripcio-i-matricula-curs-2018-2019","status":"publish","type":"page","link":"https:\/\/agora.xtec.cat\/iesitaca\/secretaria\/preinscripcio-i-matricula-curs-2018-2019\/","title":{"rendered":"MATR\u00cdCULA ESO CURS 2020-2021"},"content":{"rendered":"<p><a href=\"https:\/\/drive.google.com\/file\/d\/1Iabx5mIucxK_MGIB2QhIKvwEjX4BAdu2\/view?usp=sharing\" target=\"_blank\" rel=\"noopener noreferrer\">Llista d\u2019assignaci\u00f3<\/a><\/p>\n<p><a href=\"https:\/\/drive.google.com\/file\/d\/1yUYDyk3SZ7rg9zE6M8tpmt2mczbMz7cE\/view?usp=sharing\" target=\"_blank\" rel=\"noopener noreferrer\">Llista d\u2019espera<\/a>.<\/p>\n<p><strong>MATR\u00cdCULA TELEM\u00c0TICA.<\/strong><\/p>\n<p>Cal enviar la seg\u00fcent documentaci\u00f3 escanejada o fotografiada per correu electr\u00f2nic a l\u2019adre\u00e7a oficial del centre (a8047509@xtec.cat) <span style=\"text-decoration: underline;\">del 13 al 17 de juliol (abans del les 13.30 h)<\/span>.<\/p>\n<p><a href=\"https:\/\/drive.google.com\/file\/d\/1257Bt6yTBsjVsF4dv7Q8cjdTlolWzXhD\/view?usp=sharing\" target=\"_blank\" rel=\"noopener noreferrer\">DOCUMENTACI\u00d3 1 ESO<\/a>,<\/p>\n<p><a href=\"https:\/\/drive.google.com\/file\/d\/1Cv71euyzjskMLt35DvHbRg28c3lfNMkp\/view?usp=sharing\" target=\"_blank\" rel=\"noopener noreferrer\">DOCUMENTACI\u00d3 2 o 3 ESO<\/a>.<\/p>\n<p><a href=\"https:\/\/drive.google.com\/file\/d\/1JxP0gtLpOE845RZFqgruZZ3Q5Cp4cOI0\/view?usp=sharing\" target=\"_blank\" rel=\"noopener noreferrer\">DOCUMENTACI\u00d3 4 ESO<\/a>.<\/p>\n<p><strong>MATR\u00cdCULA PRESENCIAL<\/strong><\/p>\n<p>Es podr\u00e0 fer la matr\u00edcula presencialment al centre els<span style=\"text-decoration: underline;\"> dies 16 i 17 de juliol (de 9h a 13.30h)<\/span>. En aquest cas, cal demanar cita pr\u00e8via al centre utilitzant l\u2019aplicaci\u00f3 <a href=\"https:\/\/aplicacions.gestioeducativa.gencat.cat\/pls\/apex\/f?p=CITA_PREVIA:4::::4:P4_TIPUS_CALENDARI,P4_DOMINI:03_Oblig,08047509\" target=\"_blank\" rel=\"noopener noreferrer\"><strong>CITA PR\u00c8VIA<\/strong><\/a>\u00a0o per tel\u00e8fon (93 630 35 84).<\/p>\n<p>&nbsp;<\/p>\n<p><strong>PREINSCRIPCI\u00d3<\/strong><\/p>\n<p>Presentaci\u00f3 de sol\u00b7licituds amb suport inform\u00e0tic: <span style=\"text-decoration: underline;\">del 13 al 22 de maig.<\/span><\/p>\n<p>Presentaci\u00f3 de sol\u00b7licituds amb cita pr\u00e8via: <span style=\"text-decoration: underline;\">19, 21 i 22 de maig<\/span>.<\/p>\n<p>Presentaci\u00f3 de documentaci\u00f3: fins el 25 de maig.<\/p>\n<p><a href=\"http:\/\/mapaescolar.gencat.cat\/\" target=\"_blank\" rel=\"noopener noreferrer\">Publicaci\u00f3 de la oferta inicial de places<\/a>.<\/p>\n<p><a href=\"https:\/\/drive.google.com\/file\/d\/1tLie7r4yQn6zX6ajf7b8GWTEuvbz7lAH\/view?usp=sharing\" target=\"_blank\" rel=\"noopener noreferrer\">Publicaci\u00f3 del llista de barem provisional (29 de maig).<\/a><\/p>\n<p><a href=\"https:\/\/drive.google.com\/file\/d\/15ZZH-RS_bqsSNnsvmUKqiNAxGAupR7X_\/view?usp=sharing\" target=\"_blank\" rel=\"noopener noreferrer\">Publicaci\u00f3 de barem resoltes les reclamacions (9 de juny).<\/a><\/p>\n<p><a href=\"https:\/\/drive.google.com\/file\/d\/1-uytIRHMgH5pf7w7E35kxUTsR1wKW01_\/view?usp=sharing\" target=\"_blank\" rel=\"noopener noreferrer\">Publicaci\u00f3 de la llista ordenada definitiva (11 de juny).<\/a><\/p>\n<p>Presentaci\u00f3 de reclamacions al barem provisional: del 2 al 5 de juny per correu electr\u00f2nic\u00a0 (a8047509@xtec.cat)<\/p>\n<h5>Sol\u00b7licitud:<\/h5>\n<ul style=\"list-style-type: circle;\">\n<li>Presencialment: <a href=\"http:\/\/ensenyament.gencat.cat\/web\/shared\/OVT\/Departaments\/ENS\/TramitOVT\/preinscripcio\/obligatoris\/A42.pdf\" target=\"_blank\" rel=\"noopener noreferrer\">sol\u00b7licitud de preinscripci\u00f3<\/a>. Per demanar <strong><span style=\"color: #ff0000;\"><a style=\"color: #ff0000;\" href=\"https:\/\/aplicacions.gestioeducativa.gencat.cat\/pls\/apex\/f?p=CITA_PREVIA:4::::4:P4_TIPUS_CALENDARI,P4_DOMINI:01_Oblig,08047509\" target=\"_blank\" rel=\"noopener noreferrer\">CITA PR\u00c8VIA<\/a>.<\/span><\/strong><\/li>\n<li><strong>IMPORTANT: EL DIA 20 DE MAIG \u00c9S FESTIU A S. BOI. NO RESERVEU CITA!!!<\/strong><\/li>\n<\/ul>\n<ul style=\"list-style-type: circle;\">\n<li><a href=\"http:\/\/ensenyament.gencat.cat\/ca\/tramits\/tramits-temes\/20483_preinscripcio_escolar?moda=1\" target=\"_blank\" rel=\"noopener noreferrer\">Per internet: ves-hi<\/a><\/li>\n<\/ul>\n<p>S\u2019elimina la necessitat de presentar la sol\u00b7licitud i la documentaci\u00f3 en paper al centre. E<span style=\"font-family: inherit; font-size: 1em;\">s promou la presentaci\u00f3 de la <span style=\"text-decoration: underline;\">sol\u00b7licitud amb suport inform\u00e0tic<\/span>. Una vegada enviades les dades, s\u2019obt\u00e9 el resguard de la sol\u00b7licitud que <strong>cal enviar per correu electr\u00f2nic a l\u2019adre\u00e7a oficial del centre (a8047509@xtec.cat)<\/strong>, juntament amb la documentaci\u00f3 identificativa i acreditativa de les circumst\u00e0ncies al\u00b7legades, escanejada o fotografiada (per les dues cares).<\/span><\/p>\n<p>El tr\u00e0mit de la presentaci\u00f3 <span style=\"text-decoration: underline;\">es pot realitzar presencialment<\/span>, per a casos excepcionals. Per als casos en qu\u00e8 la fam\u00edlia no pugui fer el tr\u00e0mit telem\u00e0ticament, aquesta es podr\u00e0 presentar presencialment al centre. En aquest cas, es podr\u00e0 demanar <strong>cita pr\u00e8via<\/strong> al centre utilitzant una aplicaci\u00f3 (aviat tindrem aqu\u00ed l&#8217;enlla\u00e7) o per tel\u00e8fon (93 630 35 84), de 9 h a 13.30 h.<\/p>\n<p>Com es far\u00e0 l\u2019atenci\u00f3 presencial:<\/p>\n<ul>\n<li>al centre ha de venir el menor nombre possible de persones a fer les gestions<br \/>\n(preferiblement, una sola persona);<\/li>\n<li>cal recordar que s&#8217;ha de portar la documentaci\u00f3 per a poder-la escanejar o<br \/>\nfotocopiar i, si pot ser, la sol\u00b7licitud emplenada des de casa. En el cas que d&#8217;emplenar la sol\u00b7licitud en paper, conv\u00e9 que portin el seu propi bol\u00edgraf;<\/li>\n<li>recordar la obligaci\u00f3 de portar mascareta;<\/li>\n<li>no han d\u2019acudir al centre les persones de grups d&#8217;especial vulnerabilitat o en<br \/>\nper\u00edode de confinament, o que presentin s\u00edmptomes; en aquest cas, poden<br \/>\nautoritzar per escrit a una altra persona a portar la sol\u00b7licitud i la documentaci\u00f3.<\/li>\n<\/ul>\n<p><a href=\"http:\/\/queestudiar.gencat.cat\/ca\/preinscripcio\/estudis\/obligatoris\/\" target=\"_blank\" rel=\"noopener noreferrer\">Web de la preinscripci\u00f3 de la Generalitat de Catalunya<\/a>.<\/p>\n<h5>Documentaci\u00f3:<\/h5>\n<div id=\"acordio-tramits-2\" class=\"panel-collapse collapse in\">\n<div class=\"panel-body\">\n<ol>\n<li>El formulari de sol\u00b7licitud s&#8217;ha de presentar, en tots els casos, acompanyat dels\u00a0<strong>documents\u00a0<\/strong>seg\u00fcents:\n<ul>\n<li>Original i fotoc\u00f2pia del\u00a0llibre de fam\u00edlia o altres documents relatius a la filiaci\u00f3. Si l&#8217;alumne o alumna est\u00e0 en situaci\u00f3 d&#8217;acolliment, la resoluci\u00f3 d&#8217;acolliment del Departament de Treball, Afers Socials i Fam\u00edlies.<\/li>\n<li>Original i fotoc\u00f2pia del DNI de la persona sol\u00b7licitant (pare, mare, tutor\/a o guardador\/a de fet) o, si el sol\u00b7licitant \u00e9s estranger, de la targeta de resid\u00e8ncia on consta el NIE o el passaport. Si es tracta d&#8217;estrangers comunitaris, document d&#8217;identitat del pa\u00eds d&#8217;origen.<\/li>\n<li>Original i fotoc\u00f2pia del DNI\u00a0de l&#8217;alumne o alumna major de 14 anys o si t\u00e9 DNI tot i ser menor de 14 anys.<\/li>\n<li>Original i fotoc\u00f2pia de la targeta sanit\u00e0ria individual (TSI) del nen o la nena, si se\u2019n disposa.<\/li>\n<\/ul>\n<p>De forma extraordin\u00e0ria, les dades d&#8217;identificaci\u00f3 o de filiaci\u00f3 dels\u00a0<strong>alumnes estrangers<\/strong>\u00a0tamb\u00e9 es poden acreditar amb el document d&#8217;identitat, el llibre de fam\u00edlia del pa\u00eds d&#8217;origen o la documentaci\u00f3 alternativa que la persona pugui aportar. El director o directora del centre la valorar\u00e0 i deixar\u00e0 const\u00e0ncia per escrit de la decisi\u00f3 adoptada.<\/li>\n<\/ol>\n<\/div>\n<\/div>\n<p>2. <strong>Documentaci\u00f3 acreditativa del criteri o dels criteris de prioritat <\/strong>(s\u2019ha de presentar nom\u00e9s per al criteri o els criteris de prioritat al\u00b7legats a la sol\u00b7licitud de preinscripci\u00f3).<\/p>\n","protected":false},"excerpt":{"rendered":"<p><a href=\"https:\/\/drive.google.com\/file\/d\/1Iabx5mIucxK_MGIB2QhIKvwEjX4BAdu2\/view?usp=sharing\" target=\"_blank\" rel=\"noopener noreferrer\">Llista d\u2019assignaci\u00f3<\/a><br \/>\n<a href=\"https:\/\/drive.google.com\/file\/d\/1yUYDyk3SZ7rg9zE6M8tpmt2mczbMz7cE\/view?usp=sharing\" target=\"_blank\" rel=\"noopener noreferrer\">Llista d\u2019espera<\/a>.<br \/>\nMATR\u00cdCULA TELEM\u00c0TICA.<br \/>\nCal enviar la seg\u00fcent documentaci\u00f3 escanejada o fotografiada per correu electr\u00f2nic a l\u2019adre\u00e7a oficial del centre (a8047509@xtec.cat) del 13 al 17 de juliol (abans del les 13.30 h).<br \/>\n<a href=\"https:\/\/drive.google.com\/file\/d\/1257Bt6yTBsjVsF4dv7Q8cjdTlolWzXhD\/view?usp=sharing\" target=\"_blank\" rel=\"noopener noreferrer\">DOCUMENTACI\u00d3 1 ESO<\/a>,<br \/>\n<a&hellip;  <a href=\"https:\/\/agora.xtec.cat\/iesitaca\/secretaria\/preinscripcio-i-matricula-curs-2018-2019\/\" title=\"Read MATR\u00cdCULA ESO CURS 2020-2021\">Llegeix m\u00e9s\u00bb<\/a><\/p>\n","protected":false},"author":1,"featured_media":0,"parent":81,"menu_order":0,"comment_status":"closed","ping_status":"closed","template":"page-templates\/side-menu.php","meta":{"_bbp_topic_count":0,"_bbp_reply_count":0,"_bbp_total_topic_count":0,"_bbp_total_reply_count":0,"_bbp_voice_count":0,"_bbp_anonymous_reply_count":0,"_bbp_topic_count_hidden":0,"_bbp_reply_count_hidden":0,"_bbp_forum_subforum_count":0,"footnotes":""},"class_list":["post-2328","page","type-page","status-publish","hentry"],"post_mailing_queue_ids":[],"_links":{"self":[{"href":"https:\/\/agora.xtec.cat\/iesitaca\/wp-json\/wp\/v2\/pages\/2328","targetHints":{"allow":["GET"]}}],"collection":[{"href":"https:\/\/agora.xtec.cat\/iesitaca\/wp-json\/wp\/v2\/pages"}],"about":[{"href":"https:\/\/agora.xtec.cat\/iesitaca\/wp-json\/wp\/v2\/types\/page"}],"author":[{"embeddable":true,"href":"https:\/\/agora.xtec.cat\/iesitaca\/wp-json\/wp\/v2\/users\/1"}],"replies":[{"embeddable":true,"href":"https:\/\/agora.xtec.cat\/iesitaca\/wp-json\/wp\/v2\/comments?post=2328"}],"version-history":[{"count":4,"href":"https:\/\/agora.xtec.cat\/iesitaca\/wp-json\/wp\/v2\/pages\/2328\/revisions"}],"predecessor-version":[{"id":5240,"href":"https:\/\/agora.xtec.cat\/iesitaca\/wp-json\/wp\/v2\/pages\/2328\/revisions\/5240"}],"up":[{"embeddable":true,"href":"https:\/\/agora.xtec.cat\/iesitaca\/wp-json\/wp\/v2\/pages\/81"}],"wp:attachment":[{"href":"https:\/\/agora.xtec.cat\/iesitaca\/wp-json\/wp\/v2\/media?parent=2328"}],"curies":[{"name":"wp","href":"https:\/\/api.w.org\/{rel}","templated":true}]}}