{"id":986,"date":"2019-11-30T12:11:40","date_gmt":"2019-11-30T11:11:40","guid":{"rendered":"https:\/\/agora.xtec.cat\/iesinfanta\/?page_id=986"},"modified":"2025-05-27T13:17:34","modified_gmt":"2025-05-27T11:17:34","slug":"pau","status":"publish","type":"page","link":"https:\/\/agora.xtec.cat\/iesinfanta\/estudis\/batxillerat\/pau\/","title":{"rendered":"Acc\u00e9s a la Universitat (PAU)"},"content":{"rendered":"<table style=\"width: 100%; border-collapse: collapse; border-style: hidden;\">\n<tbody>\n<tr>\n<td style=\"width: 62.3499%;\">La prova d\u2019acc\u00e9s a la universitat (PAU) \u00e9s una prova an\u00f2nima i id\u00e8ntica per a tothom i \u00e9s un requisit d\u2019acc\u00e9s que han de complir tots els estudiants procedents del batxillerat que vulguin accedir a la universitat i cursar estudis de grau. Avalua compet\u00e8ncies i coneixements adquirits al batxillerat, garantint unes condicions d\u2019igualtat per a tothom en l&#8217;acc\u00e9s als estudis superiors de grau universitari.<\/p>\n<p style=\"text-align: right;\"><strong><a href=\"https:\/\/universitats.gencat.cat\/ca\/pau\/index.html\" target=\"_blank\" rel=\"noopener\">Trobareu tota la informaci\u00f3 aqu\u00ed<\/a><\/strong><\/p>\n<\/td>\n<td style=\"width: 37.6501%;\"><a href=\"https:\/\/universitats.gencat.cat\/ca\/pau\/index.html\" target=\"_blank\" rel=\"noopener\"><img loading=\"lazy\" decoding=\"async\" class=\"alignright\" src=\"https:\/\/img.3cat.cat\/multimedia\/jpg\/7\/8\/1497353414387_670x378.jpg\" alt=\"\" width=\"399\" height=\"225\" \/><\/a><\/td>\n<\/tr>\n<\/tbody>\n<\/table>\n<p>&nbsp;<\/p>\n<p>&nbsp;<\/p>\n","protected":false},"excerpt":{"rendered":"<p>La prova d\u2019acc\u00e9s a la universitat (PAU) \u00e9s una prova an\u00f2nima i id\u00e8ntica per a tothom i \u00e9s un requisit d\u2019acc\u00e9s que han de complir tots els estudiants procedents del batxillerat que vulguin accedir a la universitat i cursar estudis de grau. Avalua compet\u00e8ncies i coneixements adquirits al batxillerat, garantint unes condicions d\u2019igualtat per a [&hellip;]<\/p>\n","protected":false},"author":4,"featured_media":0,"parent":701,"menu_order":0,"comment_status":"closed","ping_status":"closed","template":"page-templates\/side-menu.php","meta":{"_bbp_topic_count":0,"_bbp_reply_count":0,"_bbp_total_topic_count":0,"_bbp_total_reply_count":0,"_bbp_voice_count":0,"_bbp_anonymous_reply_count":0,"_bbp_topic_count_hidden":0,"_bbp_reply_count_hidden":0,"_bbp_forum_subforum_count":0,"site-sidebar-layout":"default","site-content-layout":"","ast-site-content-layout":"","site-content-style":"default","site-sidebar-style":"default","ast-global-header-display":"","ast-banner-title-visibility":"","ast-main-header-display":"","ast-hfb-above-header-display":"","ast-hfb-below-header-display":"","ast-hfb-mobile-header-display":"","site-post-title":"","ast-breadcrumbs-content":"","ast-featured-img":"","footer-sml-layout":"","theme-transparent-header-meta":"","adv-header-id-meta":"","stick-header-meta":"","header-above-stick-meta":"","header-main-stick-meta":"","header-below-stick-meta":"","astra-migrate-meta-layouts":"default","ast-page-background-enabled":"default","ast-page-background-meta":{"desktop":{"background-color":"var(--ast-global-color-4)","background-image":"","background-repeat":"repeat","background-position":"center center","background-size":"auto","background-attachment":"scroll","background-type":"","background-media":"","overlay-type":"","overlay-color":"","overlay-opacity":"","overlay-gradient":""},"tablet":{"background-color":"","background-image":"","background-repeat":"repeat","background-position":"center center","background-size":"auto","background-attachment":"scroll","background-type":"","background-media":"","overlay-type":"","overlay-color":"","overlay-opacity":"","overlay-gradient":""},"mobile":{"background-color":"","background-image":"","background-repeat":"repeat","background-position":"center center","background-size":"auto","background-attachment":"scroll","background-type":"","background-media":"","overlay-type":"","overlay-color":"","overlay-opacity":"","overlay-gradient":""}},"ast-content-background-meta":{"desktop":{"background-color":"var(--ast-global-color-5)","background-image":"","background-repeat":"repeat","background-position":"center center","background-size":"auto","background-attachment":"scroll","background-type":"","background-media":"","overlay-type":"","overlay-color":"","overlay-opacity":"","overlay-gradient":""},"tablet":{"background-color":"var(--ast-global-color-5)","background-image":"","background-repeat":"repeat","background-position":"center center","background-size":"auto","background-attachment":"scroll","background-type":"","background-media":"","overlay-type":"","overlay-color":"","overlay-opacity":"","overlay-gradient":""},"mobile":{"background-color":"var(--ast-global-color-5)","background-image":"","background-repeat":"repeat","background-position":"center center","background-size":"auto","background-attachment":"scroll","background-type":"","background-media":"","overlay-type":"","overlay-color":"","overlay-opacity":"","overlay-gradient":""}},"footnotes":""},"class_list":["post-986","page","type-page","status-publish","hentry"],"post_mailing_queue_ids":[],"_links":{"self":[{"href":"https:\/\/agora.xtec.cat\/iesinfanta\/wp-json\/wp\/v2\/pages\/986","targetHints":{"allow":["GET"]}}],"collection":[{"href":"https:\/\/agora.xtec.cat\/iesinfanta\/wp-json\/wp\/v2\/pages"}],"about":[{"href":"https:\/\/agora.xtec.cat\/iesinfanta\/wp-json\/wp\/v2\/types\/page"}],"author":[{"embeddable":true,"href":"https:\/\/agora.xtec.cat\/iesinfanta\/wp-json\/wp\/v2\/users\/4"}],"replies":[{"embeddable":true,"href":"https:\/\/agora.xtec.cat\/iesinfanta\/wp-json\/wp\/v2\/comments?post=986"}],"version-history":[{"count":6,"href":"https:\/\/agora.xtec.cat\/iesinfanta\/wp-json\/wp\/v2\/pages\/986\/revisions"}],"predecessor-version":[{"id":7449,"href":"https:\/\/agora.xtec.cat\/iesinfanta\/wp-json\/wp\/v2\/pages\/986\/revisions\/7449"}],"up":[{"embeddable":true,"href":"https:\/\/agora.xtec.cat\/iesinfanta\/wp-json\/wp\/v2\/pages\/701"}],"wp:attachment":[{"href":"https:\/\/agora.xtec.cat\/iesinfanta\/wp-json\/wp\/v2\/media?parent=986"}],"curies":[{"name":"wp","href":"https:\/\/api.w.org\/{rel}","templated":true}]}}