{"id":969,"date":"2019-11-29T10:14:02","date_gmt":"2019-11-29T09:14:02","guid":{"rendered":"https:\/\/agora.xtec.cat\/iesinfanta\/?page_id=969"},"modified":"2026-02-25T15:49:47","modified_gmt":"2026-02-25T14:49:47","slug":"departament-de-musica","status":"publish","type":"page","link":"https:\/\/agora.xtec.cat\/iesinfanta\/serveis\/projectes-departaments\/departament-de-musica\/","title":{"rendered":"Departament de M\u00fasica"},"content":{"rendered":"<h3><b><a href=\"https:\/\/agora.xtec.cat\/iesinfanta\/wp-content\/uploads\/usu231\/2022\/03\/conjunt-instrum.png\"><img loading=\"lazy\" decoding=\"async\" class=\"size-thumbnail wp-image-3849 alignleft\" src=\"https:\/\/agora.xtec.cat\/iesinfanta\/wp-content\/uploads\/usu231\/2022\/03\/conjunt-instrum-150x150.png\" alt=\"\" width=\"150\" height=\"150\" \/><\/a>Conjunt instrumental <em>Fem M\u00fasica<\/em><\/b><\/h3>\n<p style=\"text-align: justify;\">Ja fa anys que l\u2019institut ofereix als alumnes de 3<sup>r<\/sup> d\u2019ESO l\u2019oportunitat de participar en el conjunt instrumental <em>Fem M\u00fasica<\/em>. El Conjunt Instrumental \u00e9s una eina privilegiada en el creixement integral de l\u2019alumne; \u00e9s una activitat potenciadora de la concentraci\u00f3, la disciplina, la consci\u00e8ncia corporal, el treball col\u00b7laboratiu, el respecte i la socialitzaci\u00f3. I tot plegat al servei de l\u2019expressi\u00f3 i el gaudi est\u00e8tic, per una participaci\u00f3 m\u00e9s intensa en la vida festiva i afectiva del centre. Activitat, per tant, que ser\u00e0 font del benestar necessari per afrontar amb il\u00b7lusi\u00f3 els reptes de l\u2019etapa educativa. Assagem dues hores a la setmana en el marc de la mat\u00e8ria optativa <em>Fem M\u00fasica<\/em>, amb la possibilitat, per\u00f2, de participacions puntuals d\u2019altres alumnes aliens a la mat\u00e8ria i que poden refor\u00e7ar el conjunt en les activitats festives de l\u2019institut.<\/p>\n<h3><\/h3>\n","protected":false},"excerpt":{"rendered":"<p>Conjunt instrumental Fem M\u00fasica Ja fa anys que l\u2019institut ofereix als alumnes de 3r d\u2019ESO l\u2019oportunitat de participar en el conjunt instrumental Fem M\u00fasica. El Conjunt Instrumental \u00e9s una eina privilegiada en el creixement integral de l\u2019alumne; \u00e9s una activitat potenciadora de la concentraci\u00f3, la disciplina, la consci\u00e8ncia corporal, el treball col\u00b7laboratiu, el respecte i [&hellip;]<\/p>\n","protected":false},"author":4,"featured_media":0,"parent":989,"menu_order":80,"comment_status":"closed","ping_status":"closed","template":"","meta":{"_bbp_topic_count":0,"_bbp_reply_count":0,"_bbp_total_topic_count":0,"_bbp_total_reply_count":0,"_bbp_voice_count":0,"_bbp_anonymous_reply_count":0,"_bbp_topic_count_hidden":0,"_bbp_reply_count_hidden":0,"_bbp_forum_subforum_count":0,"site-sidebar-layout":"default","site-content-layout":"","ast-site-content-layout":"default","site-content-style":"default","site-sidebar-style":"default","ast-global-header-display":"","ast-banner-title-visibility":"","ast-main-header-display":"","ast-hfb-above-header-display":"","ast-hfb-below-header-display":"","ast-hfb-mobile-header-display":"","site-post-title":"","ast-breadcrumbs-content":"","ast-featured-img":"","footer-sml-layout":"","theme-transparent-header-meta":"default","adv-header-id-meta":"","stick-header-meta":"","header-above-stick-meta":"","header-main-stick-meta":"","header-below-stick-meta":"","astra-migrate-meta-layouts":"set","ast-page-background-enabled":"default","ast-page-background-meta":{"desktop":{"background-color":"var(--ast-global-color-4)","background-image":"","background-repeat":"repeat","background-position":"center center","background-size":"auto","background-attachment":"scroll","background-type":"","background-media":"","overlay-type":"","overlay-color":"","overlay-opacity":"","overlay-gradient":""},"tablet":{"background-color":"","background-image":"","background-repeat":"repeat","background-position":"center center","background-size":"auto","background-attachment":"scroll","background-type":"","background-media":"","overlay-type":"","overlay-color":"","overlay-opacity":"","overlay-gradient":""},"mobile":{"background-color":"","background-image":"","background-repeat":"repeat","background-position":"center center","background-size":"auto","background-attachment":"scroll","background-type":"","background-media":"","overlay-type":"","overlay-color":"","overlay-opacity":"","overlay-gradient":""}},"ast-content-background-meta":{"desktop":{"background-color":"var(--ast-global-color-5)","background-image":"","background-repeat":"repeat","background-position":"center center","background-size":"auto","background-attachment":"scroll","background-type":"","background-media":"","overlay-type":"","overlay-color":"","overlay-opacity":"","overlay-gradient":""},"tablet":{"background-color":"var(--ast-global-color-5)","background-image":"","background-repeat":"repeat","background-position":"center center","background-size":"auto","background-attachment":"scroll","background-type":"","background-media":"","overlay-type":"","overlay-color":"","overlay-opacity":"","overlay-gradient":""},"mobile":{"background-color":"var(--ast-global-color-5)","background-image":"","background-repeat":"repeat","background-position":"center center","background-size":"auto","background-attachment":"scroll","background-type":"","background-media":"","overlay-type":"","overlay-color":"","overlay-opacity":"","overlay-gradient":""}},"footnotes":""},"class_list":["post-969","page","type-page","status-publish","hentry"],"post_mailing_queue_ids":[],"_links":{"self":[{"href":"https:\/\/agora.xtec.cat\/iesinfanta\/wp-json\/wp\/v2\/pages\/969","targetHints":{"allow":["GET"]}}],"collection":[{"href":"https:\/\/agora.xtec.cat\/iesinfanta\/wp-json\/wp\/v2\/pages"}],"about":[{"href":"https:\/\/agora.xtec.cat\/iesinfanta\/wp-json\/wp\/v2\/types\/page"}],"author":[{"embeddable":true,"href":"https:\/\/agora.xtec.cat\/iesinfanta\/wp-json\/wp\/v2\/users\/4"}],"replies":[{"embeddable":true,"href":"https:\/\/agora.xtec.cat\/iesinfanta\/wp-json\/wp\/v2\/comments?post=969"}],"version-history":[{"count":4,"href":"https:\/\/agora.xtec.cat\/iesinfanta\/wp-json\/wp\/v2\/pages\/969\/revisions"}],"predecessor-version":[{"id":8136,"href":"https:\/\/agora.xtec.cat\/iesinfanta\/wp-json\/wp\/v2\/pages\/969\/revisions\/8136"}],"up":[{"embeddable":true,"href":"https:\/\/agora.xtec.cat\/iesinfanta\/wp-json\/wp\/v2\/pages\/989"}],"wp:attachment":[{"href":"https:\/\/agora.xtec.cat\/iesinfanta\/wp-json\/wp\/v2\/media?parent=969"}],"curies":[{"name":"wp","href":"https:\/\/api.w.org\/{rel}","templated":true}]}}