{"id":960,"date":"2019-11-29T09:59:18","date_gmt":"2019-11-29T08:59:18","guid":{"rendered":"https:\/\/agora.xtec.cat\/iesinfanta\/?page_id=960"},"modified":"2021-03-02T12:00:56","modified_gmt":"2021-03-02T11:00:56","slug":"departament-de-matematiques","status":"publish","type":"page","link":"https:\/\/agora.xtec.cat\/iesinfanta\/serveis\/projectes-departaments\/departament-de-matematiques\/","title":{"rendered":"Departament de Matem\u00e0tiques"},"content":{"rendered":"<p><strong>EXPERI\u00c8NCIES DE LA PROVA CANGUR<\/strong><\/p>\n<p><strong><img loading=\"lazy\" decoding=\"async\" src=\"https:\/\/lh3.googleusercontent.com\/Aw12z6fOIL1nUy5LtVZcwQ9xdWLXRRAoDi_TYwfFkT2IhNjoNykPZI5a8xdszWbtB9k0uvpqSl04Z3T85pyw6AnjAfy6xhBmxM8a5osXw5hsCqq0Gy8HHmFvQpLQn3giLc-BspXzkQ\" width=\"110\" height=\"104\" \/><\/strong><\/p>\n<p>Les proves Cangur s\u00f3n un concurs de matem\u00e0tiques que es fa a diferents nivells d&#8217;ESO i Batxillerat. S\u00f3n organitzades al nostre pa\u00eds per la Societat Catalana de Matem\u00e0tiques, que \u00e9s membre de l&#8217;associaci\u00f3 internacional <em>Le Kangourou sans fronti\u00e8res,\u00a0<\/em>creada el 1994 sota l&#8217;empara del Consell d&#8217;Europa<em>.\u00a0<\/em>Tenen per objectiu la popularitzaci\u00f3 de la cultura matem\u00e0tica entre els estudiants joves, mitjan\u00e7ant la convocat\u00f2ria d&#8217;una prova anual que vol arribar al m\u00e0xim nombre d&#8217;estudiants d&#8217;arreu del m\u00f3n. Els alumnes del nostre institut fa anys que hi participen.<\/p>\n<p>Les proves es realitzen simult\u00e0niament a seus diverses: instituts, universitats, etc. El grup del nostre institut (uns 20 o 30 alumnes) sol anar a la UPF, al Campus de la Ciutadella. Es convoquen un dijous de mar\u00e7 i tenen una durada d&#8217;una hora i quart, durant la qual es plantegen 30 q\u00fcestions de resposta m\u00faltiple i de grau creixent de dificultat. Les q\u00fcestions fan \u00e8mfasi en la l\u00f2gica i l&#8217;enginy, i resulten atractives per a qualsevol persona amb curiositat per les matem\u00e0tiques. Les proves volen potenciar aquesta curiositat en un ambient col\u00b7lectiu. Sempre hi ha alumnes del nostre centre que obtenen bones puntuacions, tot i que l&#8217;aspecte competitiu no \u00e9s el m\u00e9s destacat d&#8217;aquest projecte.<\/p>\n<p><strong>Prova Cangur 2019<\/strong><\/p>\n<p>Volem felicitar a l\u2019alumne V\u00edctor Gonz\u00e1lez Porras, que ha anconseguit un premi a la Prova Cangur 2019. El V\u00edctor ha quedat des\u00e8 en el seu nivell, primer de Batxillerat, entre un total de 6.610 partipants. Enhorabona V\u00edctor!<\/p>\n<p>Us deixem l\u2019escrit sobre la sortida que ha fet el Bernat Jan\u00e9 Gol, un altre alumne de primer de Batxillerat, que tamb\u00e9 va participar a la Prova Cangur:<br \/>\nUs he de dir una cosa, tots aquells que diuen que les matem\u00e0tiques s\u00f3n nom\u00e9s un conjunt de f\u00f3rmules i operacions que es resolen de forma mon\u00f2tona i mec\u00e0nica s\u2019equivoquen. I ho fan rotundament. I aix\u00f2 us ho podem dir uns quants alumnes de 4t d\u2019ESO i de Batxillerat de l\u2019Institut Infanta Isabel d\u2019Arag\u00f3, que el passat 21 de mar\u00e7 vam anar a la facultat de telecomunicacions de la Universitat Polit\u00e8cnica de Catalunya a provar sort amb les Proves Cangur.<br \/>\nAlguns hi anaven m\u00e9s mentalitzats i preparats per treure la m\u00e0xima puntuaci\u00f3, alguns altres hi an\u00e0vem amb ganes de passar un bon dia fent problemes matem\u00e0tics no tan habituals, i siguem sincers, amb m\u00e9s o menys ganes de saltar-nos una mica de classe. I \u00e9s que no tan sols era anar a fer 30 problemes, cada un m\u00e9s dif\u00edcil que l\u2019anterior i que nom\u00e9s podies resoldre amb un enginy molt agut, sin\u00f3 que tamb\u00e9 hi havia unes pr\u00e0ctiques que ens volien demostrar com la ci\u00e8ncia est\u00e0 present en el nostra dia a dia i que \u00e9s molt m\u00e9s accessible del que ens pensem. Per exemple, vam veure com despr\u00e9s d\u2019un esfor\u00e7 f\u00edsic els nostres pulmons expulsen quantitats de CO2 m\u00e9s grans o com una bicicleta podria generar suficient electricitat per fer moure un cotxe de scalextric. La ll\u00e0stima \u00e9s que hi havia molta gent i potser faltava una mica d\u2019organitzaci\u00f3, per tant no hi havia lloc a totes les pr\u00e0ctiques i en algunes havies d\u2019esperar sense poder fer res. Per\u00f2 tranquils, tot just era el primer any que ho feien, aix\u00ed que l\u2019any que ve de ben segur que ja ho hauran millorat.<br \/>\nEn resum s\u2019ha de dir que \u00e9s una experi\u00e8ncia molt recomanable, ja que aprens a veure les matem\u00e0tiques des de una altra perspectiva, i justament aix\u00f2 \u00e9s lo que ens fa falta als estudiants, diferents perspectives envers el coneixement. Sapere aude.<br \/>\nBernat Jan\u00e9 Gol<br \/>\n1K<\/p>\n<p><strong>CONCURS\u00a0 FOTOGRAFIA\u00a0 MATEM\u00c0TICA<\/strong><\/p>\n<p><img loading=\"lazy\" decoding=\"async\" class=\"alignleft\" style=\"font-size: 14px;\" src=\"https:\/\/lh3.googleusercontent.com\/z-Wj5YCYF-5jOL0EAHJbN0KQ_kCQfn-eJ4gi8-14x4cfZvACXU-FaQCuraO9uY5H2DkcqcorxDoG3T4U7Yby-Ljoch6VIvPtb5rk5F_A9c4K8z9PpUIzcRCTJOAWCfWsfMm-jJ8acA\" width=\"305\" height=\"229\" \/>Els alumnes de tercer de la ESO tenen la oportunitat de participar en el concurs de Fotografia Matem\u00e0tica, que fem coincidir amb els premis de Sant Jordi. Els alumnes poden presentar una o dues fotografies impreses i en format digital, que facin refer\u00e8ncia a algun tema matem\u00e0tic. Es valora sobretot la creativitat de les imatges i tamb\u00e9 la seva qualitat t\u00e8cnica. La participaci\u00f3 \u00e9s for\u00e7a alta i solen haver-hi fotografies molt originals.<\/p>\n<p>&nbsp;<\/p>\n<p>&nbsp;<\/p>\n<p>&nbsp;<\/p>\n<p><strong>CLASSES DE REFOR\u00c7<\/strong><\/p>\n<p>Des de fa diversos cursos el Departament de Matem\u00e0tiques ofereix classes de refor\u00e7 en horari no lectiu. Aquestes classes les imparteixen els mateixos professors del departament, s\u00f3n totalment gratu\u00eftes i van adre\u00e7ades a aquells alumnes que tenen dificultats amb la mat\u00e8ria per\u00f2 una actitud positiva.<\/p>\n<p>Cada curs oferim refor\u00e7os als nivells que considerem m\u00e9s necessari<\/p>\n","protected":false},"excerpt":{"rendered":"<p>EXPERI\u00c8NCIES DE LA PROVA CANGUR Les proves Cangur s\u00f3n un concurs de matem\u00e0tiques que es fa a diferents nivells d&#8217;ESO i Batxillerat. S\u00f3n organitzades al nostre pa\u00eds per la Societat Catalana de Matem\u00e0tiques, que \u00e9s membre de l&#8217;associaci\u00f3 internacional Le Kangourou sans fronti\u00e8res,\u00a0creada el 1994 sota l&#8217;empara del Consell d&#8217;Europa.\u00a0Tenen per objectiu la popularitzaci\u00f3 de [&hellip;]<\/p>\n","protected":false},"author":4,"featured_media":0,"parent":989,"menu_order":100,"comment_status":"closed","ping_status":"closed","template":"page-templates\/side-menu.php","meta":{"_bbp_topic_count":0,"_bbp_reply_count":0,"_bbp_total_topic_count":0,"_bbp_total_reply_count":0,"_bbp_voice_count":0,"_bbp_anonymous_reply_count":0,"_bbp_topic_count_hidden":0,"_bbp_reply_count_hidden":0,"_bbp_forum_subforum_count":0,"site-sidebar-layout":"default","site-content-layout":"","ast-site-content-layout":"","site-content-style":"default","site-sidebar-style":"default","ast-global-header-display":"","ast-banner-title-visibility":"","ast-main-header-display":"","ast-hfb-above-header-display":"","ast-hfb-below-header-display":"","ast-hfb-mobile-header-display":"","site-post-title":"","ast-breadcrumbs-content":"","ast-featured-img":"","footer-sml-layout":"","theme-transparent-header-meta":"","adv-header-id-meta":"","stick-header-meta":"","header-above-stick-meta":"","header-main-stick-meta":"","header-below-stick-meta":"","astra-migrate-meta-layouts":"default","ast-page-background-enabled":"default","ast-page-background-meta":{"desktop":{"background-color":"var(--ast-global-color-4)","background-image":"","background-repeat":"repeat","background-position":"center center","background-size":"auto","background-attachment":"scroll","background-type":"","background-media":"","overlay-type":"","overlay-color":"","overlay-opacity":"","overlay-gradient":""},"tablet":{"background-color":"","background-image":"","background-repeat":"repeat","background-position":"center center","background-size":"auto","background-attachment":"scroll","background-type":"","background-media":"","overlay-type":"","overlay-color":"","overlay-opacity":"","overlay-gradient":""},"mobile":{"background-color":"","background-image":"","background-repeat":"repeat","background-position":"center center","background-size":"auto","background-attachment":"scroll","background-type":"","background-media":"","overlay-type":"","overlay-color":"","overlay-opacity":"","overlay-gradient":""}},"ast-content-background-meta":{"desktop":{"background-color":"var(--ast-global-color-5)","background-image":"","background-repeat":"repeat","background-position":"center center","background-size":"auto","background-attachment":"scroll","background-type":"","background-media":"","overlay-type":"","overlay-color":"","overlay-opacity":"","overlay-gradient":""},"tablet":{"background-color":"var(--ast-global-color-5)","background-image":"","background-repeat":"repeat","background-position":"center center","background-size":"auto","background-attachment":"scroll","background-type":"","background-media":"","overlay-type":"","overlay-color":"","overlay-opacity":"","overlay-gradient":""},"mobile":{"background-color":"var(--ast-global-color-5)","background-image":"","background-repeat":"repeat","background-position":"center center","background-size":"auto","background-attachment":"scroll","background-type":"","background-media":"","overlay-type":"","overlay-color":"","overlay-opacity":"","overlay-gradient":""}},"footnotes":""},"class_list":["post-960","page","type-page","status-publish","hentry"],"post_mailing_queue_ids":[],"_links":{"self":[{"href":"https:\/\/agora.xtec.cat\/iesinfanta\/wp-json\/wp\/v2\/pages\/960","targetHints":{"allow":["GET"]}}],"collection":[{"href":"https:\/\/agora.xtec.cat\/iesinfanta\/wp-json\/wp\/v2\/pages"}],"about":[{"href":"https:\/\/agora.xtec.cat\/iesinfanta\/wp-json\/wp\/v2\/types\/page"}],"author":[{"embeddable":true,"href":"https:\/\/agora.xtec.cat\/iesinfanta\/wp-json\/wp\/v2\/users\/4"}],"replies":[{"embeddable":true,"href":"https:\/\/agora.xtec.cat\/iesinfanta\/wp-json\/wp\/v2\/comments?post=960"}],"version-history":[{"count":3,"href":"https:\/\/agora.xtec.cat\/iesinfanta\/wp-json\/wp\/v2\/pages\/960\/revisions"}],"predecessor-version":[{"id":2390,"href":"https:\/\/agora.xtec.cat\/iesinfanta\/wp-json\/wp\/v2\/pages\/960\/revisions\/2390"}],"up":[{"embeddable":true,"href":"https:\/\/agora.xtec.cat\/iesinfanta\/wp-json\/wp\/v2\/pages\/989"}],"wp:attachment":[{"href":"https:\/\/agora.xtec.cat\/iesinfanta\/wp-json\/wp\/v2\/media?parent=960"}],"curies":[{"name":"wp","href":"https:\/\/api.w.org\/{rel}","templated":true}]}}