{"id":950,"date":"2019-11-29T09:53:34","date_gmt":"2019-11-29T08:53:34","guid":{"rendered":"https:\/\/agora.xtec.cat\/iesinfanta\/?page_id=950"},"modified":"2026-01-30T12:23:06","modified_gmt":"2026-01-30T11:23:06","slug":"departament-deducacio-fisica","status":"publish","type":"page","link":"https:\/\/agora.xtec.cat\/iesinfanta\/serveis\/projectes-departaments\/departament-deducacio-fisica\/","title":{"rendered":"Departament d&#8217;Educaci\u00f3 F\u00edsica"},"content":{"rendered":"<p><strong>\u00a0CURS D&#8217;ESQU\u00cd-SNOW DE TRES DIES<\/strong><\/p>\n<p>Els alumnes de quart d&#8217;ESO tenen la possibilitat de participar en una estada de tres dies a la Cerdanya on realitzen activitats a la natura. Concretament poden escollir entre fer esqu\u00ed o snow. Acompanyats durant tot el dia per professionals de la neu, assoleixen els principis b\u00e0sics per poder gaudir d&#8217;aquest\u00a0 esport amb tranquil\u00b7litat i seguretat. Tamb\u00e9 tenen temps lliure per fer una passejada per Puigcerd\u00e0 i visitar el poble de Bellver de Cerdanya. Sortida inoblidable per la diversi\u00f3 de l&#8217;activitat i el fet de passar tres dies amb els companys compartint risses , menjars i habitaci\u00f3. Sortida molt ben valorada per l&#8217;alumnat a l&#8217;hora que els ajuda a desenvolupar as<span style=\"font-size: 16px;\">pectes com la responsabilitat, puntualitat, companyonia , millora de les relacions i autonomia personal.<\/span><\/p>\n<p>&nbsp;<\/p>\n<p>&nbsp;<\/p>\n<p><strong>PROJECTE RECICLAJOCS<\/strong><\/p>\n<div><\/div>\n<div>\n<p dir=\"ltr\">Aquest projecte planteja a l&#8217;alumnat el repte de crear material esportiu utilitzant materials reciclats. En les sessions inicials es far\u00e0 una conscienciaci\u00f3 de la import\u00e0ncia de lluitar contra el canvi clim\u00e0tic i de la import\u00e0ncia de les 5R: reduir, reciclar, reutilitzar, reparar i recuperar (ja treballades a 1r d\u2019ESO).<\/p>\n<p><span class=\"im\">\u00a0<\/span><\/p>\n<p dir=\"ltr\">Per a la construcci\u00f3 de materials s\u2019utilitzaran deixalles que es generen al centre i a casa, aix\u00ed els donarem una segona vida i fomentarem l\u2019economia circular. Un cop estigui fet el material, es posar\u00e0 en funcionament i es plantejaran diferents reptes, jocs i activitats motrius i esportives. Les propostes motrius\u00a0fomentaran la igualtat, seran inclusives i en forma de: reptes, tasques cooperatives o esports alternatius. Aix\u00ed, es promouran els valors positius de l\u2019esport i el gaudi de tothom, va<span style=\"font-size: 16px;\">lorant l\u2019esfor\u00e7, la pr\u00e0ctica i l\u2019evoluci\u00f3 de l\u2019alumnat, i no solament el resultat.<\/span><\/p>\n<p dir=\"ltr\">Al llarg del curs es faran diferents propostes de creaci\u00f3 de materials, en qu\u00e8 l\u2019alumnat es distribuir\u00e0 per grups i cada persona tindr\u00e0 un c\u00e0rrec (Responsable de taula, de material, de v\u00eddeo i d&#8217;infografia). Al primer trimestre, les propostes seran m\u00e9s guiades, per donar a l\u2019alumnat les eines necess\u00e0ries per a la creaci\u00f3 dels seus propis materials i jocs, que es posaran en pr\u00e0ctica al segon i tercer trimestres.<\/p>\n<p dir=\"ltr\">A m\u00e9s a m\u00e9s, es realitzar\u00e0 una jornada esportiva en la setmana de la sostenibilitat (com a cloenda de la Marat\u00f3 per l\u2019Emerg\u00e8ncia Clim\u00e0tica), que l\u2019alumnat de 2n d\u2019ESO organitzar\u00e0 per a l\u2019alumnat de 1r i 2n d\u2019ESO i on es posaran en pr\u00e0ctica una selecci\u00f3 dels esports alternatius i jocs creats amb els materials reciclats.<\/p>\n<div style=\"width: 1920px;\" class=\"wp-video\"><!--[if lt IE 9]><script>document.createElement('video');<\/script><![endif]-->\n<video class=\"wp-video-shortcode\" id=\"video-950-1\" width=\"1920\" height=\"1080\" preload=\"metadata\" controls=\"controls\"><source type=\"video\/mp4\" src=\"https:\/\/agora.xtec.cat\/iesinfanta\/wp-content\/uploads\/usu231\/2024\/12\/Video-Intro-de-Video-Portada-de-Youtube-Creativo-Multicolor.mp4?_=1\" \/><a href=\"https:\/\/agora.xtec.cat\/iesinfanta\/wp-content\/uploads\/usu231\/2024\/12\/Video-Intro-de-Video-Portada-de-Youtube-Creativo-Multicolor.mp4\">https:\/\/agora.xtec.cat\/iesinfanta\/wp-content\/uploads\/usu231\/2024\/12\/Video-Intro-de-Video-Portada-de-Youtube-Creativo-Multicolor.mp4<\/a><\/video><\/div>\n<\/div>\n<p><strong>DINAMITZACI\u00d3 DELS PATIS: L&#8217;INFANTA ES MOU<\/strong><\/p>\n<table>\n<tbody>\n<tr>\n<td>&nbsp;<\/p>\n<p>&nbsp;<\/p>\n<p>&nbsp;<\/p>\n<p><img loading=\"lazy\" decoding=\"async\" src=\"https:\/\/lh4.googleusercontent.com\/PapDD0NmBr0E8KoZfLc-K5x2oCOzVm2c7v1EL6i72w90PFIpFyjBeZ95mUK3mi06EvDb4fUactM\" alt=\"\" width=\"400\" height=\"300\" \/><\/p>\n<p>&nbsp;<\/p>\n<p><strong>\u00a0\u00a0 \u00a0\u00a0\u00a0 L&#8217;INFANTA ES MOU<br \/>\n<\/strong><\/p>\n<p>&nbsp;<\/p>\n<p>&nbsp;<\/p>\n<p><img loading=\"lazy\" decoding=\"async\" src=\"https:\/\/lh3.googleusercontent.com\/RV4d2SF8Maxdgu1rv0Vt9L68Fe73729VIZV2j6rvRsuHAuhmu1xepZgYKe-NTiwmXldtE2_hWWI\" width=\"285\" height=\"380\" \/><\/td>\n<td><\/td>\n<td>Aquest curs avancem un pas m\u00e9s en la dinamitzaci\u00f3 dels patis. V\u00e0rem comen\u00e7ar com l&#8217;any anterior amb el servei de pr\u00e8stec de material, aix\u00ed com en l&#8217;organitzaci\u00f3 d&#8217;activitats espont\u00e0nies per part dels alumnes. Un m\u00e9s despr\u00e9s hem iniciat un nou projecte: &#8220;L&#8217;Infanta es mou&#8221;, adre\u00e7at als alumnes de primer i segon d&#8217;ESO (250 alumnes), en qu\u00e8 a trav\u00e9s de l&#8217;activitat f\u00edsica treballem la cohesi\u00f3, la conviv\u00e8ncia i millorem la nostra salut a l&#8217;hora del pati. Els valors que es treballen s\u00f3n el respecte, confian\u00e7a, ajuda, fair-play (joc net), fer equip, gaudir, riure, perdonar i companyerisme. Les activitats que s&#8217;estan realitzant s\u00f3n:<\/p>\n<ul>\n<li>Lliga de futbol 7 de nois<\/li>\n<li>Lliga futbol 7 de noies<\/li>\n<li>Lliga de b\u00e0squet 3X3<\/li>\n<li>Lliga de ping-pong nivell top-expert i intermediate<\/li>\n<li>Lliga de tanguilla<\/li>\n<li>Activitat de ritme just-dance<\/li>\n<li>Jocs sorpresa (diabolo, raquetes, dodgeball, touchball,&#8230;)<\/li>\n<\/ul>\n<p>Tot aquest projecte es duu a terme de manera transversal, interdisciplinar des dels departaments de Visual i pl\u00e0stica, (en la confecci\u00f3 de cartells, representaci\u00f3 del logo i les maquetes dels valors) i Educaci\u00f3 f\u00edsica (preparaci\u00f3, organitzaci\u00f3, dinamitzaci\u00f3 d&#8217;activitats, lligues i valoraci\u00f3 del projecte&#8230;)<\/p>\n<p><img loading=\"lazy\" decoding=\"async\" class=\"alignnone size-large wp-image-7998\" src=\"https:\/\/agora.xtec.cat\/iesinfanta\/wp-content\/uploads\/usu231\/2026\/01\/FOTO-PATIO-OK-1024x576.jpg\" alt=\"\" width=\"1024\" height=\"576\" srcset=\"https:\/\/agora.xtec.cat\/iesinfanta\/wp-content\/uploads\/usu231\/2026\/01\/FOTO-PATIO-OK-1024x576.jpg 1024w, https:\/\/agora.xtec.cat\/iesinfanta\/wp-content\/uploads\/usu231\/2026\/01\/FOTO-PATIO-OK-300x169.jpg 300w, https:\/\/agora.xtec.cat\/iesinfanta\/wp-content\/uploads\/usu231\/2026\/01\/FOTO-PATIO-OK-768x432.jpg 768w, https:\/\/agora.xtec.cat\/iesinfanta\/wp-content\/uploads\/usu231\/2026\/01\/FOTO-PATIO-OK-1536x864.jpg 1536w, https:\/\/agora.xtec.cat\/iesinfanta\/wp-content\/uploads\/usu231\/2026\/01\/FOTO-PATIO-OK.jpg 1814w\" sizes=\"auto, (max-width: 1024px) 100vw, 1024px\" \/><\/p>\n<p>&nbsp;<\/p>\n<p><img loading=\"lazy\" decoding=\"async\" src=\"https:\/\/lh4.googleusercontent.com\/1Oka8hBNApgtLN2H8w8I26YKum0LHF1CdidoSD2JPjo_rrSC3P2Gcb-ly4rFabo-n5C1Bu7VSQg\" alt=\"\" width=\"439\" height=\"329\" \/><img loading=\"lazy\" decoding=\"async\" class=\"alignnone size-full wp-image-7996\" src=\"https:\/\/agora.xtec.cat\/iesinfanta\/wp-content\/uploads\/usu231\/2026\/01\/FOTO-MENJADOR.jpg\" alt=\"\" width=\"2218\" height=\"1248\" srcset=\"https:\/\/agora.xtec.cat\/iesinfanta\/wp-content\/uploads\/usu231\/2026\/01\/FOTO-MENJADOR.jpg 2218w, https:\/\/agora.xtec.cat\/iesinfanta\/wp-content\/uploads\/usu231\/2026\/01\/FOTO-MENJADOR-300x169.jpg 300w, https:\/\/agora.xtec.cat\/iesinfanta\/wp-content\/uploads\/usu231\/2026\/01\/FOTO-MENJADOR-1024x576.jpg 1024w, https:\/\/agora.xtec.cat\/iesinfanta\/wp-content\/uploads\/usu231\/2026\/01\/FOTO-MENJADOR-768x432.jpg 768w, https:\/\/agora.xtec.cat\/iesinfanta\/wp-content\/uploads\/usu231\/2026\/01\/FOTO-MENJADOR-1536x864.jpg 1536w, https:\/\/agora.xtec.cat\/iesinfanta\/wp-content\/uploads\/usu231\/2026\/01\/FOTO-MENJADOR-2048x1152.jpg 2048w\" sizes=\"auto, (max-width: 2218px) 100vw, 2218px\" \/><\/td>\n<\/tr>\n<\/tbody>\n<\/table>\n<p>&nbsp;<\/p>\n","protected":false},"excerpt":{"rendered":"<p>\u00a0CURS D&#8217;ESQU\u00cd-SNOW DE TRES DIES Els alumnes de quart d&#8217;ESO tenen la possibilitat de participar en una estada de tres dies a la Cerdanya on realitzen activitats a la natura. Concretament poden escollir entre fer esqu\u00ed o snow. Acompanyats durant tot el dia per professionals de la neu, assoleixen els principis b\u00e0sics per poder gaudir [&hellip;]<\/p>\n","protected":false},"author":4,"featured_media":0,"parent":989,"menu_order":95,"comment_status":"closed","ping_status":"closed","template":"","meta":{"_bbp_topic_count":0,"_bbp_reply_count":0,"_bbp_total_topic_count":0,"_bbp_total_reply_count":0,"_bbp_voice_count":0,"_bbp_anonymous_reply_count":0,"_bbp_topic_count_hidden":0,"_bbp_reply_count_hidden":0,"_bbp_forum_subforum_count":0,"site-sidebar-layout":"default","site-content-layout":"","ast-site-content-layout":"default","site-content-style":"default","site-sidebar-style":"default","ast-global-header-display":"","ast-banner-title-visibility":"","ast-main-header-display":"","ast-hfb-above-header-display":"","ast-hfb-below-header-display":"","ast-hfb-mobile-header-display":"","site-post-title":"","ast-breadcrumbs-content":"","ast-featured-img":"","footer-sml-layout":"","theme-transparent-header-meta":"default","adv-header-id-meta":"","stick-header-meta":"","header-above-stick-meta":"","header-main-stick-meta":"","header-below-stick-meta":"","astra-migrate-meta-layouts":"set","ast-page-background-enabled":"default","ast-page-background-meta":{"desktop":{"background-color":"var(--ast-global-color-4)","background-image":"","background-repeat":"repeat","background-position":"center center","background-size":"auto","background-attachment":"scroll","background-type":"","background-media":"","overlay-type":"","overlay-color":"","overlay-opacity":"","overlay-gradient":""},"tablet":{"background-color":"","background-image":"","background-repeat":"repeat","background-position":"center center","background-size":"auto","background-attachment":"scroll","background-type":"","background-media":"","overlay-type":"","overlay-color":"","overlay-opacity":"","overlay-gradient":""},"mobile":{"background-color":"","background-image":"","background-repeat":"repeat","background-position":"center center","background-size":"auto","background-attachment":"scroll","background-type":"","background-media":"","overlay-type":"","overlay-color":"","overlay-opacity":"","overlay-gradient":""}},"ast-content-background-meta":{"desktop":{"background-color":"var(--ast-global-color-5)","background-image":"","background-repeat":"repeat","background-position":"center center","background-size":"auto","background-attachment":"scroll","background-type":"","background-media":"","overlay-type":"","overlay-color":"","overlay-opacity":"","overlay-gradient":""},"tablet":{"background-color":"var(--ast-global-color-5)","background-image":"","background-repeat":"repeat","background-position":"center center","background-size":"auto","background-attachment":"scroll","background-type":"","background-media":"","overlay-type":"","overlay-color":"","overlay-opacity":"","overlay-gradient":""},"mobile":{"background-color":"var(--ast-global-color-5)","background-image":"","background-repeat":"repeat","background-position":"center center","background-size":"auto","background-attachment":"scroll","background-type":"","background-media":"","overlay-type":"","overlay-color":"","overlay-opacity":"","overlay-gradient":""}},"footnotes":""},"class_list":["post-950","page","type-page","status-publish","hentry"],"post_mailing_queue_ids":[],"_links":{"self":[{"href":"https:\/\/agora.xtec.cat\/iesinfanta\/wp-json\/wp\/v2\/pages\/950","targetHints":{"allow":["GET"]}}],"collection":[{"href":"https:\/\/agora.xtec.cat\/iesinfanta\/wp-json\/wp\/v2\/pages"}],"about":[{"href":"https:\/\/agora.xtec.cat\/iesinfanta\/wp-json\/wp\/v2\/types\/page"}],"author":[{"embeddable":true,"href":"https:\/\/agora.xtec.cat\/iesinfanta\/wp-json\/wp\/v2\/users\/4"}],"replies":[{"embeddable":true,"href":"https:\/\/agora.xtec.cat\/iesinfanta\/wp-json\/wp\/v2\/comments?post=950"}],"version-history":[{"count":6,"href":"https:\/\/agora.xtec.cat\/iesinfanta\/wp-json\/wp\/v2\/pages\/950\/revisions"}],"predecessor-version":[{"id":7999,"href":"https:\/\/agora.xtec.cat\/iesinfanta\/wp-json\/wp\/v2\/pages\/950\/revisions\/7999"}],"up":[{"embeddable":true,"href":"https:\/\/agora.xtec.cat\/iesinfanta\/wp-json\/wp\/v2\/pages\/989"}],"wp:attachment":[{"href":"https:\/\/agora.xtec.cat\/iesinfanta\/wp-json\/wp\/v2\/media?parent=950"}],"curies":[{"name":"wp","href":"https:\/\/api.w.org\/{rel}","templated":true}]}}