{"id":944,"date":"2019-11-29T09:52:02","date_gmt":"2019-11-29T08:52:02","guid":{"rendered":"https:\/\/agora.xtec.cat\/iesinfanta\/?page_id=944"},"modified":"2026-02-23T10:24:31","modified_gmt":"2026-02-23T09:24:31","slug":"departament-dangles","status":"publish","type":"page","link":"https:\/\/agora.xtec.cat\/iesinfanta\/serveis\/projectes-departaments\/departament-dangles\/","title":{"rendered":"Departament de Lleng\u00fces Estrangeres"},"content":{"rendered":"<p align=\"justify\"><span lang=\"ca-ES\">Des del Departament de Lleng\u00fces Estrangeres potenciem l\u2019aprenentatge de tres lleng\u00fces: l\u2019Angl\u00e8s, l\u2019Alemany i el Franc\u00e8s.<\/span><\/p>\n<p align=\"justify\"><span lang=\"ca-ES\">ANGL\u00c8S: Mat\u00e8ria comuna. 1\u00aa llengua estrangera<\/span><\/p>\n<p align=\"justify\"><span lang=\"ca-ES\">FRANC\u00c8S i ALEMANY: 2\u00aa llengua estrangera (de 1r d&#8217;ESO a Batxillerat)<\/span><\/p>\n<table style=\"width: 101.246%; height: 733px;\">\n<tbody>\n<tr style=\"height: 340px;\">\n<td style=\"width: 184px; height: 340px;\"><a href=\"https:\/\/agora.xtec.cat\/iesinfanta\/serveis\/projectes-departaments\/departament-dangles\/english\/\" target=\"_blank\" rel=\"noopener noreferrer\"> <span lang=\"ca-ES\"><img loading=\"lazy\" decoding=\"async\" class=\"wp-image-2454 aligncenter\" src=\"https:\/\/agora.xtec.cat\/iesinfanta\/wp-content\/uploads\/usu231\/2021\/03\/angles-e1614794724477.png\" alt=\"\" width=\"312\" height=\"161\" srcset=\"https:\/\/agora.xtec.cat\/iesinfanta\/wp-content\/uploads\/usu231\/2021\/03\/angles-e1614794724477.png 469w, https:\/\/agora.xtec.cat\/iesinfanta\/wp-content\/uploads\/usu231\/2021\/03\/angles-e1614794724477-300x155.png 300w\" sizes=\"auto, (max-width: 312px) 100vw, 312px\" \/><\/span><\/a><\/td>\n<td style=\"width: 676.444px; height: 340px;\"><span lang=\"ca-ES\"><b>Desdoblaments,\u00a0<\/b><\/span><span lang=\"ca-ES\"><b>Aula d\u2019Idiomes,\u00a0<\/b><\/span><span lang=\"ca-ES\"><b>Ordinadors, Chromebooks.\u00a0<\/b><\/span><span lang=\"ca-ES\"><b>Projectes i Activitats Orals<\/b><\/span><\/p>\n<p><span style=\"color: #222222;\"><span style=\"font-family: inherit;\"><span lang=\"ca-ES\"><b>Optatives: A<em>round the world<\/em> (1<\/b><\/span><sup><span lang=\"ca-ES\"><b>r<\/b><\/span><\/sup><span lang=\"ca-ES\"><b>\u00a0ESO)<\/b><\/span><\/span><\/span><\/p>\n<p><span style=\"color: #222222;\"><span style=\"font-family: inherit;\"><span lang=\"ca-ES\"><b>Projecte de lectura 1<\/b><\/span><sup><span lang=\"ca-ES\"><b>r<\/b><\/span><\/sup><span lang=\"ca-ES\"><b>\u00a0d\u2019ESO<\/b><\/span><\/span><\/span><\/p>\n<p><span style=\"color: #222222;\"><span style=\"font-family: inherit;\"><span lang=\"ca-ES\"><b>Projecte de lectura 2<sup>n<\/sup>\u00a0d\u2019ESO<\/b><\/span><\/span><\/span><\/p>\n<p><a href=\"https:\/\/agora.xtec.cat\/iesinfanta\/serveis\/projectes-departaments\/departament-dangles\/english\/\" target=\"_blank\" rel=\"noopener noreferrer\">Veure els projectes\u00a0<\/a><\/td>\n<\/tr>\n<tr style=\"height: 187px;\">\n<td style=\"width: 184px; height: 187px;\"><a href=\"https:\/\/agora.xtec.cat\/iesinfanta\/serveis\/projectes-departaments\/departament-dangles\/deutsch\/\" target=\"_blank\" rel=\"noopener noreferrer\"><img loading=\"lazy\" decoding=\"async\" class=\"wp-image-2453 aligncenter\" src=\"https:\/\/agora.xtec.cat\/iesinfanta\/wp-content\/uploads\/usu231\/2021\/03\/alemany.png\" alt=\"\" width=\"150\" height=\"93\" srcset=\"https:\/\/agora.xtec.cat\/iesinfanta\/wp-content\/uploads\/usu231\/2021\/03\/alemany.png 428w, https:\/\/agora.xtec.cat\/iesinfanta\/wp-content\/uploads\/usu231\/2021\/03\/alemany-300x186.png 300w\" sizes=\"auto, (max-width: 150px) 100vw, 150px\" \/><\/a><\/td>\n<td style=\"width: 676.444px; height: 187px;\"><span style=\"font-weight: 400;\">Una llengua enfocada al desenvolupament de la compet\u00e8ncia comunicativa.<\/span><\/p>\n<p><a href=\"https:\/\/agora.xtec.cat\/iesinfanta\/serveis\/projectes-departaments\/departament-dangles\/deutsch\/\" target=\"_blank\" rel=\"noopener noreferrer\">Veure els Projectes\u00a0<\/a><\/td>\n<\/tr>\n<tr style=\"height: 206px;\">\n<td style=\"width: 184px; height: 206px;\"><a href=\"https:\/\/agora.xtec.cat\/iesinfanta\/serveis\/projectes-departaments\/departament-dangles\/departament-de-frances\/\" target=\"_blank\" rel=\"noopener noreferrer\"><img loading=\"lazy\" decoding=\"async\" class=\"size-full wp-image-2452 aligncenter\" src=\"https:\/\/agora.xtec.cat\/iesinfanta\/wp-content\/uploads\/usu231\/2021\/03\/frNCES.png\" alt=\"\" width=\"429\" height=\"231\" srcset=\"https:\/\/agora.xtec.cat\/iesinfanta\/wp-content\/uploads\/usu231\/2021\/03\/frNCES.png 429w, https:\/\/agora.xtec.cat\/iesinfanta\/wp-content\/uploads\/usu231\/2021\/03\/frNCES-300x162.png 300w\" sizes=\"auto, (max-width: 429px) 100vw, 429px\" \/><\/a><\/td>\n<td style=\"width: 676.444px; height: 206px;\">El Departament de franc\u00e8s promou diferents projectes per tal que l&#8217;alumnat de la mat\u00e8ria progressi en l\u2019adquisici\u00f3 i consolidaci\u00f3 del seu aprenentatge.<\/p>\n<p><a href=\"https:\/\/agora.xtec.cat\/iesinfanta\/serveis\/projectes-departaments\/departament-dangles\/departament-de-frances\/\" target=\"_blank\" rel=\"noopener noreferrer\">Veure els Projectes<\/a><\/td>\n<\/tr>\n<\/tbody>\n<\/table>\n","protected":false},"excerpt":{"rendered":"<p>Des del Departament de Lleng\u00fces Estrangeres potenciem l\u2019aprenentatge de tres lleng\u00fces: l\u2019Angl\u00e8s, l\u2019Alemany i el Franc\u00e8s. ANGL\u00c8S: Mat\u00e8ria comuna. 1\u00aa llengua estrangera FRANC\u00c8S i ALEMANY: 2\u00aa llengua estrangera (de 1r d&#8217;ESO a Batxillerat) Desdoblaments,\u00a0Aula d\u2019Idiomes,\u00a0Ordinadors, Chromebooks.\u00a0Projectes i Activitats Orals Optatives: Around the world (1r\u00a0ESO) Projecte de lectura 1r\u00a0d\u2019ESO Projecte de lectura 2n\u00a0d\u2019ESO Veure els projectes\u00a0 [&hellip;]<\/p>\n","protected":false},"author":4,"featured_media":0,"parent":989,"menu_order":60,"comment_status":"closed","ping_status":"closed","template":"","meta":{"_bbp_topic_count":0,"_bbp_reply_count":0,"_bbp_total_topic_count":0,"_bbp_total_reply_count":0,"_bbp_voice_count":0,"_bbp_anonymous_reply_count":0,"_bbp_topic_count_hidden":0,"_bbp_reply_count_hidden":0,"_bbp_forum_subforum_count":0,"site-sidebar-layout":"default","site-content-layout":"","ast-site-content-layout":"default","site-content-style":"default","site-sidebar-style":"default","ast-global-header-display":"","ast-banner-title-visibility":"","ast-main-header-display":"","ast-hfb-above-header-display":"","ast-hfb-below-header-display":"","ast-hfb-mobile-header-display":"","site-post-title":"","ast-breadcrumbs-content":"","ast-featured-img":"","footer-sml-layout":"","theme-transparent-header-meta":"default","adv-header-id-meta":"","stick-header-meta":"","header-above-stick-meta":"","header-main-stick-meta":"","header-below-stick-meta":"","astra-migrate-meta-layouts":"set","ast-page-background-enabled":"default","ast-page-background-meta":{"desktop":{"background-color":"var(--ast-global-color-4)","background-image":"","background-repeat":"repeat","background-position":"center center","background-size":"auto","background-attachment":"scroll","background-type":"","background-media":"","overlay-type":"","overlay-color":"","overlay-opacity":"","overlay-gradient":""},"tablet":{"background-color":"","background-image":"","background-repeat":"repeat","background-position":"center center","background-size":"auto","background-attachment":"scroll","background-type":"","background-media":"","overlay-type":"","overlay-color":"","overlay-opacity":"","overlay-gradient":""},"mobile":{"background-color":"","background-image":"","background-repeat":"repeat","background-position":"center center","background-size":"auto","background-attachment":"scroll","background-type":"","background-media":"","overlay-type":"","overlay-color":"","overlay-opacity":"","overlay-gradient":""}},"ast-content-background-meta":{"desktop":{"background-color":"var(--ast-global-color-5)","background-image":"","background-repeat":"repeat","background-position":"center center","background-size":"auto","background-attachment":"scroll","background-type":"","background-media":"","overlay-type":"","overlay-color":"","overlay-opacity":"","overlay-gradient":""},"tablet":{"background-color":"var(--ast-global-color-5)","background-image":"","background-repeat":"repeat","background-position":"center center","background-size":"auto","background-attachment":"scroll","background-type":"","background-media":"","overlay-type":"","overlay-color":"","overlay-opacity":"","overlay-gradient":""},"mobile":{"background-color":"var(--ast-global-color-5)","background-image":"","background-repeat":"repeat","background-position":"center center","background-size":"auto","background-attachment":"scroll","background-type":"","background-media":"","overlay-type":"","overlay-color":"","overlay-opacity":"","overlay-gradient":""}},"footnotes":""},"class_list":["post-944","page","type-page","status-publish","hentry"],"post_mailing_queue_ids":[],"_links":{"self":[{"href":"https:\/\/agora.xtec.cat\/iesinfanta\/wp-json\/wp\/v2\/pages\/944","targetHints":{"allow":["GET"]}}],"collection":[{"href":"https:\/\/agora.xtec.cat\/iesinfanta\/wp-json\/wp\/v2\/pages"}],"about":[{"href":"https:\/\/agora.xtec.cat\/iesinfanta\/wp-json\/wp\/v2\/types\/page"}],"author":[{"embeddable":true,"href":"https:\/\/agora.xtec.cat\/iesinfanta\/wp-json\/wp\/v2\/users\/4"}],"replies":[{"embeddable":true,"href":"https:\/\/agora.xtec.cat\/iesinfanta\/wp-json\/wp\/v2\/comments?post=944"}],"version-history":[{"count":6,"href":"https:\/\/agora.xtec.cat\/iesinfanta\/wp-json\/wp\/v2\/pages\/944\/revisions"}],"predecessor-version":[{"id":8119,"href":"https:\/\/agora.xtec.cat\/iesinfanta\/wp-json\/wp\/v2\/pages\/944\/revisions\/8119"}],"up":[{"embeddable":true,"href":"https:\/\/agora.xtec.cat\/iesinfanta\/wp-json\/wp\/v2\/pages\/989"}],"wp:attachment":[{"href":"https:\/\/agora.xtec.cat\/iesinfanta\/wp-json\/wp\/v2\/media?parent=944"}],"curies":[{"name":"wp","href":"https:\/\/api.w.org\/{rel}","templated":true}]}}