{"id":940,"date":"2019-11-29T09:51:03","date_gmt":"2019-11-29T08:51:03","guid":{"rendered":"https:\/\/agora.xtec.cat\/iesinfanta\/?page_id=940"},"modified":"2026-03-03T11:41:58","modified_gmt":"2026-03-03T10:41:58","slug":"departament-de-ciencies-socials","status":"publish","type":"page","link":"https:\/\/agora.xtec.cat\/iesinfanta\/serveis\/projectes-departaments\/departament-de-ciencies-socials\/","title":{"rendered":"Departament de Ci\u00e8ncies Socials"},"content":{"rendered":"<p><b>DEPARTAMENT DE CI\u00c8NCIES SOCIALS<\/b> <span style=\"font-weight: 300;\">|<\/span> <b>projectes<\/b><\/p>\n<p>&nbsp;<\/p>\n<p><b>GEOGRAFIA I HIST\u00d2RIA<\/b><\/p>\n<p>&nbsp;<\/p>\n<p><span style=\"font-weight: 400;\">La hist\u00f2ria \u00e9s la <\/span><span style=\"font-weight: 400;\">ci\u00e8ncia social que estudia, narra i interpreta el passat de les societats humanes a trav\u00e9s de testimonis materials, orals, escrits i visuals<\/span><span style=\"font-weight: 400;\">. \u00c9s una disciplina que analitza l&#8217;evoluci\u00f3, canvis i continu\u00eftats de la humanitat al llarg del temps<\/span><span style=\"font-weight: 400;\"> i que ens fa entendre la nostra realitat. Con\u00e8ixer el passat ens ajuda a entendre el present i millorar el futur i tot aix\u00f2, ho treballem conjuntament amb l\u2019art, la geografia i l\u2019economia, tant a l\u2019ESO com al Batxillerat.<\/span><\/p>\n<p><span style=\"font-weight: 400;\">\u00a0\u00a0\u00a0\u00a0\u00a0\u00a0\u00a0\u00a0\u00a0\u00a0\u00a0\u00a0\u00a0\u00a0\u00a0\u00a0\u00a0\u00a0\u00a0\u00a0\u00a0\u00a0\u00a0\u00a0\u00a0\u00a0\u00a0\u00a0\u00a0\u00a0\u00a0\u00a0\u00a0\u00a0\u00a0\u00a0\u00a0\u00a0\u00a0\u00a0\u00a0\u00a0\u00a0\u00a0\u00a0\u00a0\u00a0\u00a0\u00a0\u00a0\u00a0\u00a0\u00a0\u00a0\u00a0\u00a0\u00a0\u00a0\u00a0\u00a0\u00a0\u00a0\u00a0\u00a0\u00a0\u00a0\u00a0\u00a0\u00a0\u00a0\u00a0\u00a0\u00a0\u00a0\u00a0\u00a0\u00a0\u00a0\u00a0\u00a0\u00a0\u00a0\u00a0\u00a0\u00a0\u00a0\u00a0\u00a0\u00a0\u00a0\u00a0\u00a0\u00a0\u00a0\u00a0\u00a0\u00a0\u00a0\u00a0\u00a0<\/span><\/p>\n<p><b>ESO<\/b><\/p>\n<p>&nbsp;<\/p>\n<ul>\n<li aria-level=\"1\"><b>Constru\u00efm maquetes<\/b><\/li>\n<\/ul>\n<p><a href=\"https:\/\/agora.xtec.cat\/iesinfanta\/wp-content\/uploads\/usu231\/2026\/03\/IMG20260223124515-scaled.jpg\"><img loading=\"lazy\" decoding=\"async\" class=\"alignnone size-full wp-image-8163\" src=\"https:\/\/agora.xtec.cat\/iesinfanta\/wp-content\/uploads\/usu231\/2026\/03\/IMG20260223124515-scaled.jpg\" alt=\"\" width=\"2560\" height=\"1056\" srcset=\"https:\/\/agora.xtec.cat\/iesinfanta\/wp-content\/uploads\/usu231\/2026\/03\/IMG20260223124515-scaled.jpg 2560w, https:\/\/agora.xtec.cat\/iesinfanta\/wp-content\/uploads\/usu231\/2026\/03\/IMG20260223124515-300x124.jpg 300w, https:\/\/agora.xtec.cat\/iesinfanta\/wp-content\/uploads\/usu231\/2026\/03\/IMG20260223124515-1024x422.jpg 1024w, https:\/\/agora.xtec.cat\/iesinfanta\/wp-content\/uploads\/usu231\/2026\/03\/IMG20260223124515-768x317.jpg 768w, https:\/\/agora.xtec.cat\/iesinfanta\/wp-content\/uploads\/usu231\/2026\/03\/IMG20260223124515-1536x633.jpg 1536w, https:\/\/agora.xtec.cat\/iesinfanta\/wp-content\/uploads\/usu231\/2026\/03\/IMG20260223124515-2048x844.jpg 2048w\" sizes=\"auto, (max-width: 2560px) 100vw, 2560px\" \/><\/a><\/p>\n<p><span style=\"font-weight: 400;\">L\u2019alumnat de primer cicle de l\u2019 ESO treballa els per\u00edodes m\u00e9s antics de la hist\u00f2ria i la hist\u00f2ria de l\u2019art mitjan\u00e7ant l\u2019elaboraci\u00f3 de maquetes de diferents monuments i obres d\u2019art. Aix\u00ed fem una evoluci\u00f3 des de pir\u00e0mides i monuments mesopot\u00e0mics com la porta d\u2019Ishtar a esgl\u00e9sies del Rom\u00e0nic i el G\u00f2tic. Tamb\u00e9 tractem les obres del Renaixement.\u00a0<\/span><\/p>\n<p>&nbsp;<\/p>\n<p>&nbsp;<\/p>\n<ul>\n<li aria-level=\"1\"><b>Elaborem vitralls\u00a0 \u00a0 \u00a0 <a href=\"https:\/\/agora.xtec.cat\/iesinfanta\/wp-content\/uploads\/usu231\/2026\/02\/IMG-20260223-WA0000.jpg\"><img loading=\"lazy\" decoding=\"async\" class=\"alignnone wp-image-8139 size-full\" src=\"https:\/\/agora.xtec.cat\/iesinfanta\/wp-content\/uploads\/usu231\/2026\/02\/IMG-20260223-WA0000-e1772033582529.jpg\" alt=\"\" width=\"1530\" height=\"1295\" srcset=\"https:\/\/agora.xtec.cat\/iesinfanta\/wp-content\/uploads\/usu231\/2026\/02\/IMG-20260223-WA0000-e1772033582529.jpg 1530w, https:\/\/agora.xtec.cat\/iesinfanta\/wp-content\/uploads\/usu231\/2026\/02\/IMG-20260223-WA0000-e1772033582529-300x254.jpg 300w, https:\/\/agora.xtec.cat\/iesinfanta\/wp-content\/uploads\/usu231\/2026\/02\/IMG-20260223-WA0000-e1772033582529-1024x867.jpg 1024w, https:\/\/agora.xtec.cat\/iesinfanta\/wp-content\/uploads\/usu231\/2026\/02\/IMG-20260223-WA0000-e1772033582529-768x650.jpg 768w\" sizes=\"auto, (max-width: 1530px) 100vw, 1530px\" \/><\/a><\/b><\/li>\n<\/ul>\n<p><b><\/b><br \/>\n<b><\/b><\/p>\n<ul>\n<li aria-level=\"1\"><b>Planeta Blau<\/b><\/li>\n<\/ul>\n<p><span style=\"font-weight: 400;\"> Treballem la geografia en un projecte on parlem de mars i oceans, de climes i de com tenir cura del medi ambient. S\u00f3n temes que treballen d\u2019una manera transversal amb biologia i tecnologia.\u00a0<\/span><\/p>\n<p>&nbsp;<\/p>\n<ul>\n<li aria-level=\"1\"><b>Llegim llibres<\/b><\/li>\n<\/ul>\n<p><span style=\"font-weight: 400;\">Llegim<\/span><span style=\"font-weight: 400;\"> relats<\/span><span style=\"font-weight: 400;\"> que ajuden a entendre el context hist\u00f2ric a trav\u00e9s de les viv\u00e8ncies personals dels protagonistes, facilitant l&#8217;aprenentatge a la Secund\u00e0ria.\u00a0\u00a0<\/span><\/p>\n<p><a href=\"https:\/\/agora.xtec.cat\/iesinfanta\/wp-content\/uploads\/usu231\/2026\/03\/IMG20260224085358-1-scaled.jpg\"><img loading=\"lazy\" decoding=\"async\" class=\"alignnone size-full wp-image-8164\" src=\"https:\/\/agora.xtec.cat\/iesinfanta\/wp-content\/uploads\/usu231\/2026\/03\/IMG20260224085358-1-scaled.jpg\" alt=\"\" width=\"2560\" height=\"1113\" srcset=\"https:\/\/agora.xtec.cat\/iesinfanta\/wp-content\/uploads\/usu231\/2026\/03\/IMG20260224085358-1-scaled.jpg 2560w, https:\/\/agora.xtec.cat\/iesinfanta\/wp-content\/uploads\/usu231\/2026\/03\/IMG20260224085358-1-300x130.jpg 300w, https:\/\/agora.xtec.cat\/iesinfanta\/wp-content\/uploads\/usu231\/2026\/03\/IMG20260224085358-1-1024x445.jpg 1024w, https:\/\/agora.xtec.cat\/iesinfanta\/wp-content\/uploads\/usu231\/2026\/03\/IMG20260224085358-1-768x334.jpg 768w, https:\/\/agora.xtec.cat\/iesinfanta\/wp-content\/uploads\/usu231\/2026\/03\/IMG20260224085358-1-1536x668.jpg 1536w, https:\/\/agora.xtec.cat\/iesinfanta\/wp-content\/uploads\/usu231\/2026\/03\/IMG20260224085358-1-2048x891.jpg 2048w\" sizes=\"auto, (max-width: 2560px) 100vw, 2560px\" \/><\/a><\/p>\n<p>&nbsp;<\/p>\n<p>&nbsp;<\/p>\n<p><b>BATXILLERAT<\/b><\/p>\n<p>&nbsp;<\/p>\n<ul>\n<li aria-level=\"1\"><b>Empremtes de guerra<\/b><\/li>\n<\/ul>\n<p><span style=\"font-weight: 400;\">Treballem la mem\u00f2ria hist\u00f2rica en un projecte impulsat per El Born &#8211; Museu d\u2019Hist\u00f2ria de Barcelona, que pret\u00e9n generar un marc de reflexi\u00f3 cr\u00edtica de les empremtes f\u00edsiques i simb\u00f2liques que les guerres deixen <\/span><span style=\"font-weight: 400;\">tant sobre el teixit urb\u00e0 de les ciutats com en els seus habitants.\u00a0<\/span><\/p>\n<p><a href=\"https:\/\/agora.xtec.cat\/iesinfanta\/wp-content\/uploads\/usu231\/2026\/03\/20260127_114646.jpg\"><img loading=\"lazy\" decoding=\"async\" class=\"alignnone size-full wp-image-8165\" src=\"https:\/\/agora.xtec.cat\/iesinfanta\/wp-content\/uploads\/usu231\/2026\/03\/20260127_114646.jpg\" alt=\"\" width=\"2250\" height=\"1422\" srcset=\"https:\/\/agora.xtec.cat\/iesinfanta\/wp-content\/uploads\/usu231\/2026\/03\/20260127_114646.jpg 2250w, https:\/\/agora.xtec.cat\/iesinfanta\/wp-content\/uploads\/usu231\/2026\/03\/20260127_114646-300x190.jpg 300w, https:\/\/agora.xtec.cat\/iesinfanta\/wp-content\/uploads\/usu231\/2026\/03\/20260127_114646-1024x647.jpg 1024w, https:\/\/agora.xtec.cat\/iesinfanta\/wp-content\/uploads\/usu231\/2026\/03\/20260127_114646-768x485.jpg 768w, https:\/\/agora.xtec.cat\/iesinfanta\/wp-content\/uploads\/usu231\/2026\/03\/20260127_114646-1536x971.jpg 1536w, https:\/\/agora.xtec.cat\/iesinfanta\/wp-content\/uploads\/usu231\/2026\/03\/20260127_114646-2048x1294.jpg 2048w\" sizes=\"auto, (max-width: 2250px) 100vw, 2250px\" \/><\/a><\/p>\n<ul>\n<li aria-level=\"1\"><b>Rutes per con\u00e8ixer l\u2019Art<\/b><\/li>\n<\/ul>\n<p><span style=\"font-weight: 400;\">Els alumnes d&#8217;Hist\u00f2ria de l\u2019Art de batxillerat fan la ruta rom\u00e0nica i g\u00f2tica pel casc antic de Barcelona. Despr\u00e9s d\u2019una visita guiada per Santa Maria del Mar, es fa una volta, visitant els monuments m\u00e9s importants d\u2019aquests per\u00edodes que tenim a Catalunya:\u00a0 La Pla\u00e7a del Rei, la Generalitat de Catalunya\u2026<\/span><\/p>\n<p>&nbsp;<\/p>\n<ul>\n<li aria-level=\"1\"><b>Xerrada sobre UE<\/b><\/li>\n<\/ul>\n<p><span style=\"font-weight: 400;\">Un professor de la UAB ens ve a fer una xerrada introduct\u00f2ria d\u2019aproximadament 1 hora de durada, sobre diferents aspectes de la Uni\u00f3 Europea\u00a0 que ens poden interessar.\u00a0<\/span><\/p>\n<p><a href=\"https:\/\/agora.xtec.cat\/iesinfanta\/wp-content\/uploads\/usu231\/2026\/03\/WhatsApp-Image-2025-03-19-at-14.53.34-1.jpeg\"><img loading=\"lazy\" decoding=\"async\" class=\"alignnone size-full wp-image-8166\" src=\"https:\/\/agora.xtec.cat\/iesinfanta\/wp-content\/uploads\/usu231\/2026\/03\/WhatsApp-Image-2025-03-19-at-14.53.34-1.jpeg\" alt=\"\" width=\"2048\" height=\"1139\" srcset=\"https:\/\/agora.xtec.cat\/iesinfanta\/wp-content\/uploads\/usu231\/2026\/03\/WhatsApp-Image-2025-03-19-at-14.53.34-1.jpeg 2048w, https:\/\/agora.xtec.cat\/iesinfanta\/wp-content\/uploads\/usu231\/2026\/03\/WhatsApp-Image-2025-03-19-at-14.53.34-1-300x167.jpeg 300w, https:\/\/agora.xtec.cat\/iesinfanta\/wp-content\/uploads\/usu231\/2026\/03\/WhatsApp-Image-2025-03-19-at-14.53.34-1-1024x570.jpeg 1024w, https:\/\/agora.xtec.cat\/iesinfanta\/wp-content\/uploads\/usu231\/2026\/03\/WhatsApp-Image-2025-03-19-at-14.53.34-1-768x427.jpeg 768w, https:\/\/agora.xtec.cat\/iesinfanta\/wp-content\/uploads\/usu231\/2026\/03\/WhatsApp-Image-2025-03-19-at-14.53.34-1-1536x854.jpeg 1536w\" sizes=\"auto, (max-width: 2048px) 100vw, 2048px\" \/><\/a><\/p>\n<p>&nbsp;<\/p>\n<hr \/>\n<p>&nbsp;<\/p>\n<p>&nbsp;<\/p>\n<p><b>FILOSOFIA<\/b> <span style=\"font-weight: 300;\">|<\/span> <b>projectes<\/b><\/p>\n<p><a href=\"https:\/\/agora.xtec.cat\/iesinfanta\/wp-content\/uploads\/usu231\/2026\/03\/Screenshot-2026-02-26-at-10.44.47.png\"><img loading=\"lazy\" decoding=\"async\" class=\"alignnone wp-image-8159 size-full\" src=\"https:\/\/agora.xtec.cat\/iesinfanta\/wp-content\/uploads\/usu231\/2026\/03\/Screenshot-2026-02-26-at-10.44.47.png\" alt=\"\" width=\"3059\" height=\"1094\" srcset=\"https:\/\/agora.xtec.cat\/iesinfanta\/wp-content\/uploads\/usu231\/2026\/03\/Screenshot-2026-02-26-at-10.44.47.png 3059w, https:\/\/agora.xtec.cat\/iesinfanta\/wp-content\/uploads\/usu231\/2026\/03\/Screenshot-2026-02-26-at-10.44.47-300x107.png 300w, https:\/\/agora.xtec.cat\/iesinfanta\/wp-content\/uploads\/usu231\/2026\/03\/Screenshot-2026-02-26-at-10.44.47-1024x366.png 1024w, https:\/\/agora.xtec.cat\/iesinfanta\/wp-content\/uploads\/usu231\/2026\/03\/Screenshot-2026-02-26-at-10.44.47-768x275.png 768w, https:\/\/agora.xtec.cat\/iesinfanta\/wp-content\/uploads\/usu231\/2026\/03\/Screenshot-2026-02-26-at-10.44.47-1536x549.png 1536w, https:\/\/agora.xtec.cat\/iesinfanta\/wp-content\/uploads\/usu231\/2026\/03\/Screenshot-2026-02-26-at-10.44.47-2048x732.png 2048w\" sizes=\"auto, (max-width: 3059px) 100vw, 3059px\" \/><\/a><\/p>\n<p><b>Lliga de Debat de Secund\u00e0ria i Batxillerat<\/b><\/p>\n<p>&nbsp;<\/p>\n<p><span style=\"font-weight: 300;\">El departament de filosofia de l\u2019infanta impulsa la participaci\u00f3 en la <\/span><a href=\"https:\/\/www.vives.org\/programes\/estudiants\/lliga-debat-secundaria-batxillerat\/\"><span style=\"font-weight: 300;\">Lliga de Debat de Secund\u00e0ria i Batxillerat<\/span><\/a><span style=\"font-weight: 300;\"> organitzada per la Xarxa Vives d\u2019Universitats.<\/span><\/p>\n<p>&nbsp;<\/p>\n<p><span style=\"font-weight: 300;\">La Lliga de Debat de Secund\u00e0ria i Batxillerat \u00e9s una competici\u00f3 d\u2019orat\u00f2ria en la qual diversos equips d\u2019estudiants de 4t d\u2019ESO, batxillerat i Formaci\u00f3 Professional de diferents centres docents debaten sobre un tema pol\u00e8mic i d\u2019actualitat. L\u2019objectiu de la Lliga \u00e9s fomentar les compet\u00e8ncies transversals dels estudiants mitjan\u00e7ant l\u2019\u00fas de la paraula i crear un espai de formaci\u00f3 on s\u2019utilitza el catal\u00e0 com a llengua vehicular.<\/span><\/p>\n<p><a href=\"https:\/\/agora.xtec.cat\/iesinfanta\/wp-content\/uploads\/usu231\/2026\/03\/Screenshot-2026-02-26-at-10.44.55.png\"><img loading=\"lazy\" decoding=\"async\" class=\"alignnone size-full wp-image-8160\" src=\"https:\/\/agora.xtec.cat\/iesinfanta\/wp-content\/uploads\/usu231\/2026\/03\/Screenshot-2026-02-26-at-10.44.55.png\" alt=\"\" width=\"1694\" height=\"777\" srcset=\"https:\/\/agora.xtec.cat\/iesinfanta\/wp-content\/uploads\/usu231\/2026\/03\/Screenshot-2026-02-26-at-10.44.55.png 1694w, https:\/\/agora.xtec.cat\/iesinfanta\/wp-content\/uploads\/usu231\/2026\/03\/Screenshot-2026-02-26-at-10.44.55-300x138.png 300w, https:\/\/agora.xtec.cat\/iesinfanta\/wp-content\/uploads\/usu231\/2026\/03\/Screenshot-2026-02-26-at-10.44.55-1024x470.png 1024w, https:\/\/agora.xtec.cat\/iesinfanta\/wp-content\/uploads\/usu231\/2026\/03\/Screenshot-2026-02-26-at-10.44.55-768x352.png 768w, https:\/\/agora.xtec.cat\/iesinfanta\/wp-content\/uploads\/usu231\/2026\/03\/Screenshot-2026-02-26-at-10.44.55-1536x705.png 1536w\" sizes=\"auto, (max-width: 1694px) 100vw, 1694px\" \/><\/a><\/p>\n<p><b>Concurs de relats filos\u00f2fics<\/b><\/p>\n<p>&nbsp;<\/p>\n<p><span style=\"font-weight: 300;\">El departament de filosofia convoca un concurs de relats filos\u00f2fics en el marc del certamen literari de Sant Jordi. La iniciativa parteix de la convicci\u00f3 que la filosofia no \u00e9s nom\u00e9s una disciplina acad\u00e8mica, sin\u00f3 tamb\u00e9 una manera de mirar el m\u00f3n i de fer-se preguntes\u2014i que la ficci\u00f3 liter\u00e0ria pot ser un vehicle excel\u00b7lent per explorar-les. Convidem l&#8217;alumnat a llegir i a crear hist\u00f2ries que interpel\u00b7lin i obrin interrogants sobre q\u00fcestions com la llibertat, la just\u00edcia, la identitat, el coneixement o el sentit de l&#8217;exist\u00e8ncia.<\/span><\/p>\n<p lang=\"ca-ES\"><strong>\u00a0<\/strong><\/p>\n<p><a href=\"https:\/\/agora.xtec.cat\/iesinfanta\/wp-content\/uploads\/usu231\/2026\/03\/Screenshot-2026-02-26-at-10.45.24.png\"><img loading=\"lazy\" decoding=\"async\" class=\"alignnone size-full wp-image-8161\" src=\"https:\/\/agora.xtec.cat\/iesinfanta\/wp-content\/uploads\/usu231\/2026\/03\/Screenshot-2026-02-26-at-10.45.24.png\" alt=\"\" width=\"1126\" height=\"943\" srcset=\"https:\/\/agora.xtec.cat\/iesinfanta\/wp-content\/uploads\/usu231\/2026\/03\/Screenshot-2026-02-26-at-10.45.24.png 1126w, https:\/\/agora.xtec.cat\/iesinfanta\/wp-content\/uploads\/usu231\/2026\/03\/Screenshot-2026-02-26-at-10.45.24-300x251.png 300w, https:\/\/agora.xtec.cat\/iesinfanta\/wp-content\/uploads\/usu231\/2026\/03\/Screenshot-2026-02-26-at-10.45.24-1024x858.png 1024w, https:\/\/agora.xtec.cat\/iesinfanta\/wp-content\/uploads\/usu231\/2026\/03\/Screenshot-2026-02-26-at-10.45.24-768x643.png 768w\" sizes=\"auto, (max-width: 1126px) 100vw, 1126px\" \/><\/a><\/p>\n<p align=\"JUSTIFY\">\n","protected":false},"excerpt":{"rendered":"<p>DEPARTAMENT DE CI\u00c8NCIES SOCIALS | projectes &nbsp; GEOGRAFIA I HIST\u00d2RIA &nbsp; La hist\u00f2ria \u00e9s la ci\u00e8ncia social que estudia, narra i interpreta el passat de les societats humanes a trav\u00e9s de testimonis materials, orals, escrits i visuals. \u00c9s una disciplina que analitza l&#8217;evoluci\u00f3, canvis i continu\u00eftats de la humanitat al llarg del temps i que [&hellip;]<\/p>\n","protected":false},"author":4,"featured_media":0,"parent":989,"menu_order":30,"comment_status":"closed","ping_status":"closed","template":"","meta":{"_bbp_topic_count":0,"_bbp_reply_count":0,"_bbp_total_topic_count":0,"_bbp_total_reply_count":0,"_bbp_voice_count":0,"_bbp_anonymous_reply_count":0,"_bbp_topic_count_hidden":0,"_bbp_reply_count_hidden":0,"_bbp_forum_subforum_count":0,"site-sidebar-layout":"default","site-content-layout":"","ast-site-content-layout":"default","site-content-style":"default","site-sidebar-style":"default","ast-global-header-display":"","ast-banner-title-visibility":"","ast-main-header-display":"","ast-hfb-above-header-display":"","ast-hfb-below-header-display":"","ast-hfb-mobile-header-display":"","site-post-title":"","ast-breadcrumbs-content":"","ast-featured-img":"","footer-sml-layout":"","theme-transparent-header-meta":"default","adv-header-id-meta":"","stick-header-meta":"","header-above-stick-meta":"","header-main-stick-meta":"","header-below-stick-meta":"","astra-migrate-meta-layouts":"set","ast-page-background-enabled":"default","ast-page-background-meta":{"desktop":{"background-color":"var(--ast-global-color-4)","background-image":"","background-repeat":"repeat","background-position":"center center","background-size":"auto","background-attachment":"scroll","background-type":"","background-media":"","overlay-type":"","overlay-color":"","overlay-opacity":"","overlay-gradient":""},"tablet":{"background-color":"","background-image":"","background-repeat":"repeat","background-position":"center center","background-size":"auto","background-attachment":"scroll","background-type":"","background-media":"","overlay-type":"","overlay-color":"","overlay-opacity":"","overlay-gradient":""},"mobile":{"background-color":"","background-image":"","background-repeat":"repeat","background-position":"center center","background-size":"auto","background-attachment":"scroll","background-type":"","background-media":"","overlay-type":"","overlay-color":"","overlay-opacity":"","overlay-gradient":""}},"ast-content-background-meta":{"desktop":{"background-color":"var(--ast-global-color-5)","background-image":"","background-repeat":"repeat","background-position":"center center","background-size":"auto","background-attachment":"scroll","background-type":"","background-media":"","overlay-type":"","overlay-color":"","overlay-opacity":"","overlay-gradient":""},"tablet":{"background-color":"var(--ast-global-color-5)","background-image":"","background-repeat":"repeat","background-position":"center center","background-size":"auto","background-attachment":"scroll","background-type":"","background-media":"","overlay-type":"","overlay-color":"","overlay-opacity":"","overlay-gradient":""},"mobile":{"background-color":"var(--ast-global-color-5)","background-image":"","background-repeat":"repeat","background-position":"center center","background-size":"auto","background-attachment":"scroll","background-type":"","background-media":"","overlay-type":"","overlay-color":"","overlay-opacity":"","overlay-gradient":""}},"footnotes":""},"class_list":["post-940","page","type-page","status-publish","hentry"],"post_mailing_queue_ids":[],"_links":{"self":[{"href":"https:\/\/agora.xtec.cat\/iesinfanta\/wp-json\/wp\/v2\/pages\/940","targetHints":{"allow":["GET"]}}],"collection":[{"href":"https:\/\/agora.xtec.cat\/iesinfanta\/wp-json\/wp\/v2\/pages"}],"about":[{"href":"https:\/\/agora.xtec.cat\/iesinfanta\/wp-json\/wp\/v2\/types\/page"}],"author":[{"embeddable":true,"href":"https:\/\/agora.xtec.cat\/iesinfanta\/wp-json\/wp\/v2\/users\/4"}],"replies":[{"embeddable":true,"href":"https:\/\/agora.xtec.cat\/iesinfanta\/wp-json\/wp\/v2\/comments?post=940"}],"version-history":[{"count":7,"href":"https:\/\/agora.xtec.cat\/iesinfanta\/wp-json\/wp\/v2\/pages\/940\/revisions"}],"predecessor-version":[{"id":8174,"href":"https:\/\/agora.xtec.cat\/iesinfanta\/wp-json\/wp\/v2\/pages\/940\/revisions\/8174"}],"up":[{"embeddable":true,"href":"https:\/\/agora.xtec.cat\/iesinfanta\/wp-json\/wp\/v2\/pages\/989"}],"wp:attachment":[{"href":"https:\/\/agora.xtec.cat\/iesinfanta\/wp-json\/wp\/v2\/media?parent=940"}],"curies":[{"name":"wp","href":"https:\/\/api.w.org\/{rel}","templated":true}]}}