{"id":938,"date":"2019-11-29T09:50:25","date_gmt":"2019-11-29T08:50:25","guid":{"rendered":"https:\/\/agora.xtec.cat\/iesinfanta\/?page_id=938"},"modified":"2021-03-02T12:45:29","modified_gmt":"2021-03-02T11:45:29","slug":"departament-de-tecnologia","status":"publish","type":"page","link":"https:\/\/agora.xtec.cat\/iesinfanta\/serveis\/projectes-departaments\/departament-de-tecnologia\/","title":{"rendered":"Departament de Tecnologia"},"content":{"rendered":"<table>\n<tbody>\n<tr>\n<td style=\"width: 590.222px;\"><strong>Optativa Mobilitzem la inform\u00e0tica<\/strong><\/p>\n<p>El departament de tecnologies de l&#8221;INS Infanta Isabel d&#8221;Arag\u00f3 participem des del 2013 en el projecte \u201cMobilitzem la inform\u00e0tica\u201d, projecte plantejat per\u00a0<strong><a href=\"http:\/\/mschools.mobileworldcapital.com\/ca\/que-es-mschools\/\">mSchools<\/a>\u00a0<\/strong>i que oferim a 4t d&#8221;ESO. Els alumnes, en un treball en equip, han de simular una empresa que t\u00e9 com a objectiu fonamental la creaci\u00f3 d\u2019apps per a m\u00f2bils, per\u00f2 tamb\u00e9 han de crear un v\u00eddeo promocional, una p\u00e0gina web i un logo (despr\u00e9s de practicar l&#8221;edici\u00f3 d&#8221;imatges durant diverses setmanes).<\/p>\n<p>&nbsp;<\/td>\n<td style=\"width: 562.667px;\"><a href=\"https:\/\/lh3.googleusercontent.com\/R9cbqHYFcB4vknv2UWzelQ63BSpzAf_GRvXunluuDsiU_cUseFSorlCieK_8SebfpJrIj3GWSK0ZFfbC28b3kZZN60XU0M4Yn4yb17bvqXHwo1cp3uUOrm37rdscar0KLbqAyPob7cN66yOZwUK3HFHnFB4a8_0tATXa_1Tq3v1ftUxNY-15TQNp0lLcKsLk2UPPvFxrczUFAfBbiUab2eRS275dMbyuMD8fZC0X-EP2-_RqW92dxpGLvSx_VefZTRAL8Dv9OAV36ZQZwuE31LM1jeq0-HHoio9St0BrbuLFN1bMn8-OADqp4IHgf9ZUHKammnhDy_0H6yWCW0ALqJwz573Tv1H9TFVYV1U4ZuCLpfZx-uIZFwYDRtLpfyllIUETQzco-ZR9GBOLkwtVX-V6u0P2Q5aGQIpCDjPuWBRpiMVu0fLNf9lhIYIyYoPqrOWIQhZ5XPpuQYyLLlGP-JaVxGZbow4k9MoWLDCN4R7Z_tTe0FFGw47cYi9BnrbDBTumJWtSbJJ600lwvt51mQah2b8kzjeBZ4GqHsaIb11NzZMV0F2NSRdFH3O2UB4PbkhmuUo0XBuCsSputDkHoAf6PHARNJrYfx3Y0M468d4pzeJc5J55tBE7i2T49fZgr4KYTj87tA5zZd-gP6Jb6lD0-qlMlIAB79JMaR4HtA=w1366-h535-no\" target=\"_blank\" rel=\"noopener noreferrer\"><img loading=\"lazy\" decoding=\"async\" src=\"https:\/\/lh3.googleusercontent.com\/R9cbqHYFcB4vknv2UWzelQ63BSpzAf_GRvXunluuDsiU_cUseFSorlCieK_8SebfpJrIj3GWSK0ZFfbC28b3kZZN60XU0M4Yn4yb17bvqXHwo1cp3uUOrm37rdscar0KLbqAyPob7cN66yOZwUK3HFHnFB4a8_0tATXa_1Tq3v1ftUxNY-15TQNp0lLcKsLk2UPPvFxrczUFAfBbiUab2eRS275dMbyuMD8fZC0X-EP2-_RqW92dxpGLvSx_VefZTRAL8Dv9OAV36ZQZwuE31LM1jeq0-HHoio9St0BrbuLFN1bMn8-OADqp4IHgf9ZUHKammnhDy_0H6yWCW0ALqJwz573Tv1H9TFVYV1U4ZuCLpfZx-uIZFwYDRtLpfyllIUETQzco-ZR9GBOLkwtVX-V6u0P2Q5aGQIpCDjPuWBRpiMVu0fLNf9lhIYIyYoPqrOWIQhZ5XPpuQYyLLlGP-JaVxGZbow4k9MoWLDCN4R7Z_tTe0FFGw47cYi9BnrbDBTumJWtSbJJ600lwvt51mQah2b8kzjeBZ4GqHsaIb11NzZMV0F2NSRdFH3O2UB4PbkhmuUo0XBuCsSputDkHoAf6PHARNJrYfx3Y0M468d4pzeJc5J55tBE7i2T49fZgr4KYTj87tA5zZd-gP6Jb6lD0-qlMlIAB79JMaR4HtA=w1366-h535-no\" width=\"900\" height=\"353\" \/><\/a><\/td>\n<\/tr>\n<tr>\n<td style=\"width: 590.222px;\"><strong>Intervenci\u00f3 d&#8217;Experts<\/strong><\/p>\n<p>Una altra de les aportacions d\u2019aquesta proposta did\u00e0ctica \u00e9s que contempla la\u00a0intervenci\u00f3 d\u2019experts\u00a0al centre en el proc\u00e9s de desenvolupament del projecte. Aquests professionals en actiu acompanyen els alumnes en determinades fases del projecte, donant-los el seu punt de vista i orientant-los. Aquests experts acostumen a contactar amb els grups per videoconfer\u00e8ncia, per respondre dubtes i guiar-los en el proc\u00e9s.<\/td>\n<td style=\"width: 562.667px;\"><\/td>\n<\/tr>\n<tr>\n<td style=\"width: 590.222px;\">Des de l&#8221;optativa participem tamb\u00e9 en la\u00a0<strong>visita a la Fira YoMo<\/strong>\u00a0(Youth Mobile Festival), un Festival que presenta GSMA i Mobile World Capital, que se celebra a la Fira Montju\u00efc i que ofereix als estudiants l&#8221;oportunitat de participar en activitats interactives i confer\u00e8ncies relacionades amb la ci\u00e8ncia, la tecnologia, l&#8221;enginyeria, l&#8221;art i el disseny i le<a href=\"https:\/\/agora.xtec.cat\/iesinfanta\/wp-content\/uploads\/usu231\/2021\/02\/ACTIVI-APLA\u00c7ADA-PANDEMIA.png\"><img loading=\"lazy\" decoding=\"async\" class=\"wp-image-2373 alignright\" src=\"https:\/\/agora.xtec.cat\/iesinfanta\/wp-content\/uploads\/usu231\/2021\/02\/ACTIVI-APLA\u00c7ADA-PANDEMIA.png\" alt=\"\" width=\"266\" height=\"80\" srcset=\"https:\/\/agora.xtec.cat\/iesinfanta\/wp-content\/uploads\/usu231\/2021\/02\/ACTIVI-APLA\u00c7ADA-PANDEMIA.png 493w, https:\/\/agora.xtec.cat\/iesinfanta\/wp-content\/uploads\/usu231\/2021\/02\/ACTIVI-APLA\u00c7ADA-PANDEMIA-300x90.png 300w\" sizes=\"auto, (max-width: 266px) 100vw, 266px\" \/><\/a>s matem\u00e0tiques.<\/p>\n<p>Aquest projecte t\u00e9 com a culminaci\u00f3 la participaci\u00f3 en el\u00a0<a href=\"http:\/\/xtec.gencat.cat\/ca\/centres\/alscentres\/premis\/concursos_mschools\/mschools-student-awards\/2017\/app-education\/\"><strong>concurs<\/strong><\/a><a href=\"http:\/\/xtec.gencat.cat\/ca\/centres\/alscentres\/premis\/concursos_mschools\/mschools-student-awards\/2017\/app-education\/\" target=\"_blank\" rel=\"noopener noreferrer\">\u00a0d\u2019aplicacions App Awards<\/a>\u00a0amb les propostes elaborades pels diferents estudiants d\u2019arreu de Catalunya.<\/td>\n<td style=\"width: 562.667px;\"><a href=\"https:\/\/lh3.googleusercontent.com\/i_6FQmKXwFks-2Ba_eI-Ft1XIvYgYW8XxWyxExX5JKIjB4iyD5lJZexxLwtnMwEm5dMt1bVW4ZG2yQfODEH4_BIY_W-K7bWcBYCH7ebXFaY7RQvyTLZye7a5H8k4aGwzJX_RRDM4NVN8ENwjFbqV6sas_MIxhTJ0N95JO3v5KpkexJT9kyCUtCz32NcNQUo5_Z0zq9h7-Pidblpi-QgrC28anRkjspFDbmj1Dcmk4yXScvutGbbrZMHvV2sBr6jotKpmXfhVtW9E44-scPZMuv0V4BPzSwrS1jg762eVLEp0zts0JYSVLm6Se5ov8H7D3ErmB8mosueicKiP5GKLMnNw6HkGuM0hzgg4lPmifIPh0fz5mGg6GKh9DumERZgVxAHO_dUvZvPHxJkvp-Jc-XppU0cUzOiVuOEd2-WKxX5vztkPoSa9kkuWjP8dLqYjEMZ1nb2QXAGu12CIXMJhIOdMjMdOAxUAaO41el_cQpgzgdxyjNT2gE-VWo6lOr1NB7JwpZADKiZmt3NGhmobxrfAXm2k3_b65nUJVPyoEly-lHuNGnpHQ2hxxrFUTYpSGI33Q15cNCr-ODNP8HZGJw656uVuHmHzCkcR940tBtXrTQUqGjkKTt6h7dvRH8rW4bC9qLd_CTLKAYK7kxtS2G_NXm7kiXFCKm93Y2J9gQ=w473-h250-no\"><img loading=\"lazy\" decoding=\"async\" class=\"\" src=\"https:\/\/lh3.googleusercontent.com\/i_6FQmKXwFks-2Ba_eI-Ft1XIvYgYW8XxWyxExX5JKIjB4iyD5lJZexxLwtnMwEm5dMt1bVW4ZG2yQfODEH4_BIY_W-K7bWcBYCH7ebXFaY7RQvyTLZye7a5H8k4aGwzJX_RRDM4NVN8ENwjFbqV6sas_MIxhTJ0N95JO3v5KpkexJT9kyCUtCz32NcNQUo5_Z0zq9h7-Pidblpi-QgrC28anRkjspFDbmj1Dcmk4yXScvutGbbrZMHvV2sBr6jotKpmXfhVtW9E44-scPZMuv0V4BPzSwrS1jg762eVLEp0zts0JYSVLm6Se5ov8H7D3ErmB8mosueicKiP5GKLMnNw6HkGuM0hzgg4lPmifIPh0fz5mGg6GKh9DumERZgVxAHO_dUvZvPHxJkvp-Jc-XppU0cUzOiVuOEd2-WKxX5vztkPoSa9kkuWjP8dLqYjEMZ1nb2QXAGu12CIXMJhIOdMjMdOAxUAaO41el_cQpgzgdxyjNT2gE-VWo6lOr1NB7JwpZADKiZmt3NGhmobxrfAXm2k3_b65nUJVPyoEly-lHuNGnpHQ2hxxrFUTYpSGI33Q15cNCr-ODNP8HZGJw656uVuHmHzCkcR940tBtXrTQUqGjkKTt6h7dvRH8rW4bC9qLd_CTLKAYK7kxtS2G_NXm7kiXFCKm93Y2J9gQ=w473-h250-no\" width=\"601\" height=\"318\" \/><\/a><\/td>\n<\/tr>\n<tr>\n<td style=\"width: 590.222px;\"><strong>Trobada amb exalumnes de l&#8217;\u00e0mbit tecnol\u00f2gic.<\/strong><\/p>\n<p>El departament de tecnologies de l&#8221;INS Infanta Isabel d&#8221;Arag\u00f3 organitzem, des del curs 2016\/17, una trobada dels alumnes de batxillerat amb exalumnes que actualment estudien graus superiors, enginyeries, etc. i que van estudiar tamb\u00e9 tecnologia industrial aqu\u00ed al centre.<\/p>\n<p>La trobada t\u00e9 per objectiu que els alumnes escoltin per veu d&#8221;un excompany\/a la seva experi\u00e8ncia, amb les dificultats trobades i amb petits consells o idees que els puguin ser d&#8221;utilitat en breu.<\/p>\n<p>Comencem amb una trobada m\u00e9s endre\u00e7ada a on els exalumnes comparteixen les seves experi\u00e8ncies i responen alguns dubtes, per acabar amb un petit vermut on, de manera m\u00e9s informal, poden apropar-se a aquells\/es que potser estan estudiant all\u00f2 que m\u00e9s s&#8221;apropa als seus interessos personals.<\/p>\n<p>Considerem que aquesta experi\u00e8ncia \u00e9s prou enriquidora i valorem la intenci\u00f3 de repetir-la cada curs.<\/td>\n<td style=\"width: 562.667px;\">\u00a0<a href=\"https:\/\/lh3.googleusercontent.com\/DbS9y_5nZWLest84sV8ojDACV2RGZZz3LTUKZYCNxamb-PY9bYapl61aycAscre4vuA3CnWzzjGOndf1JElhBBrT4218C3k1PBUDnNoVHE9ZTp05cOp3xl1Gcmih_1i9QkoXx4X6yfOMiyMFKH1e9_fC2mHC30zYJ4eaqxMTrBBl6GA557U-SR6TjCJEJtBfkcCQCz0nDfJhTttT5wKItEhAkQlrdAXoIaP9q2_fzqN0rMmLB_jW9pQx5Qdw8pg0utU_hOGX_x811p28r-KbFWtbIiyTo7UTe_i4tBwhOA8PBNNyxDxLGXlwkByobTL1CQSM3vdC16PjCOrdb13iGRTR-3NQMMMQarrmaqakEFzQnC-V16eHvxh_HtrncwSHCmd_rbrL4y4kd_F_A347wjlrEud8UR1uyKryt95vEL7Aro98ZRSX8SCQYIRxCrJiVGDWWlqFVGRJSClvTsqigAOxqdpD8bi5HcQd1DeGBq4untlr0nqhA1Y1q7nU3Jswcebd21-gIC2skSwzV2Ugpx1j52xrpPM66yP6KJ_zbbGcNneYQHmnVQi92MHr2H1Pxjaboru1QGgtEi3cvndqkDVGxITWAR6iB77QH9G8PgixPSXlyFe3jxsxQGO6fPIvl0YFUlaAFkXgzqcU3c9IbCWACu4qMS34p9tc8LEoNQ=w1366-h315-no\"><img loading=\"lazy\" decoding=\"async\" src=\"https:\/\/lh3.googleusercontent.com\/DbS9y_5nZWLest84sV8ojDACV2RGZZz3LTUKZYCNxamb-PY9bYapl61aycAscre4vuA3CnWzzjGOndf1JElhBBrT4218C3k1PBUDnNoVHE9ZTp05cOp3xl1Gcmih_1i9QkoXx4X6yfOMiyMFKH1e9_fC2mHC30zYJ4eaqxMTrBBl6GA557U-SR6TjCJEJtBfkcCQCz0nDfJhTttT5wKItEhAkQlrdAXoIaP9q2_fzqN0rMmLB_jW9pQx5Qdw8pg0utU_hOGX_x811p28r-KbFWtbIiyTo7UTe_i4tBwhOA8PBNNyxDxLGXlwkByobTL1CQSM3vdC16PjCOrdb13iGRTR-3NQMMMQarrmaqakEFzQnC-V16eHvxh_HtrncwSHCmd_rbrL4y4kd_F_A347wjlrEud8UR1uyKryt95vEL7Aro98ZRSX8SCQYIRxCrJiVGDWWlqFVGRJSClvTsqigAOxqdpD8bi5HcQd1DeGBq4untlr0nqhA1Y1q7nU3Jswcebd21-gIC2skSwzV2Ugpx1j52xrpPM66yP6KJ_zbbGcNneYQHmnVQi92MHr2H1Pxjaboru1QGgtEi3cvndqkDVGxITWAR6iB77QH9G8PgixPSXlyFe3jxsxQGO6fPIvl0YFUlaAFkXgzqcU3c9IbCWACu4qMS34p9tc8LEoNQ=w1366-h315-no\" width=\"900\" height=\"208\" \/><\/a><\/td>\n<\/tr>\n<tr>\n<td style=\"width: 590.222px;\"><strong>Potenciant la rob\u00f2tica<\/strong><\/p>\n<p>Des del curs 2017\/18 s&#8217;ha incorporat la rob\u00f2tica al curr\u00ed\u00adculum com\u00fa de 1r i 3r d&#8217;ESO i s&#8217;ofereixen optatives a 2n i 4t. Es treballa amb equips de LEGO Mindstorms.<\/p>\n<p>Als\u00a0cursos\u00a0de 1r i 3r,\u00a0els alumnes,\u00a0durant el desdoblament d&#8217;un dels trimestres,\u00a0programen i practiquen amb els equips de rob\u00f2tica del centre.<\/p>\n<p>S&#8217;ofereixen dues optatives en qu\u00e8 la\u00a0programaci\u00f3 de robots t\u00e9 un pes especial:<\/p>\n<ul>\n<li>A\u00a02n\u00a0oferim\u00a0l&#8217;optativa \u00abMindstorms. Rob\u00f2tica i ficci\u00f3\u00bb. Aquesta mat\u00e8ria combina les mat\u00e8ries de tecnologia i d&#8217;angl\u00e8s. L&#8217;alumnat treballa en el disseny, construcci\u00f3 i programaci\u00f3 de robots i, lligat a rob\u00f2tica i treballant en grups, pensen, planifiquen i graven petits curtmetratges en angl\u00e8s on els robots seran els protagonistes.<\/li>\n<li>A 3r hi ha l&#8217;optativa de &#8220;Rob\u00f2tica&#8221; on s&#8217;aprofundeix\u00a0 en els coneixements de disseny, construcci\u00f3 i programaci\u00f3 de robots<br \/>\naplicant l&#8217;educaci\u00f3 STEM (Science, Techonology, Engineering, Mathematics). On es treballa i experimenta amb la rob\u00f2tica i desenvolupant la capacitat d&#8217;enginy.<\/li>\n<li>A\u00a04t,\u00a0dins el curr\u00ed\u00adculum,\u00a0i\u00a0durant aproximadament un trimestre, dedicaran 2h setmanals a superar diferents reptes en grup.<\/li>\n<\/ul>\n<p>Tamb\u00e9,\u00a0de manera gratu\u00efta i fora de l&#8217;horari escolar, dins del centre, els dimecres de 15 a 17h s&#8217;imparteix un taller\u00a0on els alumnes creen per grups un robot que han de programar.<\/td>\n<td style=\"width: 562.667px;\"><img loading=\"lazy\" decoding=\"async\" src=\"https:\/\/lh3.googleusercontent.com\/i6Qb7cpyKa9szd59uHddnB09vID66qoriH48XbPY1YjBmDgSMaysl7d7PxsB4XpOXfVH7jg-8tr3Bv2-5hTjvw4PvU8peYQG4e7ywwiQ0qgB0c4zzKupriRZF9bTUCmIQebIm4ebqN4B12H2KHLNL0cxKp8cxD6j8zyYkmb5VGrjO2_tswGGRIuim2SjtVpr405L33bNELbqTzyqvN0Hd8ZJW5ae30NeWvMnffn4-jB0QD3vKKVbNX31I3sWTKCNji-cfH-V9lR8o_5tqn54RY-Crhyrj1eXPDybrAkS9hOBNxT0dFusLSE_u2fGVP_7eKWOHfoot6Ei5BVbfHB-mjpO-7PWnoom-hjqf8GgFuYtJZP9NlPznviiatTYbNROoYdODWZ6PKeBud0kyv37zypKTVR6fmqyIqYw6oyg_M407qfZAqG2n0K_4HM4p3yZw1EyChyU8y4gx9rr6FC9CuzFYSWQsiv-MSwKrh2_LMwYtk93wtBHFX-U2n82z6YrHpFiY87I9M3YDymKdNGER4qgATfnPbG9S8AbFlnLJiVxw1Z6eQgbGrj7C44oeCmYewRcxl8bMZCs-IDf_qE1nTyZSQaU6vKyvpENNRrXEBTFu4jLWWlmlVYSIHknHncK5KjQNnzGArgOP0_qVrzIEPkaNMjMn4_rAhrh-0KcLw=w1366-h493-no\" width=\"900\" height=\"324\" \/><\/td>\n<\/tr>\n<tr>\n<td style=\"width: 590.222px;\"><strong>Incorporaci\u00f3 de la impressi\u00f3 3D<\/strong><\/p>\n<p>Des del curs 2017\/18 es comen\u00e7a a incorporar el disseny i impressi\u00f3 d&#8217;objectes en 3D a la mat\u00e8ria de tecnologia a 3r d&#8217;ESO i tamb\u00e9 en alguns treballs de recerca. El curs 2018\/19 esperem fer-ho\u00a0 als grups de 1r d&#8217;ESO.<\/p>\n<p>La impressi\u00f3 3D est\u00e0\u00a0 emergint en\u00a0la nostra societat. Des de les mat\u00e8ries anomenades STEM (ci\u00e8ncies, tecnologia i matem\u00e0tiques) cerquem potenciar-la per tal que els alumnes,\u00a0comen\u00e7ant pels grups de 3r\u00a0d&#8217;ESO,\u00a0en\u00a0tinguin un primer contacte.<\/p>\n<p>Un exemple d&#8217;aplicaci\u00f3, des dels desdoblaments\u00a0al\u00a0taller, \u00e9s el disseny d&#8217;una maneta en la maqueta d&#8217;un motor de quatre temps. Aquesta maneta, que mour\u00e0\u00a0 el sistema pist\u00f3-manovella, pot ser dissenyada i pensada\u00a0per a imprimir-la en 3D.<\/td>\n<td style=\"width: 562.667px;\"><\/td>\n<\/tr>\n<\/tbody>\n<\/table>\n<p>&nbsp;<\/p>\n<p>&nbsp;<\/p>\n<p>&nbsp;<\/p>\n<p>&nbsp;<\/p>\n<p>&nbsp;<\/p>\n<p>&nbsp;<\/p>\n<p>&nbsp;<\/p>\n<p>&nbsp;<\/p>\n","protected":false},"excerpt":{"rendered":"<p>Optativa Mobilitzem la inform\u00e0tica El departament de tecnologies de l&#8221;INS Infanta Isabel d&#8221;Arag\u00f3 participem des del 2013 en el projecte \u201cMobilitzem la inform\u00e0tica\u201d, projecte plantejat per\u00a0mSchools\u00a0i que oferim a 4t d&#8221;ESO. Els alumnes, en un treball en equip, han de simular una empresa que t\u00e9 com a objectiu fonamental la creaci\u00f3 d\u2019apps per a m\u00f2bils, [&hellip;]<\/p>\n","protected":false},"author":4,"featured_media":0,"parent":989,"menu_order":20,"comment_status":"closed","ping_status":"closed","template":"page-templates\/side-menu.php","meta":{"_bbp_topic_count":0,"_bbp_reply_count":0,"_bbp_total_topic_count":0,"_bbp_total_reply_count":0,"_bbp_voice_count":0,"_bbp_anonymous_reply_count":0,"_bbp_topic_count_hidden":0,"_bbp_reply_count_hidden":0,"_bbp_forum_subforum_count":0,"site-sidebar-layout":"default","site-content-layout":"","ast-site-content-layout":"","site-content-style":"default","site-sidebar-style":"default","ast-global-header-display":"","ast-banner-title-visibility":"","ast-main-header-display":"","ast-hfb-above-header-display":"","ast-hfb-below-header-display":"","ast-hfb-mobile-header-display":"","site-post-title":"","ast-breadcrumbs-content":"","ast-featured-img":"","footer-sml-layout":"","theme-transparent-header-meta":"","adv-header-id-meta":"","stick-header-meta":"","header-above-stick-meta":"","header-main-stick-meta":"","header-below-stick-meta":"","astra-migrate-meta-layouts":"default","ast-page-background-enabled":"default","ast-page-background-meta":{"desktop":{"background-color":"var(--ast-global-color-4)","background-image":"","background-repeat":"repeat","background-position":"center center","background-size":"auto","background-attachment":"scroll","background-type":"","background-media":"","overlay-type":"","overlay-color":"","overlay-opacity":"","overlay-gradient":""},"tablet":{"background-color":"","background-image":"","background-repeat":"repeat","background-position":"center center","background-size":"auto","background-attachment":"scroll","background-type":"","background-media":"","overlay-type":"","overlay-color":"","overlay-opacity":"","overlay-gradient":""},"mobile":{"background-color":"","background-image":"","background-repeat":"repeat","background-position":"center center","background-size":"auto","background-attachment":"scroll","background-type":"","background-media":"","overlay-type":"","overlay-color":"","overlay-opacity":"","overlay-gradient":""}},"ast-content-background-meta":{"desktop":{"background-color":"var(--ast-global-color-5)","background-image":"","background-repeat":"repeat","background-position":"center center","background-size":"auto","background-attachment":"scroll","background-type":"","background-media":"","overlay-type":"","overlay-color":"","overlay-opacity":"","overlay-gradient":""},"tablet":{"background-color":"var(--ast-global-color-5)","background-image":"","background-repeat":"repeat","background-position":"center center","background-size":"auto","background-attachment":"scroll","background-type":"","background-media":"","overlay-type":"","overlay-color":"","overlay-opacity":"","overlay-gradient":""},"mobile":{"background-color":"var(--ast-global-color-5)","background-image":"","background-repeat":"repeat","background-position":"center center","background-size":"auto","background-attachment":"scroll","background-type":"","background-media":"","overlay-type":"","overlay-color":"","overlay-opacity":"","overlay-gradient":""}},"footnotes":""},"class_list":["post-938","page","type-page","status-publish","hentry"],"post_mailing_queue_ids":[],"_links":{"self":[{"href":"https:\/\/agora.xtec.cat\/iesinfanta\/wp-json\/wp\/v2\/pages\/938","targetHints":{"allow":["GET"]}}],"collection":[{"href":"https:\/\/agora.xtec.cat\/iesinfanta\/wp-json\/wp\/v2\/pages"}],"about":[{"href":"https:\/\/agora.xtec.cat\/iesinfanta\/wp-json\/wp\/v2\/types\/page"}],"author":[{"embeddable":true,"href":"https:\/\/agora.xtec.cat\/iesinfanta\/wp-json\/wp\/v2\/users\/4"}],"replies":[{"embeddable":true,"href":"https:\/\/agora.xtec.cat\/iesinfanta\/wp-json\/wp\/v2\/comments?post=938"}],"version-history":[{"count":3,"href":"https:\/\/agora.xtec.cat\/iesinfanta\/wp-json\/wp\/v2\/pages\/938\/revisions"}],"predecessor-version":[{"id":2427,"href":"https:\/\/agora.xtec.cat\/iesinfanta\/wp-json\/wp\/v2\/pages\/938\/revisions\/2427"}],"up":[{"embeddable":true,"href":"https:\/\/agora.xtec.cat\/iesinfanta\/wp-json\/wp\/v2\/pages\/989"}],"wp:attachment":[{"href":"https:\/\/agora.xtec.cat\/iesinfanta\/wp-json\/wp\/v2\/media?parent=938"}],"curies":[{"name":"wp","href":"https:\/\/api.w.org\/{rel}","templated":true}]}}