{"id":920,"date":"2019-11-25T19:06:46","date_gmt":"2019-11-25T18:06:46","guid":{"rendered":"https:\/\/agora.xtec.cat\/iesinfanta\/?page_id=920"},"modified":"2026-03-06T13:05:30","modified_gmt":"2026-03-06T12:05:30","slug":"projecte-de-diversificacio-curricular","status":"publish","type":"page","link":"https:\/\/agora.xtec.cat\/iesinfanta\/serveis\/projecte-de-diversificacio-curricular\/","title":{"rendered":"Projecte de diversificaci\u00f3 curricular"},"content":{"rendered":"<p>&nbsp;<\/p>\n<p>El Projecte de diversificaci\u00f3 curricular \u00e9s un programa, implementat per primera vegada a l\u2019Infanta durant el curs 2015-16, que busca la vinculaci\u00f3 de l\u2019institut amb l\u2019entorn a trav\u00e9s <span style=\"font-weight: 400;\">d\u2019estades formatives en empreses o entitats del barri.<\/span><\/p>\n<p>Els alumnes que hi participen a principi de curs omplen una desiderata amb les seves prefer\u00e8ncies laborals i s\u2019inicien en l\u2019\u00e0mbit pr\u00e0ctic fent dos tastets trimestrals en empreses i\/o entitats diferents. Aquest projecte <span style=\"font-weight: 400;\">est\u00e0 dirigit a l\u2019alumnat de 4t d\u2019ESO de diversificaci\u00f3 curricular i proporciona un acompanyament i una orientaci\u00f3 m\u00e9s personalitzades per tal de garantir la continu\u00eftat del seu itinerari acad\u00e8mic i professional.<\/span>.<\/p>\n<p>Podeu consultar qu\u00e8 \u00e9s un <a href=\"https:\/\/xtec.gencat.cat\/ca\/curriculum\/diversitat-i-inclusio\/mesures-i-suports\/addicionals\/programes-de-diversificacio-curricular\/\" target=\"_blank\" rel=\"noopener noreferrer\">projecte de diversificaci\u00f3 curricular<\/a> i les seves caracter\u00edstiques en aquesta <a href=\"https:\/\/drive.google.com\/file\/d\/1-mwAwrVYOlnDa3cwCVr_nG7h2dJG7TgF\/view?usp=sharing\" target=\"_blank\" rel=\"noopener noreferrer\">presentaci\u00f3<\/a>.<\/p>\n<table>\n<tbody>\n<tr>\n<td><a href=\"https:\/\/agora.xtec.cat\/iesinfanta\/wp-content\/uploads\/usu231\/2021\/03\/WhatsApp-Image-2021-03-11-at-16.09.16-3.jpeg\"><img loading=\"lazy\" decoding=\"async\" class=\"aligncenter wp-image-2603\" src=\"https:\/\/agora.xtec.cat\/iesinfanta\/wp-content\/uploads\/usu231\/2021\/03\/WhatsApp-Image-2021-03-11-at-16.09.16-3.jpeg\" alt=\"\" width=\"150\" height=\"113\" srcset=\"https:\/\/agora.xtec.cat\/iesinfanta\/wp-content\/uploads\/usu231\/2021\/03\/WhatsApp-Image-2021-03-11-at-16.09.16-3.jpeg 1600w, https:\/\/agora.xtec.cat\/iesinfanta\/wp-content\/uploads\/usu231\/2021\/03\/WhatsApp-Image-2021-03-11-at-16.09.16-3-300x225.jpeg 300w, https:\/\/agora.xtec.cat\/iesinfanta\/wp-content\/uploads\/usu231\/2021\/03\/WhatsApp-Image-2021-03-11-at-16.09.16-3-768x576.jpeg 768w, https:\/\/agora.xtec.cat\/iesinfanta\/wp-content\/uploads\/usu231\/2021\/03\/WhatsApp-Image-2021-03-11-at-16.09.16-3-1024x768.jpeg 1024w, https:\/\/agora.xtec.cat\/iesinfanta\/wp-content\/uploads\/usu231\/2021\/03\/WhatsApp-Image-2021-03-11-at-16.09.16-3-200x150.jpeg 200w\" sizes=\"auto, (max-width: 150px) 100vw, 150px\" \/><\/a><\/td>\n<td><a href=\"https:\/\/agora.xtec.cat\/iesinfanta\/wp-content\/uploads\/usu231\/2021\/03\/WhatsApp-Image-2021-03-11-at-16.09.16.jpeg\"><img loading=\"lazy\" decoding=\"async\" class=\"aligncenter wp-image-2606\" src=\"https:\/\/agora.xtec.cat\/iesinfanta\/wp-content\/uploads\/usu231\/2021\/03\/WhatsApp-Image-2021-03-11-at-16.09.16.jpeg\" alt=\"\" width=\"150\" height=\"116\" srcset=\"https:\/\/agora.xtec.cat\/iesinfanta\/wp-content\/uploads\/usu231\/2021\/03\/WhatsApp-Image-2021-03-11-at-16.09.16.jpeg 1600w, https:\/\/agora.xtec.cat\/iesinfanta\/wp-content\/uploads\/usu231\/2021\/03\/WhatsApp-Image-2021-03-11-at-16.09.16-300x231.jpeg 300w, https:\/\/agora.xtec.cat\/iesinfanta\/wp-content\/uploads\/usu231\/2021\/03\/WhatsApp-Image-2021-03-11-at-16.09.16-768x592.jpeg 768w, https:\/\/agora.xtec.cat\/iesinfanta\/wp-content\/uploads\/usu231\/2021\/03\/WhatsApp-Image-2021-03-11-at-16.09.16-1024x790.jpeg 1024w\" sizes=\"auto, (max-width: 150px) 100vw, 150px\" \/><\/a><\/td>\n<\/tr>\n<tr>\n<td><img loading=\"lazy\" decoding=\"async\" class=\"aligncenter wp-image-2604\" src=\"https:\/\/agora.xtec.cat\/iesinfanta\/wp-content\/uploads\/usu231\/2021\/03\/WhatsApp-Image-2021-03-11-at-16.09.16-2.jpeg\" alt=\"\" width=\"150\" height=\"113\" srcset=\"https:\/\/agora.xtec.cat\/iesinfanta\/wp-content\/uploads\/usu231\/2021\/03\/WhatsApp-Image-2021-03-11-at-16.09.16-2.jpeg 1600w, https:\/\/agora.xtec.cat\/iesinfanta\/wp-content\/uploads\/usu231\/2021\/03\/WhatsApp-Image-2021-03-11-at-16.09.16-2-300x225.jpeg 300w, https:\/\/agora.xtec.cat\/iesinfanta\/wp-content\/uploads\/usu231\/2021\/03\/WhatsApp-Image-2021-03-11-at-16.09.16-2-768x576.jpeg 768w, https:\/\/agora.xtec.cat\/iesinfanta\/wp-content\/uploads\/usu231\/2021\/03\/WhatsApp-Image-2021-03-11-at-16.09.16-2-1024x768.jpeg 1024w, https:\/\/agora.xtec.cat\/iesinfanta\/wp-content\/uploads\/usu231\/2021\/03\/WhatsApp-Image-2021-03-11-at-16.09.16-2-200x150.jpeg 200w\" sizes=\"auto, (max-width: 150px) 100vw, 150px\" \/><\/td>\n<td><a href=\"https:\/\/agora.xtec.cat\/iesinfanta\/wp-content\/uploads\/usu231\/2021\/03\/WhatsApp-Image-2021-03-11-at-16.09.16-1.jpeg\"><img loading=\"lazy\" decoding=\"async\" class=\"aligncenter wp-image-2605\" src=\"https:\/\/agora.xtec.cat\/iesinfanta\/wp-content\/uploads\/usu231\/2021\/03\/WhatsApp-Image-2021-03-11-at-16.09.16-1.jpeg\" alt=\"\" width=\"150\" height=\"200\" srcset=\"https:\/\/agora.xtec.cat\/iesinfanta\/wp-content\/uploads\/usu231\/2021\/03\/WhatsApp-Image-2021-03-11-at-16.09.16-1.jpeg 1200w, https:\/\/agora.xtec.cat\/iesinfanta\/wp-content\/uploads\/usu231\/2021\/03\/WhatsApp-Image-2021-03-11-at-16.09.16-1-225x300.jpeg 225w, https:\/\/agora.xtec.cat\/iesinfanta\/wp-content\/uploads\/usu231\/2021\/03\/WhatsApp-Image-2021-03-11-at-16.09.16-1-768x1024.jpeg 768w\" sizes=\"auto, (max-width: 150px) 100vw, 150px\" \/><\/a><\/td>\n<\/tr>\n<\/tbody>\n<\/table>\n<p>&nbsp;<\/p>\n","protected":false},"excerpt":{"rendered":"<p>&nbsp; El Projecte de diversificaci\u00f3 curricular \u00e9s un programa, implementat per primera vegada a l\u2019Infanta durant el curs 2015-16, que busca la vinculaci\u00f3 de l\u2019institut amb l\u2019entorn a trav\u00e9s d\u2019estades formatives en empreses o entitats del barri. Els alumnes que hi participen a principi de curs omplen una desiderata amb les seves prefer\u00e8ncies laborals i [&hellip;]<\/p>\n","protected":false},"author":4,"featured_media":0,"parent":63,"menu_order":60,"comment_status":"closed","ping_status":"closed","template":"","meta":{"_bbp_topic_count":0,"_bbp_reply_count":0,"_bbp_total_topic_count":0,"_bbp_total_reply_count":0,"_bbp_voice_count":0,"_bbp_anonymous_reply_count":0,"_bbp_topic_count_hidden":0,"_bbp_reply_count_hidden":0,"_bbp_forum_subforum_count":0,"site-sidebar-layout":"default","site-content-layout":"","ast-site-content-layout":"default","site-content-style":"default","site-sidebar-style":"default","ast-global-header-display":"","ast-banner-title-visibility":"","ast-main-header-display":"","ast-hfb-above-header-display":"","ast-hfb-below-header-display":"","ast-hfb-mobile-header-display":"","site-post-title":"","ast-breadcrumbs-content":"","ast-featured-img":"","footer-sml-layout":"","theme-transparent-header-meta":"default","adv-header-id-meta":"","stick-header-meta":"","header-above-stick-meta":"","header-main-stick-meta":"","header-below-stick-meta":"","astra-migrate-meta-layouts":"set","ast-page-background-enabled":"default","ast-page-background-meta":{"desktop":{"background-color":"var(--ast-global-color-4)","background-image":"","background-repeat":"repeat","background-position":"center center","background-size":"auto","background-attachment":"scroll","background-type":"","background-media":"","overlay-type":"","overlay-color":"","overlay-opacity":"","overlay-gradient":""},"tablet":{"background-color":"","background-image":"","background-repeat":"repeat","background-position":"center center","background-size":"auto","background-attachment":"scroll","background-type":"","background-media":"","overlay-type":"","overlay-color":"","overlay-opacity":"","overlay-gradient":""},"mobile":{"background-color":"","background-image":"","background-repeat":"repeat","background-position":"center center","background-size":"auto","background-attachment":"scroll","background-type":"","background-media":"","overlay-type":"","overlay-color":"","overlay-opacity":"","overlay-gradient":""}},"ast-content-background-meta":{"desktop":{"background-color":"var(--ast-global-color-5)","background-image":"","background-repeat":"repeat","background-position":"center center","background-size":"auto","background-attachment":"scroll","background-type":"","background-media":"","overlay-type":"","overlay-color":"","overlay-opacity":"","overlay-gradient":""},"tablet":{"background-color":"var(--ast-global-color-5)","background-image":"","background-repeat":"repeat","background-position":"center center","background-size":"auto","background-attachment":"scroll","background-type":"","background-media":"","overlay-type":"","overlay-color":"","overlay-opacity":"","overlay-gradient":""},"mobile":{"background-color":"var(--ast-global-color-5)","background-image":"","background-repeat":"repeat","background-position":"center center","background-size":"auto","background-attachment":"scroll","background-type":"","background-media":"","overlay-type":"","overlay-color":"","overlay-opacity":"","overlay-gradient":""}},"footnotes":""},"class_list":["post-920","page","type-page","status-publish","hentry"],"post_mailing_queue_ids":[],"_links":{"self":[{"href":"https:\/\/agora.xtec.cat\/iesinfanta\/wp-json\/wp\/v2\/pages\/920","targetHints":{"allow":["GET"]}}],"collection":[{"href":"https:\/\/agora.xtec.cat\/iesinfanta\/wp-json\/wp\/v2\/pages"}],"about":[{"href":"https:\/\/agora.xtec.cat\/iesinfanta\/wp-json\/wp\/v2\/types\/page"}],"author":[{"embeddable":true,"href":"https:\/\/agora.xtec.cat\/iesinfanta\/wp-json\/wp\/v2\/users\/4"}],"replies":[{"embeddable":true,"href":"https:\/\/agora.xtec.cat\/iesinfanta\/wp-json\/wp\/v2\/comments?post=920"}],"version-history":[{"count":5,"href":"https:\/\/agora.xtec.cat\/iesinfanta\/wp-json\/wp\/v2\/pages\/920\/revisions"}],"predecessor-version":[{"id":8188,"href":"https:\/\/agora.xtec.cat\/iesinfanta\/wp-json\/wp\/v2\/pages\/920\/revisions\/8188"}],"up":[{"embeddable":true,"href":"https:\/\/agora.xtec.cat\/iesinfanta\/wp-json\/wp\/v2\/pages\/63"}],"wp:attachment":[{"href":"https:\/\/agora.xtec.cat\/iesinfanta\/wp-json\/wp\/v2\/media?parent=920"}],"curies":[{"name":"wp","href":"https:\/\/api.w.org\/{rel}","templated":true}]}}