{"id":916,"date":"2019-11-25T19:04:14","date_gmt":"2019-11-25T18:04:14","guid":{"rendered":"https:\/\/agora.xtec.cat\/iesinfanta\/?page_id=916"},"modified":"2025-05-23T10:16:22","modified_gmt":"2025-05-23T08:16:22","slug":"programa-tei-tutoria-entre-iguals","status":"publish","type":"page","link":"https:\/\/agora.xtec.cat\/iesinfanta\/projecte-educatiu\/programa-tei-tutoria-entre-iguals\/","title":{"rendered":"Programa TEI"},"content":{"rendered":"<h4>Tutoria entre iguals<\/h4>\n<table style=\"border-collapse: collapse; width: 100%;\">\n<tbody>\n<tr>\n<td>Valorem la participaci\u00f3 com una estrat\u00e8gia educativa fonamental, per aix\u00f2 hem decidit\u00a0 implementar el programa TEI (tutories entre iguals), que pret\u00e9n millorar la conviv\u00e8ncia escolar a trav\u00e9s dels mateixos alumnes, assumint responsabilitats, s\u2019ajuden els uns als altres i resolen els seus propis conflictes.<\/p>\n<p>El TEI s\u2019articula aprofitant la subdivisi\u00f3 de l&#8217;etapa en dos blocs, primer cicle i segon cicle de l&#8217;ESO, convidant als alumnes de primer i els de tercer a desenvolupar el programa. La proposta \u00e9s que els alumnes de tercer d\u2019ESO acompanyen els alumnes nous que s\u2019incorporen al centre. Aix\u00ed, cada alumne de primer d\u2019ESO t\u00e9 un referent de tercer que vetlla per ell i li ofereix suport i acompanyament. Tot plegat, es duu a terme a trav\u00e9s de diverses sessions informatives i formatives, amb activitats individuals o en grup, tant a les tutories com a tot el centre. De fet, tot l\u2019institut s\u2019involucra en el programa, que est\u00e0 coordinat pel Departament d\u2019Orientaci\u00f3.<\/td>\n<td style=\"width: 50.343%;\"><a href=\"https:\/\/agora.xtec.cat\/iesinfanta\/wp-content\/uploads\/usu231\/2021\/03\/WhatsApp-Image-2021-03-11-at-16.30.13-6.jpeg\"><img loading=\"lazy\" decoding=\"async\" class=\"wp-image-2621 aligncenter\" src=\"https:\/\/agora.xtec.cat\/iesinfanta\/wp-content\/uploads\/usu231\/2021\/03\/WhatsApp-Image-2021-03-11-at-16.30.13-6.jpeg\" alt=\"\" width=\"482\" height=\"271\" srcset=\"https:\/\/agora.xtec.cat\/iesinfanta\/wp-content\/uploads\/usu231\/2021\/03\/WhatsApp-Image-2021-03-11-at-16.30.13-6.jpeg 1600w, https:\/\/agora.xtec.cat\/iesinfanta\/wp-content\/uploads\/usu231\/2021\/03\/WhatsApp-Image-2021-03-11-at-16.30.13-6-300x169.jpeg 300w, https:\/\/agora.xtec.cat\/iesinfanta\/wp-content\/uploads\/usu231\/2021\/03\/WhatsApp-Image-2021-03-11-at-16.30.13-6-768x432.jpeg 768w, https:\/\/agora.xtec.cat\/iesinfanta\/wp-content\/uploads\/usu231\/2021\/03\/WhatsApp-Image-2021-03-11-at-16.30.13-6-1024x576.jpeg 1024w\" sizes=\"auto, (max-width: 482px) 100vw, 482px\" \/><\/a><\/td>\n<\/tr>\n<tr>\n<td>Amb el TEI, els alumnes prenen responsabilitats, observen, escolten, intervenen i formen part de les solucions que es deriven dels conflictes de conviv\u00e8ncia de l\u2019institut. Aix\u00f2 els permet assistir al centre amb tranquil\u00b7litat i seguretat i es tradueix, tamb\u00e9, en millor rendiment acad\u00e8mic. De fet, es tamb\u00e9 un programa de prevenci\u00f3, detecci\u00f3 i intervenci\u00f3 en casos d\u2019assetjament entre iguals.<\/p>\n<p>Estem satisfets de participar en aquest programa i us agra\u00efm, a tots els que en formeu part, la vostra tasca. Moltes gr\u00e0cies! Sense vosaltres no seria possible millorar la conviv\u00e8ncia de l\u2019Infanta.<\/td>\n<td style=\"width: 50.343%;\"><a href=\"https:\/\/agora.xtec.cat\/iesinfanta\/wp-content\/uploads\/usu231\/2021\/03\/WhatsApp-Image-2021-03-11-at-16.30.13-5.jpeg\"><img loading=\"lazy\" decoding=\"async\" class=\"aligncenter wp-image-2622\" src=\"https:\/\/agora.xtec.cat\/iesinfanta\/wp-content\/uploads\/usu231\/2021\/03\/WhatsApp-Image-2021-03-11-at-16.30.13-5.jpeg\" alt=\"\" width=\"470\" height=\"265\" srcset=\"https:\/\/agora.xtec.cat\/iesinfanta\/wp-content\/uploads\/usu231\/2021\/03\/WhatsApp-Image-2021-03-11-at-16.30.13-5.jpeg 1600w, https:\/\/agora.xtec.cat\/iesinfanta\/wp-content\/uploads\/usu231\/2021\/03\/WhatsApp-Image-2021-03-11-at-16.30.13-5-300x169.jpeg 300w, https:\/\/agora.xtec.cat\/iesinfanta\/wp-content\/uploads\/usu231\/2021\/03\/WhatsApp-Image-2021-03-11-at-16.30.13-5-768x432.jpeg 768w, https:\/\/agora.xtec.cat\/iesinfanta\/wp-content\/uploads\/usu231\/2021\/03\/WhatsApp-Image-2021-03-11-at-16.30.13-5-1024x576.jpeg 1024w\" sizes=\"auto, (max-width: 470px) 100vw, 470px\" \/><\/a><\/td>\n<\/tr>\n<\/tbody>\n<\/table>\n<p>&nbsp;<\/p>\n<p>&nbsp;<\/p>\n","protected":false},"excerpt":{"rendered":"<p>Tutoria entre iguals Valorem la participaci\u00f3 com una estrat\u00e8gia educativa fonamental, per aix\u00f2 hem decidit\u00a0 implementar el programa TEI (tutories entre iguals), que pret\u00e9n millorar la conviv\u00e8ncia escolar a trav\u00e9s dels mateixos alumnes, assumint responsabilitats, s\u2019ajuden els uns als altres i resolen els seus propis conflictes. El TEI s\u2019articula aprofitant la subdivisi\u00f3 de l&#8217;etapa en [&hellip;]<\/p>\n","protected":false},"author":4,"featured_media":0,"parent":57,"menu_order":0,"comment_status":"closed","ping_status":"closed","template":"page-templates\/side-menu.php","meta":{"_bbp_topic_count":0,"_bbp_reply_count":0,"_bbp_total_topic_count":0,"_bbp_total_reply_count":0,"_bbp_voice_count":0,"_bbp_anonymous_reply_count":0,"_bbp_topic_count_hidden":0,"_bbp_reply_count_hidden":0,"_bbp_forum_subforum_count":0,"site-sidebar-layout":"default","site-content-layout":"","ast-site-content-layout":"","site-content-style":"default","site-sidebar-style":"default","ast-global-header-display":"","ast-banner-title-visibility":"","ast-main-header-display":"","ast-hfb-above-header-display":"","ast-hfb-below-header-display":"","ast-hfb-mobile-header-display":"","site-post-title":"","ast-breadcrumbs-content":"","ast-featured-img":"","footer-sml-layout":"","theme-transparent-header-meta":"","adv-header-id-meta":"","stick-header-meta":"","header-above-stick-meta":"","header-main-stick-meta":"","header-below-stick-meta":"","astra-migrate-meta-layouts":"default","ast-page-background-enabled":"default","ast-page-background-meta":{"desktop":{"background-color":"var(--ast-global-color-4)","background-image":"","background-repeat":"repeat","background-position":"center center","background-size":"auto","background-attachment":"scroll","background-type":"","background-media":"","overlay-type":"","overlay-color":"","overlay-opacity":"","overlay-gradient":""},"tablet":{"background-color":"","background-image":"","background-repeat":"repeat","background-position":"center center","background-size":"auto","background-attachment":"scroll","background-type":"","background-media":"","overlay-type":"","overlay-color":"","overlay-opacity":"","overlay-gradient":""},"mobile":{"background-color":"","background-image":"","background-repeat":"repeat","background-position":"center center","background-size":"auto","background-attachment":"scroll","background-type":"","background-media":"","overlay-type":"","overlay-color":"","overlay-opacity":"","overlay-gradient":""}},"ast-content-background-meta":{"desktop":{"background-color":"var(--ast-global-color-5)","background-image":"","background-repeat":"repeat","background-position":"center center","background-size":"auto","background-attachment":"scroll","background-type":"","background-media":"","overlay-type":"","overlay-color":"","overlay-opacity":"","overlay-gradient":""},"tablet":{"background-color":"var(--ast-global-color-5)","background-image":"","background-repeat":"repeat","background-position":"center center","background-size":"auto","background-attachment":"scroll","background-type":"","background-media":"","overlay-type":"","overlay-color":"","overlay-opacity":"","overlay-gradient":""},"mobile":{"background-color":"var(--ast-global-color-5)","background-image":"","background-repeat":"repeat","background-position":"center center","background-size":"auto","background-attachment":"scroll","background-type":"","background-media":"","overlay-type":"","overlay-color":"","overlay-opacity":"","overlay-gradient":""}},"footnotes":""},"class_list":["post-916","page","type-page","status-publish","hentry"],"post_mailing_queue_ids":[],"_links":{"self":[{"href":"https:\/\/agora.xtec.cat\/iesinfanta\/wp-json\/wp\/v2\/pages\/916","targetHints":{"allow":["GET"]}}],"collection":[{"href":"https:\/\/agora.xtec.cat\/iesinfanta\/wp-json\/wp\/v2\/pages"}],"about":[{"href":"https:\/\/agora.xtec.cat\/iesinfanta\/wp-json\/wp\/v2\/types\/page"}],"author":[{"embeddable":true,"href":"https:\/\/agora.xtec.cat\/iesinfanta\/wp-json\/wp\/v2\/users\/4"}],"replies":[{"embeddable":true,"href":"https:\/\/agora.xtec.cat\/iesinfanta\/wp-json\/wp\/v2\/comments?post=916"}],"version-history":[{"count":6,"href":"https:\/\/agora.xtec.cat\/iesinfanta\/wp-json\/wp\/v2\/pages\/916\/revisions"}],"predecessor-version":[{"id":7385,"href":"https:\/\/agora.xtec.cat\/iesinfanta\/wp-json\/wp\/v2\/pages\/916\/revisions\/7385"}],"up":[{"embeddable":true,"href":"https:\/\/agora.xtec.cat\/iesinfanta\/wp-json\/wp\/v2\/pages\/57"}],"wp:attachment":[{"href":"https:\/\/agora.xtec.cat\/iesinfanta\/wp-json\/wp\/v2\/media?parent=916"}],"curies":[{"name":"wp","href":"https:\/\/api.w.org\/{rel}","templated":true}]}}