{"id":908,"date":"2019-11-25T18:57:56","date_gmt":"2019-11-25T17:57:56","guid":{"rendered":"https:\/\/agora.xtec.cat\/iesinfanta\/?page_id=908"},"modified":"2021-05-07T09:41:35","modified_gmt":"2021-05-07T07:41:35","slug":"sant-jordi","status":"publish","type":"page","link":"https:\/\/agora.xtec.cat\/iesinfanta\/sant-jordi\/","title":{"rendered":"Sant Jordi 2020 #SantJordiaCasa"},"content":{"rendered":"<h4 style=\"text-align: center;\">#SantJordiaCasa<\/h4>\n<p><img loading=\"lazy\" decoding=\"async\" class=\" wp-image-1432 alignright\" src=\"https:\/\/agora.xtec.cat\/iesinfanta\/wp-content\/uploads\/usu231\/2020\/04\/rosa-llibre-150x145.png\" alt=\"\" width=\"203\" height=\"196\" \/><\/p>\n<p>A trav\u00e9s de les diferents\u00a0<strong>plataformes online<\/strong> de qu\u00e8 disposa l\u2019Institut,<\/p>\n<p>al llarg de tot el dijous 23 d\u2019abril hi anirem pujant totes les \u201ccreacions\u201d que ens arribin.<\/p>\n<p>Haureu d\u2019estar atents\/es a l\u2019Instagram:<\/p>\n<p>@insinfanta\u00a0 \u00a0 \u00a0 \u00a0 \u00a0 \u00a0 \u00a0 \u00a0 \u00a0 \u00a0 \u00a0 \u00a0 \u00a0 \u00a0 <span style=\"font-family: inherit; font-size: 1em;\">@artinfanta<\/span><\/p>\n<p><strong style=\"font-family: inherit; font-size: 1em;\">PROPOSTES VOLUNT\u00c0RIES PER ALS ALUMNES:\u00a0<\/strong><\/p>\n<p><strong>Els enviaments s\u2019hauran de fer a:\u00a0<\/strong><a href=\"mailto:fontmar@gmail.com\">fontmar@gmail.com<\/a><strong>. Assumpte:\u00a0<\/strong>Sant Jordi.<strong>\u00a0Noms i cognoms de l\u2019alumne\/a i grup-classe. En el cas que l\u2019autoria vulgui ser an\u00f2nima, cal indicar-ho.\u00a0<\/strong><\/p>\n<p><strong>Si s\u00f3n v\u00eddeos, demanem que s\u2019envi\u00efn per\u00a0<\/strong><a href=\"https:\/\/wetransfer.com\/\" data-saferedirecturl=\"https:\/\/www.google.com\/url?q=https:\/\/wetransfer.com\/&amp;source=gmail&amp;ust=1587576099925000&amp;usg=AFQjCNErj1LKsbDpqS6zVEOQLXaJts8bzg\">https:\/\/wetransfer.com\/<\/a><strong>\u00a0al mateix correu:\u00a0<\/strong><a href=\"mailto:fontmar@gmail.com\">fontmar@gmail.com<\/a><\/p>\n<p><strong>1) Fes-nos arribar la teva ROSA:\u00a0<\/strong><\/p>\n<ol>\n<li>Dibuixa la teva rosa i envia\u2019ns-la.<\/li>\n<li>Fabrica la teva rosa amb materials de casa. Youtube ofereix moltes possibilitats.<\/li>\n<li>Tamb\u00e9 us oferim la possibilitat que ens envieu la fotografia de la vostra rosa i a trav\u00e9s de l\u2019insta la regalem a un company\/a de l\u2019Institut o a la vostra classe.<\/li>\n<\/ol>\n<p><strong>2)<\/strong><strong>\u00a0<\/strong><strong>Llegenda de Sant Jordi:<\/strong><\/p>\n<ol>\n<li>Representaci\u00f3 casolana de com Sant Jordi mata el drac: fotografia o v\u00eddeo. O b\u00e9, en podeu fer la vostra reinterpretaci\u00f3 de la llegenda. Recordeu que la imaginaci\u00f3 ho pot tot!<\/li>\n<li>Fotografia d\u2019un moment \u201cSant Jordi confinat\u201d: una abra\u00e7ada, si alg\u00fa regala una rosa (real, de paper, improvisada) o un llibre a casa, etc.<\/li>\n<\/ol>\n<p><strong>3) Llibres-literatura-missatges<\/strong><\/p>\n<p><strong>Ara m\u00e9s que mai necessitem literatura. Creaci\u00f3 pr\u00f2pia en qualsevol llengua:\u00a0<\/strong><\/p>\n<ol>\n<li>Versos escrits per vosaltres o missatges que us agradaria compartir. Els podeu escriure a m\u00e0 i enviar-ne la fotografia.<\/li>\n<li>Recomanaci\u00f3 d\u2019un llibre (qualsevol g\u00e8nere). En aquest cas, seria bo rebre-ho en v\u00eddeo. No cal que hi sortiu, nom\u00e9s caldria enfocar la portada del llibre i que se sent\u00eds la vostra veu.<\/li>\n<li>Reciteu un poema o un fragment d\u2019un llibre important per a vosaltres. O b\u00e9 en podeu fer un v\u00eddeo, o b\u00e9 podeu enviar nom\u00e9s l\u2019\u00e0udio i ja en buscar\u00edem una imatge que l\u2019acompany\u00e9s.<\/li>\n<li style=\"font-weight: 400;\">Fer una fotografia d\u2019un llibre o vosaltres amb un llibre, i afegir-ne un peu de foto que inclogui una frase o una paraula curiosa, ja sigui del llibre o vostre.<\/li>\n<\/ol>\n<p style=\"font-weight: 400;\">Esperem amb moltes ganes les vostres aportacions!<\/p>\n<p>Us convidem a mirar i a descobrir EL PODER DELS LLIBRES!<\/p>\n<div style=\"width: 400px;\" class=\"wp-video\"><!--[if lt IE 9]><script>document.createElement('video');<\/script><![endif]-->\n<video class=\"wp-video-shortcode\" id=\"video-908-1\" width=\"400\" height=\"400\" preload=\"metadata\" controls=\"controls\"><source type=\"video\/mp4\" src=\"https:\/\/agora.xtec.cat\/iesinfanta\/wp-content\/uploads\/usu231\/2020\/04\/el-poder-de-la-lectura.mp4?_=1\" \/><a href=\"https:\/\/agora.xtec.cat\/iesinfanta\/wp-content\/uploads\/usu231\/2020\/04\/el-poder-de-la-lectura.mp4\">https:\/\/agora.xtec.cat\/iesinfanta\/wp-content\/uploads\/usu231\/2020\/04\/el-poder-de-la-lectura.mp4<\/a><\/video><\/div>\n","protected":false},"excerpt":{"rendered":"<p>#SantJordiaCasa A trav\u00e9s de les diferents\u00a0plataformes online de qu\u00e8 disposa l\u2019Institut, al llarg de tot el dijous 23 d\u2019abril hi anirem pujant totes les \u201ccreacions\u201d que ens arribin. Haureu d\u2019estar atents\/es a l\u2019Instagram: @insinfanta\u00a0 \u00a0 \u00a0 \u00a0 \u00a0 \u00a0 \u00a0 \u00a0 \u00a0 \u00a0 \u00a0 \u00a0 \u00a0 \u00a0 @artinfanta PROPOSTES VOLUNT\u00c0RIES PER ALS ALUMNES:\u00a0 Els enviaments [&hellip;]<\/p>\n","protected":false},"author":4,"featured_media":0,"parent":0,"menu_order":0,"comment_status":"closed","ping_status":"closed","template":"","meta":{"_bbp_topic_count":0,"_bbp_reply_count":0,"_bbp_total_topic_count":0,"_bbp_total_reply_count":0,"_bbp_voice_count":0,"_bbp_anonymous_reply_count":0,"_bbp_topic_count_hidden":0,"_bbp_reply_count_hidden":0,"_bbp_forum_subforum_count":0,"site-sidebar-layout":"default","site-content-layout":"","ast-site-content-layout":"","site-content-style":"default","site-sidebar-style":"default","ast-global-header-display":"","ast-banner-title-visibility":"","ast-main-header-display":"","ast-hfb-above-header-display":"","ast-hfb-below-header-display":"","ast-hfb-mobile-header-display":"","site-post-title":"","ast-breadcrumbs-content":"","ast-featured-img":"","footer-sml-layout":"","theme-transparent-header-meta":"","adv-header-id-meta":"","stick-header-meta":"","header-above-stick-meta":"","header-main-stick-meta":"","header-below-stick-meta":"","astra-migrate-meta-layouts":"default","ast-page-background-enabled":"default","ast-page-background-meta":{"desktop":{"background-color":"var(--ast-global-color-4)","background-image":"","background-repeat":"repeat","background-position":"center center","background-size":"auto","background-attachment":"scroll","background-type":"","background-media":"","overlay-type":"","overlay-color":"","overlay-opacity":"","overlay-gradient":""},"tablet":{"background-color":"","background-image":"","background-repeat":"repeat","background-position":"center center","background-size":"auto","background-attachment":"scroll","background-type":"","background-media":"","overlay-type":"","overlay-color":"","overlay-opacity":"","overlay-gradient":""},"mobile":{"background-color":"","background-image":"","background-repeat":"repeat","background-position":"center center","background-size":"auto","background-attachment":"scroll","background-type":"","background-media":"","overlay-type":"","overlay-color":"","overlay-opacity":"","overlay-gradient":""}},"ast-content-background-meta":{"desktop":{"background-color":"var(--ast-global-color-5)","background-image":"","background-repeat":"repeat","background-position":"center center","background-size":"auto","background-attachment":"scroll","background-type":"","background-media":"","overlay-type":"","overlay-color":"","overlay-opacity":"","overlay-gradient":""},"tablet":{"background-color":"var(--ast-global-color-5)","background-image":"","background-repeat":"repeat","background-position":"center center","background-size":"auto","background-attachment":"scroll","background-type":"","background-media":"","overlay-type":"","overlay-color":"","overlay-opacity":"","overlay-gradient":""},"mobile":{"background-color":"var(--ast-global-color-5)","background-image":"","background-repeat":"repeat","background-position":"center center","background-size":"auto","background-attachment":"scroll","background-type":"","background-media":"","overlay-type":"","overlay-color":"","overlay-opacity":"","overlay-gradient":""}},"footnotes":""},"class_list":["post-908","page","type-page","status-publish","hentry"],"post_mailing_queue_ids":[],"_links":{"self":[{"href":"https:\/\/agora.xtec.cat\/iesinfanta\/wp-json\/wp\/v2\/pages\/908","targetHints":{"allow":["GET"]}}],"collection":[{"href":"https:\/\/agora.xtec.cat\/iesinfanta\/wp-json\/wp\/v2\/pages"}],"about":[{"href":"https:\/\/agora.xtec.cat\/iesinfanta\/wp-json\/wp\/v2\/types\/page"}],"author":[{"embeddable":true,"href":"https:\/\/agora.xtec.cat\/iesinfanta\/wp-json\/wp\/v2\/users\/4"}],"replies":[{"embeddable":true,"href":"https:\/\/agora.xtec.cat\/iesinfanta\/wp-json\/wp\/v2\/comments?post=908"}],"version-history":[{"count":4,"href":"https:\/\/agora.xtec.cat\/iesinfanta\/wp-json\/wp\/v2\/pages\/908\/revisions"}],"predecessor-version":[{"id":2897,"href":"https:\/\/agora.xtec.cat\/iesinfanta\/wp-json\/wp\/v2\/pages\/908\/revisions\/2897"}],"wp:attachment":[{"href":"https:\/\/agora.xtec.cat\/iesinfanta\/wp-json\/wp\/v2\/media?parent=908"}],"curies":[{"name":"wp","href":"https:\/\/api.w.org\/{rel}","templated":true}]}}