{"id":9,"date":"2014-09-12T10:15:01","date_gmt":"2014-09-12T10:15:01","guid":{"rendered":"http:\/\/agora.xtec.cat\/iesinfanta\/?page_id=9"},"modified":"2026-04-14T12:38:18","modified_gmt":"2026-04-14T10:38:18","slug":"pagina-dinici-buida","status":"publish","type":"page","link":"https:\/\/agora.xtec.cat\/iesinfanta\/","title":{"rendered":"Portes obertes Curs 2026-2027"},"content":{"rendered":"<div>Portes obertes ESO: <strong>3 de mar\u00e7 de 2026, a les 18 h<\/strong><\/div>\n<div>Portes obertes BATX:<strong> 9 d&#8217;abril de 2026, 18 h <\/strong><\/div>\n<div>T&#8217;interessa el <strong>Batxillerat Art\u00edstic? <a href=\"https:\/\/docs.google.com\/forms\/d\/e\/1FAIpQLSdutzFO3aVGi_LcynPUUM29x2OtXj73Sgue7eyOpJl332-beQ\/viewform\">\u00a0formulari de portes obertes.<\/a><\/strong><\/div>\n<p><a href=\"https:\/\/agora.xtec.cat\/iesinfanta\/wp-content\/uploads\/usu231\/2026\/01\/2026-1.png\"><img loading=\"lazy\" decoding=\"async\" class=\"alignnone wp-image-7926 size-medium\" src=\"https:\/\/agora.xtec.cat\/iesinfanta\/wp-content\/uploads\/usu231\/2026\/01\/2026-1-240x300.png\" alt=\"\" width=\"240\" height=\"300\" srcset=\"https:\/\/agora.xtec.cat\/iesinfanta\/wp-content\/uploads\/usu231\/2026\/01\/2026-1-240x300.png 240w, https:\/\/agora.xtec.cat\/iesinfanta\/wp-content\/uploads\/usu231\/2026\/01\/2026-1-819x1024.png 819w, https:\/\/agora.xtec.cat\/iesinfanta\/wp-content\/uploads\/usu231\/2026\/01\/2026-1-768x960.png 768w, https:\/\/agora.xtec.cat\/iesinfanta\/wp-content\/uploads\/usu231\/2026\/01\/2026-1.png 1080w\" sizes=\"auto, (max-width: 240px) 100vw, 240px\" \/><\/a><a href=\"https:\/\/agora.xtec.cat\/iesinfanta\/wp-content\/uploads\/usu231\/2026\/01\/2026-2.png\"><img loading=\"lazy\" decoding=\"async\" class=\"alignnone wp-image-7927 size-medium\" src=\"https:\/\/agora.xtec.cat\/iesinfanta\/wp-content\/uploads\/usu231\/2026\/01\/2026-2-240x300.png\" alt=\"\" width=\"240\" height=\"300\" srcset=\"https:\/\/agora.xtec.cat\/iesinfanta\/wp-content\/uploads\/usu231\/2026\/01\/2026-2-240x300.png 240w, https:\/\/agora.xtec.cat\/iesinfanta\/wp-content\/uploads\/usu231\/2026\/01\/2026-2-819x1024.png 819w, https:\/\/agora.xtec.cat\/iesinfanta\/wp-content\/uploads\/usu231\/2026\/01\/2026-2-768x960.png 768w, https:\/\/agora.xtec.cat\/iesinfanta\/wp-content\/uploads\/usu231\/2026\/01\/2026-2.png 1080w\" sizes=\"auto, (max-width: 240px) 100vw, 240px\" \/><\/a><a href=\"https:\/\/agora.xtec.cat\/iesinfanta\/wp-content\/uploads\/usu231\/2026\/02\/20260202_Cartell_ESO_campanya_departament_page-0001-scaled.jpg\"><img loading=\"lazy\" decoding=\"async\" class=\"alignright wp-image-8036 size-medium\" src=\"https:\/\/agora.xtec.cat\/iesinfanta\/wp-content\/uploads\/usu231\/2026\/02\/20260202_Cartell_ESO_campanya_departament_page-0001-scaled-e1771503040798-215x300.jpg\" alt=\"\" width=\"215\" height=\"300\" srcset=\"https:\/\/agora.xtec.cat\/iesinfanta\/wp-content\/uploads\/usu231\/2026\/02\/20260202_Cartell_ESO_campanya_departament_page-0001-scaled-e1771503040798-215x300.jpg 215w, https:\/\/agora.xtec.cat\/iesinfanta\/wp-content\/uploads\/usu231\/2026\/02\/20260202_Cartell_ESO_campanya_departament_page-0001-scaled-e1771503040798-733x1024.jpg 733w, https:\/\/agora.xtec.cat\/iesinfanta\/wp-content\/uploads\/usu231\/2026\/02\/20260202_Cartell_ESO_campanya_departament_page-0001-scaled-e1771503040798-768x1073.jpg 768w, https:\/\/agora.xtec.cat\/iesinfanta\/wp-content\/uploads\/usu231\/2026\/02\/20260202_Cartell_ESO_campanya_departament_page-0001-scaled-e1771503040798-1099x1536.jpg 1099w, https:\/\/agora.xtec.cat\/iesinfanta\/wp-content\/uploads\/usu231\/2026\/02\/20260202_Cartell_ESO_campanya_departament_page-0001-scaled-e1771503040798-1466x2048.jpg 1466w, https:\/\/agora.xtec.cat\/iesinfanta\/wp-content\/uploads\/usu231\/2026\/02\/20260202_Cartell_ESO_campanya_departament_page-0001-scaled-e1771503040798.jpg 1750w\" sizes=\"auto, (max-width: 215px) 100vw, 215px\" \/><\/a><\/p>\n<p>&nbsp;<\/p>\n<h1 class=\"entry-title\">Dates de presentaci\u00f3 de sol\u00b7licituds per a la preinscripci\u00f3 del curs 2026-2027<\/h1>\n<h1 class=\"entry-title\"><\/h1>\n<p style=\"text-align: left;\"><strong>Educaci\u00f3 secund\u00e0ria obligat\u00f2ria:<a href=\"https:\/\/agora.xtec.cat\/iesinfanta\/wp-content\/uploads\/usu231\/2026\/02\/CEB-infografia-adscripcio-2026-cat_page-0002.jpg\" target=\"_blank\" rel=\"noopener\"><img loading=\"lazy\" decoding=\"async\" class=\"alignright wp-image-8038 size-medium\" src=\"https:\/\/agora.xtec.cat\/iesinfanta\/wp-content\/uploads\/usu231\/2026\/02\/CEB-infografia-adscripcio-2026-cat_page-0002-208x300.jpg\" alt=\"\" width=\"208\" height=\"300\" srcset=\"https:\/\/agora.xtec.cat\/iesinfanta\/wp-content\/uploads\/usu231\/2026\/02\/CEB-infografia-adscripcio-2026-cat_page-0002-208x300.jpg 208w, https:\/\/agora.xtec.cat\/iesinfanta\/wp-content\/uploads\/usu231\/2026\/02\/CEB-infografia-adscripcio-2026-cat_page-0002-709x1024.jpg 709w, https:\/\/agora.xtec.cat\/iesinfanta\/wp-content\/uploads\/usu231\/2026\/02\/CEB-infografia-adscripcio-2026-cat_page-0002-768x1109.jpg 768w, https:\/\/agora.xtec.cat\/iesinfanta\/wp-content\/uploads\/usu231\/2026\/02\/CEB-infografia-adscripcio-2026-cat_page-0002-1063x1536.jpg 1063w, https:\/\/agora.xtec.cat\/iesinfanta\/wp-content\/uploads\/usu231\/2026\/02\/CEB-infografia-adscripcio-2026-cat_page-0002.jpg 1125w\" sizes=\"auto, (max-width: 208px) 100vw, 208px\" \/><\/a><a href=\"https:\/\/agora.xtec.cat\/iesinfanta\/wp-content\/uploads\/usu231\/2026\/02\/CEB-infografia-adscripcio-2026-cat_page-0001.jpg\"><img loading=\"lazy\" decoding=\"async\" class=\"size-medium wp-image-8037 alignright\" src=\"https:\/\/agora.xtec.cat\/iesinfanta\/wp-content\/uploads\/usu231\/2026\/02\/CEB-infografia-adscripcio-2026-cat_page-0001-208x300.jpg\" alt=\"\" width=\"208\" height=\"300\" srcset=\"https:\/\/agora.xtec.cat\/iesinfanta\/wp-content\/uploads\/usu231\/2026\/02\/CEB-infografia-adscripcio-2026-cat_page-0001-208x300.jpg 208w, https:\/\/agora.xtec.cat\/iesinfanta\/wp-content\/uploads\/usu231\/2026\/02\/CEB-infografia-adscripcio-2026-cat_page-0001-709x1024.jpg 709w, https:\/\/agora.xtec.cat\/iesinfanta\/wp-content\/uploads\/usu231\/2026\/02\/CEB-infografia-adscripcio-2026-cat_page-0001-768x1109.jpg 768w, https:\/\/agora.xtec.cat\/iesinfanta\/wp-content\/uploads\/usu231\/2026\/02\/CEB-infografia-adscripcio-2026-cat_page-0001-1063x1536.jpg 1063w, https:\/\/agora.xtec.cat\/iesinfanta\/wp-content\/uploads\/usu231\/2026\/02\/CEB-infografia-adscripcio-2026-cat_page-0001.jpg 1125w\" sizes=\"auto, (max-width: 208px) 100vw, 208px\" \/><\/a><\/strong><\/p>\n<p>del 6 al 18 de mar\u00e7 de 2026<\/p>\n<p>&nbsp;<\/p>\n<p style=\"text-align: left;\"><strong>Batxillerat: <\/strong>del 9 al 16 d&#8217;abril de 2026<\/p>\n<p>&nbsp;<\/p>\n","protected":false},"excerpt":{"rendered":"<p>Portes obertes ESO: 3 de mar\u00e7 de 2026, a les 18 h Portes obertes BATX: 9 d&#8217;abril de 2026, 18 h T&#8217;interessa el Batxillerat Art\u00edstic? \u00a0formulari de portes obertes. &nbsp; Dates de presentaci\u00f3 de sol\u00b7licituds per a la preinscripci\u00f3 del curs 2026-2027 Educaci\u00f3 secund\u00e0ria obligat\u00f2ria: del 6 al 18 de mar\u00e7 de 2026 &nbsp; Batxillerat: [&hellip;]<\/p>\n","protected":false},"author":1,"featured_media":0,"parent":0,"menu_order":20,"comment_status":"closed","ping_status":"closed","template":"","meta":{"_bbp_topic_count":0,"_bbp_reply_count":0,"_bbp_total_topic_count":0,"_bbp_total_reply_count":0,"_bbp_voice_count":0,"_bbp_anonymous_reply_count":0,"_bbp_topic_count_hidden":0,"_bbp_reply_count_hidden":0,"_bbp_forum_subforum_count":0,"site-sidebar-layout":"default","site-content-layout":"","ast-site-content-layout":"default","site-content-style":"default","site-sidebar-style":"default","ast-global-header-display":"","ast-banner-title-visibility":"","ast-main-header-display":"","ast-hfb-above-header-display":"","ast-hfb-below-header-display":"","ast-hfb-mobile-header-display":"","site-post-title":"","ast-breadcrumbs-content":"","ast-featured-img":"","footer-sml-layout":"","theme-transparent-header-meta":"default","adv-header-id-meta":"","stick-header-meta":"","header-above-stick-meta":"","header-main-stick-meta":"","header-below-stick-meta":"","astra-migrate-meta-layouts":"set","ast-page-background-enabled":"default","ast-page-background-meta":{"desktop":{"background-color":"var(--ast-global-color-4)","background-image":"","background-repeat":"repeat","background-position":"center center","background-size":"auto","background-attachment":"scroll","background-type":"","background-media":"","overlay-type":"","overlay-color":"","overlay-opacity":"","overlay-gradient":""},"tablet":{"background-color":"","background-image":"","background-repeat":"repeat","background-position":"center center","background-size":"auto","background-attachment":"scroll","background-type":"","background-media":"","overlay-type":"","overlay-color":"","overlay-opacity":"","overlay-gradient":""},"mobile":{"background-color":"","background-image":"","background-repeat":"repeat","background-position":"center center","background-size":"auto","background-attachment":"scroll","background-type":"","background-media":"","overlay-type":"","overlay-color":"","overlay-opacity":"","overlay-gradient":""}},"ast-content-background-meta":{"desktop":{"background-color":"var(--ast-global-color-5)","background-image":"","background-repeat":"repeat","background-position":"center center","background-size":"auto","background-attachment":"scroll","background-type":"","background-media":"","overlay-type":"","overlay-color":"","overlay-opacity":"","overlay-gradient":""},"tablet":{"background-color":"var(--ast-global-color-5)","background-image":"","background-repeat":"repeat","background-position":"center center","background-size":"auto","background-attachment":"scroll","background-type":"","background-media":"","overlay-type":"","overlay-color":"","overlay-opacity":"","overlay-gradient":""},"mobile":{"background-color":"var(--ast-global-color-5)","background-image":"","background-repeat":"repeat","background-position":"center center","background-size":"auto","background-attachment":"scroll","background-type":"","background-media":"","overlay-type":"","overlay-color":"","overlay-opacity":"","overlay-gradient":""}},"footnotes":""},"class_list":["post-9","page","type-page","status-publish","hentry"],"post_mailing_queue_ids":[],"_links":{"self":[{"href":"https:\/\/agora.xtec.cat\/iesinfanta\/wp-json\/wp\/v2\/pages\/9","targetHints":{"allow":["GET"]}}],"collection":[{"href":"https:\/\/agora.xtec.cat\/iesinfanta\/wp-json\/wp\/v2\/pages"}],"about":[{"href":"https:\/\/agora.xtec.cat\/iesinfanta\/wp-json\/wp\/v2\/types\/page"}],"author":[{"embeddable":true,"href":"https:\/\/agora.xtec.cat\/iesinfanta\/wp-json\/wp\/v2\/users\/1"}],"replies":[{"embeddable":true,"href":"https:\/\/agora.xtec.cat\/iesinfanta\/wp-json\/wp\/v2\/comments?post=9"}],"version-history":[{"count":5,"href":"https:\/\/agora.xtec.cat\/iesinfanta\/wp-json\/wp\/v2\/pages\/9\/revisions"}],"predecessor-version":[{"id":8315,"href":"https:\/\/agora.xtec.cat\/iesinfanta\/wp-json\/wp\/v2\/pages\/9\/revisions\/8315"}],"wp:attachment":[{"href":"https:\/\/agora.xtec.cat\/iesinfanta\/wp-json\/wp\/v2\/media?parent=9"}],"curies":[{"name":"wp","href":"https:\/\/api.w.org\/{rel}","templated":true}]}}