{"id":876,"date":"2019-11-25T17:59:20","date_gmt":"2019-11-25T16:59:20","guid":{"rendered":"https:\/\/agora.xtec.cat\/iesinfanta\/?page_id=876"},"modified":"2019-11-25T17:59:20","modified_gmt":"2019-11-25T16:59:20","slug":"visita-a-la-casa-maragall","status":"publish","type":"page","link":"https:\/\/agora.xtec.cat\/iesinfanta\/visita-a-la-casa-maragall\/","title":{"rendered":"Visita a la Casa Maragall"},"content":{"rendered":"<p>Els alumnes de Literatura catalana de 2n de batxillerat, aquests dos primers mesos de curs, han estat treballant el llibre <em>Visions&amp;Cants<\/em>, de Joan Maragall; un llibre publicat el 1900 en clau modernista i amb tend\u00e8ncies vitalistes i regeneracionistes, aconseguint aix\u00ed ser un dels referents de la recuperaci\u00f3 de la cultura i la llengua catalana. Aix\u00ed que el passat 6 de novembre van anar a visitar la Casa i Arxiu de Joan Maragall al carrer d&#8217;Alfons XII, 79, acompanyats de les professores del departament de catal\u00e0, Vicenta Ferrer (la professora de l&#8217;assignatura) i Marta Font.<\/p>\n<p>&nbsp;<\/p>\n<p>A l&#8217;Arxiu, els va rebre el guia de la visita, que \u00e9s un dels n\u00e9ts de Joan Maragall. L&#8217;explicaci\u00f3 va comen\u00e7ar al rebedor, i es va centrar nom\u00e9s en la planta baixa de la casa, continuant doncs per les dues habitacions matrimonials, el sal\u00f3 on rebien les visites, el despatx on Maragall es trobava amb amics o coneguts intel\u00b7lectuals, el menjador gran i la zona posterior que donava acc\u00e9s al pati interior. Mentre el guia va estar explicant la vida de Maragall i la seva fam\u00edlia, junt amb algunes an\u00e8cdotes, els alumnes havien d&#8217;anar contestant unes preguntes d&#8217;un dossier que se&#8217;ls havia donat anteriorment. Aquestes activitats estaven dividides per sales i acompanyades per un poema espec\u00edfic per a cada una que van llegir en veu alta.<\/p>\n<p>A l&#8217;acabar la visita, es van fer una fotografia tots junts, van anar a una pla\u00e7a a esmorzar i tot seguit, es van dirigir cap al Passeig de Gr\u00e0cia per completar l&#8217;excursi\u00f3 visitant per fora uns quants edificis modernistes de la ciutat, com la Pedrera, la Casa Batll\u00f3 i la Casa Ametller. Despr\u00e9s van anar a fer una parada als 4 Gats, un restaurant que es va convertir en una de les refer\u00e8ncies del Modernisme, ja que molts artistes d&#8217;aquest moviment anaven sovint\u00a0 i van acabar la ruta al Palau de la M\u00fasica catalana.<\/p>\n<p>&nbsp;<\/p>\n<p>Va ser una sortida molt interessant perqu\u00e8 van poder con\u00e8ixer amb m\u00e9s detall la vida de Joan Maragall i, a m\u00e9s d&#8217;escoltar i prendre apunts, van fer de turistes i van gaudir del Modernisme literari i arquitect\u00f2nic que tenim aqu\u00ed a Barcelona.<\/p>\n<p>&nbsp;<\/p>\n<p>Anna S\u00e1nchez Melero<\/p>\n<p>18\/11\/2019<\/p>\n","protected":false},"excerpt":{"rendered":"<p>Els alumnes de Literatura catalana de 2n de batxillerat, aquests dos primers mesos de curs, han estat treballant el llibre Visions&amp;Cants, de Joan Maragall; un llibre publicat el 1900 en clau modernista i amb tend\u00e8ncies vitalistes i regeneracionistes, aconseguint aix\u00ed ser un dels referents de la recuperaci\u00f3 de la cultura i la llengua catalana. Aix\u00ed [&hellip;]<\/p>\n","protected":false},"author":4,"featured_media":0,"parent":0,"menu_order":0,"comment_status":"closed","ping_status":"closed","template":"","meta":{"_bbp_topic_count":0,"_bbp_reply_count":0,"_bbp_total_topic_count":0,"_bbp_total_reply_count":0,"_bbp_voice_count":0,"_bbp_anonymous_reply_count":0,"_bbp_topic_count_hidden":0,"_bbp_reply_count_hidden":0,"_bbp_forum_subforum_count":0,"site-sidebar-layout":"default","site-content-layout":"","ast-site-content-layout":"","site-content-style":"default","site-sidebar-style":"default","ast-global-header-display":"","ast-banner-title-visibility":"","ast-main-header-display":"","ast-hfb-above-header-display":"","ast-hfb-below-header-display":"","ast-hfb-mobile-header-display":"","site-post-title":"","ast-breadcrumbs-content":"","ast-featured-img":"","footer-sml-layout":"","theme-transparent-header-meta":"","adv-header-id-meta":"","stick-header-meta":"","header-above-stick-meta":"","header-main-stick-meta":"","header-below-stick-meta":"","astra-migrate-meta-layouts":"default","ast-page-background-enabled":"default","ast-page-background-meta":{"desktop":{"background-color":"var(--ast-global-color-4)","background-image":"","background-repeat":"repeat","background-position":"center center","background-size":"auto","background-attachment":"scroll","background-type":"","background-media":"","overlay-type":"","overlay-color":"","overlay-opacity":"","overlay-gradient":""},"tablet":{"background-color":"","background-image":"","background-repeat":"repeat","background-position":"center center","background-size":"auto","background-attachment":"scroll","background-type":"","background-media":"","overlay-type":"","overlay-color":"","overlay-opacity":"","overlay-gradient":""},"mobile":{"background-color":"","background-image":"","background-repeat":"repeat","background-position":"center center","background-size":"auto","background-attachment":"scroll","background-type":"","background-media":"","overlay-type":"","overlay-color":"","overlay-opacity":"","overlay-gradient":""}},"ast-content-background-meta":{"desktop":{"background-color":"var(--ast-global-color-5)","background-image":"","background-repeat":"repeat","background-position":"center center","background-size":"auto","background-attachment":"scroll","background-type":"","background-media":"","overlay-type":"","overlay-color":"","overlay-opacity":"","overlay-gradient":""},"tablet":{"background-color":"var(--ast-global-color-5)","background-image":"","background-repeat":"repeat","background-position":"center center","background-size":"auto","background-attachment":"scroll","background-type":"","background-media":"","overlay-type":"","overlay-color":"","overlay-opacity":"","overlay-gradient":""},"mobile":{"background-color":"var(--ast-global-color-5)","background-image":"","background-repeat":"repeat","background-position":"center center","background-size":"auto","background-attachment":"scroll","background-type":"","background-media":"","overlay-type":"","overlay-color":"","overlay-opacity":"","overlay-gradient":""}},"footnotes":""},"class_list":["post-876","page","type-page","status-publish","hentry"],"post_mailing_queue_ids":[],"_links":{"self":[{"href":"https:\/\/agora.xtec.cat\/iesinfanta\/wp-json\/wp\/v2\/pages\/876","targetHints":{"allow":["GET"]}}],"collection":[{"href":"https:\/\/agora.xtec.cat\/iesinfanta\/wp-json\/wp\/v2\/pages"}],"about":[{"href":"https:\/\/agora.xtec.cat\/iesinfanta\/wp-json\/wp\/v2\/types\/page"}],"author":[{"embeddable":true,"href":"https:\/\/agora.xtec.cat\/iesinfanta\/wp-json\/wp\/v2\/users\/4"}],"replies":[{"embeddable":true,"href":"https:\/\/agora.xtec.cat\/iesinfanta\/wp-json\/wp\/v2\/comments?post=876"}],"version-history":[{"count":1,"href":"https:\/\/agora.xtec.cat\/iesinfanta\/wp-json\/wp\/v2\/pages\/876\/revisions"}],"predecessor-version":[{"id":877,"href":"https:\/\/agora.xtec.cat\/iesinfanta\/wp-json\/wp\/v2\/pages\/876\/revisions\/877"}],"wp:attachment":[{"href":"https:\/\/agora.xtec.cat\/iesinfanta\/wp-json\/wp\/v2\/media?parent=876"}],"curies":[{"name":"wp","href":"https:\/\/api.w.org\/{rel}","templated":true}]}}