{"id":869,"date":"2019-11-22T10:52:38","date_gmt":"2019-11-22T09:52:38","guid":{"rendered":"https:\/\/agora.xtec.cat\/iesinfanta\/?page_id=869"},"modified":"2026-03-03T11:01:07","modified_gmt":"2026-03-03T10:01:07","slug":"revista","status":"publish","type":"page","link":"https:\/\/agora.xtec.cat\/iesinfanta\/serveis\/revista\/","title":{"rendered":"Revista"},"content":{"rendered":"<p>La revista\u00a0<em>post\u00a0<\/em>\u00e9s un projecte interdisciplinari que es va iniciar el 2017. T\u00e9 l\u2019objectiu de ser el portaveu de tots els alumnes de l\u2019Institut Infanta Isabel. No tan sols inclou seccions pr\u00f2pies del g\u00e8nere period\u00edstic com ara not\u00edcies, entrevistes, reportatges \u00a0o columnes d\u2019opini\u00f3 elaborades pels alumnes, sin\u00f3 que pret\u00e9n ser una plataforma de difusi\u00f3 art\u00edstica i liter\u00e0ria. A m\u00e9s a m\u00e9s, hi tenen ress\u00f2 tots els actes de dins i fora l\u2019Institut en qu\u00e8 els alumnes s\u00f3n els protagonistes (premis, viatges, col\u00b7laboracions amb altres centres, etc.).<\/p>\n<p>El 2019, per ampliar la plataforma de difusi\u00f3 i aconseguir la immediatesa informativa exigida per l\u2019ofici de periodista, des de l\u2019Optativa de Periodisme de 3r d\u2019ESO s\u2019ha creat un espai web on els alumnes creen continguts d\u2019actualitat i els publiquen setmanalment. Podeu consultar aqu\u00ed: <a href=\"https:\/\/postinfanta.wordpress.com\/\" target=\"_blank\" rel=\"noopener noreferrer\">https:\/\/postinfanta.wordpress.com\/<\/a><\/p>\n<p>N\u00fameros publicats:<\/p>\n<table style=\"width: 505px;\">\n<tbody>\n<tr>\n<td style=\"width: 124px;\"><a href=\"https:\/\/issuu.com\/insinfanta\/docs\/post1_febrer_2017\/1?ff=true&amp;e=27353111\/44409563\" target=\"_blank\" rel=\"noopener noreferrer\"><img loading=\"lazy\" decoding=\"async\" class=\"aligncenter wp-image-997\" src=\"https:\/\/agora.xtec.cat\/iesinfanta\/wp-content\/uploads\/usu231\/2019\/12\/post-0.jpg\" alt=\"\" width=\"150\" height=\"218\" srcset=\"https:\/\/agora.xtec.cat\/iesinfanta\/wp-content\/uploads\/usu231\/2019\/12\/post-0.jpg 235w, https:\/\/agora.xtec.cat\/iesinfanta\/wp-content\/uploads\/usu231\/2019\/12\/post-0-207x300.jpg 207w\" sizes=\"auto, (max-width: 150px) 100vw, 150px\" \/><\/a><\/td>\n<td style=\"width: 116px;\"><a href=\"http:\/\/issuu.com\/insinfanta\/docs\/doc-20170627-wa0000\" target=\"_blank\" rel=\"noopener noreferrer\"><img loading=\"lazy\" decoding=\"async\" class=\"wp-image-998 aligncenter\" src=\"https:\/\/agora.xtec.cat\/iesinfanta\/wp-content\/uploads\/usu231\/2019\/12\/post-1.png\" alt=\"\" width=\"100\" height=\"147\" srcset=\"https:\/\/agora.xtec.cat\/iesinfanta\/wp-content\/uploads\/usu231\/2019\/12\/post-1.png 234w, https:\/\/agora.xtec.cat\/iesinfanta\/wp-content\/uploads\/usu231\/2019\/12\/post-1-204x300.png 204w\" sizes=\"auto, (max-width: 100px) 100vw, 100px\" \/><\/a><\/td>\n<td style=\"width: 114px;\"><a href=\"http:\/\/issuu.com\/insinfanta\/docs\/doc-20170627-wa0000\" target=\"_blank\" rel=\"noopener noreferrer\"><img loading=\"lazy\" decoding=\"async\" class=\"aligncenter wp-image-999\" src=\"https:\/\/agora.xtec.cat\/iesinfanta\/wp-content\/uploads\/usu231\/2019\/12\/post-3.png\" alt=\"\" width=\"89\" height=\"130\" srcset=\"https:\/\/agora.xtec.cat\/iesinfanta\/wp-content\/uploads\/usu231\/2019\/12\/post-3.png 234w, https:\/\/agora.xtec.cat\/iesinfanta\/wp-content\/uploads\/usu231\/2019\/12\/post-3-204x300.png 204w\" sizes=\"auto, (max-width: 89px) 100vw, 89px\" \/><\/a><\/td>\n<td style=\"width: 139px;\"><a href=\"https:\/\/agora.xtec.cat\/iesinfanta\/wp-content\/uploads\/usu231\/2019\/12\/Post_3.pdf\" target=\"_blank\" rel=\"noopener noreferrer\"><img loading=\"lazy\" decoding=\"async\" class=\"wp-image-1000 size-full aligncenter\" src=\"https:\/\/agora.xtec.cat\/iesinfanta\/wp-content\/uploads\/usu231\/2019\/12\/post-nou.png\" alt=\"\" width=\"150\" height=\"221\" \/><\/a><\/td>\n<\/tr>\n<tr>\n<td style=\"width: 124px;\"><a href=\"https:\/\/issuu.com\/insinfanta\/docs\/post1_febrer_2017\/1?ff=true&amp;e=27353111\/44409563\" target=\"_blank\" rel=\"noopener noreferrer\">n\u00famero 0<\/a><\/td>\n<td style=\"width: 116px;\">\u00a0<a href=\"http:\/\/issuu.com\/insinfanta\/docs\/doc-20170627-wa0000\" target=\"_blank\" rel=\"noopener noreferrer\">n\u00famero 1<\/a><\/td>\n<td style=\"width: 114px;\">\u00a0\u00a0<a href=\"https:\/\/issuu.com\/insinfanta\/docs\/post_2_def\" target=\"_blank\" rel=\"noopener noreferrer\">n\u00famero 2<\/a><\/td>\n<td style=\"width: 139px;\"><a href=\"https:\/\/agora.xtec.cat\/iesinfanta\/wp-content\/uploads\/usu231\/2019\/12\/Post_3.pdf\" target=\"_blank\" rel=\"noopener noreferrer\">numero 3<\/a><\/td>\n<\/tr>\n<tr>\n<td style=\"width: 124px;\"><a href=\"https:\/\/agora.xtec.cat\/iesinfanta\/wp-content\/uploads\/usu231\/2021\/02\/revista_04_DEF.pdf\" target=\"_blank\" rel=\"noopener noreferrer\"><img loading=\"lazy\" decoding=\"async\" class=\"alignleft size-full wp-image-2341\" src=\"https:\/\/agora.xtec.cat\/iesinfanta\/wp-content\/uploads\/usu231\/2021\/02\/post-4.png\" alt=\"\" width=\"292\" height=\"416\" srcset=\"https:\/\/agora.xtec.cat\/iesinfanta\/wp-content\/uploads\/usu231\/2021\/02\/post-4.png 292w, https:\/\/agora.xtec.cat\/iesinfanta\/wp-content\/uploads\/usu231\/2021\/02\/post-4-211x300.png 211w\" sizes=\"auto, (max-width: 292px) 100vw, 292px\" \/><\/a><\/td>\n<td style=\"width: 116px;\"><a href=\"https:\/\/agora.xtec.cat\/iesinfanta\/wp-content\/uploads\/usu231\/2021\/02\/post-5.png\"><img loading=\"lazy\" decoding=\"async\" class=\"alignleft size-full wp-image-2332\" src=\"https:\/\/agora.xtec.cat\/iesinfanta\/wp-content\/uploads\/usu231\/2021\/02\/post-5.png\" alt=\"\" width=\"430\" height=\"600\" srcset=\"https:\/\/agora.xtec.cat\/iesinfanta\/wp-content\/uploads\/usu231\/2021\/02\/post-5.png 430w, https:\/\/agora.xtec.cat\/iesinfanta\/wp-content\/uploads\/usu231\/2021\/02\/post-5-215x300.png 215w\" sizes=\"auto, (max-width: 430px) 100vw, 430px\" \/><\/a><\/td>\n<td style=\"width: 114px;\"><a href=\"https:\/\/agora.xtec.cat\/iesinfanta\/wp-content\/uploads\/usu231\/2025\/09\/Screenshot_20250925_131013_Drive.jpg\"><img loading=\"lazy\" decoding=\"async\" class=\"alignnone wp-image-7646 size-large\" src=\"https:\/\/agora.xtec.cat\/iesinfanta\/wp-content\/uploads\/usu231\/2025\/09\/Screenshot_20250925_131013_Drive-701x1024.jpg\" alt=\"\" width=\"701\" height=\"1024\" srcset=\"https:\/\/agora.xtec.cat\/iesinfanta\/wp-content\/uploads\/usu231\/2025\/09\/Screenshot_20250925_131013_Drive-701x1024.jpg 701w, https:\/\/agora.xtec.cat\/iesinfanta\/wp-content\/uploads\/usu231\/2025\/09\/Screenshot_20250925_131013_Drive-205x300.jpg 205w, https:\/\/agora.xtec.cat\/iesinfanta\/wp-content\/uploads\/usu231\/2025\/09\/Screenshot_20250925_131013_Drive-768x1122.jpg 768w, https:\/\/agora.xtec.cat\/iesinfanta\/wp-content\/uploads\/usu231\/2025\/09\/Screenshot_20250925_131013_Drive.jpg 960w\" sizes=\"auto, (max-width: 701px) 100vw, 701px\" \/><\/a><\/td>\n<td style=\"width: 139px;\"><a href=\"https:\/\/agora.xtec.cat\/iesinfanta\/wp-content\/uploads\/usu231\/2025\/09\/Screenshot_20250925_131030_Drive.jpg\"><img loading=\"lazy\" decoding=\"async\" class=\"alignnone wp-image-7647 size-large\" src=\"https:\/\/agora.xtec.cat\/iesinfanta\/wp-content\/uploads\/usu231\/2025\/09\/Screenshot_20250925_131030_Drive-716x1024.jpg\" alt=\"\" width=\"716\" height=\"1024\" srcset=\"https:\/\/agora.xtec.cat\/iesinfanta\/wp-content\/uploads\/usu231\/2025\/09\/Screenshot_20250925_131030_Drive-716x1024.jpg 716w, https:\/\/agora.xtec.cat\/iesinfanta\/wp-content\/uploads\/usu231\/2025\/09\/Screenshot_20250925_131030_Drive-210x300.jpg 210w, https:\/\/agora.xtec.cat\/iesinfanta\/wp-content\/uploads\/usu231\/2025\/09\/Screenshot_20250925_131030_Drive-768x1098.jpg 768w, https:\/\/agora.xtec.cat\/iesinfanta\/wp-content\/uploads\/usu231\/2025\/09\/Screenshot_20250925_131030_Drive.jpg 975w\" sizes=\"auto, (max-width: 716px) 100vw, 716px\" \/><\/a><\/td>\n<\/tr>\n<tr>\n<td style=\"width: 124px;\"><a href=\"https:\/\/agora.xtec.cat\/iesinfanta\/wp-content\/uploads\/usu231\/2021\/02\/revista_04_DEF.pdf\" target=\"_blank\" rel=\"noopener noreferrer\">n\u00famero 4<\/a><\/td>\n<td style=\"width: 116px;\"><a href=\"https:\/\/drive.google.com\/file\/d\/1FUkOF68uMT2-iw1rGdDkSsD-bichXiPN\/view?usp=sharing\">n\u00famero 5<\/a><\/td>\n<td style=\"width: 114px;\"><a href=\"https:\/\/drive.google.com\/file\/d\/1RVYkD9qTGrjempRRvNjhWHy5bFNxnyNK\/view?usp=sharing\">n\u00famero 6<\/a><\/td>\n<td style=\"width: 139px;\"><a href=\"https:\/\/drive.google.com\/file\/d\/1X1wPeeU4-ikTz-wdudGGTSQq6TWxxr8W\/view?usp=sharing\">n\u00famero 7<\/a><\/td>\n<\/tr>\n<tr>\n<td style=\"width: 124px;\"><a href=\"https:\/\/agora.xtec.cat\/iesinfanta\/wp-content\/uploads\/usu231\/2025\/09\/Screenshot_20250925_131037_Drive.jpg\"><img loading=\"lazy\" decoding=\"async\" class=\"alignnone wp-image-7648 size-large\" src=\"https:\/\/agora.xtec.cat\/iesinfanta\/wp-content\/uploads\/usu231\/2025\/09\/Screenshot_20250925_131037_Drive-722x1024.jpg\" alt=\"\" width=\"722\" height=\"1024\" srcset=\"https:\/\/agora.xtec.cat\/iesinfanta\/wp-content\/uploads\/usu231\/2025\/09\/Screenshot_20250925_131037_Drive-722x1024.jpg 722w, https:\/\/agora.xtec.cat\/iesinfanta\/wp-content\/uploads\/usu231\/2025\/09\/Screenshot_20250925_131037_Drive-212x300.jpg 212w, https:\/\/agora.xtec.cat\/iesinfanta\/wp-content\/uploads\/usu231\/2025\/09\/Screenshot_20250925_131037_Drive-768x1089.jpg 768w, https:\/\/agora.xtec.cat\/iesinfanta\/wp-content\/uploads\/usu231\/2025\/09\/Screenshot_20250925_131037_Drive.jpg 981w\" sizes=\"auto, (max-width: 722px) 100vw, 722px\" \/><\/a><\/td>\n<td style=\"width: 116px;\"><em>.<a href=\"https:\/\/drive.google.com\/file\/d\/1qxM67mSCjiYJH__NipLEXN-NC81SUesp\/view?usp=sharing\"><img loading=\"lazy\" decoding=\"async\" class=\"alignnone size-medium wp-image-7761\" src=\"https:\/\/agora.xtec.cat\/iesinfanta\/wp-content\/uploads\/usu231\/2025\/11\/POST-9-2425-224x300.png\" alt=\"\" width=\"224\" height=\"300\" srcset=\"https:\/\/agora.xtec.cat\/iesinfanta\/wp-content\/uploads\/usu231\/2025\/11\/POST-9-2425-224x300.png 224w, https:\/\/agora.xtec.cat\/iesinfanta\/wp-content\/uploads\/usu231\/2025\/11\/POST-9-2425.png 598w\" sizes=\"auto, (max-width: 224px) 100vw, 224px\" \/><\/a><\/em><\/td>\n<td style=\"width: 114px;\"><a href=\"https:\/\/drive.google.com\/file\/d\/1EOrS5DwyuoD4RWqs6T_0VPjOE33J1G3v\/view?usp=sharing\"><img loading=\"lazy\" decoding=\"async\" class=\"alignnone wp-image-8170 size-full\" src=\"https:\/\/agora.xtec.cat\/iesinfanta\/wp-content\/uploads\/usu231\/2026\/03\/Captura-de-pantalla-2026-03-03-105808.png\" alt=\"\" width=\"432\" height=\"642\" srcset=\"https:\/\/agora.xtec.cat\/iesinfanta\/wp-content\/uploads\/usu231\/2026\/03\/Captura-de-pantalla-2026-03-03-105808.png 432w, https:\/\/agora.xtec.cat\/iesinfanta\/wp-content\/uploads\/usu231\/2026\/03\/Captura-de-pantalla-2026-03-03-105808-202x300.png 202w\" sizes=\"auto, (max-width: 432px) 100vw, 432px\" \/><\/a><\/td>\n<td style=\"width: 139px;\"><em>Properament&#8230;<\/em><\/td>\n<\/tr>\n<tr>\n<td style=\"width: 124px;\"><a href=\"https:\/\/drive.google.com\/file\/d\/15zOMg_OgZw9HcC0OMFZoONxHNjoU9FVq\/view?usp=sharing\">n\u00famero 8<\/a><\/td>\n<td style=\"width: 116px;\"><a href=\"https:\/\/drive.google.com\/file\/d\/1qxM67mSCjiYJH__NipLEXN-NC81SUesp\/view?usp=sharing\">n\u00famero 9<\/a><\/td>\n<td style=\"width: 114px;\"><a href=\"https:\/\/drive.google.com\/file\/d\/1EOrS5DwyuoD4RWqs6T_0VPjOE33J1G3v\/view?usp=sharing\">n\u00famero 10<\/a><\/td>\n<td style=\"width: 139px;\">n\u00famero 11<\/td>\n<\/tr>\n<\/tbody>\n<\/table>\n<p><img loading=\"lazy\" decoding=\"async\" class=\"alignnone size-large wp-image-7646\" src=\"https:\/\/agora.xtec.cat\/iesinfanta\/wp-content\/uploads\/usu231\/2025\/09\/Screenshot_20250925_131013_Drive-701x1024.jpg\" alt=\"\" width=\"701\" height=\"1024\" srcset=\"https:\/\/agora.xtec.cat\/iesinfanta\/wp-content\/uploads\/usu231\/2025\/09\/Screenshot_20250925_131013_Drive-701x1024.jpg 701w, https:\/\/agora.xtec.cat\/iesinfanta\/wp-content\/uploads\/usu231\/2025\/09\/Screenshot_20250925_131013_Drive-205x300.jpg 205w, https:\/\/agora.xtec.cat\/iesinfanta\/wp-content\/uploads\/usu231\/2025\/09\/Screenshot_20250925_131013_Drive-768x1122.jpg 768w, https:\/\/agora.xtec.cat\/iesinfanta\/wp-content\/uploads\/usu231\/2025\/09\/Screenshot_20250925_131013_Drive.jpg 960w\" sizes=\"auto, (max-width: 701px) 100vw, 701px\" \/><\/p>\n<p>Article:<\/p>\n<p>&nbsp;<\/p>\n<h1><span style=\"font-weight: 400;\">Aturem el genocidi contra Palestina!<\/span><\/h1>\n<p><span style=\"font-weight: 400;\">2\/10\/2025 Des de la revista <\/span><i><span style=\"font-weight: 400;\">Post <\/span><\/i><span style=\"font-weight: 400;\">de l&#8217;Infanta informem que m\u00e9s de la meitat de l\u2019alumnat de 3r i 4t d\u2019ESO i de Batxillerat s&#8217;ha sumat al crit per la pau a Gaza. Per entendre per qu\u00e8 fem la vaga hem de saber la hist\u00f2ria de Palestina i Israel.<\/span><\/p>\n<p><span style=\"font-weight: 400;\">Des que els jueus van fugir dels nazis i van anar cap a l\u2019altra punta del Mediterrani i es va crear la divisi\u00f3 entre Palestina i Israel, des d\u2019aleshores, han tingut una relaci\u00f3 molt conflictiva. La guerra que actualment est\u00e0 passant es va iniciar el 7 d\u2019octubre de 2023, quan Palestina va atacar Israel. Aleshores molts pa\u00efsos van posicionar-se de la banda d\u2019Israel, per\u00f2 ara molts diuen que s\u2019est\u00e0 passant de la ratlla, i que tot aix\u00f2 \u00e9s un genocidi i una matan\u00e7a en la qual ja han mort m\u00e9s de 53000 persones, majorit\u00e0riament dones i nens petits. <\/span><span style=\"font-weight: 400;\">Els hospitals, les escoles i els habitatges han estat redu\u00efts a runes. Seguint la convocat\u00f2ria del Sindicat d\u2019Estudiants, aix\u00ed \u00e9s com descriuen l\u2019actualitat a Gaza: <\/span><span style=\"font-weight: 400;\">\u201c<\/span><span style=\"font-weight: 400;\">Estem davant d&#8217;una neteja \u00e8tnica inhumana, dissenyada per un r\u00e8gim fan\u00e0tic i feixista que est\u00e0 actuant igual que van fer els nazis contra la comunitat jueva<\/span><span style=\"font-weight: 400;\">\u201d. <\/span><span style=\"font-weight: 400;\">Nosaltres fem la vaga per manifestar-nos contra aquesta horrible situaci\u00f3 que est\u00e0 vivint la gent de Gaza. Avui, 2 d\u2019octubre, els estudiants ens ajuntem per fer un crit per la pau a Palestina. Aturem aquesta guerra! Diguem <\/span><i><span style=\"font-weight: 400;\">Prou<\/span><\/i><span style=\"font-weight: 400;\">!<\/span><\/p>\n<p><img loading=\"lazy\" decoding=\"async\" class=\"alignnone size-full wp-image-7667\" src=\"https:\/\/agora.xtec.cat\/iesinfanta\/wp-content\/uploads\/usu231\/2025\/10\/FOTO_vaga.jpg\" alt=\"\" width=\"1024\" height=\"1024\" srcset=\"https:\/\/agora.xtec.cat\/iesinfanta\/wp-content\/uploads\/usu231\/2025\/10\/FOTO_vaga.jpg 1024w, https:\/\/agora.xtec.cat\/iesinfanta\/wp-content\/uploads\/usu231\/2025\/10\/FOTO_vaga-300x300.jpg 300w, https:\/\/agora.xtec.cat\/iesinfanta\/wp-content\/uploads\/usu231\/2025\/10\/FOTO_vaga-150x150.jpg 150w, https:\/\/agora.xtec.cat\/iesinfanta\/wp-content\/uploads\/usu231\/2025\/10\/FOTO_vaga-768x768.jpg 768w\" sizes=\"auto, (max-width: 1024px) 100vw, 1024px\" \/><\/p>\n<p><span style=\"font-weight: 400;\">Equip de <\/span><i><span style=\"font-weight: 400;\">Post: la revista<\/span><\/i><span style=\"font-weight: 400;\">, 3r d\u2019ESO<\/span><\/p>\n<p><span style=\"font-weight: 400;\">Redacci\u00f3: J\u00falia Fontseca i Eva Comellas.<\/span><\/p>\n<p><span style=\"font-weight: 400;\">Fotografies: Noa Cruz<\/span><\/p>\n<p>&nbsp;<\/p>\n","protected":false},"excerpt":{"rendered":"<p>La revista\u00a0post\u00a0\u00e9s un projecte interdisciplinari que es va iniciar el 2017. T\u00e9 l\u2019objectiu de ser el portaveu de tots els alumnes de l\u2019Institut Infanta Isabel. No tan sols inclou seccions pr\u00f2pies del g\u00e8nere period\u00edstic com ara not\u00edcies, entrevistes, reportatges \u00a0o columnes d\u2019opini\u00f3 elaborades pels alumnes, sin\u00f3 que pret\u00e9n ser una plataforma de difusi\u00f3 art\u00edstica i [&hellip;]<\/p>\n","protected":false},"author":4,"featured_media":0,"parent":63,"menu_order":20,"comment_status":"closed","ping_status":"closed","template":"","meta":{"_bbp_topic_count":0,"_bbp_reply_count":0,"_bbp_total_topic_count":0,"_bbp_total_reply_count":0,"_bbp_voice_count":0,"_bbp_anonymous_reply_count":0,"_bbp_topic_count_hidden":0,"_bbp_reply_count_hidden":0,"_bbp_forum_subforum_count":0,"site-sidebar-layout":"default","site-content-layout":"","ast-site-content-layout":"default","site-content-style":"default","site-sidebar-style":"default","ast-global-header-display":"","ast-banner-title-visibility":"","ast-main-header-display":"","ast-hfb-above-header-display":"","ast-hfb-below-header-display":"","ast-hfb-mobile-header-display":"","site-post-title":"","ast-breadcrumbs-content":"","ast-featured-img":"","footer-sml-layout":"","theme-transparent-header-meta":"default","adv-header-id-meta":"","stick-header-meta":"","header-above-stick-meta":"","header-main-stick-meta":"","header-below-stick-meta":"","astra-migrate-meta-layouts":"set","ast-page-background-enabled":"default","ast-page-background-meta":{"desktop":{"background-color":"var(--ast-global-color-4)","background-image":"","background-repeat":"repeat","background-position":"center center","background-size":"auto","background-attachment":"scroll","background-type":"","background-media":"","overlay-type":"","overlay-color":"","overlay-opacity":"","overlay-gradient":""},"tablet":{"background-color":"","background-image":"","background-repeat":"repeat","background-position":"center center","background-size":"auto","background-attachment":"scroll","background-type":"","background-media":"","overlay-type":"","overlay-color":"","overlay-opacity":"","overlay-gradient":""},"mobile":{"background-color":"","background-image":"","background-repeat":"repeat","background-position":"center center","background-size":"auto","background-attachment":"scroll","background-type":"","background-media":"","overlay-type":"","overlay-color":"","overlay-opacity":"","overlay-gradient":""}},"ast-content-background-meta":{"desktop":{"background-color":"var(--ast-global-color-5)","background-image":"","background-repeat":"repeat","background-position":"center center","background-size":"auto","background-attachment":"scroll","background-type":"","background-media":"","overlay-type":"","overlay-color":"","overlay-opacity":"","overlay-gradient":""},"tablet":{"background-color":"var(--ast-global-color-5)","background-image":"","background-repeat":"repeat","background-position":"center center","background-size":"auto","background-attachment":"scroll","background-type":"","background-media":"","overlay-type":"","overlay-color":"","overlay-opacity":"","overlay-gradient":""},"mobile":{"background-color":"var(--ast-global-color-5)","background-image":"","background-repeat":"repeat","background-position":"center center","background-size":"auto","background-attachment":"scroll","background-type":"","background-media":"","overlay-type":"","overlay-color":"","overlay-opacity":"","overlay-gradient":""}},"footnotes":""},"class_list":["post-869","page","type-page","status-publish","hentry"],"post_mailing_queue_ids":[],"_links":{"self":[{"href":"https:\/\/agora.xtec.cat\/iesinfanta\/wp-json\/wp\/v2\/pages\/869","targetHints":{"allow":["GET"]}}],"collection":[{"href":"https:\/\/agora.xtec.cat\/iesinfanta\/wp-json\/wp\/v2\/pages"}],"about":[{"href":"https:\/\/agora.xtec.cat\/iesinfanta\/wp-json\/wp\/v2\/types\/page"}],"author":[{"embeddable":true,"href":"https:\/\/agora.xtec.cat\/iesinfanta\/wp-json\/wp\/v2\/users\/4"}],"replies":[{"embeddable":true,"href":"https:\/\/agora.xtec.cat\/iesinfanta\/wp-json\/wp\/v2\/comments?post=869"}],"version-history":[{"count":7,"href":"https:\/\/agora.xtec.cat\/iesinfanta\/wp-json\/wp\/v2\/pages\/869\/revisions"}],"predecessor-version":[{"id":7645,"href":"https:\/\/agora.xtec.cat\/iesinfanta\/wp-json\/wp\/v2\/pages\/869\/revisions\/7645"}],"up":[{"embeddable":true,"href":"https:\/\/agora.xtec.cat\/iesinfanta\/wp-json\/wp\/v2\/pages\/63"}],"wp:attachment":[{"href":"https:\/\/agora.xtec.cat\/iesinfanta\/wp-json\/wp\/v2\/media?parent=869"}],"curies":[{"name":"wp","href":"https:\/\/api.w.org\/{rel}","templated":true}]}}