{"id":863,"date":"2019-11-22T10:43:35","date_gmt":"2019-11-22T09:43:35","guid":{"rendered":"https:\/\/agora.xtec.cat\/iesinfanta\/?page_id=863"},"modified":"2021-03-03T17:28:46","modified_gmt":"2021-03-03T16:28:46","slug":"olimpiada-de-fisica","status":"publish","type":"page","link":"https:\/\/agora.xtec.cat\/iesinfanta\/serveis\/projectes-departaments\/departament-de-ciencies-experimentals\/olimpiada-de-fisica\/","title":{"rendered":"Premi a l&#8217;Olimp\u00edada de F\u00edsica"},"content":{"rendered":"<div class=\"col-md-12\">\n<div class=\"text c3\">\n<p><a href=\"https:\/\/agora.xtec.cat\/iesinfanta\/wp-content\/uploads\/usu231\/2019\/11\/0_1_1.jpg\"><img loading=\"lazy\" decoding=\"async\" class=\"alignleft size-full wp-image-892\" src=\"https:\/\/agora.xtec.cat\/iesinfanta\/wp-content\/uploads\/usu231\/2019\/11\/0_1_1.jpg\" alt=\"\" width=\"178\" height=\"100\" \/><\/a>El passat 15 de febrer tres alumnes del nostre centre, V\u00edctor Fonoll, Xiaobo Ye i Sergio<br \/>\nMart\u00ednez, van participar a la fase local de l&#8217;Olimp\u00edada de F\u00edsica celebrada a l&#8217;aula 105<br \/>\nde la Facultat de Qu\u00edmica de la UB. Van haver de resoldre sis exercicis durant 3 hores i<br \/>\nmitja esgotadores.<br \/>\nEl 13 de mar\u00e7 en van arribar els resultats i ens podem congratular que un d&amp;#39;ells, V\u00edctor<br \/>\nFonoll, ha estat seleccionat per a participar a la fase estatal que se celebrar\u00e0 del 25 al<br \/>\n28 d&#8217;abril a Salamanca.<br \/>\nAquesta selecci\u00f3 premia l&#8217;esfor\u00e7 que van fer durant molts dilluns a l&#8217;hora del pati per<br \/>\ncon\u00e8ixer i preparar la prova. Tamb\u00e9 felicitem Sergio Mart\u00ednez i Xiaobo Ye per la seva<br \/>\nm\u00e9s que merit\u00f2ria participaci\u00f3.<\/p>\n<\/div>\n<\/div>\n<p>&nbsp;<\/p>\n","protected":false},"excerpt":{"rendered":"<p>El passat 15 de febrer tres alumnes del nostre centre, V\u00edctor Fonoll, Xiaobo Ye i Sergio Mart\u00ednez, van participar a la fase local de l&#8217;Olimp\u00edada de F\u00edsica celebrada a l&#8217;aula 105 de la Facultat de Qu\u00edmica de la UB. Van haver de resoldre sis exercicis durant 3 hores i mitja esgotadores. El 13 de mar\u00e7 [&hellip;]<\/p>\n","protected":false},"author":4,"featured_media":0,"parent":948,"menu_order":10,"comment_status":"closed","ping_status":"closed","template":"page-templates\/side-menu.php","meta":{"_bbp_topic_count":0,"_bbp_reply_count":0,"_bbp_total_topic_count":0,"_bbp_total_reply_count":0,"_bbp_voice_count":0,"_bbp_anonymous_reply_count":0,"_bbp_topic_count_hidden":0,"_bbp_reply_count_hidden":0,"_bbp_forum_subforum_count":0,"site-sidebar-layout":"default","site-content-layout":"","ast-site-content-layout":"","site-content-style":"default","site-sidebar-style":"default","ast-global-header-display":"","ast-banner-title-visibility":"","ast-main-header-display":"","ast-hfb-above-header-display":"","ast-hfb-below-header-display":"","ast-hfb-mobile-header-display":"","site-post-title":"","ast-breadcrumbs-content":"","ast-featured-img":"","footer-sml-layout":"","theme-transparent-header-meta":"","adv-header-id-meta":"","stick-header-meta":"","header-above-stick-meta":"","header-main-stick-meta":"","header-below-stick-meta":"","astra-migrate-meta-layouts":"default","ast-page-background-enabled":"default","ast-page-background-meta":{"desktop":{"background-color":"var(--ast-global-color-4)","background-image":"","background-repeat":"repeat","background-position":"center center","background-size":"auto","background-attachment":"scroll","background-type":"","background-media":"","overlay-type":"","overlay-color":"","overlay-opacity":"","overlay-gradient":""},"tablet":{"background-color":"","background-image":"","background-repeat":"repeat","background-position":"center center","background-size":"auto","background-attachment":"scroll","background-type":"","background-media":"","overlay-type":"","overlay-color":"","overlay-opacity":"","overlay-gradient":""},"mobile":{"background-color":"","background-image":"","background-repeat":"repeat","background-position":"center center","background-size":"auto","background-attachment":"scroll","background-type":"","background-media":"","overlay-type":"","overlay-color":"","overlay-opacity":"","overlay-gradient":""}},"ast-content-background-meta":{"desktop":{"background-color":"var(--ast-global-color-5)","background-image":"","background-repeat":"repeat","background-position":"center center","background-size":"auto","background-attachment":"scroll","background-type":"","background-media":"","overlay-type":"","overlay-color":"","overlay-opacity":"","overlay-gradient":""},"tablet":{"background-color":"var(--ast-global-color-5)","background-image":"","background-repeat":"repeat","background-position":"center center","background-size":"auto","background-attachment":"scroll","background-type":"","background-media":"","overlay-type":"","overlay-color":"","overlay-opacity":"","overlay-gradient":""},"mobile":{"background-color":"var(--ast-global-color-5)","background-image":"","background-repeat":"repeat","background-position":"center center","background-size":"auto","background-attachment":"scroll","background-type":"","background-media":"","overlay-type":"","overlay-color":"","overlay-opacity":"","overlay-gradient":""}},"footnotes":""},"class_list":["post-863","page","type-page","status-publish","hentry"],"post_mailing_queue_ids":[],"_links":{"self":[{"href":"https:\/\/agora.xtec.cat\/iesinfanta\/wp-json\/wp\/v2\/pages\/863","targetHints":{"allow":["GET"]}}],"collection":[{"href":"https:\/\/agora.xtec.cat\/iesinfanta\/wp-json\/wp\/v2\/pages"}],"about":[{"href":"https:\/\/agora.xtec.cat\/iesinfanta\/wp-json\/wp\/v2\/types\/page"}],"author":[{"embeddable":true,"href":"https:\/\/agora.xtec.cat\/iesinfanta\/wp-json\/wp\/v2\/users\/4"}],"replies":[{"embeddable":true,"href":"https:\/\/agora.xtec.cat\/iesinfanta\/wp-json\/wp\/v2\/comments?post=863"}],"version-history":[{"count":3,"href":"https:\/\/agora.xtec.cat\/iesinfanta\/wp-json\/wp\/v2\/pages\/863\/revisions"}],"predecessor-version":[{"id":2449,"href":"https:\/\/agora.xtec.cat\/iesinfanta\/wp-json\/wp\/v2\/pages\/863\/revisions\/2449"}],"up":[{"embeddable":true,"href":"https:\/\/agora.xtec.cat\/iesinfanta\/wp-json\/wp\/v2\/pages\/948"}],"wp:attachment":[{"href":"https:\/\/agora.xtec.cat\/iesinfanta\/wp-json\/wp\/v2\/media?parent=863"}],"curies":[{"name":"wp","href":"https:\/\/api.w.org\/{rel}","templated":true}]}}