{"id":81,"date":"2014-09-18T10:38:05","date_gmt":"2014-09-18T10:38:05","guid":{"rendered":"http:\/\/agora.xtec.cat\/iesinfanta\/?page_id=81"},"modified":"2025-05-21T12:07:06","modified_gmt":"2025-05-21T10:07:06","slug":"secretaria","status":"publish","type":"page","link":"https:\/\/agora.xtec.cat\/iesinfanta\/secretaria\/","title":{"rendered":"Secretaria"},"content":{"rendered":"<p>La secretaria del centre s&#8217;encarrega de la gesti\u00f3 en l&#8217;\u00e0mbit econ\u00f2mic, documental, dels recursos materials i de la conservaci\u00f3 i manteniment de les instal\u00b7lacions, d&#8217;acord amb el que prevegi el projecte de direcci\u00f3 i s&#8217;incorpori a les normes d&#8217;organitzaci\u00f3 i funcionament del centre. Correspon tamb\u00e9 al secretari o secret\u00e0ria del centre l&#8217;exercici de les funcions pr\u00f2pies de la secretaria del claustre i del consell escolar del centre, i d&#8217;aquells altres \u00f2rgans col\u00b7legiats en qu\u00e8 les normes d&#8217;organitzaci\u00f3 i funcionament del centre aix\u00ed ho estableixin.<\/p>\n<p style=\"padding-left: 40px;\"><strong>Horari d&#8217;atenci\u00f3 al p\u00fablic de Secretaria:<\/strong><\/p>\n<div style=\"padding-left: 40px;\">\n<table style=\"margin-left: 40px;\">\n<tbody style=\"padding-left: 40px;\">\n<tr style=\"padding-left: 40px;\">\n<td style=\"padding-left: 40px;\">Horari d\u2019hivern:<\/td>\n<td style=\"padding-left: 40px;\">Dilluns, dimecres, dijous i divendres de 9:00 a 13:00\u00a0 i dimarts\u00a0 de 9:00 a 13:00\u00a0 i de 16:00 a 17:00 de la tarda<\/td>\n<\/tr>\n<tr style=\"padding-left: 40px;\">\n<td style=\"padding-left: 40px;\">\n<div style=\"text-align: center;\">Horari d\u2019estiu:<\/div>\n<div style=\"padding-left: 40px;\"><\/div>\n<\/td>\n<td style=\"padding-left: 40px;\">Dilluns, dimecres, dijous i divendres de 9:00 a 13:00 i dimarts\u00a0 de 9:00 a 13:00\u00a0 i de 16:00 a 17:00 de la tarda<\/td>\n<\/tr>\n<tr style=\"padding-left: 40px;\">\n<td style=\"padding-left: 40px;\"><a href=\"https:\/\/agora.xtec.cat\/iesinfanta\/wp-content\/uploads\/usu231\/2021\/04\/images.png\"><img loading=\"lazy\" decoding=\"async\" class=\"wp-image-2881 aligncenter\" src=\"https:\/\/agora.xtec.cat\/iesinfanta\/wp-content\/uploads\/usu231\/2021\/04\/images-150x150.png\" alt=\"\" width=\"65\" height=\"65\" srcset=\"https:\/\/agora.xtec.cat\/iesinfanta\/wp-content\/uploads\/usu231\/2021\/04\/images-150x150.png 150w, https:\/\/agora.xtec.cat\/iesinfanta\/wp-content\/uploads\/usu231\/2021\/04\/images.png 200w\" sizes=\"auto, (max-width: 65px) 100vw, 65px\" \/><\/a><\/td>\n<td style=\"padding-left: 40px;\">secretaria@insinfanta.cat<\/td>\n<\/tr>\n<\/tbody>\n<\/table>\n<\/div>\n<div style=\"padding-left: 40px;\">\n<div style=\"padding-left: 40px;\"><\/div>\n<div><\/div>\n<div><\/div>\n<div><\/div>\n<div><\/div>\n<div><\/div>\n<div><\/div>\n<div><\/div>\n<\/div>\n<div><\/div>\n<div><\/div>\n<div><\/div>\n","protected":false},"excerpt":{"rendered":"<p>La secretaria del centre s&#8217;encarrega de la gesti\u00f3 en l&#8217;\u00e0mbit econ\u00f2mic, documental, dels recursos materials i de la conservaci\u00f3 i manteniment de les instal\u00b7lacions, d&#8217;acord amb el que prevegi el projecte de direcci\u00f3 i s&#8217;incorpori a les normes d&#8217;organitzaci\u00f3 i funcionament del centre. Correspon tamb\u00e9 al secretari o secret\u00e0ria del centre l&#8217;exercici de les funcions [&hellip;]<\/p>\n","protected":false},"author":1,"featured_media":0,"parent":0,"menu_order":0,"comment_status":"closed","ping_status":"closed","template":"page-templates\/side-menu.php","meta":{"_bbp_topic_count":0,"_bbp_reply_count":0,"_bbp_total_topic_count":0,"_bbp_total_reply_count":0,"_bbp_voice_count":0,"_bbp_anonymous_reply_count":0,"_bbp_topic_count_hidden":0,"_bbp_reply_count_hidden":0,"_bbp_forum_subforum_count":0,"site-sidebar-layout":"default","site-content-layout":"","ast-site-content-layout":"","site-content-style":"default","site-sidebar-style":"default","ast-global-header-display":"","ast-banner-title-visibility":"","ast-main-header-display":"","ast-hfb-above-header-display":"","ast-hfb-below-header-display":"","ast-hfb-mobile-header-display":"","site-post-title":"","ast-breadcrumbs-content":"","ast-featured-img":"","footer-sml-layout":"","theme-transparent-header-meta":"","adv-header-id-meta":"","stick-header-meta":"","header-above-stick-meta":"","header-main-stick-meta":"","header-below-stick-meta":"","astra-migrate-meta-layouts":"default","ast-page-background-enabled":"default","ast-page-background-meta":{"desktop":{"background-color":"var(--ast-global-color-4)","background-image":"","background-repeat":"repeat","background-position":"center center","background-size":"auto","background-attachment":"scroll","background-type":"","background-media":"","overlay-type":"","overlay-color":"","overlay-opacity":"","overlay-gradient":""},"tablet":{"background-color":"","background-image":"","background-repeat":"repeat","background-position":"center center","background-size":"auto","background-attachment":"scroll","background-type":"","background-media":"","overlay-type":"","overlay-color":"","overlay-opacity":"","overlay-gradient":""},"mobile":{"background-color":"","background-image":"","background-repeat":"repeat","background-position":"center center","background-size":"auto","background-attachment":"scroll","background-type":"","background-media":"","overlay-type":"","overlay-color":"","overlay-opacity":"","overlay-gradient":""}},"ast-content-background-meta":{"desktop":{"background-color":"var(--ast-global-color-5)","background-image":"","background-repeat":"repeat","background-position":"center center","background-size":"auto","background-attachment":"scroll","background-type":"","background-media":"","overlay-type":"","overlay-color":"","overlay-opacity":"","overlay-gradient":""},"tablet":{"background-color":"var(--ast-global-color-5)","background-image":"","background-repeat":"repeat","background-position":"center center","background-size":"auto","background-attachment":"scroll","background-type":"","background-media":"","overlay-type":"","overlay-color":"","overlay-opacity":"","overlay-gradient":""},"mobile":{"background-color":"var(--ast-global-color-5)","background-image":"","background-repeat":"repeat","background-position":"center center","background-size":"auto","background-attachment":"scroll","background-type":"","background-media":"","overlay-type":"","overlay-color":"","overlay-opacity":"","overlay-gradient":""}},"footnotes":""},"class_list":["post-81","page","type-page","status-publish","hentry"],"post_mailing_queue_ids":[],"_links":{"self":[{"href":"https:\/\/agora.xtec.cat\/iesinfanta\/wp-json\/wp\/v2\/pages\/81","targetHints":{"allow":["GET"]}}],"collection":[{"href":"https:\/\/agora.xtec.cat\/iesinfanta\/wp-json\/wp\/v2\/pages"}],"about":[{"href":"https:\/\/agora.xtec.cat\/iesinfanta\/wp-json\/wp\/v2\/types\/page"}],"author":[{"embeddable":true,"href":"https:\/\/agora.xtec.cat\/iesinfanta\/wp-json\/wp\/v2\/users\/1"}],"replies":[{"embeddable":true,"href":"https:\/\/agora.xtec.cat\/iesinfanta\/wp-json\/wp\/v2\/comments?post=81"}],"version-history":[{"count":7,"href":"https:\/\/agora.xtec.cat\/iesinfanta\/wp-json\/wp\/v2\/pages\/81\/revisions"}],"predecessor-version":[{"id":7298,"href":"https:\/\/agora.xtec.cat\/iesinfanta\/wp-json\/wp\/v2\/pages\/81\/revisions\/7298"}],"wp:attachment":[{"href":"https:\/\/agora.xtec.cat\/iesinfanta\/wp-json\/wp\/v2\/media?parent=81"}],"curies":[{"name":"wp","href":"https:\/\/api.w.org\/{rel}","templated":true}]}}