{"id":7191,"date":"2025-02-12T17:41:16","date_gmt":"2025-02-12T16:41:16","guid":{"rendered":"https:\/\/agora.xtec.cat\/iesinfanta\/?page_id=7191"},"modified":"2025-12-18T15:32:10","modified_gmt":"2025-12-18T14:32:10","slug":"institut-digital","status":"publish","type":"page","link":"https:\/\/agora.xtec.cat\/iesinfanta\/institut-digital\/","title":{"rendered":"Eines digitals"},"content":{"rendered":"<table style=\"height: 225px; width: 100%; border-collapse: collapse; border-style: hidden;\">\n<tbody>\n<tr style=\"height: 225px;\">\n<td style=\"width: 25.6873%; height: 225px;\"><img loading=\"lazy\" decoding=\"async\" class=\"alignnone wp-image-7612 size-medium\" src=\"https:\/\/agora.xtec.cat\/iesinfanta\/wp-content\/uploads\/usu231\/2025\/09\/Noticia-nova-marca-300x200.jpg\" alt=\"\" width=\"300\" height=\"200\" srcset=\"https:\/\/agora.xtec.cat\/iesinfanta\/wp-content\/uploads\/usu231\/2025\/09\/Noticia-nova-marca-300x200.jpg 300w, https:\/\/agora.xtec.cat\/iesinfanta\/wp-content\/uploads\/usu231\/2025\/09\/Noticia-nova-marca-1024x683.jpg 1024w, https:\/\/agora.xtec.cat\/iesinfanta\/wp-content\/uploads\/usu231\/2025\/09\/Noticia-nova-marca-768x512.jpg 768w, https:\/\/agora.xtec.cat\/iesinfanta\/wp-content\/uploads\/usu231\/2025\/09\/Noticia-nova-marca.jpg 1201w\" sizes=\"auto, (max-width: 300px) 100vw, 300px\" \/><\/td>\n<td style=\"width: 42.8694%; height: 225px;\">La plataforma Clickedu \u00e9s la plataforma per mantenir contacte i mantenir una relaci\u00f3 de qualitat amb les fam\u00edlies.<\/p>\n<p>Rebreu informaci\u00f3 dels butlletins de notes trimestrals, les notificacions de les faltes d&#8217;assist\u00e8ncia, incid\u00e8ncies&#8230; i tamb\u00e9 podreu posar-vos en contacte amb el tutor i els professors de l&#8217;alumnat.<\/p>\n<p style=\"padding-left: 40px;\">L&#8217;alumnat i fam\u00edlies rebran les contrasenyes a l&#8217;inici de curs.\u00e7<\/p>\n<p>Per qualsevol dubte, poden consultar aquest manual: <a href=\"https:\/\/agora.xtec.cat\/iesinfanta\/wp-content\/uploads\/usu231\/2025\/12\/manual_families_2.0-CLICKEDU-INFANTA.pdf\">manual_families_2.0 CLICKEDU INFANTA<\/a><\/td>\n<td style=\"width: 31.4432%; height: 225px;\">Si en el proc\u00e9s d&#8217;instal\u00b7lar l&#8217;aplicaci\u00f3 al m\u00f2bil o a l&#8217;ordinador, teniu qualsevol incid\u00e8ncia, contacteu-nos.<\/p>\n<h5><span style=\"color: #0000ff;\"><strong><a style=\"color: #0000ff;\" href=\"https:\/\/docs.google.com\/forms\/d\/e\/1FAIpQLSdEtVSvn8_kB_HPDctBh7_vu2hjs4qOCUGXdo_xhigN44TECg\/viewform?pli=1\">Per comunicar qualsevol incid\u00e8ncia, ompliu aquest formulari<\/a><\/strong><\/span><\/h5>\n<\/td>\n<\/tr>\n<\/tbody>\n<\/table>\n<table style=\"width: 75.3437%; border-collapse: collapse; border-style: hidden;\">\n<tbody>\n<tr>\n<td style=\"width: 27.921%;\"><a href=\"https:\/\/www.unportal.net\/ca\/\" target=\"_blank\" rel=\"noopener\"><img loading=\"lazy\" decoding=\"async\" class=\"alignnone\" src=\"https:\/\/encrypted-tbn1.gstatic.com\/images?q=tbn:ANd9GcSeIJpJJzSQEnpGDq7FeZOlU9Ey1tqYDmisYLaLYlZRUTStug6a\" alt=\"\" width=\"292\" height=\"172\" \/><\/a><\/td>\n<td style=\"width: 53.5156%;\">La plataforma <strong>Unportal<\/strong> \u00e9s una plataforma que recull informaci\u00f3 molt diversa i profunda sobre els estudis postobligatoris (M\u00f2duls de Grau Mig, M\u00f2duls de Grau Superior, Graus Universitaris, Ensenyaments art\u00edstics superiors&#8230;).<\/p>\n<p style=\"padding-left: 40px;\">A tutoria, l&#8217;alumnat rebr\u00e0 les contrasenyes i usuaris per accedir. Ser\u00e0 una eina fonamental per complementar les tasques d&#8217;orientaci\u00f3 que es desenvolupen a tutoria. Us recomanem que sigui una eina en les converses que mantindreu a casa per tal que els alumnes decideixin com orientar la seva formaci\u00f3.<\/p>\n<\/td>\n<\/tr>\n<\/tbody>\n<\/table>\n<p>&nbsp;<\/p>\n<p>&nbsp;<\/p>\n","protected":false},"excerpt":{"rendered":"<p>La plataforma Clickedu \u00e9s la plataforma per mantenir contacte i mantenir una relaci\u00f3 de qualitat amb les fam\u00edlies. Rebreu informaci\u00f3 dels butlletins de notes trimestrals, les notificacions de les faltes d&#8217;assist\u00e8ncia, incid\u00e8ncies&#8230; i tamb\u00e9 podreu posar-vos en contacte amb el tutor i els professors de l&#8217;alumnat. L&#8217;alumnat i fam\u00edlies rebran les contrasenyes a l&#8217;inici de [&hellip;]<\/p>\n","protected":false},"author":5,"featured_media":0,"parent":0,"menu_order":0,"comment_status":"closed","ping_status":"closed","template":"","meta":{"_bbp_topic_count":0,"_bbp_reply_count":0,"_bbp_total_topic_count":0,"_bbp_total_reply_count":0,"_bbp_voice_count":0,"_bbp_anonymous_reply_count":0,"_bbp_topic_count_hidden":0,"_bbp_reply_count_hidden":0,"_bbp_forum_subforum_count":0,"site-sidebar-layout":"default","site-content-layout":"","ast-site-content-layout":"","site-content-style":"default","site-sidebar-style":"default","ast-global-header-display":"","ast-banner-title-visibility":"","ast-main-header-display":"","ast-hfb-above-header-display":"","ast-hfb-below-header-display":"","ast-hfb-mobile-header-display":"","site-post-title":"","ast-breadcrumbs-content":"","ast-featured-img":"","footer-sml-layout":"","theme-transparent-header-meta":"","adv-header-id-meta":"","stick-header-meta":"","header-above-stick-meta":"","header-main-stick-meta":"","header-below-stick-meta":"","astra-migrate-meta-layouts":"default","ast-page-background-enabled":"default","ast-page-background-meta":{"desktop":{"background-color":"var(--ast-global-color-4)","background-image":"","background-repeat":"repeat","background-position":"center center","background-size":"auto","background-attachment":"scroll","background-type":"","background-media":"","overlay-type":"","overlay-color":"","overlay-opacity":"","overlay-gradient":""},"tablet":{"background-color":"","background-image":"","background-repeat":"repeat","background-position":"center center","background-size":"auto","background-attachment":"scroll","background-type":"","background-media":"","overlay-type":"","overlay-color":"","overlay-opacity":"","overlay-gradient":""},"mobile":{"background-color":"","background-image":"","background-repeat":"repeat","background-position":"center center","background-size":"auto","background-attachment":"scroll","background-type":"","background-media":"","overlay-type":"","overlay-color":"","overlay-opacity":"","overlay-gradient":""}},"ast-content-background-meta":{"desktop":{"background-color":"var(--ast-global-color-5)","background-image":"","background-repeat":"repeat","background-position":"center center","background-size":"auto","background-attachment":"scroll","background-type":"","background-media":"","overlay-type":"","overlay-color":"","overlay-opacity":"","overlay-gradient":""},"tablet":{"background-color":"var(--ast-global-color-5)","background-image":"","background-repeat":"repeat","background-position":"center center","background-size":"auto","background-attachment":"scroll","background-type":"","background-media":"","overlay-type":"","overlay-color":"","overlay-opacity":"","overlay-gradient":""},"mobile":{"background-color":"var(--ast-global-color-5)","background-image":"","background-repeat":"repeat","background-position":"center center","background-size":"auto","background-attachment":"scroll","background-type":"","background-media":"","overlay-type":"","overlay-color":"","overlay-opacity":"","overlay-gradient":""}},"footnotes":""},"class_list":["post-7191","page","type-page","status-publish","hentry"],"post_mailing_queue_ids":[],"_links":{"self":[{"href":"https:\/\/agora.xtec.cat\/iesinfanta\/wp-json\/wp\/v2\/pages\/7191","targetHints":{"allow":["GET"]}}],"collection":[{"href":"https:\/\/agora.xtec.cat\/iesinfanta\/wp-json\/wp\/v2\/pages"}],"about":[{"href":"https:\/\/agora.xtec.cat\/iesinfanta\/wp-json\/wp\/v2\/types\/page"}],"author":[{"embeddable":true,"href":"https:\/\/agora.xtec.cat\/iesinfanta\/wp-json\/wp\/v2\/users\/5"}],"replies":[{"embeddable":true,"href":"https:\/\/agora.xtec.cat\/iesinfanta\/wp-json\/wp\/v2\/comments?post=7191"}],"version-history":[{"count":7,"href":"https:\/\/agora.xtec.cat\/iesinfanta\/wp-json\/wp\/v2\/pages\/7191\/revisions"}],"predecessor-version":[{"id":7790,"href":"https:\/\/agora.xtec.cat\/iesinfanta\/wp-json\/wp\/v2\/pages\/7191\/revisions\/7790"}],"wp:attachment":[{"href":"https:\/\/agora.xtec.cat\/iesinfanta\/wp-json\/wp\/v2\/media?parent=7191"}],"curies":[{"name":"wp","href":"https:\/\/api.w.org\/{rel}","templated":true}]}}