{"id":715,"date":"2019-11-11T18:30:34","date_gmt":"2019-11-11T17:30:34","guid":{"rendered":"https:\/\/agora.xtec.cat\/iesinfanta\/?page_id=715"},"modified":"2022-02-11T12:05:24","modified_gmt":"2022-02-11T11:05:24","slug":"perfil-del-contractant","status":"publish","type":"page","link":"https:\/\/agora.xtec.cat\/iesinfanta\/secretaria\/perfil-del-contractant\/","title":{"rendered":"Perfil del contractant"},"content":{"rendered":"<div class=\"col-md-9\">\n<div class=\"row\">\n<div class=\"col-md-12 contingut\">\n<div class=\"row\">\n<div class=\"col-md-12\">\n<div class=\"titular\">\n<div dir=\"auto\"><\/div>\n<h2 class=\"c5 bgpc1\">Licitaci\u00f3 contracte concurs del servei de neteja<\/h2>\n<\/div>\n<\/div>\n<\/div>\n<div class=\"row\">\n<div class=\"col-md-12\">\n<div class=\"text c3\">\n<p><a href=\"https:\/\/dogc.gencat.cat\/ca\/document-del-dogc\/?documentId=917901\" target=\"_blank\" rel=\"noopener\"><strong>ANUNCI pel qual es fa p\u00fablica la licitaci\u00f3 del servei de neteja<\/strong><\/a><\/p>\n<p><a href=\"https:\/\/agora.xtec.cat\/iesinfanta\/wp-content\/uploads\/usu231\/2022\/01\/PCAP-licitacio-Neteja-procediment-obert-NO-HARMONITZAT-centre-INS-Infanta-Isabel-dArago.docx.pdf\" target=\"_blank\" rel=\"noopener\">PCAP<\/a> I <a href=\"https:\/\/agora.xtec.cat\/iesinfanta\/wp-content\/uploads\/usu231\/2022\/01\/PPT-licitacio-Neteja-centre-INS-Infanta-Isabel-dArago.pdf\" target=\"_blank\" rel=\"noopener\">PPT <\/a>(consultar documents adjunts)<\/p>\n<p>Data i hora concreta prevista per a efectuar la visita t\u00e8cnica:<strong>13 de gener de 2022 a les 10:00<\/strong><\/p>\n<p>Data l\u00edmit de lliurament d&#8217;ofertes: <strong>25 de gener de 2022 a les 14:00<\/strong><\/p>\n<p>Data obertura interna del Sobre B :\u00a0<strong>2 de febrer de 2022 a les 10:00\u00a0 \u00a0 <a href=\"https:\/\/agora.xtec.cat\/iesinfanta\/wp-content\/uploads\/usu231\/2022\/02\/Acta-dObertura-Sobre-B.pdf\" target=\"_blank\" rel=\"noopener\">Acta d&#8217;obertura Sobre B<\/a><\/strong><\/p>\n<p>Data obertura p\u00fablica del Sobre C: <strong>10 de febrer de 2022 a les 10:15\u00a0 <a href=\"https:\/\/agora.xtec.cat\/iesinfanta\/wp-content\/uploads\/usu231\/2022\/02\/Acta-dObertura-Sobre-C.pdf\" target=\"_blank\" rel=\"noopener\">Acta d&#8217;obertura Sobre C<\/a><\/strong><\/p>\n<div><\/div>\n<div><\/div>\n<p>&nbsp;<\/p>\n<\/div>\n<\/div>\n<\/div>\n<\/div>\n<\/div>\n<\/div>\n","protected":false},"excerpt":{"rendered":"<p>Licitaci\u00f3 contracte concurs del servei de neteja ANUNCI pel qual es fa p\u00fablica la licitaci\u00f3 del servei de neteja PCAP I PPT (consultar documents adjunts) Data i hora concreta prevista per a efectuar la visita t\u00e8cnica:13 de gener de 2022 a les 10:00 Data l\u00edmit de lliurament d&#8217;ofertes: 25 de gener de 2022 a les [&hellip;]<\/p>\n","protected":false},"author":4,"featured_media":0,"parent":81,"menu_order":30,"comment_status":"closed","ping_status":"closed","template":"page-templates\/side-menu.php","meta":{"_bbp_topic_count":0,"_bbp_reply_count":0,"_bbp_total_topic_count":0,"_bbp_total_reply_count":0,"_bbp_voice_count":0,"_bbp_anonymous_reply_count":0,"_bbp_topic_count_hidden":0,"_bbp_reply_count_hidden":0,"_bbp_forum_subforum_count":0,"site-sidebar-layout":"default","site-content-layout":"","ast-site-content-layout":"","site-content-style":"default","site-sidebar-style":"default","ast-global-header-display":"","ast-banner-title-visibility":"","ast-main-header-display":"","ast-hfb-above-header-display":"","ast-hfb-below-header-display":"","ast-hfb-mobile-header-display":"","site-post-title":"","ast-breadcrumbs-content":"","ast-featured-img":"","footer-sml-layout":"","theme-transparent-header-meta":"","adv-header-id-meta":"","stick-header-meta":"","header-above-stick-meta":"","header-main-stick-meta":"","header-below-stick-meta":"","astra-migrate-meta-layouts":"default","ast-page-background-enabled":"default","ast-page-background-meta":{"desktop":{"background-color":"var(--ast-global-color-4)","background-image":"","background-repeat":"repeat","background-position":"center center","background-size":"auto","background-attachment":"scroll","background-type":"","background-media":"","overlay-type":"","overlay-color":"","overlay-opacity":"","overlay-gradient":""},"tablet":{"background-color":"","background-image":"","background-repeat":"repeat","background-position":"center center","background-size":"auto","background-attachment":"scroll","background-type":"","background-media":"","overlay-type":"","overlay-color":"","overlay-opacity":"","overlay-gradient":""},"mobile":{"background-color":"","background-image":"","background-repeat":"repeat","background-position":"center center","background-size":"auto","background-attachment":"scroll","background-type":"","background-media":"","overlay-type":"","overlay-color":"","overlay-opacity":"","overlay-gradient":""}},"ast-content-background-meta":{"desktop":{"background-color":"var(--ast-global-color-5)","background-image":"","background-repeat":"repeat","background-position":"center center","background-size":"auto","background-attachment":"scroll","background-type":"","background-media":"","overlay-type":"","overlay-color":"","overlay-opacity":"","overlay-gradient":""},"tablet":{"background-color":"var(--ast-global-color-5)","background-image":"","background-repeat":"repeat","background-position":"center center","background-size":"auto","background-attachment":"scroll","background-type":"","background-media":"","overlay-type":"","overlay-color":"","overlay-opacity":"","overlay-gradient":""},"mobile":{"background-color":"var(--ast-global-color-5)","background-image":"","background-repeat":"repeat","background-position":"center center","background-size":"auto","background-attachment":"scroll","background-type":"","background-media":"","overlay-type":"","overlay-color":"","overlay-opacity":"","overlay-gradient":""}},"footnotes":""},"class_list":["post-715","page","type-page","status-publish","hentry"],"post_mailing_queue_ids":[],"_links":{"self":[{"href":"https:\/\/agora.xtec.cat\/iesinfanta\/wp-json\/wp\/v2\/pages\/715","targetHints":{"allow":["GET"]}}],"collection":[{"href":"https:\/\/agora.xtec.cat\/iesinfanta\/wp-json\/wp\/v2\/pages"}],"about":[{"href":"https:\/\/agora.xtec.cat\/iesinfanta\/wp-json\/wp\/v2\/types\/page"}],"author":[{"embeddable":true,"href":"https:\/\/agora.xtec.cat\/iesinfanta\/wp-json\/wp\/v2\/users\/4"}],"replies":[{"embeddable":true,"href":"https:\/\/agora.xtec.cat\/iesinfanta\/wp-json\/wp\/v2\/comments?post=715"}],"version-history":[{"count":3,"href":"https:\/\/agora.xtec.cat\/iesinfanta\/wp-json\/wp\/v2\/pages\/715\/revisions"}],"predecessor-version":[{"id":3788,"href":"https:\/\/agora.xtec.cat\/iesinfanta\/wp-json\/wp\/v2\/pages\/715\/revisions\/3788"}],"up":[{"embeddable":true,"href":"https:\/\/agora.xtec.cat\/iesinfanta\/wp-json\/wp\/v2\/pages\/81"}],"wp:attachment":[{"href":"https:\/\/agora.xtec.cat\/iesinfanta\/wp-json\/wp\/v2\/media?parent=715"}],"curies":[{"name":"wp","href":"https:\/\/api.w.org\/{rel}","templated":true}]}}