{"id":701,"date":"2019-11-11T18:02:19","date_gmt":"2019-11-11T17:02:19","guid":{"rendered":"https:\/\/agora.xtec.cat\/iesinfanta\/?page_id=701"},"modified":"2026-02-05T11:59:06","modified_gmt":"2026-02-05T10:59:06","slug":"batxillerat","status":"publish","type":"page","link":"https:\/\/agora.xtec.cat\/iesinfanta\/estudis\/batxillerat\/","title":{"rendered":"Batxillerat"},"content":{"rendered":"<p>El batxillerat t\u00e9 com a finalitat proporcionar a l&#8217;alumnat la maduresa intel\u00b7lectual i humana que els permetin incorporar-se a la vida amb responsabilitat i compet\u00e8ncia en el context de les societats democr\u00e0tiques del projecte com\u00fa europeu. Aix\u00ed mateix, aquesta etapa ha de permetre l&#8217;assoliment de les compet\u00e8ncies indispensables per al seu futur formatiu i capacitar-los per a l&#8217;acc\u00e9s a l&#8217;educaci\u00f3 superior en les millors condicions. (<a href=\"https:\/\/xtec.gencat.cat\/ca\/curriculum\/batxillerat\/normativa\/\" target=\"_blank\" rel=\"noopener\">acc\u00e9s al marc normatiu<\/a>)<strong>\u00a0<\/strong><\/p>\n<h5>Oferta a primer de Batxillerat.<\/h5>\n<p>Al nostre Institut es poden cursar les diferents modalitats del Batxillerat:<\/p>\n<p>_<a href=\"https:\/\/sites.google.com\/insinfanta.cat\/batxilleratartsticweb\/itineraris-i-mat%C3%A8ries\/tria-itinerari\" target=\"_blank\" rel=\"noopener\">Batxillerat Art\u00edstic (acc\u00e9s al web).<\/a><\/p>\n<p>_Batxillerat Cient\u00edfic i Tecnol\u00f2gic<\/p>\n<p>_Batxillerat d&#8217;humanitats i Ci\u00e8ncies Socials<\/p>\n<p>Abans de comen\u00e7ar el curs heu de triar les <strong>mat\u00e8ries optatives ofertades a les diferents modalitats de Batxillerat.<\/strong><a href=\"https:\/\/drive.google.com\/file\/d\/1u7UjKM5XLeEG6sNm0peRbJpb67PXl6ui\/view?usp=sharing\"> En <strong>aquest document<\/strong> us fem una breu descripci\u00f3 de cada mat\u00e8ria optativa<\/a>, per tal de fer una tria adequada. Fer-ho amb cura i atenci\u00f3 \u00e9s el primer pas per preparar-vos de forma adequada i poder accedir als Estudis Superiors.<\/p>\n<p><a href=\"https:\/\/triaeducativa.gencat.cat\/ca\/batxillerat\/index.html\">Informaci\u00f3 general del Batxillerat<\/a><\/p>\n<h4 style=\"text-align: left;\">DOSSIERS INFORMATIUS<\/h4>\n<table style=\"width: 62.9944%; border-collapse: collapse; border-style: hidden; height: 217px;\">\n<tbody>\n<tr style=\"height: 217px;\">\n<td style=\"width: 5.7898%; height: 217px; text-align: right;\"><a href=\"https:\/\/drive.google.com\/file\/d\/1BYAuJk7oI4rm2K3vaNzLqDJhsJGeOd0L\/view?usp=sharing\">1r Batxillerat<\/a><\/td>\n<td style=\"width: 20.3813%; height: 217px;\"><a href=\"https:\/\/drive.google.com\/file\/d\/1BYAuJk7oI4rm2K3vaNzLqDJhsJGeOd0L\/view?usp=sharing\"><img loading=\"lazy\" decoding=\"async\" class=\"alignnone wp-image-7738 size-thumbnail\" src=\"https:\/\/agora.xtec.cat\/iesinfanta\/wp-content\/uploads\/usu231\/2025\/11\/Captura-de-pantalla-2025-11-06-150535-150x150.png\" alt=\"\" width=\"150\" height=\"150\" \/><\/a><\/td>\n<td style=\"width: 14.4455%; height: 217px; text-align: right;\"><a href=\"https:\/\/drive.google.com\/file\/d\/115E3Sw0smCytbjA3Vi7Lng0xO5XAkimg\/view?usp=drive_link\">2n Batxillerat<\/a><\/td>\n<td style=\"width: 19.72%; height: 217px;\"><a href=\"https:\/\/drive.google.com\/file\/d\/115E3Sw0smCytbjA3Vi7Lng0xO5XAkimg\/view?usp=drive_link\"><img loading=\"lazy\" decoding=\"async\" class=\"alignnone wp-image-7742 size-thumbnail\" src=\"https:\/\/agora.xtec.cat\/iesinfanta\/wp-content\/uploads\/usu231\/2025\/11\/2N-BATX-Captura-de-pantalla-2025-11-06-153238-150x150.png\" alt=\"\" width=\"150\" height=\"150\" \/><\/a><\/td>\n<\/tr>\n<\/tbody>\n<\/table>\n<p>&nbsp;<\/p>\n","protected":false},"excerpt":{"rendered":"<p>El batxillerat t\u00e9 com a finalitat proporcionar a l&#8217;alumnat la maduresa intel\u00b7lectual i humana que els permetin incorporar-se a la vida amb responsabilitat i compet\u00e8ncia en el context de les societats democr\u00e0tiques del projecte com\u00fa europeu. Aix\u00ed mateix, aquesta etapa ha de permetre l&#8217;assoliment de les compet\u00e8ncies indispensables per al seu futur formatiu i capacitar-los [&hellip;]<\/p>\n","protected":false},"author":4,"featured_media":0,"parent":195,"menu_order":20,"comment_status":"closed","ping_status":"closed","template":"","meta":{"_bbp_topic_count":0,"_bbp_reply_count":0,"_bbp_total_topic_count":0,"_bbp_total_reply_count":0,"_bbp_voice_count":0,"_bbp_anonymous_reply_count":0,"_bbp_topic_count_hidden":0,"_bbp_reply_count_hidden":0,"_bbp_forum_subforum_count":0,"site-sidebar-layout":"default","site-content-layout":"","ast-site-content-layout":"default","site-content-style":"default","site-sidebar-style":"default","ast-global-header-display":"","ast-banner-title-visibility":"","ast-main-header-display":"","ast-hfb-above-header-display":"","ast-hfb-below-header-display":"","ast-hfb-mobile-header-display":"","site-post-title":"","ast-breadcrumbs-content":"","ast-featured-img":"","footer-sml-layout":"","theme-transparent-header-meta":"default","adv-header-id-meta":"","stick-header-meta":"","header-above-stick-meta":"","header-main-stick-meta":"","header-below-stick-meta":"","astra-migrate-meta-layouts":"set","ast-page-background-enabled":"default","ast-page-background-meta":{"desktop":{"background-color":"var(--ast-global-color-4)","background-image":"","background-repeat":"repeat","background-position":"center center","background-size":"auto","background-attachment":"scroll","background-type":"","background-media":"","overlay-type":"","overlay-color":"","overlay-opacity":"","overlay-gradient":""},"tablet":{"background-color":"","background-image":"","background-repeat":"repeat","background-position":"center center","background-size":"auto","background-attachment":"scroll","background-type":"","background-media":"","overlay-type":"","overlay-color":"","overlay-opacity":"","overlay-gradient":""},"mobile":{"background-color":"","background-image":"","background-repeat":"repeat","background-position":"center center","background-size":"auto","background-attachment":"scroll","background-type":"","background-media":"","overlay-type":"","overlay-color":"","overlay-opacity":"","overlay-gradient":""}},"ast-content-background-meta":{"desktop":{"background-color":"var(--ast-global-color-5)","background-image":"","background-repeat":"repeat","background-position":"center center","background-size":"auto","background-attachment":"scroll","background-type":"","background-media":"","overlay-type":"","overlay-color":"","overlay-opacity":"","overlay-gradient":""},"tablet":{"background-color":"var(--ast-global-color-5)","background-image":"","background-repeat":"repeat","background-position":"center center","background-size":"auto","background-attachment":"scroll","background-type":"","background-media":"","overlay-type":"","overlay-color":"","overlay-opacity":"","overlay-gradient":""},"mobile":{"background-color":"var(--ast-global-color-5)","background-image":"","background-repeat":"repeat","background-position":"center center","background-size":"auto","background-attachment":"scroll","background-type":"","background-media":"","overlay-type":"","overlay-color":"","overlay-opacity":"","overlay-gradient":""}},"footnotes":""},"class_list":["post-701","page","type-page","status-publish","hentry"],"post_mailing_queue_ids":[],"_links":{"self":[{"href":"https:\/\/agora.xtec.cat\/iesinfanta\/wp-json\/wp\/v2\/pages\/701","targetHints":{"allow":["GET"]}}],"collection":[{"href":"https:\/\/agora.xtec.cat\/iesinfanta\/wp-json\/wp\/v2\/pages"}],"about":[{"href":"https:\/\/agora.xtec.cat\/iesinfanta\/wp-json\/wp\/v2\/types\/page"}],"author":[{"embeddable":true,"href":"https:\/\/agora.xtec.cat\/iesinfanta\/wp-json\/wp\/v2\/users\/4"}],"replies":[{"embeddable":true,"href":"https:\/\/agora.xtec.cat\/iesinfanta\/wp-json\/wp\/v2\/comments?post=701"}],"version-history":[{"count":6,"href":"https:\/\/agora.xtec.cat\/iesinfanta\/wp-json\/wp\/v2\/pages\/701\/revisions"}],"predecessor-version":[{"id":8044,"href":"https:\/\/agora.xtec.cat\/iesinfanta\/wp-json\/wp\/v2\/pages\/701\/revisions\/8044"}],"up":[{"embeddable":true,"href":"https:\/\/agora.xtec.cat\/iesinfanta\/wp-json\/wp\/v2\/pages\/195"}],"wp:attachment":[{"href":"https:\/\/agora.xtec.cat\/iesinfanta\/wp-json\/wp\/v2\/media?parent=701"}],"curies":[{"name":"wp","href":"https:\/\/api.w.org\/{rel}","templated":true}]}}