{"id":698,"date":"2019-11-11T17:59:52","date_gmt":"2019-11-11T16:59:52","guid":{"rendered":"https:\/\/agora.xtec.cat\/iesinfanta\/?page_id=698"},"modified":"2026-02-09T10:46:08","modified_gmt":"2026-02-09T09:46:08","slug":"ampa-i-families","status":"publish","type":"page","link":"https:\/\/agora.xtec.cat\/iesinfanta\/ampa-i-families\/","title":{"rendered":"AFA i Fam\u00edlies"},"content":{"rendered":"<p>L\u2019any 1977 es va constituir la primera associaci\u00f3 de fam\u00edlies del nostre centre. Com l\u2019ensenyament, la nostra associaci\u00f3 ha evolucionat en el decurs del temps, mantenint, tanmateix, l\u2019esperit de la seva constituci\u00f3: promoure i donar suport a l\u2019ensenyament p\u00fablic i de qualitat.<\/p>\n<p>L\u2019AFA de l&#8217;Institut Infanta Isabel d&#8217;Arag\u00f3, associaci\u00f3 a la qual pertanyem la majoria de les fam\u00edlies, t\u00e9 com a finalitat vetllar per la correcta formaci\u00f3 i educaci\u00f3 dels nostres fills durant la seva estada a l\u2019Institut.<\/p>\n<p><a href=\"https:\/\/agora.xtec.cat\/iesinfanta\/wp-content\/uploads\/usu231\/2025\/01\/Definitiu_AFA-presentacio-1.png\"><img loading=\"lazy\" decoding=\"async\" class=\"alignnone size-full wp-image-7133\" src=\"https:\/\/agora.xtec.cat\/iesinfanta\/wp-content\/uploads\/usu231\/2025\/01\/Definitiu_AFA-presentacio-1.png\" alt=\"\" width=\"1920\" height=\"1080\" srcset=\"https:\/\/agora.xtec.cat\/iesinfanta\/wp-content\/uploads\/usu231\/2025\/01\/Definitiu_AFA-presentacio-1.png 1920w, https:\/\/agora.xtec.cat\/iesinfanta\/wp-content\/uploads\/usu231\/2025\/01\/Definitiu_AFA-presentacio-1-300x169.png 300w, https:\/\/agora.xtec.cat\/iesinfanta\/wp-content\/uploads\/usu231\/2025\/01\/Definitiu_AFA-presentacio-1-1024x576.png 1024w, https:\/\/agora.xtec.cat\/iesinfanta\/wp-content\/uploads\/usu231\/2025\/01\/Definitiu_AFA-presentacio-1-768x432.png 768w, https:\/\/agora.xtec.cat\/iesinfanta\/wp-content\/uploads\/usu231\/2025\/01\/Definitiu_AFA-presentacio-1-1536x864.png 1536w\" sizes=\"auto, (max-width: 1920px) 100vw, 1920px\" \/><\/a><\/p>\n<p>Comunicaci\u00f3 i informaci\u00f3 sobre l\u2019AFA:<\/p>\n<p style=\"padding-left: 80px;\">\u2013 Via e-mail:\u00a0<strong><a href=\"mailto:afa@insinfanta.cat\" target=\"_blank\" rel=\"noopener\">afa@insinfanta.cat<\/a><\/strong><\/p>\n<p style=\"padding-left: 80px;\">\u2013 Via blog:\u00a0<a href=\"https:\/\/ampainfantaisabel.blogspot.com\/\" target=\"_blank\" rel=\"noopener\" data-saferedirecturl=\"https:\/\/www.google.com\/url?q=https:\/\/ampainfantaisabel.blogspot.com\/&amp;source=gmail&amp;ust=1708799868035000&amp;usg=AOvVaw0RRjc14bftdmHhY-XgrKl3\"><strong>https:\/\/<wbr \/>ampainfantaisabel.blogspot.<wbr \/>com\/<\/strong><\/a><\/p>\n<p style=\"padding-left: 80px;\">\u2013 \u00a0De manera presencial en el despatx de l\u2019AFA, els\u00a0<strong>dimarts de 17.00 a 17.50 hores<\/strong>.<\/p>\n<p>&nbsp;<\/p>\n<p style=\"font-weight: 400;\">\n<p>L\u2019AFA i la direcci\u00f3 de l\u2019Institut, amb l\u2019aprovaci\u00f3 del Consell Escolar, han decidit contractar els serveis de l\u2019empresa Iddink, per tal d\u2019organitzar la\u00a0<strong>compra i la reutilitzaci\u00f3 de llibres de text dels alumnes d\u2019ESO i Batxillerat<\/strong>, ja que \u00e9s una opci\u00f3 que abarateix els costos dels llibres*, alhora que \u00e9s molt m\u00e9s respectuosa amb el medi ambient.<\/p>\n<p>La proposta de l\u2019empresa Iddink ofereix dues opcions a les fam\u00edlies:<\/p>\n<ol>\n<li style=\"list-style-type: none;\">\n<ol>\n<li>a)Comprar\u00a0<strong>llibres nous<\/strong><\/li>\n<li>b)Comprar\u00a0<strong>llibres reutilitzats, denominats ecoBooks, amb un estalvi* del 60%<\/strong><\/li>\n<\/ol>\n<\/li>\n<\/ol>\n<p>*Les fam\u00edlies que van comprar a Iddink es van estalviar una mitjana de<strong>\u00a0134,27\u20ac<\/strong><\/p>\n<p>El sistema que ens ofereix l\u2019empresa Iddink \u00e9s molt flexible, i ens permet escollir, llibre a llibre, si es vol nou o ecoBook. Tamb\u00e9 es poden comprar alhora qualsevol altre article de la llista (llic\u00e8ncies digitals, lectures, articles de papereria, etc.). Les comandes es poden fer a<\/p>\n<ul>\n<li style=\"list-style-type: none;\">\n<ul>\n<li>Per Internet, a <strong>Iddink.cat<\/strong><\/li>\n<li>Per tel\u00e8fon\u00a0<strong>932 388 833<\/strong><\/li>\n<li><strong>A l\u2019Institut<\/strong><\/li>\n<\/ul>\n<\/li>\n<\/ul>\n<p>Iddink permet pagar amb targeta de cr\u00e8dit o d\u00e8bit en el moment de fer la comanda o b\u00e9 diferir el pagament segons us convingui; tamb\u00e9 permet l\u2019\u00fas dels\u00a0<strong>vals escolars<\/strong>.<\/p>\n<p style=\"padding-left: 40px;\">\n<table style=\"border-collapse: collapse; width: 100%;\">\n<tbody>\n<tr>\n<td style=\"width: 50%;\"><a href=\"https:\/\/agora.xtec.cat\/iesinfanta\/wp-content\/uploads\/usu231\/2026\/02\/Captura-de-pantalla-2026-02-09-104503.png\"><img loading=\"lazy\" decoding=\"async\" class=\"alignnone size-medium wp-image-8060\" src=\"https:\/\/agora.xtec.cat\/iesinfanta\/wp-content\/uploads\/usu231\/2026\/02\/Captura-de-pantalla-2026-02-09-104503-210x300.png\" alt=\"\" width=\"210\" height=\"300\" srcset=\"https:\/\/agora.xtec.cat\/iesinfanta\/wp-content\/uploads\/usu231\/2026\/02\/Captura-de-pantalla-2026-02-09-104503-210x300.png 210w, https:\/\/agora.xtec.cat\/iesinfanta\/wp-content\/uploads\/usu231\/2026\/02\/Captura-de-pantalla-2026-02-09-104503.png 549w\" sizes=\"auto, (max-width: 210px) 100vw, 210px\" \/><\/a><\/td>\n<td style=\"width: 50%;\"><a href=\"https:\/\/agora.xtec.cat\/iesinfanta\/wp-content\/uploads\/usu231\/2026\/02\/Captura-de-pantalla-2026-02-09-104404.png\"><img loading=\"lazy\" decoding=\"async\" class=\"alignnone size-medium wp-image-8061\" src=\"https:\/\/agora.xtec.cat\/iesinfanta\/wp-content\/uploads\/usu231\/2026\/02\/Captura-de-pantalla-2026-02-09-104404-208x300.png\" alt=\"\" width=\"208\" height=\"300\" srcset=\"https:\/\/agora.xtec.cat\/iesinfanta\/wp-content\/uploads\/usu231\/2026\/02\/Captura-de-pantalla-2026-02-09-104404-208x300.png 208w, https:\/\/agora.xtec.cat\/iesinfanta\/wp-content\/uploads\/usu231\/2026\/02\/Captura-de-pantalla-2026-02-09-104404.png 549w\" sizes=\"auto, (max-width: 208px) 100vw, 208px\" \/><\/a><\/td>\n<\/tr>\n<tr>\n<td style=\"width: 50%;\">\n<p style=\"font-weight: 400;\">Si ho desitgeu, tamb\u00e9 disposeu d\u2019uns v\u00eddeos explicatius del procediment:<\/p>\n<\/td>\n<td style=\"width: 50%;\">\n<ul style=\"font-weight: 400;\">\n<li>Comprar a Iddink llibres, ecoBooks i llic\u00e8ncies digitals:<u>\u00a0<\/u><u><a href=\"https:\/\/vimeo.com\/418474967\" data-saferedirecturl=\"https:\/\/www.google.com\/url?q=https:\/\/vimeo.com\/418474967&amp;source=gmail&amp;ust=1716448297133000&amp;usg=AOvVaw3w02gaSj1ZqMwr2xkucGX9\">https:\/\/vimeo.com\/418474967<\/a><\/u><\/li>\n<li>Com fer una comanda?:<u>\u00a0<\/u><u><a href=\"https:\/\/vimeo.com\/427671538\" data-saferedirecturl=\"https:\/\/www.google.com\/url?q=https:\/\/vimeo.com\/427671538&amp;source=gmail&amp;ust=1716448297133000&amp;usg=AOvVaw0J7CNiA8JoMYIFhSNc0nOp\">https:\/\/vimeo.com\/427671538<\/a><\/u><\/li>\n<li>Com tractar els ecoBooks?:<u>\u00a0<\/u><u><a href=\"https:\/\/vimeo.com\/45076699\" data-saferedirecturl=\"https:\/\/www.google.com\/url?q=https:\/\/vimeo.com\/45076699&amp;source=gmail&amp;ust=1716448297133000&amp;usg=AOvVaw1pCd3L8oU72Zhty4FK9boj\">https:\/\/vimeo.com\/45076699<\/a><\/u><\/li>\n<\/ul>\n<\/td>\n<\/tr>\n<\/tbody>\n<\/table>\n","protected":false},"excerpt":{"rendered":"<p>L\u2019any 1977 es va constituir la primera associaci\u00f3 de fam\u00edlies del nostre centre. Com l\u2019ensenyament, la nostra associaci\u00f3 ha evolucionat en el decurs del temps, mantenint, tanmateix, l\u2019esperit de la seva constituci\u00f3: promoure i donar suport a l\u2019ensenyament p\u00fablic i de qualitat. L\u2019AFA de l&#8217;Institut Infanta Isabel d&#8217;Arag\u00f3, associaci\u00f3 a la qual pertanyem la majoria [&hellip;]<\/p>\n","protected":false},"author":4,"featured_media":0,"parent":0,"menu_order":0,"comment_status":"closed","ping_status":"closed","template":"","meta":{"_bbp_topic_count":0,"_bbp_reply_count":0,"_bbp_total_topic_count":0,"_bbp_total_reply_count":0,"_bbp_voice_count":0,"_bbp_anonymous_reply_count":0,"_bbp_topic_count_hidden":0,"_bbp_reply_count_hidden":0,"_bbp_forum_subforum_count":0,"site-sidebar-layout":"default","site-content-layout":"","ast-site-content-layout":"default","site-content-style":"default","site-sidebar-style":"default","ast-global-header-display":"","ast-banner-title-visibility":"","ast-main-header-display":"","ast-hfb-above-header-display":"","ast-hfb-below-header-display":"","ast-hfb-mobile-header-display":"","site-post-title":"","ast-breadcrumbs-content":"","ast-featured-img":"","footer-sml-layout":"","theme-transparent-header-meta":"default","adv-header-id-meta":"","stick-header-meta":"","header-above-stick-meta":"","header-main-stick-meta":"","header-below-stick-meta":"","astra-migrate-meta-layouts":"set","ast-page-background-enabled":"default","ast-page-background-meta":{"desktop":{"background-color":"var(--ast-global-color-4)","background-image":"","background-repeat":"repeat","background-position":"center center","background-size":"auto","background-attachment":"scroll","background-type":"","background-media":"","overlay-type":"","overlay-color":"","overlay-opacity":"","overlay-gradient":""},"tablet":{"background-color":"","background-image":"","background-repeat":"repeat","background-position":"center center","background-size":"auto","background-attachment":"scroll","background-type":"","background-media":"","overlay-type":"","overlay-color":"","overlay-opacity":"","overlay-gradient":""},"mobile":{"background-color":"","background-image":"","background-repeat":"repeat","background-position":"center center","background-size":"auto","background-attachment":"scroll","background-type":"","background-media":"","overlay-type":"","overlay-color":"","overlay-opacity":"","overlay-gradient":""}},"ast-content-background-meta":{"desktop":{"background-color":"var(--ast-global-color-5)","background-image":"","background-repeat":"repeat","background-position":"center center","background-size":"auto","background-attachment":"scroll","background-type":"","background-media":"","overlay-type":"","overlay-color":"","overlay-opacity":"","overlay-gradient":""},"tablet":{"background-color":"var(--ast-global-color-5)","background-image":"","background-repeat":"repeat","background-position":"center center","background-size":"auto","background-attachment":"scroll","background-type":"","background-media":"","overlay-type":"","overlay-color":"","overlay-opacity":"","overlay-gradient":""},"mobile":{"background-color":"var(--ast-global-color-5)","background-image":"","background-repeat":"repeat","background-position":"center center","background-size":"auto","background-attachment":"scroll","background-type":"","background-media":"","overlay-type":"","overlay-color":"","overlay-opacity":"","overlay-gradient":""}},"footnotes":""},"class_list":["post-698","page","type-page","status-publish","hentry"],"post_mailing_queue_ids":[],"_links":{"self":[{"href":"https:\/\/agora.xtec.cat\/iesinfanta\/wp-json\/wp\/v2\/pages\/698","targetHints":{"allow":["GET"]}}],"collection":[{"href":"https:\/\/agora.xtec.cat\/iesinfanta\/wp-json\/wp\/v2\/pages"}],"about":[{"href":"https:\/\/agora.xtec.cat\/iesinfanta\/wp-json\/wp\/v2\/types\/page"}],"author":[{"embeddable":true,"href":"https:\/\/agora.xtec.cat\/iesinfanta\/wp-json\/wp\/v2\/users\/4"}],"replies":[{"embeddable":true,"href":"https:\/\/agora.xtec.cat\/iesinfanta\/wp-json\/wp\/v2\/comments?post=698"}],"version-history":[{"count":6,"href":"https:\/\/agora.xtec.cat\/iesinfanta\/wp-json\/wp\/v2\/pages\/698\/revisions"}],"predecessor-version":[{"id":6782,"href":"https:\/\/agora.xtec.cat\/iesinfanta\/wp-json\/wp\/v2\/pages\/698\/revisions\/6782"}],"wp:attachment":[{"href":"https:\/\/agora.xtec.cat\/iesinfanta\/wp-json\/wp\/v2\/media?parent=698"}],"curies":[{"name":"wp","href":"https:\/\/api.w.org\/{rel}","templated":true}]}}