{"id":69,"date":"2014-09-18T10:15:07","date_gmt":"2014-09-18T09:15:07","guid":{"rendered":"http:\/\/agora.xtec.cat\/iesinfanta\/?page_id=69"},"modified":"2026-02-17T19:43:23","modified_gmt":"2026-02-17T18:43:23","slug":"menjador-escolar","status":"publish","type":"page","link":"https:\/\/agora.xtec.cat\/iesinfanta\/secretaria\/menjador-escolar\/","title":{"rendered":"Menjador escolar"},"content":{"rendered":"<p>&nbsp;<\/p>\n<p>\u00b7<a href=\"https:\/\/drive.google.com\/file\/d\/1gAJhtu9e9ifNinM8RCjn3TwE9CHXLcAb\/view?usp=drive_link\" target=\"_blank\" rel=\"noopener\"><img loading=\"lazy\" decoding=\"async\" class=\"alignleft wp-image-5185\" src=\"https:\/\/agora.xtec.cat\/iesinfanta\/wp-content\/uploads\/usu231\/2023\/02\/menjador.png\" alt=\"\" width=\"592\" height=\"250\" srcset=\"https:\/\/agora.xtec.cat\/iesinfanta\/wp-content\/uploads\/usu231\/2023\/02\/menjador.png 798w, https:\/\/agora.xtec.cat\/iesinfanta\/wp-content\/uploads\/usu231\/2023\/02\/menjador-300x127.png 300w, https:\/\/agora.xtec.cat\/iesinfanta\/wp-content\/uploads\/usu231\/2023\/02\/menjador-768x324.png 768w\" sizes=\"auto, (max-width: 592px) 100vw, 592px\" \/><\/a><\/p>\n<p>&nbsp;<\/p>\n<p>&nbsp;<\/p>\n<p>\u00b7<\/p>\n<p>&nbsp;<\/p>\n<p>&nbsp;<\/p>\n<div dir=\"auto\">El servei de menjador est\u00e0 gestionat per l&#8221;empresa 7 d&#8217;Aventura.<\/div>\n<div dir=\"auto\"><\/div>\n<div dir=\"auto\">\n<div dir=\"auto\">Comunicaci\u00f3<\/div>\n<div dir=\"auto\"><a href=\"mailto:extraescolars@setdaventura.com\" target=\"_blank\" rel=\"noopener noreferrer\">extraescolars@setdaventura.com<\/a><\/div>\n<div dir=\"auto\">Per correu tel\u00e8fon 93.360.29.24 &#8211; 626.46.59.68<\/div>\n<div dir=\"auto\">Carrer Segre 23, de 9.30h a 13.30h i de 16.30h a 19.30h<\/div>\n<div dir=\"auto\"><\/div>\n<\/div>\n<p>\u00b7 La <a href=\"https:\/\/drive.google.com\/drive\/folders\/1E_zgwSmiPaZIVl61U4NcF7NYfBdit00-\">llista mensual de men\u00fas<\/a> ser\u00e0 exposada al taulell d\u2019anuncis del centre.<\/p>\n<p><span style=\"font-weight: 400;\">\u00b7 Preu fixe 3 dies\/setmana: 6,95<\/span><span style=\"font-weight: 400;\">\u20ac<\/span><span style=\"font-weight: 400;\">\/men\u00fa\u00a0 \u00a0 \u00a0 \u00a0 \u00a0 \u00a0 \u00a0 \u00a0 \u00a0 \u00a0 \u00a0 \u00a0 \u00a0 \u00a0Men\u00fa espor\u00e0dic: 7,13<\/span><span style=\"font-weight: 400;\">\u20ac<\/span><\/p>\n<p>\u00b7 Si algun alumne\/a ha de sortir excepcionalment del centre durant l\u2019horari de menjador (visites m\u00e8diques\u2026) ha de presentar pr\u00e8viament l\u2019autoritzaci\u00f3 escrita del seus pares\/tutors al professor de gu\u00e0rdia de l\u2019equip directiu.<\/p>\n<p>\u00b7 Els alumnes de 3r, 4t d\u2019ESO podran sortir del centre abans de les 15:00h, despr\u00e9s de dinar, pr\u00e8via autoritzaci\u00f3 escrita dels pares. L\u2019impr\u00e8s per a aquesta autoritzaci\u00f3 s\u2019ha de demanar i lliurar a la Secretaria. Ser\u00e0 v\u00e0lid per a tot el curs.<\/p>\n<p><a href=\"https:\/\/drive.google.com\/drive\/folders\/1E_zgwSmiPaZIVl61U4NcF7NYfBdit00-?usp=sharing\">CONSULTA MEN\u00daS<\/a><\/p>\n","protected":false},"excerpt":{"rendered":"<p>&nbsp; \u00b7 &nbsp; &nbsp; \u00b7 &nbsp; &nbsp; El servei de menjador est\u00e0 gestionat per l&#8221;empresa 7 d&#8217;Aventura. Comunicaci\u00f3 extraescolars@setdaventura.com Per correu tel\u00e8fon 93.360.29.24 &#8211; 626.46.59.68 Carrer Segre 23, de 9.30h a 13.30h i de 16.30h a 19.30h \u00b7 La llista mensual de men\u00fas ser\u00e0 exposada al taulell d\u2019anuncis del centre. \u00b7 Preu fixe 3 dies\/setmana: [&hellip;]<\/p>\n","protected":false},"author":1,"featured_media":0,"parent":81,"menu_order":40,"comment_status":"closed","ping_status":"closed","template":"","meta":{"_bbp_topic_count":0,"_bbp_reply_count":0,"_bbp_total_topic_count":0,"_bbp_total_reply_count":0,"_bbp_voice_count":0,"_bbp_anonymous_reply_count":0,"_bbp_topic_count_hidden":0,"_bbp_reply_count_hidden":0,"_bbp_forum_subforum_count":0,"site-sidebar-layout":"default","site-content-layout":"","ast-site-content-layout":"default","site-content-style":"default","site-sidebar-style":"default","ast-global-header-display":"","ast-banner-title-visibility":"","ast-main-header-display":"","ast-hfb-above-header-display":"","ast-hfb-below-header-display":"","ast-hfb-mobile-header-display":"","site-post-title":"","ast-breadcrumbs-content":"","ast-featured-img":"","footer-sml-layout":"","theme-transparent-header-meta":"default","adv-header-id-meta":"","stick-header-meta":"","header-above-stick-meta":"","header-main-stick-meta":"","header-below-stick-meta":"","astra-migrate-meta-layouts":"set","ast-page-background-enabled":"default","ast-page-background-meta":{"desktop":{"background-color":"var(--ast-global-color-4)","background-image":"","background-repeat":"repeat","background-position":"center center","background-size":"auto","background-attachment":"scroll","background-type":"","background-media":"","overlay-type":"","overlay-color":"","overlay-opacity":"","overlay-gradient":""},"tablet":{"background-color":"","background-image":"","background-repeat":"repeat","background-position":"center center","background-size":"auto","background-attachment":"scroll","background-type":"","background-media":"","overlay-type":"","overlay-color":"","overlay-opacity":"","overlay-gradient":""},"mobile":{"background-color":"","background-image":"","background-repeat":"repeat","background-position":"center center","background-size":"auto","background-attachment":"scroll","background-type":"","background-media":"","overlay-type":"","overlay-color":"","overlay-opacity":"","overlay-gradient":""}},"ast-content-background-meta":{"desktop":{"background-color":"var(--ast-global-color-5)","background-image":"","background-repeat":"repeat","background-position":"center center","background-size":"auto","background-attachment":"scroll","background-type":"","background-media":"","overlay-type":"","overlay-color":"","overlay-opacity":"","overlay-gradient":""},"tablet":{"background-color":"var(--ast-global-color-5)","background-image":"","background-repeat":"repeat","background-position":"center center","background-size":"auto","background-attachment":"scroll","background-type":"","background-media":"","overlay-type":"","overlay-color":"","overlay-opacity":"","overlay-gradient":""},"mobile":{"background-color":"var(--ast-global-color-5)","background-image":"","background-repeat":"repeat","background-position":"center center","background-size":"auto","background-attachment":"scroll","background-type":"","background-media":"","overlay-type":"","overlay-color":"","overlay-opacity":"","overlay-gradient":""}},"footnotes":""},"class_list":["post-69","page","type-page","status-publish","hentry"],"post_mailing_queue_ids":[],"_links":{"self":[{"href":"https:\/\/agora.xtec.cat\/iesinfanta\/wp-json\/wp\/v2\/pages\/69","targetHints":{"allow":["GET"]}}],"collection":[{"href":"https:\/\/agora.xtec.cat\/iesinfanta\/wp-json\/wp\/v2\/pages"}],"about":[{"href":"https:\/\/agora.xtec.cat\/iesinfanta\/wp-json\/wp\/v2\/types\/page"}],"author":[{"embeddable":true,"href":"https:\/\/agora.xtec.cat\/iesinfanta\/wp-json\/wp\/v2\/users\/1"}],"replies":[{"embeddable":true,"href":"https:\/\/agora.xtec.cat\/iesinfanta\/wp-json\/wp\/v2\/comments?post=69"}],"version-history":[{"count":6,"href":"https:\/\/agora.xtec.cat\/iesinfanta\/wp-json\/wp\/v2\/pages\/69\/revisions"}],"predecessor-version":[{"id":8082,"href":"https:\/\/agora.xtec.cat\/iesinfanta\/wp-json\/wp\/v2\/pages\/69\/revisions\/8082"}],"up":[{"embeddable":true,"href":"https:\/\/agora.xtec.cat\/iesinfanta\/wp-json\/wp\/v2\/pages\/81"}],"wp:attachment":[{"href":"https:\/\/agora.xtec.cat\/iesinfanta\/wp-json\/wp\/v2\/media?parent=69"}],"curies":[{"name":"wp","href":"https:\/\/api.w.org\/{rel}","templated":true}]}}