{"id":689,"date":"2019-11-11T17:31:04","date_gmt":"2019-11-11T16:31:04","guid":{"rendered":"https:\/\/agora.xtec.cat\/iesinfanta\/?page_id=689"},"modified":"2025-01-08T13:33:44","modified_gmt":"2025-01-08T12:33:44","slug":"treball-de-recerca","status":"publish","type":"page","link":"https:\/\/agora.xtec.cat\/iesinfanta\/estudis\/batxillerat\/treball-de-recerca\/","title":{"rendered":"Treball de Recerca"},"content":{"rendered":"<p>El treball de recerca \u00e9s una oportunitat de complementar els vostres estudis, dedicant un temps a la investigaci\u00f3 i exploraci\u00f3 en un \u00e0mbit que us permeti apropar-vos a tem\u00e0tiques i experi\u00e8ncies diverses que siguin del vostre inter\u00e8s. Haureu de planificar un seguit d&#8217;activitats estructurades i orientades a la investigaci\u00f3 amb el seguiment d&#8217;un tutor, per tal de validar la compet\u00e8ncia i l&#8217;adequaci\u00f3 de la vostra recerca.\u00a0La dedicaci\u00f3 hor\u00e0ria de l&#8217;alumnat \u00e9s de 70 hores aproximadament i, de forma habitual, es realitza entre finals del primer curs i inicis del segon curs del batxillerat.<\/p>\n<p>En <strong><a href=\"https:\/\/agora.xtec.cat\/iesinfanta\/wp-content\/uploads\/usu231\/2019\/11\/EL-TREBALL-DE-RECERCA-2019.pdf\" target=\"_blank\" rel=\"noopener noreferrer\">aquest dossier<\/a>\u00a0<\/strong>trobareu les <strong>pautes<\/strong> que haureu de fer servir per desenvolupar el proc\u00e9s de recerca, redactar l&#8217;informe i presentar-lo de forma adequada.<\/p>\n<p>Us oferim tamb\u00e9 un enlla\u00e7 al <a href=\"https:\/\/xtec.gencat.cat\/ca\/curriculum\/batxillerat\/treballrecerca\/\">web del Departament d&#8217;Ensenyament<\/a>, on trobareu informaci\u00f3 m\u00e9s completa que us poden ser \u00fatils. Penseu que el vostre treball es pot presentar a diferents premis, de vegades us pot ajudar a concretar el tema de forma que sigui adequat <a href=\"https:\/\/xtec.gencat.cat\/ca\/curriculum\/batxillerat\/treballrecerca\/premis\/\">a alguna d&#8217;aquestes convocat\u00f2ries<\/a>.<\/p>\n","protected":false},"excerpt":{"rendered":"<p>El treball de recerca \u00e9s una oportunitat de complementar els vostres estudis, dedicant un temps a la investigaci\u00f3 i exploraci\u00f3 en un \u00e0mbit que us permeti apropar-vos a tem\u00e0tiques i experi\u00e8ncies diverses que siguin del vostre inter\u00e8s. Haureu de planificar un seguit d&#8217;activitats estructurades i orientades a la investigaci\u00f3 amb el seguiment d&#8217;un tutor, per [&hellip;]<\/p>\n","protected":false},"author":4,"featured_media":0,"parent":701,"menu_order":0,"comment_status":"closed","ping_status":"closed","template":"page-templates\/side-menu.php","meta":{"_bbp_topic_count":0,"_bbp_reply_count":0,"_bbp_total_topic_count":0,"_bbp_total_reply_count":0,"_bbp_voice_count":0,"_bbp_anonymous_reply_count":0,"_bbp_topic_count_hidden":0,"_bbp_reply_count_hidden":0,"_bbp_forum_subforum_count":0,"site-sidebar-layout":"default","site-content-layout":"","ast-site-content-layout":"","site-content-style":"default","site-sidebar-style":"default","ast-global-header-display":"","ast-banner-title-visibility":"","ast-main-header-display":"","ast-hfb-above-header-display":"","ast-hfb-below-header-display":"","ast-hfb-mobile-header-display":"","site-post-title":"","ast-breadcrumbs-content":"","ast-featured-img":"","footer-sml-layout":"","theme-transparent-header-meta":"","adv-header-id-meta":"","stick-header-meta":"","header-above-stick-meta":"","header-main-stick-meta":"","header-below-stick-meta":"","astra-migrate-meta-layouts":"default","ast-page-background-enabled":"default","ast-page-background-meta":{"desktop":{"background-color":"var(--ast-global-color-4)","background-image":"","background-repeat":"repeat","background-position":"center center","background-size":"auto","background-attachment":"scroll","background-type":"","background-media":"","overlay-type":"","overlay-color":"","overlay-opacity":"","overlay-gradient":""},"tablet":{"background-color":"","background-image":"","background-repeat":"repeat","background-position":"center center","background-size":"auto","background-attachment":"scroll","background-type":"","background-media":"","overlay-type":"","overlay-color":"","overlay-opacity":"","overlay-gradient":""},"mobile":{"background-color":"","background-image":"","background-repeat":"repeat","background-position":"center center","background-size":"auto","background-attachment":"scroll","background-type":"","background-media":"","overlay-type":"","overlay-color":"","overlay-opacity":"","overlay-gradient":""}},"ast-content-background-meta":{"desktop":{"background-color":"var(--ast-global-color-5)","background-image":"","background-repeat":"repeat","background-position":"center center","background-size":"auto","background-attachment":"scroll","background-type":"","background-media":"","overlay-type":"","overlay-color":"","overlay-opacity":"","overlay-gradient":""},"tablet":{"background-color":"var(--ast-global-color-5)","background-image":"","background-repeat":"repeat","background-position":"center center","background-size":"auto","background-attachment":"scroll","background-type":"","background-media":"","overlay-type":"","overlay-color":"","overlay-opacity":"","overlay-gradient":""},"mobile":{"background-color":"var(--ast-global-color-5)","background-image":"","background-repeat":"repeat","background-position":"center center","background-size":"auto","background-attachment":"scroll","background-type":"","background-media":"","overlay-type":"","overlay-color":"","overlay-opacity":"","overlay-gradient":""}},"footnotes":""},"class_list":["post-689","page","type-page","status-publish","hentry"],"post_mailing_queue_ids":[],"_links":{"self":[{"href":"https:\/\/agora.xtec.cat\/iesinfanta\/wp-json\/wp\/v2\/pages\/689","targetHints":{"allow":["GET"]}}],"collection":[{"href":"https:\/\/agora.xtec.cat\/iesinfanta\/wp-json\/wp\/v2\/pages"}],"about":[{"href":"https:\/\/agora.xtec.cat\/iesinfanta\/wp-json\/wp\/v2\/types\/page"}],"author":[{"embeddable":true,"href":"https:\/\/agora.xtec.cat\/iesinfanta\/wp-json\/wp\/v2\/users\/4"}],"replies":[{"embeddable":true,"href":"https:\/\/agora.xtec.cat\/iesinfanta\/wp-json\/wp\/v2\/comments?post=689"}],"version-history":[{"count":5,"href":"https:\/\/agora.xtec.cat\/iesinfanta\/wp-json\/wp\/v2\/pages\/689\/revisions"}],"predecessor-version":[{"id":7132,"href":"https:\/\/agora.xtec.cat\/iesinfanta\/wp-json\/wp\/v2\/pages\/689\/revisions\/7132"}],"up":[{"embeddable":true,"href":"https:\/\/agora.xtec.cat\/iesinfanta\/wp-json\/wp\/v2\/pages\/701"}],"wp:attachment":[{"href":"https:\/\/agora.xtec.cat\/iesinfanta\/wp-json\/wp\/v2\/media?parent=689"}],"curies":[{"name":"wp","href":"https:\/\/api.w.org\/{rel}","templated":true}]}}