{"id":643,"date":"2019-11-09T17:59:13","date_gmt":"2019-11-09T16:59:13","guid":{"rendered":"https:\/\/agora.xtec.cat\/iesinfanta\/?page_id=643"},"modified":"2019-11-11T20:31:00","modified_gmt":"2019-11-11T19:31:00","slug":"projecte-educatiu-de-centre","status":"publish","type":"page","link":"https:\/\/agora.xtec.cat\/iesinfanta\/projecte-educatiu\/projecte-educatiu-de-centre\/","title":{"rendered":"Projecte Educatiu de Centre"},"content":{"rendered":"<p>&nbsp;<\/p>\n<p><img loading=\"lazy\" decoding=\"async\" class=\" wp-image-660 alignleft\" src=\"https:\/\/agora.xtec.cat\/iesinfanta\/wp-content\/uploads\/usu231\/2019\/11\/projecte-educatiu.jpg\" alt=\"\" width=\"230\" height=\"171\" srcset=\"https:\/\/agora.xtec.cat\/iesinfanta\/wp-content\/uploads\/usu231\/2019\/11\/projecte-educatiu.jpg 202w, https:\/\/agora.xtec.cat\/iesinfanta\/wp-content\/uploads\/usu231\/2019\/11\/projecte-educatiu-200x150.jpg 200w\" sizes=\"auto, (max-width: 230px) 100vw, 230px\" \/><\/p>\n<p style=\"padding-left: 120px; text-align: justify;\">El projecte educatiu de l&#8217;institut Infanta Isabel d&#8217;Arag\u00f3, pel seu car\u00e0cter de centre p\u00fablic d&#8217;ensenyament secundari, facilita, sobretot, el desenvolupament d&#8217;aprenentatges i compet\u00e8ncies que permeten comprendre els elements b\u00e0sics de les humanitats, la ci\u00e8ncia, la t\u00e8cnica, les arts i la cultura. Aquest projecte, alhora, enfasitza el car\u00e0cter d&#8217;integraci\u00f3 al m\u00f3n laboral, als nivells formatius posteriors i el desenvolupament personal dels qui seran futurs ciutadans de Catalunya.<\/p>\n<p>Podeu consultar el nostre <a href=\"https:\/\/agora.xtec.cat\/iesinfanta\/wp-content\/uploads\/usu231\/2019\/11\/projecte-educatiu.pdf\" target=\"_blank\" rel=\"noopener noreferrer\">PEC en aquest enlla\u00e7<\/a>.<\/p>\n<p>&nbsp;<\/p>\n","protected":false},"excerpt":{"rendered":"<p>&nbsp; El projecte educatiu de l&#8217;institut Infanta Isabel d&#8217;Arag\u00f3, pel seu car\u00e0cter de centre p\u00fablic d&#8217;ensenyament secundari, facilita, sobretot, el desenvolupament d&#8217;aprenentatges i compet\u00e8ncies que permeten comprendre els elements b\u00e0sics de les humanitats, la ci\u00e8ncia, la t\u00e8cnica, les arts i la cultura. Aquest projecte, alhora, enfasitza el car\u00e0cter d&#8217;integraci\u00f3 al m\u00f3n laboral, als nivells formatius [&hellip;]<\/p>\n","protected":false},"author":4,"featured_media":0,"parent":57,"menu_order":10,"comment_status":"closed","ping_status":"closed","template":"page-templates\/side-menu.php","meta":{"_bbp_topic_count":0,"_bbp_reply_count":0,"_bbp_total_topic_count":0,"_bbp_total_reply_count":0,"_bbp_voice_count":0,"_bbp_anonymous_reply_count":0,"_bbp_topic_count_hidden":0,"_bbp_reply_count_hidden":0,"_bbp_forum_subforum_count":0,"site-sidebar-layout":"default","site-content-layout":"","ast-site-content-layout":"","site-content-style":"default","site-sidebar-style":"default","ast-global-header-display":"","ast-banner-title-visibility":"","ast-main-header-display":"","ast-hfb-above-header-display":"","ast-hfb-below-header-display":"","ast-hfb-mobile-header-display":"","site-post-title":"","ast-breadcrumbs-content":"","ast-featured-img":"","footer-sml-layout":"","theme-transparent-header-meta":"","adv-header-id-meta":"","stick-header-meta":"","header-above-stick-meta":"","header-main-stick-meta":"","header-below-stick-meta":"","astra-migrate-meta-layouts":"default","ast-page-background-enabled":"default","ast-page-background-meta":{"desktop":{"background-color":"var(--ast-global-color-4)","background-image":"","background-repeat":"repeat","background-position":"center center","background-size":"auto","background-attachment":"scroll","background-type":"","background-media":"","overlay-type":"","overlay-color":"","overlay-opacity":"","overlay-gradient":""},"tablet":{"background-color":"","background-image":"","background-repeat":"repeat","background-position":"center center","background-size":"auto","background-attachment":"scroll","background-type":"","background-media":"","overlay-type":"","overlay-color":"","overlay-opacity":"","overlay-gradient":""},"mobile":{"background-color":"","background-image":"","background-repeat":"repeat","background-position":"center center","background-size":"auto","background-attachment":"scroll","background-type":"","background-media":"","overlay-type":"","overlay-color":"","overlay-opacity":"","overlay-gradient":""}},"ast-content-background-meta":{"desktop":{"background-color":"var(--ast-global-color-5)","background-image":"","background-repeat":"repeat","background-position":"center center","background-size":"auto","background-attachment":"scroll","background-type":"","background-media":"","overlay-type":"","overlay-color":"","overlay-opacity":"","overlay-gradient":""},"tablet":{"background-color":"var(--ast-global-color-5)","background-image":"","background-repeat":"repeat","background-position":"center center","background-size":"auto","background-attachment":"scroll","background-type":"","background-media":"","overlay-type":"","overlay-color":"","overlay-opacity":"","overlay-gradient":""},"mobile":{"background-color":"var(--ast-global-color-5)","background-image":"","background-repeat":"repeat","background-position":"center center","background-size":"auto","background-attachment":"scroll","background-type":"","background-media":"","overlay-type":"","overlay-color":"","overlay-opacity":"","overlay-gradient":""}},"footnotes":""},"class_list":["post-643","page","type-page","status-publish","hentry"],"post_mailing_queue_ids":[],"_links":{"self":[{"href":"https:\/\/agora.xtec.cat\/iesinfanta\/wp-json\/wp\/v2\/pages\/643","targetHints":{"allow":["GET"]}}],"collection":[{"href":"https:\/\/agora.xtec.cat\/iesinfanta\/wp-json\/wp\/v2\/pages"}],"about":[{"href":"https:\/\/agora.xtec.cat\/iesinfanta\/wp-json\/wp\/v2\/types\/page"}],"author":[{"embeddable":true,"href":"https:\/\/agora.xtec.cat\/iesinfanta\/wp-json\/wp\/v2\/users\/4"}],"replies":[{"embeddable":true,"href":"https:\/\/agora.xtec.cat\/iesinfanta\/wp-json\/wp\/v2\/comments?post=643"}],"version-history":[{"count":3,"href":"https:\/\/agora.xtec.cat\/iesinfanta\/wp-json\/wp\/v2\/pages\/643\/revisions"}],"predecessor-version":[{"id":724,"href":"https:\/\/agora.xtec.cat\/iesinfanta\/wp-json\/wp\/v2\/pages\/643\/revisions\/724"}],"up":[{"embeddable":true,"href":"https:\/\/agora.xtec.cat\/iesinfanta\/wp-json\/wp\/v2\/pages\/57"}],"wp:attachment":[{"href":"https:\/\/agora.xtec.cat\/iesinfanta\/wp-json\/wp\/v2\/media?parent=643"}],"curies":[{"name":"wp","href":"https:\/\/api.w.org\/{rel}","templated":true}]}}