{"id":641,"date":"2019-11-09T17:58:23","date_gmt":"2019-11-09T16:58:23","guid":{"rendered":"https:\/\/agora.xtec.cat\/iesinfanta\/?page_id=641"},"modified":"2023-07-03T15:20:25","modified_gmt":"2023-07-03T13:20:25","slug":"projecte-linguistic","status":"publish","type":"page","link":"https:\/\/agora.xtec.cat\/iesinfanta\/projecte-educatiu\/projecte-linguistic\/","title":{"rendered":"Projecte Ling\u00fa\u00edstic"},"content":{"rendered":"<p style=\"text-align: justify;\"><a href=\"https:\/\/drive.google.com\/file\/d\/1Z68XaCYOeTAw-vAGI0CfCqcCIJzpZK3v\/view?usp=sharing\" target=\"_blank\" rel=\"noopener\"><img loading=\"lazy\" decoding=\"async\" class=\"alignleft wp-image-677\" src=\"https:\/\/agora.xtec.cat\/iesinfanta\/wp-content\/uploads\/usu231\/2019\/11\/projecte-linguistic.png\" alt=\"\" width=\"267\" height=\"178\" srcset=\"https:\/\/agora.xtec.cat\/iesinfanta\/wp-content\/uploads\/usu231\/2019\/11\/projecte-linguistic.png 620w, https:\/\/agora.xtec.cat\/iesinfanta\/wp-content\/uploads\/usu231\/2019\/11\/projecte-linguistic-300x200.png 300w\" sizes=\"auto, (max-width: 267px) 100vw, 267px\" \/><\/a>El projecte ling\u00fc\u00edstic t\u00e9 com a objectiu fonamental aconseguir que tot l\u2019alumnat assoleixi, en acabar el per\u00edode d\u2019escolaritzaci\u00f3 obligat\u00f2ria, la compet\u00e8ncia ling\u00fc\u00edstica plena en catal\u00e0 i castell\u00e0, a m\u00e9s d\u2019una compet\u00e8ncia suficient en angl\u00e8s, d\u2019acord amb el Marc europeu com\u00fa de refer\u00e8ncia per a l\u2019aprenentatge, l\u2019ensenyament i l\u2019avaluaci\u00f3 de les lleng\u00fces. Al mateix temps, tamb\u00e9 es fixa com a objectiu que els alumnes que aix\u00ed ho desitgin puguin aprendre una segona llengua estrangera (franc\u00e8s o alemany) al llarg de l\u2019ESO i tamb\u00e9 al Batxillerat.<\/p>\n<p>&nbsp;<\/p>\n<p><a href=\"https:\/\/drive.google.com\/file\/d\/1Z68XaCYOeTAw-vAGI0CfCqcCIJzpZK3v\/view?usp=sharing\" target=\"_blank\" rel=\"noopener\">Consulta el nostre Projecte Ling\u00fc\u00edstic<\/a><\/p>\n","protected":false},"excerpt":{"rendered":"<p>El projecte ling\u00fc\u00edstic t\u00e9 com a objectiu fonamental aconseguir que tot l\u2019alumnat assoleixi, en acabar el per\u00edode d\u2019escolaritzaci\u00f3 obligat\u00f2ria, la compet\u00e8ncia ling\u00fc\u00edstica plena en catal\u00e0 i castell\u00e0, a m\u00e9s d\u2019una compet\u00e8ncia suficient en angl\u00e8s, d\u2019acord amb el Marc europeu com\u00fa de refer\u00e8ncia per a l\u2019aprenentatge, l\u2019ensenyament i l\u2019avaluaci\u00f3 de les lleng\u00fces. Al mateix temps, tamb\u00e9 [&hellip;]<\/p>\n","protected":false},"author":4,"featured_media":0,"parent":57,"menu_order":20,"comment_status":"closed","ping_status":"closed","template":"page-templates\/side-menu.php","meta":{"_bbp_topic_count":0,"_bbp_reply_count":0,"_bbp_total_topic_count":0,"_bbp_total_reply_count":0,"_bbp_voice_count":0,"_bbp_anonymous_reply_count":0,"_bbp_topic_count_hidden":0,"_bbp_reply_count_hidden":0,"_bbp_forum_subforum_count":0,"site-sidebar-layout":"default","site-content-layout":"","ast-site-content-layout":"","site-content-style":"default","site-sidebar-style":"default","ast-global-header-display":"","ast-banner-title-visibility":"","ast-main-header-display":"","ast-hfb-above-header-display":"","ast-hfb-below-header-display":"","ast-hfb-mobile-header-display":"","site-post-title":"","ast-breadcrumbs-content":"","ast-featured-img":"","footer-sml-layout":"","theme-transparent-header-meta":"","adv-header-id-meta":"","stick-header-meta":"","header-above-stick-meta":"","header-main-stick-meta":"","header-below-stick-meta":"","astra-migrate-meta-layouts":"default","ast-page-background-enabled":"default","ast-page-background-meta":{"desktop":{"background-color":"var(--ast-global-color-4)","background-image":"","background-repeat":"repeat","background-position":"center center","background-size":"auto","background-attachment":"scroll","background-type":"","background-media":"","overlay-type":"","overlay-color":"","overlay-opacity":"","overlay-gradient":""},"tablet":{"background-color":"","background-image":"","background-repeat":"repeat","background-position":"center center","background-size":"auto","background-attachment":"scroll","background-type":"","background-media":"","overlay-type":"","overlay-color":"","overlay-opacity":"","overlay-gradient":""},"mobile":{"background-color":"","background-image":"","background-repeat":"repeat","background-position":"center center","background-size":"auto","background-attachment":"scroll","background-type":"","background-media":"","overlay-type":"","overlay-color":"","overlay-opacity":"","overlay-gradient":""}},"ast-content-background-meta":{"desktop":{"background-color":"var(--ast-global-color-5)","background-image":"","background-repeat":"repeat","background-position":"center center","background-size":"auto","background-attachment":"scroll","background-type":"","background-media":"","overlay-type":"","overlay-color":"","overlay-opacity":"","overlay-gradient":""},"tablet":{"background-color":"var(--ast-global-color-5)","background-image":"","background-repeat":"repeat","background-position":"center center","background-size":"auto","background-attachment":"scroll","background-type":"","background-media":"","overlay-type":"","overlay-color":"","overlay-opacity":"","overlay-gradient":""},"mobile":{"background-color":"var(--ast-global-color-5)","background-image":"","background-repeat":"repeat","background-position":"center center","background-size":"auto","background-attachment":"scroll","background-type":"","background-media":"","overlay-type":"","overlay-color":"","overlay-opacity":"","overlay-gradient":""}},"footnotes":""},"class_list":["post-641","page","type-page","status-publish","hentry"],"post_mailing_queue_ids":[],"_links":{"self":[{"href":"https:\/\/agora.xtec.cat\/iesinfanta\/wp-json\/wp\/v2\/pages\/641","targetHints":{"allow":["GET"]}}],"collection":[{"href":"https:\/\/agora.xtec.cat\/iesinfanta\/wp-json\/wp\/v2\/pages"}],"about":[{"href":"https:\/\/agora.xtec.cat\/iesinfanta\/wp-json\/wp\/v2\/types\/page"}],"author":[{"embeddable":true,"href":"https:\/\/agora.xtec.cat\/iesinfanta\/wp-json\/wp\/v2\/users\/4"}],"replies":[{"embeddable":true,"href":"https:\/\/agora.xtec.cat\/iesinfanta\/wp-json\/wp\/v2\/comments?post=641"}],"version-history":[{"count":4,"href":"https:\/\/agora.xtec.cat\/iesinfanta\/wp-json\/wp\/v2\/pages\/641\/revisions"}],"predecessor-version":[{"id":6161,"href":"https:\/\/agora.xtec.cat\/iesinfanta\/wp-json\/wp\/v2\/pages\/641\/revisions\/6161"}],"up":[{"embeddable":true,"href":"https:\/\/agora.xtec.cat\/iesinfanta\/wp-json\/wp\/v2\/pages\/57"}],"wp:attachment":[{"href":"https:\/\/agora.xtec.cat\/iesinfanta\/wp-json\/wp\/v2\/media?parent=641"}],"curies":[{"name":"wp","href":"https:\/\/api.w.org\/{rel}","templated":true}]}}