{"id":6247,"date":"2023-09-27T22:54:19","date_gmt":"2023-09-27T20:54:19","guid":{"rendered":"https:\/\/agora.xtec.cat\/iesinfanta\/?page_id=6247"},"modified":"2026-04-28T19:42:39","modified_gmt":"2026-04-28T17:42:39","slug":"sant-jordi","status":"publish","type":"page","link":"https:\/\/agora.xtec.cat\/iesinfanta\/serveis\/sant-jordi\/","title":{"rendered":"Sant Jordi"},"content":{"rendered":"<p><a href=\"https:\/\/agora.xtec.cat\/iesinfanta\/wp-content\/uploads\/usu231\/2026\/04\/20260428_075258-ok-tamano-ok.jpg\"><img loading=\"lazy\" decoding=\"async\" class=\"alignnone wp-image-8344 size-full\" src=\"https:\/\/agora.xtec.cat\/iesinfanta\/wp-content\/uploads\/usu231\/2026\/04\/20260428_075258-ok-tamano-ok.jpg\" alt=\"\" width=\"1024\" height=\"462\" srcset=\"https:\/\/agora.xtec.cat\/iesinfanta\/wp-content\/uploads\/usu231\/2026\/04\/20260428_075258-ok-tamano-ok.jpg 1024w, https:\/\/agora.xtec.cat\/iesinfanta\/wp-content\/uploads\/usu231\/2026\/04\/20260428_075258-ok-tamano-ok-300x135.jpg 300w, https:\/\/agora.xtec.cat\/iesinfanta\/wp-content\/uploads\/usu231\/2026\/04\/20260428_075258-ok-tamano-ok-768x347.jpg 768w\" sizes=\"auto, (max-width: 1024px) 100vw, 1024px\" \/><\/a><\/p>\n<p style=\"text-align: justify;\">La festa de Sant Jordi \u00e9s una de les celebracions m\u00e9s importants a l&#8217;institut, amb un car\u00e0cter l\u00fadic i cultural.<\/p>\n<p style=\"text-align: justify;\">L&#8217;institut organitza cert\u00e0mens literaris, de fotografia, v\u00eddeo, lletrejar paraules o m\u00fasica.<\/p>\n<p style=\"text-align: justify;\">Els actes de lliurament de premis es realitzen a l&#8217;Auditori (o a la sala multi\u00fas), on es duen a terme actuacions teatrals i musicals. En paral\u00b7lel, es fan activitats diverses al pati i tallers a les aules.<\/p>\n<table style=\"border-collapse: collapse; width: 100%; height: 96px;\">\n<tbody>\n<tr style=\"height: 32px;\">\n<td style=\"width: 25.9906%; text-align: center; height: 32px;\"><\/td>\n<td style=\"width: 27.3427%; text-align: center; height: 32px;\"><\/td>\n<td style=\"width: 33.3333%; text-align: center; height: 32px;\">Sant Jordi 2026<\/td>\n<\/tr>\n<tr style=\"height: 32px;\">\n<td style=\"width: 25.9906%; text-align: center; height: 32px;\"><a href=\"https:\/\/agora.xtec.cat\/iesinfanta\/sant-jordi-2024\/\">Sant Jordi 2024<\/a><\/td>\n<td style=\"width: 27.3427%; text-align: center; height: 32px;\"><a href=\"https:\/\/agora.xtec.cat\/iesinfanta\/sant-jordi-2023\/\" target=\"_blank\" rel=\"noopener\">Sant Jordi 2023<\/a><\/td>\n<td style=\"width: 33.3333%; text-align: center; height: 32px;\">\u00a0<a href=\"https:\/\/agora.xtec.cat\/iesinfanta\/serveis\/sant-jordi-2022\/\" target=\"_blank\" rel=\"noopener\">Sant Jordi 2022<\/a><\/td>\n<\/tr>\n<tr style=\"height: 32px;\">\n<td style=\"width: 25.9906%; text-align: center; height: 32px;\">\u00a0<a href=\"https:\/\/agora.xtec.cat\/iesinfanta\/premis-sant-jordi-2021\/\" target=\"_blank\" rel=\"noopener\">Sant Jordi 2021<\/a><\/td>\n<td style=\"width: 27.3427%; text-align: center; height: 32px;\"><a href=\"https:\/\/agora.xtec.cat\/iesinfanta\/serveis\/sant-jordi-2022\/sant-jordi-2021\/sant-jordi-2020\/\" target=\"_blank\" rel=\"noopener\">Sant Jordi 2020<\/a><\/td>\n<td style=\"width: 33.3333%; text-align: center; height: 32px;\"><a href=\"https:\/\/agora.xtec.cat\/iesinfanta\/sant-jordi\/sant-jordi-2019\/\" target=\"_blank\" rel=\"noopener\">Sant Jordi 2019<\/a><\/td>\n<\/tr>\n<\/tbody>\n<\/table>\n<p><a href=\"https:\/\/agora.xtec.cat\/iesinfanta\/wp-content\/uploads\/usu231\/2026\/04\/PXL_20260423_082645425.MP_.jpg\"><img loading=\"lazy\" decoding=\"async\" class=\"alignnone wp-image-8335 size-full\" src=\"https:\/\/agora.xtec.cat\/iesinfanta\/wp-content\/uploads\/usu231\/2026\/04\/PXL_20260423_082645425.MP_-e1777395267935.jpg\" alt=\"\" width=\"1024\" height=\"364\" srcset=\"https:\/\/agora.xtec.cat\/iesinfanta\/wp-content\/uploads\/usu231\/2026\/04\/PXL_20260423_082645425.MP_-e1777395267935.jpg 1024w, https:\/\/agora.xtec.cat\/iesinfanta\/wp-content\/uploads\/usu231\/2026\/04\/PXL_20260423_082645425.MP_-e1777395267935-300x107.jpg 300w, https:\/\/agora.xtec.cat\/iesinfanta\/wp-content\/uploads\/usu231\/2026\/04\/PXL_20260423_082645425.MP_-e1777395267935-768x273.jpg 768w\" sizes=\"auto, (max-width: 1024px) 100vw, 1024px\" \/><\/a><\/p>\n<p><a href=\"https:\/\/agora.xtec.cat\/iesinfanta\/wp-content\/uploads\/usu231\/2026\/04\/20260423_111249.jpg\"><img loading=\"lazy\" decoding=\"async\" class=\"alignnone size-full wp-image-8337\" src=\"https:\/\/agora.xtec.cat\/iesinfanta\/wp-content\/uploads\/usu231\/2026\/04\/20260423_111249.jpg\" alt=\"\" width=\"1024\" height=\"590\" srcset=\"https:\/\/agora.xtec.cat\/iesinfanta\/wp-content\/uploads\/usu231\/2026\/04\/20260423_111249.jpg 1024w, https:\/\/agora.xtec.cat\/iesinfanta\/wp-content\/uploads\/usu231\/2026\/04\/20260423_111249-300x173.jpg 300w, https:\/\/agora.xtec.cat\/iesinfanta\/wp-content\/uploads\/usu231\/2026\/04\/20260423_111249-768x443.jpg 768w\" sizes=\"auto, (max-width: 1024px) 100vw, 1024px\" \/><\/a><\/p>\n<p><a href=\"https:\/\/agora.xtec.cat\/iesinfanta\/wp-content\/uploads\/usu231\/2026\/04\/IMG-20260423-WA0074.jpg\"><img loading=\"lazy\" decoding=\"async\" class=\"alignnone size-full wp-image-8339\" src=\"https:\/\/agora.xtec.cat\/iesinfanta\/wp-content\/uploads\/usu231\/2026\/04\/IMG-20260423-WA0074.jpg\" alt=\"\" width=\"2048\" height=\"1152\" srcset=\"https:\/\/agora.xtec.cat\/iesinfanta\/wp-content\/uploads\/usu231\/2026\/04\/IMG-20260423-WA0074.jpg 2048w, https:\/\/agora.xtec.cat\/iesinfanta\/wp-content\/uploads\/usu231\/2026\/04\/IMG-20260423-WA0074-300x169.jpg 300w, https:\/\/agora.xtec.cat\/iesinfanta\/wp-content\/uploads\/usu231\/2026\/04\/IMG-20260423-WA0074-1024x576.jpg 1024w, https:\/\/agora.xtec.cat\/iesinfanta\/wp-content\/uploads\/usu231\/2026\/04\/IMG-20260423-WA0074-768x432.jpg 768w, https:\/\/agora.xtec.cat\/iesinfanta\/wp-content\/uploads\/usu231\/2026\/04\/IMG-20260423-WA0074-1536x864.jpg 1536w\" sizes=\"auto, (max-width: 2048px) 100vw, 2048px\" \/><\/a><\/p>\n","protected":false},"excerpt":{"rendered":"<p>La festa de Sant Jordi \u00e9s una de les celebracions m\u00e9s importants a l&#8217;institut, amb un car\u00e0cter l\u00fadic i cultural. L&#8217;institut organitza cert\u00e0mens literaris, de fotografia, v\u00eddeo, lletrejar paraules o m\u00fasica. Els actes de lliurament de premis es realitzen a l&#8217;Auditori (o a la sala multi\u00fas), on es duen a terme actuacions teatrals i musicals. [&hellip;]<\/p>\n","protected":false},"author":5,"featured_media":0,"parent":63,"menu_order":30,"comment_status":"closed","ping_status":"closed","template":"","meta":{"_bbp_topic_count":0,"_bbp_reply_count":0,"_bbp_total_topic_count":0,"_bbp_total_reply_count":0,"_bbp_voice_count":0,"_bbp_anonymous_reply_count":0,"_bbp_topic_count_hidden":0,"_bbp_reply_count_hidden":0,"_bbp_forum_subforum_count":0,"site-sidebar-layout":"default","site-content-layout":"","ast-site-content-layout":"default","site-content-style":"default","site-sidebar-style":"default","ast-global-header-display":"","ast-banner-title-visibility":"","ast-main-header-display":"","ast-hfb-above-header-display":"","ast-hfb-below-header-display":"","ast-hfb-mobile-header-display":"","site-post-title":"","ast-breadcrumbs-content":"","ast-featured-img":"","footer-sml-layout":"","theme-transparent-header-meta":"default","adv-header-id-meta":"","stick-header-meta":"","header-above-stick-meta":"","header-main-stick-meta":"","header-below-stick-meta":"","astra-migrate-meta-layouts":"set","ast-page-background-enabled":"default","ast-page-background-meta":{"desktop":{"background-color":"var(--ast-global-color-4)","background-image":"","background-repeat":"repeat","background-position":"center center","background-size":"auto","background-attachment":"scroll","background-type":"","background-media":"","overlay-type":"","overlay-color":"","overlay-opacity":"","overlay-gradient":""},"tablet":{"background-color":"","background-image":"","background-repeat":"repeat","background-position":"center center","background-size":"auto","background-attachment":"scroll","background-type":"","background-media":"","overlay-type":"","overlay-color":"","overlay-opacity":"","overlay-gradient":""},"mobile":{"background-color":"","background-image":"","background-repeat":"repeat","background-position":"center center","background-size":"auto","background-attachment":"scroll","background-type":"","background-media":"","overlay-type":"","overlay-color":"","overlay-opacity":"","overlay-gradient":""}},"ast-content-background-meta":{"desktop":{"background-color":"var(--ast-global-color-5)","background-image":"","background-repeat":"repeat","background-position":"center center","background-size":"auto","background-attachment":"scroll","background-type":"","background-media":"","overlay-type":"","overlay-color":"","overlay-opacity":"","overlay-gradient":""},"tablet":{"background-color":"var(--ast-global-color-5)","background-image":"","background-repeat":"repeat","background-position":"center center","background-size":"auto","background-attachment":"scroll","background-type":"","background-media":"","overlay-type":"","overlay-color":"","overlay-opacity":"","overlay-gradient":""},"mobile":{"background-color":"var(--ast-global-color-5)","background-image":"","background-repeat":"repeat","background-position":"center center","background-size":"auto","background-attachment":"scroll","background-type":"","background-media":"","overlay-type":"","overlay-color":"","overlay-opacity":"","overlay-gradient":""}},"footnotes":""},"class_list":["post-6247","page","type-page","status-publish","hentry"],"post_mailing_queue_ids":[],"_links":{"self":[{"href":"https:\/\/agora.xtec.cat\/iesinfanta\/wp-json\/wp\/v2\/pages\/6247","targetHints":{"allow":["GET"]}}],"collection":[{"href":"https:\/\/agora.xtec.cat\/iesinfanta\/wp-json\/wp\/v2\/pages"}],"about":[{"href":"https:\/\/agora.xtec.cat\/iesinfanta\/wp-json\/wp\/v2\/types\/page"}],"author":[{"embeddable":true,"href":"https:\/\/agora.xtec.cat\/iesinfanta\/wp-json\/wp\/v2\/users\/5"}],"replies":[{"embeddable":true,"href":"https:\/\/agora.xtec.cat\/iesinfanta\/wp-json\/wp\/v2\/comments?post=6247"}],"version-history":[{"count":7,"href":"https:\/\/agora.xtec.cat\/iesinfanta\/wp-json\/wp\/v2\/pages\/6247\/revisions"}],"predecessor-version":[{"id":8349,"href":"https:\/\/agora.xtec.cat\/iesinfanta\/wp-json\/wp\/v2\/pages\/6247\/revisions\/8349"}],"up":[{"embeddable":true,"href":"https:\/\/agora.xtec.cat\/iesinfanta\/wp-json\/wp\/v2\/pages\/63"}],"wp:attachment":[{"href":"https:\/\/agora.xtec.cat\/iesinfanta\/wp-json\/wp\/v2\/media?parent=6247"}],"curies":[{"name":"wp","href":"https:\/\/api.w.org\/{rel}","templated":true}]}}