{"id":5735,"date":"2023-06-19T20:15:23","date_gmt":"2023-06-19T18:15:23","guid":{"rendered":"https:\/\/agora.xtec.cat\/iesinfanta\/?page_id=5735"},"modified":"2023-06-28T11:30:16","modified_gmt":"2023-06-28T09:30:16","slug":"deures-destiu-2n-eso-2023","status":"publish","type":"page","link":"https:\/\/agora.xtec.cat\/iesinfanta\/deures-destiu-2n-eso-2023\/","title":{"rendered":"Deures d&#8217;estiu 2n ESO 2023"},"content":{"rendered":"<p>\u200b<\/p>\n<table style=\"border-collapse: collapse; width: 100%;\">\n<tbody>\n<tr>\n<td style=\"width: 99.855%;\" colspan=\"3\"><a href=\"https:\/\/agora.xtec.cat\/iesinfanta\/wp-content\/uploads\/usu231\/2023\/06\/deures-estiu-2.png\"><img loading=\"lazy\" decoding=\"async\" class=\"wp-image-5764 aligncenter\" src=\"https:\/\/agora.xtec.cat\/iesinfanta\/wp-content\/uploads\/usu231\/2023\/06\/deures-estiu-2.png\" alt=\"\" width=\"313\" height=\"230\" srcset=\"https:\/\/agora.xtec.cat\/iesinfanta\/wp-content\/uploads\/usu231\/2023\/06\/deures-estiu-2.png 595w, https:\/\/agora.xtec.cat\/iesinfanta\/wp-content\/uploads\/usu231\/2023\/06\/deures-estiu-2-300x220.png 300w\" sizes=\"auto, (max-width: 313px) 100vw, 313px\" \/><\/a><\/td>\n<\/tr>\n<tr>\n<td style=\"width: 23.0602%; text-align: center;\"><a href=\"https:\/\/drive.google.com\/file\/d\/1u56K9W6pVnXGxF_13HYhv0aRfN-amiy4\/view?usp=sharing\" target=\"_blank\" rel=\"noopener\">ALEMANY<\/a><\/td>\n<td style=\"width: 36.4032%; text-align: center;\"><a href=\"https:\/\/drive.google.com\/file\/d\/1J8fjPQcln1gfKjs5CXMtC7d6KDH0zQvZ\/view?usp=sharing\" target=\"_blank\" rel=\"noopener\">ANGL\u00c8S<\/a><\/td>\n<td style=\"width: 40.3916%; text-align: center;\"><a href=\"https:\/\/drive.google.com\/file\/d\/1sDo7hbdCFcVVyxncPm2n6z5Nsj73SUtT\/view?usp=sharing\" target=\"_blank\" rel=\"noopener\">CATAL\u00c0<\/a><\/td>\n<\/tr>\n<tr>\n<td style=\"width: 23.0602%; text-align: center;\"><a href=\"https:\/\/drive.google.com\/drive\/folders\/1fdgewQpS8-xoNa6JTq0PLcKpjxnqwok_?usp=sharing\" target=\"_blank\" rel=\"noopener\">CASTELL\u00c0<\/a><\/td>\n<td style=\"width: 36.4032%; text-align: center;\"><a href=\"https:\/\/drive.google.com\/file\/d\/1jx7pj66RkQWrRTn_uMiP0fTsr_UAGbPf\/view?usp=sharing\" target=\"_blank\" rel=\"noopener\">FRANC\u00c8S<\/a><\/td>\n<td style=\"width: 40.3916%; text-align: center;\"><a href=\"https:\/\/drive.google.com\/file\/d\/1mi28ncaKmdDemb5rSKzjMvlEkOQUm6o9\/view?usp=sharing\" target=\"_blank\" rel=\"noopener\">F\u00cdSICA I QU\u00cdMICA<\/a><\/td>\n<\/tr>\n<tr>\n<td style=\"width: 23.0602%; text-align: center;\"><a href=\"https:\/\/drive.google.com\/file\/d\/1A6LVnYYrT8PDDj2BTPiITTL6X0oT8h2P\/view?usp=sharing\" target=\"_blank\" rel=\"noopener\">RELIGI\u00d3<\/a><\/td>\n<td style=\"width: 36.4032%; text-align: center;\"><a href=\"https:\/\/drive.google.com\/file\/d\/1M8UHU-DRG2VnDYUceSNUOtkuZmIw29wm\/view?usp=share_link\" target=\"_blank\" rel=\"noopener\">MATEM\u00c0TIQUES<\/a><\/td>\n<td style=\"width: 40.3916%; text-align: center;\"><a href=\"https:\/\/drive.google.com\/drive\/folders\/1if5u6fB2hiY67T3irJhyRRMkDGmWkuYL?usp=sharing\" target=\"_blank\" rel=\"noopener\">SOCIALS<\/a><\/td>\n<\/tr>\n<\/tbody>\n<\/table>\n","protected":false},"excerpt":{"rendered":"<p>\u200b ALEMANY ANGL\u00c8S CATAL\u00c0 CASTELL\u00c0 FRANC\u00c8S F\u00cdSICA I QU\u00cdMICA RELIGI\u00d3 MATEM\u00c0TIQUES SOCIALS<\/p>\n","protected":false},"author":5,"featured_media":0,"parent":0,"menu_order":0,"comment_status":"closed","ping_status":"closed","template":"","meta":{"_bbp_topic_count":0,"_bbp_reply_count":0,"_bbp_total_topic_count":0,"_bbp_total_reply_count":0,"_bbp_voice_count":0,"_bbp_anonymous_reply_count":0,"_bbp_topic_count_hidden":0,"_bbp_reply_count_hidden":0,"_bbp_forum_subforum_count":0,"site-sidebar-layout":"default","site-content-layout":"","ast-site-content-layout":"","site-content-style":"default","site-sidebar-style":"default","ast-global-header-display":"","ast-banner-title-visibility":"","ast-main-header-display":"","ast-hfb-above-header-display":"","ast-hfb-below-header-display":"","ast-hfb-mobile-header-display":"","site-post-title":"","ast-breadcrumbs-content":"","ast-featured-img":"","footer-sml-layout":"","theme-transparent-header-meta":"","adv-header-id-meta":"","stick-header-meta":"","header-above-stick-meta":"","header-main-stick-meta":"","header-below-stick-meta":"","astra-migrate-meta-layouts":"default","ast-page-background-enabled":"default","ast-page-background-meta":{"desktop":{"background-color":"var(--ast-global-color-4)","background-image":"","background-repeat":"repeat","background-position":"center center","background-size":"auto","background-attachment":"scroll","background-type":"","background-media":"","overlay-type":"","overlay-color":"","overlay-opacity":"","overlay-gradient":""},"tablet":{"background-color":"","background-image":"","background-repeat":"repeat","background-position":"center center","background-size":"auto","background-attachment":"scroll","background-type":"","background-media":"","overlay-type":"","overlay-color":"","overlay-opacity":"","overlay-gradient":""},"mobile":{"background-color":"","background-image":"","background-repeat":"repeat","background-position":"center center","background-size":"auto","background-attachment":"scroll","background-type":"","background-media":"","overlay-type":"","overlay-color":"","overlay-opacity":"","overlay-gradient":""}},"ast-content-background-meta":{"desktop":{"background-color":"var(--ast-global-color-5)","background-image":"","background-repeat":"repeat","background-position":"center center","background-size":"auto","background-attachment":"scroll","background-type":"","background-media":"","overlay-type":"","overlay-color":"","overlay-opacity":"","overlay-gradient":""},"tablet":{"background-color":"var(--ast-global-color-5)","background-image":"","background-repeat":"repeat","background-position":"center center","background-size":"auto","background-attachment":"scroll","background-type":"","background-media":"","overlay-type":"","overlay-color":"","overlay-opacity":"","overlay-gradient":""},"mobile":{"background-color":"var(--ast-global-color-5)","background-image":"","background-repeat":"repeat","background-position":"center center","background-size":"auto","background-attachment":"scroll","background-type":"","background-media":"","overlay-type":"","overlay-color":"","overlay-opacity":"","overlay-gradient":""}},"footnotes":""},"class_list":["post-5735","page","type-page","status-publish","hentry"],"post_mailing_queue_ids":[],"_links":{"self":[{"href":"https:\/\/agora.xtec.cat\/iesinfanta\/wp-json\/wp\/v2\/pages\/5735","targetHints":{"allow":["GET"]}}],"collection":[{"href":"https:\/\/agora.xtec.cat\/iesinfanta\/wp-json\/wp\/v2\/pages"}],"about":[{"href":"https:\/\/agora.xtec.cat\/iesinfanta\/wp-json\/wp\/v2\/types\/page"}],"author":[{"embeddable":true,"href":"https:\/\/agora.xtec.cat\/iesinfanta\/wp-json\/wp\/v2\/users\/5"}],"replies":[{"embeddable":true,"href":"https:\/\/agora.xtec.cat\/iesinfanta\/wp-json\/wp\/v2\/comments?post=5735"}],"version-history":[{"count":4,"href":"https:\/\/agora.xtec.cat\/iesinfanta\/wp-json\/wp\/v2\/pages\/5735\/revisions"}],"predecessor-version":[{"id":6131,"href":"https:\/\/agora.xtec.cat\/iesinfanta\/wp-json\/wp\/v2\/pages\/5735\/revisions\/6131"}],"wp:attachment":[{"href":"https:\/\/agora.xtec.cat\/iesinfanta\/wp-json\/wp\/v2\/media?parent=5735"}],"curies":[{"name":"wp","href":"https:\/\/api.w.org\/{rel}","templated":true}]}}