{"id":5734,"date":"2023-06-19T21:00:52","date_gmt":"2023-06-19T19:00:52","guid":{"rendered":"https:\/\/agora.xtec.cat\/iesinfanta\/?page_id=5734"},"modified":"2023-06-23T11:12:18","modified_gmt":"2023-06-23T09:12:18","slug":"deures-estiu-1r-eso-2023","status":"publish","type":"page","link":"https:\/\/agora.xtec.cat\/iesinfanta\/deures-estiu-1r-eso-2023\/","title":{"rendered":"Deures d&#8217;estiu 1r ESO  2023"},"content":{"rendered":"<p>\u200b<\/p>\n<table style=\"border-collapse: collapse; width: 100%;\">\n<tbody>\n<tr>\n<td style=\"width: 33.3333%;\" colspan=\"3\"><a href=\"https:\/\/agora.xtec.cat\/iesinfanta\/wp-content\/uploads\/usu231\/2023\/06\/books-2.png\"><img loading=\"lazy\" decoding=\"async\" class=\"size-full wp-image-5766 aligncenter\" src=\"https:\/\/agora.xtec.cat\/iesinfanta\/wp-content\/uploads\/usu231\/2023\/06\/books-2.png\" alt=\"\" width=\"331\" height=\"210\" srcset=\"https:\/\/agora.xtec.cat\/iesinfanta\/wp-content\/uploads\/usu231\/2023\/06\/books-2.png 331w, https:\/\/agora.xtec.cat\/iesinfanta\/wp-content\/uploads\/usu231\/2023\/06\/books-2-300x190.png 300w\" sizes=\"auto, (max-width: 331px) 100vw, 331px\" \/><\/a><\/td>\n<\/tr>\n<tr>\n<td style=\"width: 33.3333%; text-align: center;\"><a href=\"https:\/\/drive.google.com\/file\/d\/1u56K9W6pVnXGxF_13HYhv0aRfN-amiy4\/view?usp=sharing\" target=\"_blank\" rel=\"noopener\">ALEMANY<\/a><\/td>\n<td style=\"width: 33.3333%; text-align: center;\"><a href=\"https:\/\/drive.google.com\/file\/d\/1FG3xtqpWCuUF6nZRxyBnXLdip9dK_-yV\/view?usp=sharing\" target=\"_blank\" rel=\"noopener\">ANGL\u00c8S<\/a><\/td>\n<td style=\"width: 33.3333%; text-align: center;\"><a href=\"https:\/\/drive.google.com\/file\/d\/1AevDeigOItcGXiYH9VoUIZGr-G95cf2B\/view?usp=sharing\" target=\"_blank\" rel=\"noopener\">BIOLOGIA<\/a><\/td>\n<\/tr>\n<tr>\n<td style=\"width: 33.3333%; text-align: center;\"><a href=\"https:\/\/drive.google.com\/file\/d\/1Ba6sw908l7ImYXjrQCkjYr3XWJXm5oLP\/view?usp=sharing\" target=\"_blank\" rel=\"noopener\">BIOLOGIA EN ANGL\u00c8S<\/a><\/td>\n<td style=\"width: 33.3333%; text-align: center;\"><a href=\"https:\/\/drive.google.com\/file\/d\/1FqZnSAdIweCOzpZkCRALKYw6OVk_vMNJ\/view?usp=sharing\" target=\"_blank\" rel=\"noopener\">CATAL\u00c0<\/a><\/td>\n<td style=\"width: 33.3333%; text-align: center;\"><a href=\"https:\/\/drive.google.com\/drive\/folders\/1-_pprDpN5PPrOe806IctSRdx99P3Mjr4?usp=sharing\" target=\"_blank\" rel=\"noopener\">CASTELL\u00c0<\/a><\/td>\n<\/tr>\n<tr>\n<td style=\"width: 33.3333%; text-align: center;\"><a href=\"https:\/\/drive.google.com\/file\/d\/1bXtuCGWjVvk2-sIh_3QOjRWLoBMgN0l3\/view?usp=sharing\" target=\"_blank\" rel=\"noopener\">TECNOLOGIA<\/a><\/td>\n<td style=\"width: 33.3333%; text-align: center;\"><a href=\"https:\/\/drive.google.com\/file\/d\/1h_GVjQMVq-MJd-_htKC_GG7LvkHqveTh\/view?usp=sharing\" target=\"_blank\" rel=\"noopener\">FRANC\u00c8S<\/a><\/td>\n<td style=\"width: 33.3333%; text-align: center;\"><a href=\"https:\/\/drive.google.com\/file\/d\/1GR9n-KZBJrj_uB1tJaw-gGKpy6PVEKbb\/view?usp=share_link\" target=\"_blank\" rel=\"noopener\">MATEM\u00c0TIQUES<\/a><\/td>\n<\/tr>\n<tr>\n<td style=\"width: 33.3333%; text-align: center;\"><a href=\"https:\/\/drive.google.com\/file\/d\/17f_2ARCuUrYutzAaq0EbcCvayRrxOINb\/view?usp=sharing\" target=\"_blank\" rel=\"noopener\">M\u00daSICA<\/a><\/td>\n<td style=\"width: 33.3333%; text-align: center;\"><a href=\"https:\/\/drive.google.com\/file\/d\/1f9KwCMTNuDo4RN1kC9ghypFSZqquPtpO\/view?usp=sharing\" target=\"_blank\" rel=\"noopener\">RELIGI\u00d3<\/a><\/td>\n<td style=\"width: 33.3333%; text-align: center;\"><a href=\"https:\/\/drive.google.com\/drive\/folders\/1NezNDSbHGVoK73YEff7lxIjkdADxGbxg?usp=sharing\" target=\"_blank\" rel=\"noopener\">SOCIALS<\/a><\/td>\n<\/tr>\n<\/tbody>\n<\/table>\n","protected":false},"excerpt":{"rendered":"<p>\u200b ALEMANY ANGL\u00c8S BIOLOGIA BIOLOGIA EN ANGL\u00c8S CATAL\u00c0 CASTELL\u00c0 TECNOLOGIA FRANC\u00c8S MATEM\u00c0TIQUES M\u00daSICA RELIGI\u00d3 SOCIALS<\/p>\n","protected":false},"author":5,"featured_media":0,"parent":0,"menu_order":0,"comment_status":"closed","ping_status":"closed","template":"","meta":{"_bbp_topic_count":0,"_bbp_reply_count":0,"_bbp_total_topic_count":0,"_bbp_total_reply_count":0,"_bbp_voice_count":0,"_bbp_anonymous_reply_count":0,"_bbp_topic_count_hidden":0,"_bbp_reply_count_hidden":0,"_bbp_forum_subforum_count":0,"site-sidebar-layout":"default","site-content-layout":"","ast-site-content-layout":"","site-content-style":"default","site-sidebar-style":"default","ast-global-header-display":"","ast-banner-title-visibility":"","ast-main-header-display":"","ast-hfb-above-header-display":"","ast-hfb-below-header-display":"","ast-hfb-mobile-header-display":"","site-post-title":"","ast-breadcrumbs-content":"","ast-featured-img":"","footer-sml-layout":"","theme-transparent-header-meta":"","adv-header-id-meta":"","stick-header-meta":"","header-above-stick-meta":"","header-main-stick-meta":"","header-below-stick-meta":"","astra-migrate-meta-layouts":"default","ast-page-background-enabled":"default","ast-page-background-meta":{"desktop":{"background-color":"var(--ast-global-color-4)","background-image":"","background-repeat":"repeat","background-position":"center center","background-size":"auto","background-attachment":"scroll","background-type":"","background-media":"","overlay-type":"","overlay-color":"","overlay-opacity":"","overlay-gradient":""},"tablet":{"background-color":"","background-image":"","background-repeat":"repeat","background-position":"center center","background-size":"auto","background-attachment":"scroll","background-type":"","background-media":"","overlay-type":"","overlay-color":"","overlay-opacity":"","overlay-gradient":""},"mobile":{"background-color":"","background-image":"","background-repeat":"repeat","background-position":"center center","background-size":"auto","background-attachment":"scroll","background-type":"","background-media":"","overlay-type":"","overlay-color":"","overlay-opacity":"","overlay-gradient":""}},"ast-content-background-meta":{"desktop":{"background-color":"var(--ast-global-color-5)","background-image":"","background-repeat":"repeat","background-position":"center center","background-size":"auto","background-attachment":"scroll","background-type":"","background-media":"","overlay-type":"","overlay-color":"","overlay-opacity":"","overlay-gradient":""},"tablet":{"background-color":"var(--ast-global-color-5)","background-image":"","background-repeat":"repeat","background-position":"center center","background-size":"auto","background-attachment":"scroll","background-type":"","background-media":"","overlay-type":"","overlay-color":"","overlay-opacity":"","overlay-gradient":""},"mobile":{"background-color":"var(--ast-global-color-5)","background-image":"","background-repeat":"repeat","background-position":"center center","background-size":"auto","background-attachment":"scroll","background-type":"","background-media":"","overlay-type":"","overlay-color":"","overlay-opacity":"","overlay-gradient":""}},"footnotes":""},"class_list":["post-5734","page","type-page","status-publish","hentry"],"post_mailing_queue_ids":[],"_links":{"self":[{"href":"https:\/\/agora.xtec.cat\/iesinfanta\/wp-json\/wp\/v2\/pages\/5734","targetHints":{"allow":["GET"]}}],"collection":[{"href":"https:\/\/agora.xtec.cat\/iesinfanta\/wp-json\/wp\/v2\/pages"}],"about":[{"href":"https:\/\/agora.xtec.cat\/iesinfanta\/wp-json\/wp\/v2\/types\/page"}],"author":[{"embeddable":true,"href":"https:\/\/agora.xtec.cat\/iesinfanta\/wp-json\/wp\/v2\/users\/5"}],"replies":[{"embeddable":true,"href":"https:\/\/agora.xtec.cat\/iesinfanta\/wp-json\/wp\/v2\/comments?post=5734"}],"version-history":[{"count":4,"href":"https:\/\/agora.xtec.cat\/iesinfanta\/wp-json\/wp\/v2\/pages\/5734\/revisions"}],"predecessor-version":[{"id":6090,"href":"https:\/\/agora.xtec.cat\/iesinfanta\/wp-json\/wp\/v2\/pages\/5734\/revisions\/6090"}],"wp:attachment":[{"href":"https:\/\/agora.xtec.cat\/iesinfanta\/wp-json\/wp\/v2\/media?parent=5734"}],"curies":[{"name":"wp","href":"https:\/\/api.w.org\/{rel}","templated":true}]}}