{"id":4699,"date":"2022-07-08T08:43:52","date_gmt":"2022-07-08T06:43:52","guid":{"rendered":"https:\/\/agora.xtec.cat\/iesinfanta\/?page_id=4699"},"modified":"2024-04-30T12:15:21","modified_gmt":"2024-04-30T10:15:21","slug":"programa-avancem","status":"publish","type":"page","link":"https:\/\/agora.xtec.cat\/iesinfanta\/serveis\/programa-avancem\/","title":{"rendered":"Programa Avancem"},"content":{"rendered":"<p><a href=\"https:\/\/agora.xtec.cat\/iesinfanta\/wp-content\/uploads\/usu231\/2022\/07\/Projecte-avancem.png\"><img loading=\"lazy\" decoding=\"async\" class=\"size-full wp-image-4700 alignleft\" src=\"https:\/\/agora.xtec.cat\/iesinfanta\/wp-content\/uploads\/usu231\/2022\/07\/Projecte-avancem.png\" alt=\"\" width=\"292\" height=\"172\" \/><\/a><\/p>\n<p><span style=\"font-family: Times New Roman, serif;\"><span style=\"color: #444444;\"><span style=\"font-family: Open Sans, serif;\">L\u2019Institut Infanta Isabel d\u2019Arag\u00f3\u00a0\u00e9s un dels centres participants en l\u2019<\/span><\/span><em><span style=\"color: #444444;\"><span style=\"font-family: Open Sans, serif;\">Avancem: Ensenyament i Aprenentatge integrat de les lleng\u00fces<\/span><\/span><\/em><span style=\"color: #444444;\"><span style=\"font-family: Open Sans, serif;\">, un programa d\u2019innovaci\u00f3 pedag\u00f2gica impulsat pel Departament d\u2019Educaci\u00f3 que t\u00e9 \u00a0com a finalitat dotar l\u2019alumnat d\u2019una compet\u00e8ncia pluriling\u00fce s\u00f2lida que afavoreixi el seu creixement acad\u00e8mic mitjan\u00e7ant un ensenyament competencial i integrat de les mat\u00e8ries ling\u00fc\u00edstiques (catal\u00e0, castell\u00e0 i angl\u00e8s). La base del programa parteix del consens i la cooperaci\u00f3 entre el professorat de lleng\u00fces i promou el disseny d\u2019activitats, unitats did\u00e0ctiques i projectes d\u2019aula.<\/span><\/span><\/span><\/p>\n<p align=\"justify\"><span style=\"font-family: Times New Roman, serif;\"><span style=\"color: #444444;\"><span style=\"font-family: Open Sans, serif;\">La implementaci\u00f3 de l\u2019<\/span><\/span><em><span style=\"color: #444444;\"><span style=\"font-family: Open Sans, serif;\">Avancem\u00a0<\/span><\/span><\/em><span style=\"color: #444444;\"><span style=\"font-family: Open Sans, serif;\">a l\u2019Infanta, durant el curs 2021-22, va suposar la integraci\u00f3 en el curr\u00edculum de 1r d\u2019ESO d\u2019una unitat did\u00e0ctica anomenada \u201cM\u00e9s enll\u00e0 de l\u2019institut\u201d. Des d\u2019aleshores, i sota les consignes del professorat de lleng\u00fces, els alumnes elaboren textos narratius en catal\u00e0, castell\u00e0 i angl\u00e8s en qu\u00e8 s\u2019expliquen experi\u00e8ncies viscudes fora del centre. Els destinataris d\u2019aquestes creacions s\u00f3n els alumnes de 3r d\u2019ESO.<\/span><\/span><\/span><\/p>\n<p align=\"justify\"><span style=\"font-family: Times New Roman, serif;\"><span style=\"color: #444444;\"><span style=\"font-family: Open Sans, serif;\">El pla d\u2019acci\u00f3 de l\u2019<\/span><\/span><em><span style=\"color: #444444;\"><span style=\"font-family: Open Sans, serif;\">Avancem<\/span><\/span><\/em><span style=\"color: #444444;\"><span style=\"font-family: Open Sans, serif;\">\u00a0tamb\u00e9 va incorporar durant el curs 22-23 una altra unitat anomenada \u201cEls secrets de Sant Mart\u00ed\u201d. En aquest cas, l\u2019alumnat de 2n, per grups, havia de crear un sites amb informaci\u00f3 sobre el barri per a l\u2019alumnat de l\u2019AA.<\/span><\/span><\/span><\/p>\n<p align=\"justify\"><span style=\"font-family: Times New Roman, serif;\"><span style=\"color: #444444;\"><span style=\"font-family: Open Sans, serif;\">Finalment, durant el curs 23-24 es va introduir una \u00faltima unitat, que tamb\u00e9 integrava les tres lleng\u00fces. Aqu\u00ed l\u2019alumnat de 3r d\u2019ESO havia d\u2019elaborar discursos argumentatius en format digital.<\/span><\/span><\/span><\/p>\n<p align=\"justify\"><span style=\"font-family: Times New Roman, serif;\"><span style=\"color: #444444;\"><span style=\"font-family: Open Sans, serif;\">Actualment, els tres projectes de l\u2019Avancem conviuen al centre. <\/span><\/span><\/span><\/p>\n","protected":false},"excerpt":{"rendered":"<p>L\u2019Institut Infanta Isabel d\u2019Arag\u00f3\u00a0\u00e9s un dels centres participants en l\u2019Avancem: Ensenyament i Aprenentatge integrat de les lleng\u00fces, un programa d\u2019innovaci\u00f3 pedag\u00f2gica impulsat pel Departament d\u2019Educaci\u00f3 que t\u00e9 \u00a0com a finalitat dotar l\u2019alumnat d\u2019una compet\u00e8ncia pluriling\u00fce s\u00f2lida que afavoreixi el seu creixement acad\u00e8mic mitjan\u00e7ant un ensenyament competencial i integrat de les mat\u00e8ries ling\u00fc\u00edstiques (catal\u00e0, castell\u00e0 i [&hellip;]<\/p>\n","protected":false},"author":5,"featured_media":0,"parent":63,"menu_order":5,"comment_status":"closed","ping_status":"closed","template":"page-templates\/side-menu.php","meta":{"_bbp_topic_count":0,"_bbp_reply_count":0,"_bbp_total_topic_count":0,"_bbp_total_reply_count":0,"_bbp_voice_count":0,"_bbp_anonymous_reply_count":0,"_bbp_topic_count_hidden":0,"_bbp_reply_count_hidden":0,"_bbp_forum_subforum_count":0,"site-sidebar-layout":"default","site-content-layout":"","ast-site-content-layout":"","site-content-style":"default","site-sidebar-style":"default","ast-global-header-display":"","ast-banner-title-visibility":"","ast-main-header-display":"","ast-hfb-above-header-display":"","ast-hfb-below-header-display":"","ast-hfb-mobile-header-display":"","site-post-title":"","ast-breadcrumbs-content":"","ast-featured-img":"","footer-sml-layout":"","theme-transparent-header-meta":"","adv-header-id-meta":"","stick-header-meta":"","header-above-stick-meta":"","header-main-stick-meta":"","header-below-stick-meta":"","astra-migrate-meta-layouts":"default","ast-page-background-enabled":"default","ast-page-background-meta":{"desktop":{"background-color":"var(--ast-global-color-4)","background-image":"","background-repeat":"repeat","background-position":"center center","background-size":"auto","background-attachment":"scroll","background-type":"","background-media":"","overlay-type":"","overlay-color":"","overlay-opacity":"","overlay-gradient":""},"tablet":{"background-color":"","background-image":"","background-repeat":"repeat","background-position":"center center","background-size":"auto","background-attachment":"scroll","background-type":"","background-media":"","overlay-type":"","overlay-color":"","overlay-opacity":"","overlay-gradient":""},"mobile":{"background-color":"","background-image":"","background-repeat":"repeat","background-position":"center center","background-size":"auto","background-attachment":"scroll","background-type":"","background-media":"","overlay-type":"","overlay-color":"","overlay-opacity":"","overlay-gradient":""}},"ast-content-background-meta":{"desktop":{"background-color":"var(--ast-global-color-5)","background-image":"","background-repeat":"repeat","background-position":"center center","background-size":"auto","background-attachment":"scroll","background-type":"","background-media":"","overlay-type":"","overlay-color":"","overlay-opacity":"","overlay-gradient":""},"tablet":{"background-color":"var(--ast-global-color-5)","background-image":"","background-repeat":"repeat","background-position":"center center","background-size":"auto","background-attachment":"scroll","background-type":"","background-media":"","overlay-type":"","overlay-color":"","overlay-opacity":"","overlay-gradient":""},"mobile":{"background-color":"var(--ast-global-color-5)","background-image":"","background-repeat":"repeat","background-position":"center center","background-size":"auto","background-attachment":"scroll","background-type":"","background-media":"","overlay-type":"","overlay-color":"","overlay-opacity":"","overlay-gradient":""}},"footnotes":""},"class_list":["post-4699","page","type-page","status-publish","hentry"],"post_mailing_queue_ids":[],"_links":{"self":[{"href":"https:\/\/agora.xtec.cat\/iesinfanta\/wp-json\/wp\/v2\/pages\/4699","targetHints":{"allow":["GET"]}}],"collection":[{"href":"https:\/\/agora.xtec.cat\/iesinfanta\/wp-json\/wp\/v2\/pages"}],"about":[{"href":"https:\/\/agora.xtec.cat\/iesinfanta\/wp-json\/wp\/v2\/types\/page"}],"author":[{"embeddable":true,"href":"https:\/\/agora.xtec.cat\/iesinfanta\/wp-json\/wp\/v2\/users\/5"}],"replies":[{"embeddable":true,"href":"https:\/\/agora.xtec.cat\/iesinfanta\/wp-json\/wp\/v2\/comments?post=4699"}],"version-history":[{"count":2,"href":"https:\/\/agora.xtec.cat\/iesinfanta\/wp-json\/wp\/v2\/pages\/4699\/revisions"}],"predecessor-version":[{"id":6657,"href":"https:\/\/agora.xtec.cat\/iesinfanta\/wp-json\/wp\/v2\/pages\/4699\/revisions\/6657"}],"up":[{"embeddable":true,"href":"https:\/\/agora.xtec.cat\/iesinfanta\/wp-json\/wp\/v2\/pages\/63"}],"wp:attachment":[{"href":"https:\/\/agora.xtec.cat\/iesinfanta\/wp-json\/wp\/v2\/media?parent=4699"}],"curies":[{"name":"wp","href":"https:\/\/api.w.org\/{rel}","templated":true}]}}