{"id":46,"date":"2014-09-17T16:53:45","date_gmt":"2014-09-17T16:53:45","guid":{"rendered":"http:\/\/agora.xtec.cat\/iesinfanta\/?page_id=46"},"modified":"2026-01-12T09:12:38","modified_gmt":"2026-01-12T08:12:38","slug":"organigrama","status":"publish","type":"page","link":"https:\/\/agora.xtec.cat\/iesinfanta\/linstitut\/organigrama\/","title":{"rendered":"Organigrama"},"content":{"rendered":"<p>&nbsp;<\/p>\n<table style=\"border-collapse: collapse; width: 100%; height: 867px;\">\n<tbody>\n<tr style=\"height: 357px;\">\n<td style=\"width: 50.0629%; text-align: center; height: 357px;\">\n<h3><span style=\"color: #ff9900;\"><strong>Equip directiu<\/strong><\/span><\/h3>\n<ul>\n<li style=\"text-align: left;\"><strong>N\u00faria Mansanet<\/strong>: <span style=\"color: #ff9900;\">Directora<\/span><\/li>\n<li style=\"text-align: left;\"><strong>Nat\u00e0lia S\u00e1nchez<\/strong>: <span style=\"color: #ff9900;\">Cap d&#8217;estudis<\/span><\/li>\n<li style=\"text-align: left;\"><strong>Laura D\u00edaz<\/strong>: <span style=\"color: #ff9900;\">Secret\u00e0ria<\/span><\/li>\n<li style=\"text-align: left;\"><strong>Manel Berm\u00fadez<\/strong>: <span style=\"color: #ff9900;\">Coordinador pedag\u00f2gic<\/span><\/li>\n<\/ul>\n<\/td>\n<td style=\"width: 49.9371%; height: 357px;\"><img loading=\"lazy\" decoding=\"async\" class=\"alignnone wp-image-7218 size-large\" src=\"https:\/\/agora.xtec.cat\/iesinfanta\/wp-content\/uploads\/usu231\/2025\/02\/logo-3D-horitzontal-2-1024x415.jpg\" alt=\"\" width=\"1024\" height=\"415\" srcset=\"https:\/\/agora.xtec.cat\/iesinfanta\/wp-content\/uploads\/usu231\/2025\/02\/logo-3D-horitzontal-2-1024x415.jpg 1024w, https:\/\/agora.xtec.cat\/iesinfanta\/wp-content\/uploads\/usu231\/2025\/02\/logo-3D-horitzontal-2-300x122.jpg 300w, https:\/\/agora.xtec.cat\/iesinfanta\/wp-content\/uploads\/usu231\/2025\/02\/logo-3D-horitzontal-2-768x312.jpg 768w, https:\/\/agora.xtec.cat\/iesinfanta\/wp-content\/uploads\/usu231\/2025\/02\/logo-3D-horitzontal-2.jpg 1114w\" sizes=\"auto, (max-width: 1024px) 100vw, 1024px\" \/><\/td>\n<\/tr>\n<tr style=\"height: 350px;\">\n<td style=\"width: 50.0629%; height: 350px;\">\n<h4 style=\"text-align: center;\"><span style=\"color: #ff9900;\">Caps de departament<\/span><\/h4>\n<ul style=\"list-style-type: circle;\">\n<li><strong>Bel\u00e9n Pons<\/strong>: Educaci\u00f3 F\u00edsica<\/li>\n<li><strong>S\u00edlvia Bonet<\/strong>: Ci\u00e8ncies Socials<\/li>\n<li><strong>Juan Carlos Calpe<\/strong>: F\u00edsica i Qu\u00edmica<\/li>\n<li><strong>Laia Combellas<\/strong>: Matem\u00e0tiques<\/li>\n<li><strong>N\u00faria Dordal:<\/strong> Ll. Estrangeres<\/li>\n<li><strong>Joan Carles Garc\u00eda<\/strong>: Tecnologia<\/li>\n<li><strong>Mar\u00eda Campos<\/strong>: Orientaci\u00f3<\/li>\n<li><strong>Xavier Pi\u00e9<\/strong>: Biologia<\/li>\n<li><strong>Irene Sanmaniego<\/strong>: M\u00fasica<\/li>\n<li><strong>Esther Villanueva<\/strong>: Dibuix<\/li>\n<li><strong>David Serra:<\/strong> Ll. Catalana<\/li>\n<li><strong>Olga Serrano<\/strong>: Ll. Castellana<\/li>\n<\/ul>\n<\/td>\n<td style=\"width: 49.9371%; height: 350px;\">\n<h4><span style=\"color: #ff9900;\">Coordinacions<\/span><\/h4>\n<ul style=\"list-style-type: circle;\">\n<li><strong>Vanessa Navarrete:<\/strong> Coordinadora de 1r cicle d&#8217;ESO<\/li>\n<li><strong>Ana P\u00e9rez<\/strong>: Coordinadora de 2n cicle d&#8217;ESO<\/li>\n<li><strong>Mireia Queralt\u00f3:<\/strong> Coordinadora de Batxillerat<\/li>\n<\/ul>\n<h4><span style=\"color: #ff9900;\">Coordinacions t\u00e8cniques<\/span><\/h4>\n<ul style=\"list-style-type: circle;\">\n<li><span style=\"color: #000000;\"><strong>Estefan\u00eda Ares<\/strong>: Prevenci\u00f3 de riscos laborals<\/span><\/li>\n<li><strong>N\u00faria Mansanet i Nat\u00e0lia S\u00e1nchez<\/strong>: Coordinaci\u00f3 Erasmus+<\/li>\n<li><strong>David Serra:<\/strong> Coordinador pla ling\u00fc\u00edstic<\/li>\n<li><strong>Ernest Momblona<\/strong>: Coordinador digital.<\/li>\n<li><strong>Montse Torrell<\/strong>: Coordinadora de sortides.<\/li>\n<li><strong>Vicenta Ferrer<\/strong>: Responsable Biblioteca<\/li>\n<li><strong>Vanessa Navarrete<\/strong>: Responsable Programa Tutoria Entre Iguals<\/li>\n<li><strong>Tal\u00eda Nieto<\/strong>: <em>Community manager<\/em><\/li>\n<\/ul>\n<\/td>\n<\/tr>\n<tr style=\"height: 32px;\">\n<td style=\"width: 50.0629%; height: 128px; text-align: center;\" rowspan=\"4\">\n<h3><span style=\"color: #ff9900;\"><strong>TUTORIES DE GRUP <\/strong><\/span><\/h3>\n<h3><span style=\"color: #ff9900;\"><strong>A L&#8217;ESO<\/strong><\/span><\/h3>\n<\/td>\n<td style=\"width: 49.9371%; height: 32px;\">\n<ul style=\"list-style-type: circle;\">\n<li>E1A\u00a0<strong> Irene Samaniego<\/strong><\/li>\n<li>E1B <strong>Irene Sanju\u00e1n<\/strong><\/li>\n<li>E1C <strong>S\u00f2nia Carb\u00f3<\/strong><\/li>\n<li>E1D <strong>Carlota Betoret<\/strong><\/li>\n<li>E1E <strong>\u00d3scar Montero<\/strong><\/li>\n<\/ul>\n<\/td>\n<\/tr>\n<tr style=\"height: 32px;\">\n<td style=\"width: 49.9371%; height: 32px;\">\n<ul style=\"list-style-type: circle;\">\n<li>E2A <strong>Natalia Clemente<\/strong><\/li>\n<li>E2B <strong>Vicenta Ferrer<\/strong><\/li>\n<li>E2C <strong>Maria Jos\u00e9 Su\u00e1rez<\/strong><\/li>\n<li>E2D <strong>Jaume Catal\u00e0<\/strong><\/li>\n<li>E2E <strong>Teresa Alcaide<\/strong><\/li>\n<\/ul>\n<\/td>\n<\/tr>\n<tr style=\"height: 32px;\">\n<td style=\"width: 49.9371%; height: 32px;\">\n<ul style=\"list-style-type: circle;\">\n<li>E3A <strong>Estefania Ares<\/strong><\/li>\n<li>E3B <strong>Anna Gonz\u00e1lez<\/strong><\/li>\n<li>E3C <strong>Iago Jacomet<\/strong><\/li>\n<li>E3D <strong>Rosa Maria Asensi<\/strong><\/li>\n<li>E3E <strong>Jos\u00e9 Antonio Calvo<\/strong><\/li>\n<\/ul>\n<\/td>\n<\/tr>\n<tr style=\"height: 32px;\">\n<td style=\"width: 49.9371%; height: 32px;\">\n<ul style=\"list-style-type: circle;\">\n<li>E4A <strong>Llu\u00eds Pe\u00f1a<\/strong><\/li>\n<li>E4B<strong> Sandra Jim\u00e9nez<\/strong><\/li>\n<li>E4C <strong>Luisa Maria P\u00e9rez<\/strong><\/li>\n<li>E4D\u00a0<strong>Carles Hern\u00e1ndez<\/strong><\/li>\n<li>E4E<strong> Joan Pont<\/strong><\/li>\n<\/ul>\n<\/td>\n<\/tr>\n<tr style=\"height: 32px;\">\n<td style=\"width: 50.0629%; height: 32px;\" rowspan=\"2\">\n<h3 style=\"text-align: center;\"><strong><span style=\"color: #ff9900;\">TUTORIES DE GRUP <\/span><\/strong><\/h3>\n<h3 style=\"text-align: center;\"><strong><span style=\"color: #ff9900;\">A BATXILLERAT<\/span><br \/>\n<\/strong><\/h3>\n<h3 style=\"text-align: center;\"><strong><span style=\"color: #ff6600;\">\u00a0<\/span><\/strong><\/h3>\n<\/td>\n<td style=\"width: 49.9371%; height: 32px;\">&nbsp;<\/p>\n<ul style=\"list-style-type: circle;\">\n<li>B1K2 <strong>Josep Maria Navarra<\/strong><\/li>\n<li>B1L <strong>Tal\u00eda Nieto<\/strong><\/li>\n<li>B1M <strong>S\u00edlvia Bonet<\/strong><\/li>\n<li>B1P <strong>N\u00faria Melero<\/strong><\/li>\n<\/ul>\n<\/td>\n<\/tr>\n<tr>\n<td style=\"width: 49.9371%;\">\n<ul style=\"list-style-type: circle;\">\n<li>B2K <strong>Marta Font<\/strong><\/li>\n<li>B2L <strong>Eric Arnau<\/strong><\/li>\n<li>B2M <strong>Anna Cabrero<\/strong><\/li>\n<li>B2P <strong>Bruguers Olivella<\/strong><\/li>\n<\/ul>\n<\/td>\n<\/tr>\n<tr>\n<td style=\"width: 50.0629%;\"><span style=\"color: #ff9900;\">Administraci\u00f3:<\/span> <strong>Julia Loren i Susana Roman\u00a0<\/strong><\/p>\n<p><span style=\"color: #ff9900;\">PAS<\/span>: <strong>Montserrat Calpe i Mar\u00eda Dolores Tello<\/strong><\/td>\n<td style=\"width: 49.9371%;\"><span style=\"color: #ff9900;\">Menjador: <strong><span style=\"color: #000000;\">7 d&#8217;Aventura<\/span><\/strong><br \/>\n<\/span><span style=\"color: #ff9900;\">Neteja: <strong><span style=\"color: #000000;\"> Ndavant<\/span><\/strong><\/span><\/td>\n<\/tr>\n<\/tbody>\n<\/table>\n","protected":false},"excerpt":{"rendered":"<p>&nbsp; Equip directiu N\u00faria Mansanet: Directora Nat\u00e0lia S\u00e1nchez: Cap d&#8217;estudis Laura D\u00edaz: Secret\u00e0ria Manel Berm\u00fadez: Coordinador pedag\u00f2gic Caps de departament Bel\u00e9n Pons: Educaci\u00f3 F\u00edsica S\u00edlvia Bonet: Ci\u00e8ncies Socials Juan Carlos Calpe: F\u00edsica i Qu\u00edmica Laia Combellas: Matem\u00e0tiques N\u00faria Dordal: Ll. Estrangeres Joan Carles Garc\u00eda: Tecnologia Mar\u00eda Campos: Orientaci\u00f3 Xavier Pi\u00e9: Biologia Irene Sanmaniego: M\u00fasica Esther [&hellip;]<\/p>\n","protected":false},"author":1,"featured_media":0,"parent":19,"menu_order":50,"comment_status":"closed","ping_status":"closed","template":"","meta":{"_bbp_topic_count":0,"_bbp_reply_count":0,"_bbp_total_topic_count":0,"_bbp_total_reply_count":0,"_bbp_voice_count":0,"_bbp_anonymous_reply_count":0,"_bbp_topic_count_hidden":0,"_bbp_reply_count_hidden":0,"_bbp_forum_subforum_count":0,"site-sidebar-layout":"default","site-content-layout":"","ast-site-content-layout":"default","site-content-style":"default","site-sidebar-style":"default","ast-global-header-display":"","ast-banner-title-visibility":"","ast-main-header-display":"","ast-hfb-above-header-display":"","ast-hfb-below-header-display":"","ast-hfb-mobile-header-display":"","site-post-title":"","ast-breadcrumbs-content":"","ast-featured-img":"","footer-sml-layout":"","theme-transparent-header-meta":"default","adv-header-id-meta":"","stick-header-meta":"","header-above-stick-meta":"","header-main-stick-meta":"","header-below-stick-meta":"","astra-migrate-meta-layouts":"set","ast-page-background-enabled":"default","ast-page-background-meta":{"desktop":{"background-color":"var(--ast-global-color-4)","background-image":"","background-repeat":"repeat","background-position":"center center","background-size":"auto","background-attachment":"scroll","background-type":"","background-media":"","overlay-type":"","overlay-color":"","overlay-opacity":"","overlay-gradient":""},"tablet":{"background-color":"","background-image":"","background-repeat":"repeat","background-position":"center center","background-size":"auto","background-attachment":"scroll","background-type":"","background-media":"","overlay-type":"","overlay-color":"","overlay-opacity":"","overlay-gradient":""},"mobile":{"background-color":"","background-image":"","background-repeat":"repeat","background-position":"center center","background-size":"auto","background-attachment":"scroll","background-type":"","background-media":"","overlay-type":"","overlay-color":"","overlay-opacity":"","overlay-gradient":""}},"ast-content-background-meta":{"desktop":{"background-color":"var(--ast-global-color-5)","background-image":"","background-repeat":"repeat","background-position":"center center","background-size":"auto","background-attachment":"scroll","background-type":"","background-media":"","overlay-type":"","overlay-color":"","overlay-opacity":"","overlay-gradient":""},"tablet":{"background-color":"var(--ast-global-color-5)","background-image":"","background-repeat":"repeat","background-position":"center center","background-size":"auto","background-attachment":"scroll","background-type":"","background-media":"","overlay-type":"","overlay-color":"","overlay-opacity":"","overlay-gradient":""},"mobile":{"background-color":"var(--ast-global-color-5)","background-image":"","background-repeat":"repeat","background-position":"center center","background-size":"auto","background-attachment":"scroll","background-type":"","background-media":"","overlay-type":"","overlay-color":"","overlay-opacity":"","overlay-gradient":""}},"footnotes":""},"class_list":["post-46","page","type-page","status-publish","hentry"],"post_mailing_queue_ids":[],"_links":{"self":[{"href":"https:\/\/agora.xtec.cat\/iesinfanta\/wp-json\/wp\/v2\/pages\/46","targetHints":{"allow":["GET"]}}],"collection":[{"href":"https:\/\/agora.xtec.cat\/iesinfanta\/wp-json\/wp\/v2\/pages"}],"about":[{"href":"https:\/\/agora.xtec.cat\/iesinfanta\/wp-json\/wp\/v2\/types\/page"}],"author":[{"embeddable":true,"href":"https:\/\/agora.xtec.cat\/iesinfanta\/wp-json\/wp\/v2\/users\/1"}],"replies":[{"embeddable":true,"href":"https:\/\/agora.xtec.cat\/iesinfanta\/wp-json\/wp\/v2\/comments?post=46"}],"version-history":[{"count":7,"href":"https:\/\/agora.xtec.cat\/iesinfanta\/wp-json\/wp\/v2\/pages\/46\/revisions"}],"predecessor-version":[{"id":7875,"href":"https:\/\/agora.xtec.cat\/iesinfanta\/wp-json\/wp\/v2\/pages\/46\/revisions\/7875"}],"up":[{"embeddable":true,"href":"https:\/\/agora.xtec.cat\/iesinfanta\/wp-json\/wp\/v2\/pages\/19"}],"wp:attachment":[{"href":"https:\/\/agora.xtec.cat\/iesinfanta\/wp-json\/wp\/v2\/media?parent=46"}],"curies":[{"name":"wp","href":"https:\/\/api.w.org\/{rel}","templated":true}]}}