{"id":4383,"date":"2022-05-30T17:11:56","date_gmt":"2022-05-30T15:11:56","guid":{"rendered":"https:\/\/agora.xtec.cat\/iesinfanta\/?page_id=4383"},"modified":"2022-06-22T09:37:51","modified_gmt":"2022-06-22T07:37:51","slug":"deures-estiu-4t-eso-2022","status":"publish","type":"page","link":"https:\/\/agora.xtec.cat\/iesinfanta\/deures-estiu-4t-eso-2022\/","title":{"rendered":"Deures estiu 4t ESO 2022"},"content":{"rendered":"<table style=\"border-collapse: collapse; width: 100%;\">\n<tbody>\n<tr>\n<td style=\"width: 33.3333%;\" colspan=\"3\"><img loading=\"lazy\" decoding=\"async\" class=\"size-full wp-image-4377 aligncenter\" src=\"https:\/\/agora.xtec.cat\/iesinfanta\/wp-content\/uploads\/usu231\/2022\/05\/estu-22-3r.jpg\" alt=\"\" width=\"302\" height=\"167\" srcset=\"https:\/\/agora.xtec.cat\/iesinfanta\/wp-content\/uploads\/usu231\/2022\/05\/estu-22-3r.jpg 302w, https:\/\/agora.xtec.cat\/iesinfanta\/wp-content\/uploads\/usu231\/2022\/05\/estu-22-3r-300x167.jpg 300w\" sizes=\"auto, (max-width: 302px) 100vw, 302px\" \/><\/td>\n<\/tr>\n<tr>\n<td style=\"width: 33.3333%; text-align: center;\"><a href=\"https:\/\/drive.google.com\/file\/d\/1PC-jTNjJG1fdXuNohZOrIXvL0lRPf4eZ\/view?usp=sharing\" target=\"_blank\" rel=\"noopener\">CATAL\u00c0<\/a><\/td>\n<td style=\"width: 33.3333%; text-align: center;\"><a href=\"https:\/\/drive.google.com\/file\/d\/1St8uNK4nKf3j_WSl2x8KaCTBGGSLOnhZ\/view?usp=sharing\" target=\"_blank\" rel=\"noopener\">CASTELL\u00c0<\/a><\/td>\n<td style=\"width: 33.3333%; text-align: center;\"><a href=\"https:\/\/drive.google.com\/file\/d\/1ehP6vrBCHCn2HhiLTsOBs-QQsCyAoMpQ\/view?usp=sharing\" target=\"_blank\" rel=\"noopener\">MATEM\u00c0TIQUES<\/a><\/td>\n<\/tr>\n<tr>\n<td style=\"width: 33.3333%; text-align: center;\"><a href=\"https:\/\/drive.google.com\/drive\/folders\/1IsJztpuCaeQ3ZVw1hfk3Jri3RyPbgZDh?usp=sharing\" target=\"_blank\" rel=\"noopener\">ANGL\u00c8S<\/a><\/td>\n<td style=\"width: 33.3333%; text-align: center;\"><a href=\"https:\/\/drive.google.com\/file\/d\/1veeP_JHgj_0Se9QlT0XvUDboFX3gobnG\/view?usp=sharing\" target=\"_blank\" rel=\"noopener\">BIOLOGIA<\/a><\/td>\n<td style=\"width: 33.3333%; text-align: center;\"><a href=\"https:\/\/drive.google.com\/file\/d\/1i8MAJp9djo_mKSpN8ymfoyfUTANkIpFo\/view?usp=sharing\" target=\"_blank\" rel=\"noopener\">F\u00cdSICA I QU\u00cdMICA<\/a><\/td>\n<\/tr>\n<tr>\n<td style=\"width: 33.3333%; text-align: center;\"><a href=\"https:\/\/drive.google.com\/file\/d\/1ZliTns05-l7UXwyCv4Se8pDmmo_NlUU7\/view?usp=sharing\" target=\"_blank\" rel=\"noopener\">SOCIALS<\/a><\/td>\n<td style=\"width: 33.3333%; text-align: center;\"><a href=\"https:\/\/drive.google.com\/file\/d\/1GxHChGgW8tcdpJ7i5M_bc-DpQ5focvmr\/view?usp=sharing\" target=\"_blank\" rel=\"noopener\">FILOSOFIA<\/a><\/td>\n<td style=\"width: 33.3333%; text-align: center;\"><\/td>\n<\/tr>\n<\/tbody>\n<\/table>\n","protected":false},"excerpt":{"rendered":"<p>CATAL\u00c0 CASTELL\u00c0 MATEM\u00c0TIQUES ANGL\u00c8S BIOLOGIA F\u00cdSICA I QU\u00cdMICA SOCIALS FILOSOFIA<\/p>\n","protected":false},"author":5,"featured_media":0,"parent":0,"menu_order":0,"comment_status":"closed","ping_status":"closed","template":"","meta":{"_bbp_topic_count":0,"_bbp_reply_count":0,"_bbp_total_topic_count":0,"_bbp_total_reply_count":0,"_bbp_voice_count":0,"_bbp_anonymous_reply_count":0,"_bbp_topic_count_hidden":0,"_bbp_reply_count_hidden":0,"_bbp_forum_subforum_count":0,"site-sidebar-layout":"default","site-content-layout":"","ast-site-content-layout":"","site-content-style":"default","site-sidebar-style":"default","ast-global-header-display":"","ast-banner-title-visibility":"","ast-main-header-display":"","ast-hfb-above-header-display":"","ast-hfb-below-header-display":"","ast-hfb-mobile-header-display":"","site-post-title":"","ast-breadcrumbs-content":"","ast-featured-img":"","footer-sml-layout":"","theme-transparent-header-meta":"","adv-header-id-meta":"","stick-header-meta":"","header-above-stick-meta":"","header-main-stick-meta":"","header-below-stick-meta":"","astra-migrate-meta-layouts":"default","ast-page-background-enabled":"default","ast-page-background-meta":{"desktop":{"background-color":"var(--ast-global-color-4)","background-image":"","background-repeat":"repeat","background-position":"center center","background-size":"auto","background-attachment":"scroll","background-type":"","background-media":"","overlay-type":"","overlay-color":"","overlay-opacity":"","overlay-gradient":""},"tablet":{"background-color":"","background-image":"","background-repeat":"repeat","background-position":"center center","background-size":"auto","background-attachment":"scroll","background-type":"","background-media":"","overlay-type":"","overlay-color":"","overlay-opacity":"","overlay-gradient":""},"mobile":{"background-color":"","background-image":"","background-repeat":"repeat","background-position":"center center","background-size":"auto","background-attachment":"scroll","background-type":"","background-media":"","overlay-type":"","overlay-color":"","overlay-opacity":"","overlay-gradient":""}},"ast-content-background-meta":{"desktop":{"background-color":"var(--ast-global-color-5)","background-image":"","background-repeat":"repeat","background-position":"center center","background-size":"auto","background-attachment":"scroll","background-type":"","background-media":"","overlay-type":"","overlay-color":"","overlay-opacity":"","overlay-gradient":""},"tablet":{"background-color":"var(--ast-global-color-5)","background-image":"","background-repeat":"repeat","background-position":"center center","background-size":"auto","background-attachment":"scroll","background-type":"","background-media":"","overlay-type":"","overlay-color":"","overlay-opacity":"","overlay-gradient":""},"mobile":{"background-color":"var(--ast-global-color-5)","background-image":"","background-repeat":"repeat","background-position":"center center","background-size":"auto","background-attachment":"scroll","background-type":"","background-media":"","overlay-type":"","overlay-color":"","overlay-opacity":"","overlay-gradient":""}},"footnotes":""},"class_list":["post-4383","page","type-page","status-publish","hentry"],"post_mailing_queue_ids":[],"_links":{"self":[{"href":"https:\/\/agora.xtec.cat\/iesinfanta\/wp-json\/wp\/v2\/pages\/4383","targetHints":{"allow":["GET"]}}],"collection":[{"href":"https:\/\/agora.xtec.cat\/iesinfanta\/wp-json\/wp\/v2\/pages"}],"about":[{"href":"https:\/\/agora.xtec.cat\/iesinfanta\/wp-json\/wp\/v2\/types\/page"}],"author":[{"embeddable":true,"href":"https:\/\/agora.xtec.cat\/iesinfanta\/wp-json\/wp\/v2\/users\/5"}],"replies":[{"embeddable":true,"href":"https:\/\/agora.xtec.cat\/iesinfanta\/wp-json\/wp\/v2\/comments?post=4383"}],"version-history":[{"count":3,"href":"https:\/\/agora.xtec.cat\/iesinfanta\/wp-json\/wp\/v2\/pages\/4383\/revisions"}],"predecessor-version":[{"id":4679,"href":"https:\/\/agora.xtec.cat\/iesinfanta\/wp-json\/wp\/v2\/pages\/4383\/revisions\/4679"}],"wp:attachment":[{"href":"https:\/\/agora.xtec.cat\/iesinfanta\/wp-json\/wp\/v2\/media?parent=4383"}],"curies":[{"name":"wp","href":"https:\/\/api.w.org\/{rel}","templated":true}]}}