{"id":4372,"date":"2022-05-30T17:07:21","date_gmt":"2022-05-30T15:07:21","guid":{"rendered":"https:\/\/agora.xtec.cat\/iesinfanta\/?page_id=4372"},"modified":"2022-06-29T07:44:45","modified_gmt":"2022-06-29T05:44:45","slug":"deures-estiu-1r-eso-2022","status":"publish","type":"page","link":"https:\/\/agora.xtec.cat\/iesinfanta\/deures-estiu-1r-eso-2022\/","title":{"rendered":"Deures estiu 1r ESO 2022"},"content":{"rendered":"<table style=\"border-collapse: collapse; width: 100%; height: 312px;\">\n<tbody>\n<tr style=\"height: 184px;\">\n<td style=\"width: 33.3333%; height: 184px;\" colspan=\"3\"><img loading=\"lazy\" decoding=\"async\" class=\"aligncenter wp-image-4373 size-full\" src=\"https:\/\/agora.xtec.cat\/iesinfanta\/wp-content\/uploads\/usu231\/2022\/05\/estiu-22-1r.jpg\" alt=\"\" width=\"299\" height=\"168\" \/><\/td>\n<\/tr>\n<tr style=\"height: 32px;\">\n<td style=\"width: 33.3333%; text-align: center; height: 32px;\"><a href=\"https:\/\/drive.google.com\/file\/d\/1tTSwkjjQ2cZnxWpMfB0f3giQYrsSw_PG\/view?usp=sharing\" target=\"_blank\" rel=\"noopener\">CATAL\u00c0<\/a><\/td>\n<td style=\"width: 33.3333%; text-align: center; height: 32px;\"><a href=\"https:\/\/drive.google.com\/drive\/folders\/1gN2JehOtS1nKg-h0BXRgBNwqDC6R2q99?usp=sharing\" target=\"_blank\" rel=\"noopener\">CASTELL\u00c0<\/a><\/td>\n<td style=\"width: 33.3333%; text-align: center; height: 32px;\"><a href=\"https:\/\/agora.xtec.cat\/iesinfanta\/wp-content\/uploads\/usu231\/2022\/05\/Dossier_Matematiques_1ESO.pdf\" target=\"_blank\" rel=\"noopener\">MATEM\u00c0TIQUES<\/a><\/td>\n<\/tr>\n<tr style=\"height: 32px;\">\n<td style=\"width: 33.3333%; text-align: center; height: 32px;\"><a href=\"https:\/\/drive.google.com\/drive\/folders\/1JIBo98_XstK0sFohxG4vpnyPrMJg2Ru1?usp=sharing\" target=\"_blank\" rel=\"noopener\">ANGL\u00c8S<\/a><\/td>\n<td style=\"width: 33.3333%; text-align: center; height: 32px;\"><a href=\"https:\/\/drive.google.com\/file\/d\/1h-zXqtBjs0mGUE_kl-Wtx8-2XT937IEx\/view?usp=sharing\" target=\"_blank\" rel=\"noopener\">BIOLOGIA<\/a><\/td>\n<td style=\"width: 33.3333%; text-align: center; height: 32px;\"><a href=\"https:\/\/agora.xtec.cat\/iesinfanta\/wp-content\/uploads\/usu231\/2022\/05\/circuits-encadenats.docx.pdf\" target=\"_blank\" rel=\"noopener\">TECNOLOGIA<\/a><\/td>\n<\/tr>\n<tr style=\"height: 32px;\">\n<td style=\"width: 33.3333%; text-align: center; height: 32px;\"><a href=\"https:\/\/drive.google.com\/drive\/folders\/1Zfw7HzMmDpPc0luIKkkClqTTXjsU5mg-?usp=sharing\" target=\"_blank\" rel=\"noopener\">SOCIALS<\/a><\/td>\n<td style=\"width: 33.3333%; text-align: center; height: 32px;\"><a href=\"https:\/\/drive.google.com\/file\/d\/1cqFaM-j92sZKvD5rayQJ2h97OoNOusFb\/view?usp=sharing\" target=\"_blank\" rel=\"noopener\">BIOLOGIA EN ANGL\u00c8S<\/a><\/td>\n<td style=\"width: 33.3333%; text-align: center; height: 32px;\"><a href=\"https:\/\/drive.google.com\/file\/d\/1YoOqU2bxl2cfx5N2WLkPxB_-MR48JbeC\/view?usp=sharing\" target=\"_blank\" rel=\"noopener\">M\u00daSICA<\/a><\/td>\n<\/tr>\n<tr style=\"height: 32px;\">\n<td style=\"width: 33.3333%; text-align: center; height: 32px;\"><a href=\"https:\/\/drive.google.com\/file\/d\/1k6YXenm2ajGytA1Su04bJmr9FOHcoeeA\/view?usp=sharing\" target=\"_blank\" rel=\"noopener\">ALEMANY<\/a><\/td>\n<td style=\"width: 33.3333%; text-align: center; height: 32px;\"><a href=\"https:\/\/agora.xtec.cat\/iesinfanta\/wp-content\/uploads\/usu231\/2022\/05\/ESO1_DEVOIRS-DETE_2021-22.pdf\" target=\"_blank\" rel=\"noopener\">FRANC\u00c8S<\/a><\/td>\n<td style=\"width: 33.3333%; text-align: center; height: 32px;\"><a href=\"https:\/\/drive.google.com\/file\/d\/18ZSsYCXdnO1UuXQGen8lq1EROcGEux_H\/view?usp=sharing\" target=\"_blank\" rel=\"noopener\">CULTURA I VALORS<\/a><\/td>\n<\/tr>\n<tr>\n<td style=\"width: 33.3333%; text-align: center;\"><a href=\"https:\/\/drive.google.com\/file\/d\/1FGV7YXiRlxjNtsPTaHxP_uATfiLvuxzE\/view?usp=sharing\" target=\"_blank\" rel=\"noopener\">RELIGI\u00d3<\/a><\/td>\n<td style=\"width: 33.3333%; text-align: center;\"><\/td>\n<td style=\"width: 33.3333%; text-align: center;\"><\/td>\n<\/tr>\n<\/tbody>\n<\/table>\n","protected":false},"excerpt":{"rendered":"<p>CATAL\u00c0 CASTELL\u00c0 MATEM\u00c0TIQUES ANGL\u00c8S BIOLOGIA TECNOLOGIA SOCIALS BIOLOGIA EN ANGL\u00c8S M\u00daSICA ALEMANY FRANC\u00c8S CULTURA I VALORS RELIGI\u00d3<\/p>\n","protected":false},"author":5,"featured_media":0,"parent":0,"menu_order":0,"comment_status":"closed","ping_status":"closed","template":"","meta":{"_bbp_topic_count":0,"_bbp_reply_count":0,"_bbp_total_topic_count":0,"_bbp_total_reply_count":0,"_bbp_voice_count":0,"_bbp_anonymous_reply_count":0,"_bbp_topic_count_hidden":0,"_bbp_reply_count_hidden":0,"_bbp_forum_subforum_count":0,"site-sidebar-layout":"default","site-content-layout":"","ast-site-content-layout":"","site-content-style":"default","site-sidebar-style":"default","ast-global-header-display":"","ast-banner-title-visibility":"","ast-main-header-display":"","ast-hfb-above-header-display":"","ast-hfb-below-header-display":"","ast-hfb-mobile-header-display":"","site-post-title":"","ast-breadcrumbs-content":"","ast-featured-img":"","footer-sml-layout":"","theme-transparent-header-meta":"","adv-header-id-meta":"","stick-header-meta":"","header-above-stick-meta":"","header-main-stick-meta":"","header-below-stick-meta":"","astra-migrate-meta-layouts":"default","ast-page-background-enabled":"default","ast-page-background-meta":{"desktop":{"background-color":"var(--ast-global-color-4)","background-image":"","background-repeat":"repeat","background-position":"center center","background-size":"auto","background-attachment":"scroll","background-type":"","background-media":"","overlay-type":"","overlay-color":"","overlay-opacity":"","overlay-gradient":""},"tablet":{"background-color":"","background-image":"","background-repeat":"repeat","background-position":"center center","background-size":"auto","background-attachment":"scroll","background-type":"","background-media":"","overlay-type":"","overlay-color":"","overlay-opacity":"","overlay-gradient":""},"mobile":{"background-color":"","background-image":"","background-repeat":"repeat","background-position":"center center","background-size":"auto","background-attachment":"scroll","background-type":"","background-media":"","overlay-type":"","overlay-color":"","overlay-opacity":"","overlay-gradient":""}},"ast-content-background-meta":{"desktop":{"background-color":"var(--ast-global-color-5)","background-image":"","background-repeat":"repeat","background-position":"center center","background-size":"auto","background-attachment":"scroll","background-type":"","background-media":"","overlay-type":"","overlay-color":"","overlay-opacity":"","overlay-gradient":""},"tablet":{"background-color":"var(--ast-global-color-5)","background-image":"","background-repeat":"repeat","background-position":"center center","background-size":"auto","background-attachment":"scroll","background-type":"","background-media":"","overlay-type":"","overlay-color":"","overlay-opacity":"","overlay-gradient":""},"mobile":{"background-color":"var(--ast-global-color-5)","background-image":"","background-repeat":"repeat","background-position":"center center","background-size":"auto","background-attachment":"scroll","background-type":"","background-media":"","overlay-type":"","overlay-color":"","overlay-opacity":"","overlay-gradient":""}},"footnotes":""},"class_list":["post-4372","page","type-page","status-publish","hentry"],"post_mailing_queue_ids":[],"_links":{"self":[{"href":"https:\/\/agora.xtec.cat\/iesinfanta\/wp-json\/wp\/v2\/pages\/4372","targetHints":{"allow":["GET"]}}],"collection":[{"href":"https:\/\/agora.xtec.cat\/iesinfanta\/wp-json\/wp\/v2\/pages"}],"about":[{"href":"https:\/\/agora.xtec.cat\/iesinfanta\/wp-json\/wp\/v2\/types\/page"}],"author":[{"embeddable":true,"href":"https:\/\/agora.xtec.cat\/iesinfanta\/wp-json\/wp\/v2\/users\/5"}],"replies":[{"embeddable":true,"href":"https:\/\/agora.xtec.cat\/iesinfanta\/wp-json\/wp\/v2\/comments?post=4372"}],"version-history":[{"count":4,"href":"https:\/\/agora.xtec.cat\/iesinfanta\/wp-json\/wp\/v2\/pages\/4372\/revisions"}],"predecessor-version":[{"id":4695,"href":"https:\/\/agora.xtec.cat\/iesinfanta\/wp-json\/wp\/v2\/pages\/4372\/revisions\/4695"}],"wp:attachment":[{"href":"https:\/\/agora.xtec.cat\/iesinfanta\/wp-json\/wp\/v2\/media?parent=4372"}],"curies":[{"name":"wp","href":"https:\/\/api.w.org\/{rel}","templated":true}]}}