{"id":4133,"date":"2022-04-19T12:16:37","date_gmt":"2022-04-19T10:16:37","guid":{"rendered":"https:\/\/agora.xtec.cat\/iesinfanta\/?page_id=4133"},"modified":"2026-01-30T12:14:33","modified_gmt":"2026-01-30T11:14:33","slug":"projecte-biblioteca","status":"publish","type":"page","link":"https:\/\/agora.xtec.cat\/iesinfanta\/serveis\/projecte-biblioteca\/","title":{"rendered":"Projecte Biblioteca"},"content":{"rendered":"<p><img loading=\"lazy\" decoding=\"async\" class=\"alignnone size-large wp-image-7993\" src=\"https:\/\/agora.xtec.cat\/iesinfanta\/wp-content\/uploads\/usu231\/2026\/01\/FOTO-BIBLIOTECA-OK-1024x576.jpg\" alt=\"\" width=\"1024\" height=\"576\" srcset=\"https:\/\/agora.xtec.cat\/iesinfanta\/wp-content\/uploads\/usu231\/2026\/01\/FOTO-BIBLIOTECA-OK-1024x576.jpg 1024w, https:\/\/agora.xtec.cat\/iesinfanta\/wp-content\/uploads\/usu231\/2026\/01\/FOTO-BIBLIOTECA-OK-300x169.jpg 300w, https:\/\/agora.xtec.cat\/iesinfanta\/wp-content\/uploads\/usu231\/2026\/01\/FOTO-BIBLIOTECA-OK-768x432.jpg 768w, https:\/\/agora.xtec.cat\/iesinfanta\/wp-content\/uploads\/usu231\/2026\/01\/FOTO-BIBLIOTECA-OK-1536x864.jpg 1536w, https:\/\/agora.xtec.cat\/iesinfanta\/wp-content\/uploads\/usu231\/2026\/01\/FOTO-BIBLIOTECA-OK-2048x1152.jpg 2048w\" sizes=\"auto, (max-width: 1024px) 100vw, 1024px\" \/><\/p>\n<p>&nbsp;<\/p>\n<p>Projecte de Parelles ling\u00fc\u00edstiques<\/p>\n<p>Des del Departament de catal\u00e0, l\u2019Aula d\u2019Acollida i la Biblioteca engeguem aquest<br \/>\ncurs un projecte de Parelles ling\u00fc\u00edstiques. Aquest projecte persegueix dos objectius:<br \/>\npotenciar l\u2019\u00fas del catal\u00e0 a nivell oral entre l\u2019alumnat i millorar la cohesi\u00f3 social entre<br \/>\nl\u2019alumnat de l\u2019Aula d\u2019acollida i la resta.<br \/>\nDes de l\u2019equip que organitza el projecte es fan parelles &#8211; es tracta de con\u00e8ixer un<br \/>\ncompany o companya amb qui crear un vincle nou en catal\u00e0- per tal de trobar-se un<br \/>\ncop per setmana, a l\u2019hora del pati a la biblioteca i tenir una conversa en catal\u00e0 sobre<br \/>\ntemes propers i quotidians (la fam\u00edlia, els menjars, els viatges, activitats de lleure,&#8230;).<br \/>\nLes professores que s\u00f3n a la Biblioteca, la Vicenta Ferrer i la S\u00f2nia Bux\u00f3, fan el<br \/>\nregistre de les trobades i incentiven les parelles suggerint temes i proporcionant<br \/>\npautes.<br \/>\nEs participa des del rol de mestre o des del d\u2019aprenent. Els mestres s\u00f3n alumnes<br \/>\nque parlen catal\u00e0 sense dificultat i que tenen inter\u00e8s per ajudar els altres.<br \/>\nI els aprenents, que han apr\u00e8s a parlar catal\u00e0 a l\u2019Aula d\u2019Acollida, volen millorar<br \/>\nl\u2019expressi\u00f3 oral en catal\u00e0, per\u00f2 tenen molt poques oportunitats per parlar-lo.<br \/>\nD\u2019aquesta manera se\u2019ls proporciona un temps setmanal per practicar-lo alhora que<br \/>\nconeixen altres companys que no pertanyen a l\u2019Aula d\u2019Acollida.<\/p>\n<p>Informaci\u00f3 per a l\u2019alumnat:<br \/>\n&#8211; Qu\u00e8 \u00e9s una parella ling\u00fc\u00edstica en catal\u00e0?<br \/>\nS\u00f3n dues persones de llengua materna diferent que es troben per fer un intercanvi<br \/>\nling\u00fc\u00edstic i cultural en catal\u00e0.<br \/>\n&#8211; Quin \u00e9s l\u2019objectiu?<br \/>\nLa finalitat \u00e9s millorar el coneixement del catal\u00e0 practicant-lo amb un\/a company\/a<br \/>\ncatalanoparlant i millorar la cohesi\u00f3 social.<br \/>\n&#8211; Com m\u2019hi puc inscriure?<br \/>\nPots parlar amb el teu professor\/a de catal\u00e0 o amb les professores Vicenta Ferrer i<br \/>\nS\u00f2nia Bux\u00f3.<br \/>\n&#8211; On ens reunim?<br \/>\nA la biblioteca a l\u2019hora del pati.<br \/>\n&#8211; Qu\u00e8 he de complir per obtenir l&amp;#39;avantatge en la nota de catal\u00e0?<\/p>\n<p>Cal fer 20 trobades registrades a la biblioteca i tindr\u00e0s un avantatge a la nota de<br \/>\ncatal\u00e0 del 3r trimestre. Pots millorar fins 1 punt la teva nota. Per\u00f2 a m\u00e9s a m\u00e9s, far\u00e0s<br \/>\nnoves amistats i coneixer\u00e0s gent nova.<\/p>\n<p><img loading=\"lazy\" decoding=\"async\" class=\"alignnone size-full wp-image-7699\" src=\"https:\/\/agora.xtec.cat\/iesinfanta\/wp-content\/uploads\/usu231\/2025\/10\/parelles-ling.png\" alt=\"\" width=\"1131\" height=\"1600\" \/><\/p>\n<p>&nbsp;<\/p>\n<p>Des de 2022, la Biblioteca Infanta dura a terme l&#8217; <strong>#InfantaBookfacefriday<\/strong>\u00a0.<\/p>\n<p>Cada dijous s&#8217;escollir\u00e0 una fotografia <em>Bookfacefriday\u00a0<\/em> de les fotografies enviades al correu <a href=\"mailto:biblioteca@insinfanta.cat\" target=\"_blank\" rel=\"noopener\">biblioteca@insinfanta.cat<\/a>\u00a0realitzades per alumnes de l&#8217;Infanta .<\/p>\n<p><strong>#Bookfacefriday\u00a0<\/strong>\u00a0consisteix a donar vida a la portada d&#8217;un llibre amb una fotografia. Una forma divertida i din\u00e0mica de fer una recomanaci\u00f3 liter\u00e0ria.<\/p>\n<p>La iniciativa la va posar en marxa la\u00a0<strong>Biblioteca P\u00fablica de Nova York<\/strong>\u00a0el\u00a0<strong>2014<\/strong>\u00a0i no va trigar a traspassar fronteres. S&#8217;hi van sumar biblioteques i persones d&#8217;arreu del m\u00f3n.<\/p>\n<p><a href=\"https:\/\/www.ccma.cat\/324\/bookfacefriday-una-forma-creativa-i-divertida-de-prescriure-literatura\/noticia\/3138932\/\" target=\"_blank\" rel=\"noopener\" data-saferedirecturl=\"https:\/\/www.google.com\/url?q=https:\/\/www.ccma.cat\/324\/bookfacefriday-una-forma-creativa-i-divertida-de-prescriure-literatura\/noticia\/3138932\/&amp;source=gmail&amp;ust=1646385750539000&amp;usg=AOvVaw2GvjP7PQPoZaKDAs3WXtsH\">https:\/\/www.ccma.cat\/324\/<wbr \/>bookfacefriday-una-forma-<wbr \/>creativa-i-divertida-de-<wbr \/>prescriure-literatura\/noticia\/<wbr \/>3138932\/<\/a><\/p>\n<table style=\"border-collapse: collapse; width: 100%;\">\n<tbody>\n<tr>\n<td style=\"width: 33.3333%; text-align: center;\">Denis Lenko 1 ESO<a href=\"https:\/\/agora.xtec.cat\/iesinfanta\/wp-content\/uploads\/usu231\/2022\/04\/20220330_212211.jpg\" target=\"_blank\" rel=\"noopener\"><br \/>\n<img loading=\"lazy\" decoding=\"async\" class=\"aligncenter wp-image-4230 size-thumbnail\" src=\"https:\/\/agora.xtec.cat\/iesinfanta\/wp-content\/uploads\/usu231\/2022\/04\/20220330_212211-150x150.jpg\" alt=\"\" width=\"150\" height=\"150\" \/><\/a><\/td>\n<td style=\"width: 33.3333%;\">\n<p style=\"text-align: center;\">Alex Torrente 2 ESO<a href=\"https:\/\/agora.xtec.cat\/iesinfanta\/wp-content\/uploads\/usu231\/2022\/04\/SORRES-BLANQUES-1.jpg\" target=\"_blank\" rel=\"noopener\"><br \/>\n<img loading=\"lazy\" decoding=\"async\" class=\"aligncenter wp-image-4220 size-thumbnail\" src=\"https:\/\/agora.xtec.cat\/iesinfanta\/wp-content\/uploads\/usu231\/2022\/04\/SORRES-BLANQUES-1-150x150.jpg\" alt=\"\" width=\"150\" height=\"150\" \/><\/a><\/p>\n<p>&nbsp;<\/td>\n<td style=\"width: 33.3333%;\"><a href=\"https:\/\/agora.xtec.cat\/iesinfanta\/wp-content\/uploads\/usu231\/2022\/04\/Foto-9-BFF-No-sonrias-que-me-enamoro.jpg\" target=\"_blank\" rel=\"noopener\"><img loading=\"lazy\" decoding=\"async\" class=\"size-thumbnail wp-image-4154 aligncenter\" src=\"https:\/\/agora.xtec.cat\/iesinfanta\/wp-content\/uploads\/usu231\/2022\/04\/Foto-9-BFF-No-sonrias-que-me-enamoro-150x150.jpg\" alt=\"\" width=\"150\" height=\"150\" \/><\/a><\/p>\n<p style=\"text-align: center;\"><span style=\"color: #2795b6;\"><span style=\"text-align: center;\">Aitana L\u00f3pez D\u00edaz i Nadia Ben El Kaid\u00a0 (2 ESO C)<\/span><\/span><\/p>\n<p>&nbsp;<\/td>\n<\/tr>\n<tr>\n<td style=\"width: 33.3333%;\"><a href=\"https:\/\/agora.xtec.cat\/iesinfanta\/wp-content\/uploads\/usu231\/2022\/04\/1648046159809-scaled.jpg\" target=\"_blank\" rel=\"noopener\"><img loading=\"lazy\" decoding=\"async\" class=\"aligncenter wp-image-4127 size-thumbnail\" src=\"https:\/\/agora.xtec.cat\/iesinfanta\/wp-content\/uploads\/usu231\/2022\/04\/1648046159809-150x150.jpg\" alt=\"\" width=\"150\" height=\"150\" \/><\/a><\/td>\n<td style=\"width: 33.3333%;\"><a href=\"https:\/\/agora.xtec.cat\/iesinfanta\/wp-content\/uploads\/usu231\/2022\/03\/Foto-7-BFF.jpg\" target=\"_blank\" rel=\"noopener\"><img loading=\"lazy\" decoding=\"async\" class=\"aligncenter wp-image-4030 size-thumbnail\" src=\"https:\/\/agora.xtec.cat\/iesinfanta\/wp-content\/uploads\/usu231\/2022\/03\/Foto-7-BFF-150x150.jpg\" alt=\"\" width=\"150\" height=\"150\" \/><\/a><\/td>\n<td style=\"width: 33.3333%;\"><a href=\"https:\/\/agora.xtec.cat\/iesinfanta\/wp-content\/uploads\/usu231\/2022\/03\/Foto-6-BFF.jpg\" target=\"_blank\" rel=\"noopener\"><img loading=\"lazy\" decoding=\"async\" class=\"aligncenter wp-image-4029 size-thumbnail\" src=\"https:\/\/agora.xtec.cat\/iesinfanta\/wp-content\/uploads\/usu231\/2022\/03\/Foto-6-BFF-150x150.jpg\" alt=\"\" width=\"150\" height=\"150\" \/><\/a><\/td>\n<\/tr>\n<tr>\n<td style=\"width: 33.3333%;\"><a href=\"https:\/\/agora.xtec.cat\/iesinfanta\/wp-content\/uploads\/usu231\/2022\/03\/WhatsApp-Image-2022-03-21-at-1.07.00-PM.jpeg\" target=\"_blank\" rel=\"noopener\"><img loading=\"lazy\" decoding=\"async\" class=\"aligncenter wp-image-3994 size-thumbnail\" src=\"https:\/\/agora.xtec.cat\/iesinfanta\/wp-content\/uploads\/usu231\/2022\/03\/WhatsApp-Image-2022-03-21-at-1.07.00-PM-150x150.jpeg\" alt=\"\" width=\"150\" height=\"150\" \/><\/a><\/td>\n<td style=\"width: 33.3333%;\"><a href=\"https:\/\/agora.xtec.cat\/iesinfanta\/wp-content\/uploads\/usu231\/2022\/03\/Foto-5-BFF.jpg\" target=\"_blank\" rel=\"noopener\"><img loading=\"lazy\" decoding=\"async\" class=\"aligncenter wp-image-3993 size-thumbnail\" src=\"https:\/\/agora.xtec.cat\/iesinfanta\/wp-content\/uploads\/usu231\/2022\/03\/Foto-5-BFF-150x150.jpg\" alt=\"\" width=\"150\" height=\"150\" \/><\/a><\/td>\n<td style=\"width: 33.3333%;\"><a href=\"https:\/\/agora.xtec.cat\/iesinfanta\/wp-content\/uploads\/usu231\/2022\/03\/WhatsApp-Image-2022-03-03-at-10.36.23-AM.jpeg\" target=\"_blank\" rel=\"noopener\"><img loading=\"lazy\" decoding=\"async\" class=\"aligncenter wp-image-3858 size-thumbnail\" src=\"https:\/\/agora.xtec.cat\/iesinfanta\/wp-content\/uploads\/usu231\/2022\/03\/WhatsApp-Image-2022-03-03-at-10.36.23-AM-150x150.jpeg\" alt=\"\" width=\"150\" height=\"150\" \/><\/a><\/td>\n<\/tr>\n<tr>\n<td style=\"width: 33.3333%;\"><a href=\"https:\/\/agora.xtec.cat\/iesinfanta\/wp-content\/uploads\/usu231\/2022\/03\/Foto-3-BFF.jpg\" target=\"_blank\" rel=\"noopener\"><img loading=\"lazy\" decoding=\"async\" class=\"aligncenter wp-image-3856 size-thumbnail\" src=\"https:\/\/agora.xtec.cat\/iesinfanta\/wp-content\/uploads\/usu231\/2022\/03\/Foto-3-BFF-150x150.jpg\" alt=\"\" width=\"150\" height=\"150\" \/><\/a><\/td>\n<td style=\"width: 33.3333%;\"><a href=\"https:\/\/agora.xtec.cat\/iesinfanta\/wp-content\/uploads\/usu231\/2022\/03\/WhatsApp-Image-2022-03-03-at-10.36.23-AM-1.jpeg\" target=\"_blank\" rel=\"noopener\"><img loading=\"lazy\" decoding=\"async\" class=\"aligncenter wp-image-3857 size-thumbnail\" src=\"https:\/\/agora.xtec.cat\/iesinfanta\/wp-content\/uploads\/usu231\/2022\/03\/WhatsApp-Image-2022-03-03-at-10.36.23-AM-1-150x150.jpeg\" alt=\"\" width=\"150\" height=\"150\" \/><\/a><\/td>\n<td style=\"width: 33.3333%;\"><a href=\"https:\/\/agora.xtec.cat\/iesinfanta\/wp-content\/uploads\/usu231\/2022\/03\/Explicacio-Bookfacefriday-Foto-1.jpg\" target=\"_blank\" rel=\"noopener\"><img loading=\"lazy\" decoding=\"async\" class=\"aligncenter wp-image-3855 size-thumbnail\" src=\"https:\/\/agora.xtec.cat\/iesinfanta\/wp-content\/uploads\/usu231\/2022\/03\/Explicacio-Bookfacefriday-Foto-1-150x150.jpg\" alt=\"\" width=\"150\" height=\"150\" \/><\/a><\/td>\n<\/tr>\n<\/tbody>\n<\/table>\n","protected":false},"excerpt":{"rendered":"<p>&nbsp; Projecte de Parelles ling\u00fc\u00edstiques Des del Departament de catal\u00e0, l\u2019Aula d\u2019Acollida i la Biblioteca engeguem aquest curs un projecte de Parelles ling\u00fc\u00edstiques. Aquest projecte persegueix dos objectius: potenciar l\u2019\u00fas del catal\u00e0 a nivell oral entre l\u2019alumnat i millorar la cohesi\u00f3 social entre l\u2019alumnat de l\u2019Aula d\u2019acollida i la resta. Des de l\u2019equip que organitza [&hellip;]<\/p>\n","protected":false},"author":5,"featured_media":0,"parent":63,"menu_order":35,"comment_status":"closed","ping_status":"closed","template":"","meta":{"_bbp_topic_count":0,"_bbp_reply_count":0,"_bbp_total_topic_count":0,"_bbp_total_reply_count":0,"_bbp_voice_count":0,"_bbp_anonymous_reply_count":0,"_bbp_topic_count_hidden":0,"_bbp_reply_count_hidden":0,"_bbp_forum_subforum_count":0,"site-sidebar-layout":"default","site-content-layout":"","ast-site-content-layout":"default","site-content-style":"default","site-sidebar-style":"default","ast-global-header-display":"","ast-banner-title-visibility":"","ast-main-header-display":"","ast-hfb-above-header-display":"","ast-hfb-below-header-display":"","ast-hfb-mobile-header-display":"","site-post-title":"","ast-breadcrumbs-content":"","ast-featured-img":"","footer-sml-layout":"","theme-transparent-header-meta":"default","adv-header-id-meta":"","stick-header-meta":"","header-above-stick-meta":"","header-main-stick-meta":"","header-below-stick-meta":"","astra-migrate-meta-layouts":"set","ast-page-background-enabled":"default","ast-page-background-meta":{"desktop":{"background-color":"var(--ast-global-color-4)","background-image":"","background-repeat":"repeat","background-position":"center center","background-size":"auto","background-attachment":"scroll","background-type":"","background-media":"","overlay-type":"","overlay-color":"","overlay-opacity":"","overlay-gradient":""},"tablet":{"background-color":"","background-image":"","background-repeat":"repeat","background-position":"center center","background-size":"auto","background-attachment":"scroll","background-type":"","background-media":"","overlay-type":"","overlay-color":"","overlay-opacity":"","overlay-gradient":""},"mobile":{"background-color":"","background-image":"","background-repeat":"repeat","background-position":"center center","background-size":"auto","background-attachment":"scroll","background-type":"","background-media":"","overlay-type":"","overlay-color":"","overlay-opacity":"","overlay-gradient":""}},"ast-content-background-meta":{"desktop":{"background-color":"var(--ast-global-color-5)","background-image":"","background-repeat":"repeat","background-position":"center center","background-size":"auto","background-attachment":"scroll","background-type":"","background-media":"","overlay-type":"","overlay-color":"","overlay-opacity":"","overlay-gradient":""},"tablet":{"background-color":"var(--ast-global-color-5)","background-image":"","background-repeat":"repeat","background-position":"center center","background-size":"auto","background-attachment":"scroll","background-type":"","background-media":"","overlay-type":"","overlay-color":"","overlay-opacity":"","overlay-gradient":""},"mobile":{"background-color":"var(--ast-global-color-5)","background-image":"","background-repeat":"repeat","background-position":"center center","background-size":"auto","background-attachment":"scroll","background-type":"","background-media":"","overlay-type":"","overlay-color":"","overlay-opacity":"","overlay-gradient":""}},"footnotes":""},"class_list":["post-4133","page","type-page","status-publish","hentry"],"post_mailing_queue_ids":[],"_links":{"self":[{"href":"https:\/\/agora.xtec.cat\/iesinfanta\/wp-json\/wp\/v2\/pages\/4133","targetHints":{"allow":["GET"]}}],"collection":[{"href":"https:\/\/agora.xtec.cat\/iesinfanta\/wp-json\/wp\/v2\/pages"}],"about":[{"href":"https:\/\/agora.xtec.cat\/iesinfanta\/wp-json\/wp\/v2\/types\/page"}],"author":[{"embeddable":true,"href":"https:\/\/agora.xtec.cat\/iesinfanta\/wp-json\/wp\/v2\/users\/5"}],"replies":[{"embeddable":true,"href":"https:\/\/agora.xtec.cat\/iesinfanta\/wp-json\/wp\/v2\/comments?post=4133"}],"version-history":[{"count":6,"href":"https:\/\/agora.xtec.cat\/iesinfanta\/wp-json\/wp\/v2\/pages\/4133\/revisions"}],"predecessor-version":[{"id":7994,"href":"https:\/\/agora.xtec.cat\/iesinfanta\/wp-json\/wp\/v2\/pages\/4133\/revisions\/7994"}],"up":[{"embeddable":true,"href":"https:\/\/agora.xtec.cat\/iesinfanta\/wp-json\/wp\/v2\/pages\/63"}],"wp:attachment":[{"href":"https:\/\/agora.xtec.cat\/iesinfanta\/wp-json\/wp\/v2\/media?parent=4133"}],"curies":[{"name":"wp","href":"https:\/\/api.w.org\/{rel}","templated":true}]}}