{"id":3033,"date":"2021-06-07T21:33:23","date_gmt":"2021-06-07T19:33:23","guid":{"rendered":"https:\/\/agora.xtec.cat\/iesinfanta\/?page_id=3033"},"modified":"2026-01-15T13:04:06","modified_gmt":"2026-01-15T12:04:06","slug":"titol-de-batxillerat","status":"publish","type":"page","link":"https:\/\/agora.xtec.cat\/iesinfanta\/secretaria\/titol-de-batxillerat\/","title":{"rendered":"T\u00edtol de Batxillerat"},"content":{"rendered":"<p><strong>Tramitaci\u00f3 de t\u00edtols acad\u00e8mics i professionals no universitaris<\/strong><\/p>\n<p><strong>\u00a0 \u00a0 \u00a0 \u00a0 \u00a0 \u00a0 \u00a0\u00a0Sol\u00b7licitar la tramitaci\u00f3<\/strong><\/p>\n<p>&nbsp;<\/p>\n<p>Pots demanar una primera expedici\u00f3 del teu t\u00edtol de Batxillerat \u00a0o\u00a0 b\u00e9 un duplicat o una actualitzaci\u00f3 d&#8217;un t\u00edtol (d&#8217;ESO o Batxillerat), a trav\u00e9s del tr\u00e0mit espec\u00edfic:<\/p>\n<p>&nbsp;<\/p>\n<p>*<a href=\"https:\/\/web.gencat.cat\/ca\/tramits\/tramits-temes\/titols-academics-no-universitaris?category=742b7874-a82c-11e3-a972-000c29052e2c\" data-saferedirecturl=\"https:\/\/www.google.com\/url?q=https:\/\/web.gencat.cat\/ca\/tramits\/tramits-temes\/titols-academics-no-universitaris?category%3D742b7874-a82c-11e3-a972-000c29052e2c&amp;source=gmail&amp;ust=1768564950437000&amp;usg=AOvVaw2_XDc1JdAF7gl5PPFn95HP\"><strong>Sol\u00b7licitar la tramitaci\u00f3<\/strong><\/a><\/p>\n<p>&nbsp;<\/p>\n<p><strong>A qui va dirigit?<\/strong><\/p>\n<p>Als ciutadans o ciutadanes que tinguin dret a l&#8217;expedici\u00f3 d&#8217;un t\u00edtol de batxiller<\/p>\n<p>o que\u00a0ja tinguin expedit un t\u00edtol de graduat en educaci\u00f3 secund\u00e0ria obligat\u00f2ria<\/p>\n<p>o de batxiller\u00a0i necessitin sol\u00b7licitar-ne un duplicat o una actualitzaci\u00f3.<\/p>\n<p>Pots sol\u00b7licitar la tramitaci\u00f3\u00a0en qualsevol moment.<\/p>\n<p>&nbsp;<\/p>\n<p><strong>La sol\u00b7licitud l&#8217;has de fer en l\u00ednia. Necessites:<\/strong><\/p>\n<ul>\n<li style=\"list-style-type: none;\">\n<ul>\n<li>Ordinador, tauleta o tel\u00e8fon m\u00f2bil amb connexi\u00f3 a Internet.<\/li>\n<li>Com a\u00a0eina d&#8217;identificaci\u00f3 digital\u00a0et recomanem l&#8217;<a href=\"https:\/\/web.gencat.cat\/ca\/tramits\/suport-tramitacio\/durant-la-tramitacio\/signatura-identificacio-digital\/idcat-mobil\/\" data-saferedirecturl=\"https:\/\/www.google.com\/url?q=https:\/\/web.gencat.cat\/ca\/tramits\/suport-tramitacio\/durant-la-tramitacio\/signatura-identificacio-digital\/idcat-mobil\/&amp;source=gmail&amp;ust=1768564950437000&amp;usg=AOvVaw1HgbqSho1BGyQC5hgTeNTU\">idCAT M\u00f2bil<\/a>\u00a0per la seva facilitat d&#8217;obtenci\u00f3 i d&#8217;\u00fas,<\/li>\n<\/ul>\n<\/li>\n<\/ul>\n<p>per\u00f2\u00a0pots utilitzar tamb\u00e9 qualsevol\u00a0<u>certificat digital<\/u>\u00a0i\u00a0<u>Cl@ve<\/u>.<\/p>\n<p>&nbsp;<\/p>\n<p>Guies de com pots sol\u00b7licitar el t\u00edtol:<\/p>\n<p><strong><a href=\"https:\/\/tramits.gencat.cat\/web\/shared\/OVT\/Departaments\/ENS\/TramitOVT\/tramitacio-titols\/sollicitud-primera-expedicio.pdf\" data-saferedirecturl=\"https:\/\/www.google.com\/url?q=https:\/\/tramits.gencat.cat\/web\/shared\/OVT\/Departaments\/ENS\/TramitOVT\/tramitacio-titols\/sollicitud-primera-expedicio.pdf&amp;source=gmail&amp;ust=1768564950437000&amp;usg=AOvVaw0K_GAfVo-9_RrD8x3o9LcO\">Com puc sol\u00b7licitar un t\u00edtol per primera vegada?<\/a><\/strong><\/p>\n<p><strong><a href=\"https:\/\/tramits.gencat.cat\/web\/shared\/OVT\/Departaments\/ENS\/TramitOVT\/tramitacio-titols\/duplicat-actualitzacio.pdf\" data-saferedirecturl=\"https:\/\/www.google.com\/url?q=https:\/\/tramits.gencat.cat\/web\/shared\/OVT\/Departaments\/ENS\/TramitOVT\/tramitacio-titols\/duplicat-actualitzacio.pdf&amp;source=gmail&amp;ust=1768564950437000&amp;usg=AOvVaw38DGdSxqXxi5Y2mceWf71x\">Com puc sol\u00b7litar un duplicat o actualitzaci\u00f3 d&#8217;un t\u00edtol ja expedit?<\/a><\/strong><\/p>\n<p>&nbsp;<\/p>\n<p>&nbsp;<\/p>\n","protected":false},"excerpt":{"rendered":"<p>Tramitaci\u00f3 de t\u00edtols acad\u00e8mics i professionals no universitaris \u00a0 \u00a0 \u00a0 \u00a0 \u00a0 \u00a0 \u00a0\u00a0Sol\u00b7licitar la tramitaci\u00f3 &nbsp; Pots demanar una primera expedici\u00f3 del teu t\u00edtol de Batxillerat \u00a0o\u00a0 b\u00e9 un duplicat o una actualitzaci\u00f3 d&#8217;un t\u00edtol (d&#8217;ESO o Batxillerat), a trav\u00e9s del tr\u00e0mit espec\u00edfic: &nbsp; *Sol\u00b7licitar la tramitaci\u00f3 &nbsp; A qui va dirigit? Als [&hellip;]<\/p>\n","protected":false},"author":5,"featured_media":0,"parent":81,"menu_order":15,"comment_status":"closed","ping_status":"closed","template":"","meta":{"_bbp_topic_count":0,"_bbp_reply_count":0,"_bbp_total_topic_count":0,"_bbp_total_reply_count":0,"_bbp_voice_count":0,"_bbp_anonymous_reply_count":0,"_bbp_topic_count_hidden":0,"_bbp_reply_count_hidden":0,"_bbp_forum_subforum_count":0,"site-sidebar-layout":"default","site-content-layout":"","ast-site-content-layout":"default","site-content-style":"default","site-sidebar-style":"default","ast-global-header-display":"","ast-banner-title-visibility":"","ast-main-header-display":"","ast-hfb-above-header-display":"","ast-hfb-below-header-display":"","ast-hfb-mobile-header-display":"","site-post-title":"","ast-breadcrumbs-content":"","ast-featured-img":"","footer-sml-layout":"","theme-transparent-header-meta":"default","adv-header-id-meta":"","stick-header-meta":"","header-above-stick-meta":"","header-main-stick-meta":"","header-below-stick-meta":"","astra-migrate-meta-layouts":"set","ast-page-background-enabled":"default","ast-page-background-meta":{"desktop":{"background-color":"var(--ast-global-color-4)","background-image":"","background-repeat":"repeat","background-position":"center center","background-size":"auto","background-attachment":"scroll","background-type":"","background-media":"","overlay-type":"","overlay-color":"","overlay-opacity":"","overlay-gradient":""},"tablet":{"background-color":"","background-image":"","background-repeat":"repeat","background-position":"center center","background-size":"auto","background-attachment":"scroll","background-type":"","background-media":"","overlay-type":"","overlay-color":"","overlay-opacity":"","overlay-gradient":""},"mobile":{"background-color":"","background-image":"","background-repeat":"repeat","background-position":"center center","background-size":"auto","background-attachment":"scroll","background-type":"","background-media":"","overlay-type":"","overlay-color":"","overlay-opacity":"","overlay-gradient":""}},"ast-content-background-meta":{"desktop":{"background-color":"var(--ast-global-color-5)","background-image":"","background-repeat":"repeat","background-position":"center center","background-size":"auto","background-attachment":"scroll","background-type":"","background-media":"","overlay-type":"","overlay-color":"","overlay-opacity":"","overlay-gradient":""},"tablet":{"background-color":"var(--ast-global-color-5)","background-image":"","background-repeat":"repeat","background-position":"center center","background-size":"auto","background-attachment":"scroll","background-type":"","background-media":"","overlay-type":"","overlay-color":"","overlay-opacity":"","overlay-gradient":""},"mobile":{"background-color":"var(--ast-global-color-5)","background-image":"","background-repeat":"repeat","background-position":"center center","background-size":"auto","background-attachment":"scroll","background-type":"","background-media":"","overlay-type":"","overlay-color":"","overlay-opacity":"","overlay-gradient":""}},"footnotes":""},"class_list":["post-3033","page","type-page","status-publish","hentry"],"post_mailing_queue_ids":[],"_links":{"self":[{"href":"https:\/\/agora.xtec.cat\/iesinfanta\/wp-json\/wp\/v2\/pages\/3033","targetHints":{"allow":["GET"]}}],"collection":[{"href":"https:\/\/agora.xtec.cat\/iesinfanta\/wp-json\/wp\/v2\/pages"}],"about":[{"href":"https:\/\/agora.xtec.cat\/iesinfanta\/wp-json\/wp\/v2\/types\/page"}],"author":[{"embeddable":true,"href":"https:\/\/agora.xtec.cat\/iesinfanta\/wp-json\/wp\/v2\/users\/5"}],"replies":[{"embeddable":true,"href":"https:\/\/agora.xtec.cat\/iesinfanta\/wp-json\/wp\/v2\/comments?post=3033"}],"version-history":[{"count":4,"href":"https:\/\/agora.xtec.cat\/iesinfanta\/wp-json\/wp\/v2\/pages\/3033\/revisions"}],"predecessor-version":[{"id":7890,"href":"https:\/\/agora.xtec.cat\/iesinfanta\/wp-json\/wp\/v2\/pages\/3033\/revisions\/7890"}],"up":[{"embeddable":true,"href":"https:\/\/agora.xtec.cat\/iesinfanta\/wp-json\/wp\/v2\/pages\/81"}],"wp:attachment":[{"href":"https:\/\/agora.xtec.cat\/iesinfanta\/wp-json\/wp\/v2\/media?parent=3033"}],"curies":[{"name":"wp","href":"https:\/\/api.w.org\/{rel}","templated":true}]}}