{"id":2980,"date":"2021-06-02T11:54:34","date_gmt":"2021-06-02T09:54:34","guid":{"rendered":"https:\/\/agora.xtec.cat\/iesinfanta\/?page_id=2980"},"modified":"2022-05-13T13:26:59","modified_gmt":"2022-05-13T11:26:59","slug":"deures-estiu-batxillerat","status":"publish","type":"page","link":"https:\/\/agora.xtec.cat\/iesinfanta\/deures-estiu-batxillerat\/","title":{"rendered":"DEURES ESTIU BATXILLERAT 2021"},"content":{"rendered":"<table style=\"width: 388px;\">\n<tbody>\n<tr>\n<td style=\"width: 382px;\" colspan=\"3\"><img loading=\"lazy\" decoding=\"async\" class=\"size-full wp-image-3049 aligncenter\" src=\"https:\/\/agora.xtec.cat\/iesinfanta\/wp-content\/uploads\/usu231\/2021\/06\/llibre-2.jpg\" alt=\"\" width=\"338\" height=\"149\" srcset=\"https:\/\/agora.xtec.cat\/iesinfanta\/wp-content\/uploads\/usu231\/2021\/06\/llibre-2.jpg 338w, https:\/\/agora.xtec.cat\/iesinfanta\/wp-content\/uploads\/usu231\/2021\/06\/llibre-2-300x132.jpg 300w\" sizes=\"auto, (max-width: 338px) 100vw, 338px\" \/><\/td>\n<\/tr>\n<tr>\n<td style=\"width: 117.141px; text-align: center;\"><a href=\"https:\/\/drive.google.com\/file\/d\/12-WTGS0YiufeWfq8xO9bqERziwEDlcBg\/view?usp=sharing\" target=\"_blank\" rel=\"noopener noreferrer\">CASTELL\u00c0<\/a><\/td>\n<td style=\"width: 123.406px; text-align: center;\"><a href=\"https:\/\/drive.google.com\/file\/d\/1HUgPfs4hJGNgR70gwdoqKnM8O9-3wE8J\/view?usp=sharing\" target=\"_blank\" rel=\"noopener noreferrer\">MATEM. Social<\/a><\/td>\n<td style=\"width: 137.453px; text-align: center;\"><a href=\"https:\/\/drive.google.com\/file\/d\/1_l6i0_PQFcgmpBUbJ41kP5KuhaEGv4l2\/view?usp=sharing\" target=\"_blank\" rel=\"noopener noreferrer\">MATEM. Cient\u00edfic<\/a><\/td>\n<\/tr>\n<tr>\n<td style=\"width: 117.141px; text-align: center;\"><a href=\"https:\/\/drive.google.com\/file\/d\/1REMoGeenCGoBS-CdZhdsGuHqq5MI-kZN\/view?usp=sharing\" target=\"_blank\" rel=\"noopener noreferrer\">F\u00cdSICA<\/a><\/td>\n<td style=\"width: 123.406px; text-align: center;\"><a href=\"https:\/\/drive.google.com\/drive\/folders\/1Q-V2Np-lrao-WsA1SITIm7MmcF5zNolf?usp=sharing\" target=\"_blank\" rel=\"noopener noreferrer\">ANGL\u00c8S<\/a><\/td>\n<td style=\"width: 137.453px; text-align: center;\"><a href=\"https:\/\/drive.google.com\/file\/d\/1tnURdvHVMm36Ifo9-8-Rm3Krcc4ds7ZZ\/view?usp=sharing\" target=\"_blank\" rel=\"noopener noreferrer\">BIOLOGIA<\/a><\/td>\n<\/tr>\n<tr>\n<td style=\"width: 117.141px; text-align: center;\"><a href=\"https:\/\/drive.google.com\/file\/d\/1tGiRdGmIzjpSdiGb5jZ8FfhmA_bG3yow\/view?usp=sharing\" target=\"_blank\" rel=\"noopener noreferrer\">CATAL\u00c0<\/a><\/td>\n<td style=\"width: 123.406px; text-align: center;\"><a href=\"https:\/\/drive.google.com\/file\/d\/1XNnYZ1-6OyqYJ2IsChALUpdNZvcnkLFy\/view?usp=sharing\" target=\"_blank\" rel=\"noopener noreferrer\">LLAT\u00cd<\/a><\/td>\n<td style=\"width: 137.453px; text-align: center;\"><a href=\"https:\/\/drive.google.com\/file\/d\/1Zz59RETZHW2RPvx7A22H2KKALoVfCHwM\/view?usp=sharing\" target=\"_blank\" rel=\"noopener noreferrer\">CTMA<\/a><\/td>\n<\/tr>\n<tr>\n<td style=\"width: 117.141px; text-align: center;\"><a href=\"https:\/\/drive.google.com\/file\/d\/152Vw1fHHMHzDDTjiqe3uCr121YAD_vqM\/view?usp=sharing\" target=\"_blank\" rel=\"noopener noreferrer\">QU\u00cdMICA<\/a><\/td>\n<td style=\"width: 123.406px; text-align: center;\"><\/td>\n<td style=\"width: 137.453px; text-align: center;\"><\/td>\n<\/tr>\n<\/tbody>\n<\/table>\n","protected":false},"excerpt":{"rendered":"<p>CASTELL\u00c0 MATEM. Social MATEM. Cient\u00edfic F\u00cdSICA ANGL\u00c8S BIOLOGIA CATAL\u00c0 LLAT\u00cd CTMA QU\u00cdMICA<\/p>\n","protected":false},"author":5,"featured_media":0,"parent":0,"menu_order":0,"comment_status":"closed","ping_status":"closed","template":"","meta":{"_bbp_topic_count":0,"_bbp_reply_count":0,"_bbp_total_topic_count":0,"_bbp_total_reply_count":0,"_bbp_voice_count":0,"_bbp_anonymous_reply_count":0,"_bbp_topic_count_hidden":0,"_bbp_reply_count_hidden":0,"_bbp_forum_subforum_count":0,"site-sidebar-layout":"default","site-content-layout":"","ast-site-content-layout":"","site-content-style":"default","site-sidebar-style":"default","ast-global-header-display":"","ast-banner-title-visibility":"","ast-main-header-display":"","ast-hfb-above-header-display":"","ast-hfb-below-header-display":"","ast-hfb-mobile-header-display":"","site-post-title":"","ast-breadcrumbs-content":"","ast-featured-img":"","footer-sml-layout":"","theme-transparent-header-meta":"","adv-header-id-meta":"","stick-header-meta":"","header-above-stick-meta":"","header-main-stick-meta":"","header-below-stick-meta":"","astra-migrate-meta-layouts":"default","ast-page-background-enabled":"default","ast-page-background-meta":{"desktop":{"background-color":"var(--ast-global-color-4)","background-image":"","background-repeat":"repeat","background-position":"center center","background-size":"auto","background-attachment":"scroll","background-type":"","background-media":"","overlay-type":"","overlay-color":"","overlay-opacity":"","overlay-gradient":""},"tablet":{"background-color":"","background-image":"","background-repeat":"repeat","background-position":"center center","background-size":"auto","background-attachment":"scroll","background-type":"","background-media":"","overlay-type":"","overlay-color":"","overlay-opacity":"","overlay-gradient":""},"mobile":{"background-color":"","background-image":"","background-repeat":"repeat","background-position":"center center","background-size":"auto","background-attachment":"scroll","background-type":"","background-media":"","overlay-type":"","overlay-color":"","overlay-opacity":"","overlay-gradient":""}},"ast-content-background-meta":{"desktop":{"background-color":"var(--ast-global-color-5)","background-image":"","background-repeat":"repeat","background-position":"center center","background-size":"auto","background-attachment":"scroll","background-type":"","background-media":"","overlay-type":"","overlay-color":"","overlay-opacity":"","overlay-gradient":""},"tablet":{"background-color":"var(--ast-global-color-5)","background-image":"","background-repeat":"repeat","background-position":"center center","background-size":"auto","background-attachment":"scroll","background-type":"","background-media":"","overlay-type":"","overlay-color":"","overlay-opacity":"","overlay-gradient":""},"mobile":{"background-color":"var(--ast-global-color-5)","background-image":"","background-repeat":"repeat","background-position":"center center","background-size":"auto","background-attachment":"scroll","background-type":"","background-media":"","overlay-type":"","overlay-color":"","overlay-opacity":"","overlay-gradient":""}},"footnotes":""},"class_list":["post-2980","page","type-page","status-publish","hentry"],"post_mailing_queue_ids":[],"_links":{"self":[{"href":"https:\/\/agora.xtec.cat\/iesinfanta\/wp-json\/wp\/v2\/pages\/2980","targetHints":{"allow":["GET"]}}],"collection":[{"href":"https:\/\/agora.xtec.cat\/iesinfanta\/wp-json\/wp\/v2\/pages"}],"about":[{"href":"https:\/\/agora.xtec.cat\/iesinfanta\/wp-json\/wp\/v2\/types\/page"}],"author":[{"embeddable":true,"href":"https:\/\/agora.xtec.cat\/iesinfanta\/wp-json\/wp\/v2\/users\/5"}],"replies":[{"embeddable":true,"href":"https:\/\/agora.xtec.cat\/iesinfanta\/wp-json\/wp\/v2\/comments?post=2980"}],"version-history":[{"count":3,"href":"https:\/\/agora.xtec.cat\/iesinfanta\/wp-json\/wp\/v2\/pages\/2980\/revisions"}],"predecessor-version":[{"id":4284,"href":"https:\/\/agora.xtec.cat\/iesinfanta\/wp-json\/wp\/v2\/pages\/2980\/revisions\/4284"}],"wp:attachment":[{"href":"https:\/\/agora.xtec.cat\/iesinfanta\/wp-json\/wp\/v2\/media?parent=2980"}],"curies":[{"name":"wp","href":"https:\/\/api.w.org\/{rel}","templated":true}]}}