{"id":2976,"date":"2021-06-02T11:52:19","date_gmt":"2021-06-02T09:52:19","guid":{"rendered":"https:\/\/agora.xtec.cat\/iesinfanta\/?page_id=2976"},"modified":"2022-05-13T13:26:19","modified_gmt":"2022-05-13T11:26:19","slug":"deures-estiu-3r-eso","status":"publish","type":"page","link":"https:\/\/agora.xtec.cat\/iesinfanta\/deures-estiu-3r-eso\/","title":{"rendered":"DEURES ESTIU 3r ESO 2021"},"content":{"rendered":"<p>\u200b<\/p>\n<table>\n<tbody>\n<tr>\n<td style=\"width: 416px;\" colspan=\"3\">\u00a0<img loading=\"lazy\" decoding=\"async\" class=\"size-full wp-image-3049 aligncenter\" style=\"font-size: 16px;\" src=\"https:\/\/agora.xtec.cat\/iesinfanta\/wp-content\/uploads\/usu231\/2021\/06\/llibre-2.jpg\" alt=\"\" width=\"338\" height=\"149\" srcset=\"https:\/\/agora.xtec.cat\/iesinfanta\/wp-content\/uploads\/usu231\/2021\/06\/llibre-2.jpg 338w, https:\/\/agora.xtec.cat\/iesinfanta\/wp-content\/uploads\/usu231\/2021\/06\/llibre-2-300x132.jpg 300w\" sizes=\"auto, (max-width: 338px) 100vw, 338px\" \/><\/td>\n<\/tr>\n<tr>\n<td style=\"width: 133px; text-align: center;\"><a href=\"https:\/\/drive.google.com\/file\/d\/17S-k-R66DrN_nfyPCPqKLw05PmbsTpLe\/view?usp=sharing\" target=\"_blank\" rel=\"noopener noreferrer\">CASTELL\u00c0<\/a><\/td>\n<td style=\"width: 139px; text-align: center;\"><a href=\"https:\/\/drive.google.com\/file\/d\/1PtdzLa5SIN3hdnjjfFEDFAInl_2-GD4S\/view?usp=sharing\" target=\"_blank\" rel=\"noopener noreferrer\">MATEM\u00c0TIQUES<\/a><\/td>\n<td style=\"width: 140px; text-align: center;\"><a href=\"https:\/\/drive.google.com\/file\/d\/1rj6XgSZxuUK0j-qrKBqe2Oxk5TiBYuGJ\/view?usp=sharing\" target=\"_blank\" rel=\"noopener noreferrer\">TECNOLOGIES<\/a><\/td>\n<\/tr>\n<tr>\n<td style=\"width: 133px; text-align: center;\"><a href=\"https:\/\/drive.google.com\/file\/d\/1OWxx9IzP_reGdYnkVdD-fbIB-hVY9qTK\/view?usp=sharing\" target=\"_blank\" rel=\"noopener noreferrer\">SOCIALS<\/a><\/td>\n<td style=\"width: 139px; text-align: center;\"><a href=\"https:\/\/drive.google.com\/file\/d\/1Uc2gW7alYHNrTwXbUtMPhQhLB-lsZgAn\/view?usp=sharing\" target=\"_blank\" rel=\"noopener noreferrer\">FISICA I QU\u00cdMICA<\/a><\/td>\n<td style=\"width: 140px; text-align: center;\"><a href=\"https:\/\/drive.google.com\/file\/d\/1L_4H-QXz2htxAAdBayqykbHIOd2Wek7A\/view?usp=sharing\" target=\"_blank\" rel=\"noopener noreferrer\">BIOLOGIA<\/a><\/td>\n<\/tr>\n<tr>\n<td style=\"width: 133px; text-align: center;\"><a href=\"https:\/\/drive.google.com\/drive\/folders\/1LLxITfrZm4q2-ysCAuRVsyJnLYIVd_I-?usp=sharing\" target=\"_blank\" rel=\"noopener noreferrer\">ANGL\u00c8S<\/a><\/td>\n<td style=\"width: 139px; text-align: center;\"><a href=\"https:\/\/drive.google.com\/file\/d\/16SmkDejaQ9izmqLBC1Q_Xbr27LDT3ePq\/view?usp=sharing\" target=\"_blank\" rel=\"noopener noreferrer\">ALEMANY<\/a><\/td>\n<td style=\"width: 140px; text-align: center;\"><a href=\"https:\/\/drive.google.com\/file\/d\/1e12_xiauiCQ0vXFh2pvMFvkXZ4jDL2dr\/view?usp=sharing\" target=\"_blank\" rel=\"noopener noreferrer\">CATAL\u00c0<\/a><\/td>\n<\/tr>\n<tr>\n<td style=\"width: 133px; text-align: center;\"><a href=\"https:\/\/drive.google.com\/file\/d\/1X9lIipgP2GxigF2on2yAnwb_lxlPIols\/view?usp=sharing\" target=\"_blank\" rel=\"noopener noreferrer\">FRANC\u00c8S<\/a><\/td>\n<td style=\"width: 139px; text-align: center;\"><\/td>\n<td style=\"width: 140px; text-align: center;\"><\/td>\n<\/tr>\n<\/tbody>\n<\/table>\n<p>&nbsp;<\/p>\n","protected":false},"excerpt":{"rendered":"<p>\u200b \u00a0 CASTELL\u00c0 MATEM\u00c0TIQUES TECNOLOGIES SOCIALS FISICA I QU\u00cdMICA BIOLOGIA ANGL\u00c8S ALEMANY CATAL\u00c0 FRANC\u00c8S &nbsp;<\/p>\n","protected":false},"author":5,"featured_media":0,"parent":0,"menu_order":0,"comment_status":"closed","ping_status":"closed","template":"","meta":{"_bbp_topic_count":0,"_bbp_reply_count":0,"_bbp_total_topic_count":0,"_bbp_total_reply_count":0,"_bbp_voice_count":0,"_bbp_anonymous_reply_count":0,"_bbp_topic_count_hidden":0,"_bbp_reply_count_hidden":0,"_bbp_forum_subforum_count":0,"site-sidebar-layout":"default","site-content-layout":"","ast-site-content-layout":"","site-content-style":"default","site-sidebar-style":"default","ast-global-header-display":"","ast-banner-title-visibility":"","ast-main-header-display":"","ast-hfb-above-header-display":"","ast-hfb-below-header-display":"","ast-hfb-mobile-header-display":"","site-post-title":"","ast-breadcrumbs-content":"","ast-featured-img":"","footer-sml-layout":"","theme-transparent-header-meta":"","adv-header-id-meta":"","stick-header-meta":"","header-above-stick-meta":"","header-main-stick-meta":"","header-below-stick-meta":"","astra-migrate-meta-layouts":"default","ast-page-background-enabled":"default","ast-page-background-meta":{"desktop":{"background-color":"var(--ast-global-color-4)","background-image":"","background-repeat":"repeat","background-position":"center center","background-size":"auto","background-attachment":"scroll","background-type":"","background-media":"","overlay-type":"","overlay-color":"","overlay-opacity":"","overlay-gradient":""},"tablet":{"background-color":"","background-image":"","background-repeat":"repeat","background-position":"center center","background-size":"auto","background-attachment":"scroll","background-type":"","background-media":"","overlay-type":"","overlay-color":"","overlay-opacity":"","overlay-gradient":""},"mobile":{"background-color":"","background-image":"","background-repeat":"repeat","background-position":"center center","background-size":"auto","background-attachment":"scroll","background-type":"","background-media":"","overlay-type":"","overlay-color":"","overlay-opacity":"","overlay-gradient":""}},"ast-content-background-meta":{"desktop":{"background-color":"var(--ast-global-color-5)","background-image":"","background-repeat":"repeat","background-position":"center center","background-size":"auto","background-attachment":"scroll","background-type":"","background-media":"","overlay-type":"","overlay-color":"","overlay-opacity":"","overlay-gradient":""},"tablet":{"background-color":"var(--ast-global-color-5)","background-image":"","background-repeat":"repeat","background-position":"center center","background-size":"auto","background-attachment":"scroll","background-type":"","background-media":"","overlay-type":"","overlay-color":"","overlay-opacity":"","overlay-gradient":""},"mobile":{"background-color":"var(--ast-global-color-5)","background-image":"","background-repeat":"repeat","background-position":"center center","background-size":"auto","background-attachment":"scroll","background-type":"","background-media":"","overlay-type":"","overlay-color":"","overlay-opacity":"","overlay-gradient":""}},"footnotes":""},"class_list":["post-2976","page","type-page","status-publish","hentry"],"post_mailing_queue_ids":[],"_links":{"self":[{"href":"https:\/\/agora.xtec.cat\/iesinfanta\/wp-json\/wp\/v2\/pages\/2976","targetHints":{"allow":["GET"]}}],"collection":[{"href":"https:\/\/agora.xtec.cat\/iesinfanta\/wp-json\/wp\/v2\/pages"}],"about":[{"href":"https:\/\/agora.xtec.cat\/iesinfanta\/wp-json\/wp\/v2\/types\/page"}],"author":[{"embeddable":true,"href":"https:\/\/agora.xtec.cat\/iesinfanta\/wp-json\/wp\/v2\/users\/5"}],"replies":[{"embeddable":true,"href":"https:\/\/agora.xtec.cat\/iesinfanta\/wp-json\/wp\/v2\/comments?post=2976"}],"version-history":[{"count":3,"href":"https:\/\/agora.xtec.cat\/iesinfanta\/wp-json\/wp\/v2\/pages\/2976\/revisions"}],"predecessor-version":[{"id":4282,"href":"https:\/\/agora.xtec.cat\/iesinfanta\/wp-json\/wp\/v2\/pages\/2976\/revisions\/4282"}],"wp:attachment":[{"href":"https:\/\/agora.xtec.cat\/iesinfanta\/wp-json\/wp\/v2\/media?parent=2976"}],"curies":[{"name":"wp","href":"https:\/\/api.w.org\/{rel}","templated":true}]}}