{"id":2974,"date":"2021-06-02T11:50:55","date_gmt":"2021-06-02T09:50:55","guid":{"rendered":"https:\/\/agora.xtec.cat\/iesinfanta\/?page_id=2974"},"modified":"2022-05-13T13:26:05","modified_gmt":"2022-05-13T11:26:05","slug":"deures-destiu-2n-eso","status":"publish","type":"page","link":"https:\/\/agora.xtec.cat\/iesinfanta\/deures-destiu-2n-eso\/","title":{"rendered":"DEURES ESTIU 2n ESO 2021"},"content":{"rendered":"<p>\u200b<\/p>\n<table style=\"width: 436px; height: 130px;\">\n<tbody>\n<tr style=\"height: 85px;\">\n<td style=\"width: 430px; height: 85px;\" colspan=\"3\">\u00a0<img loading=\"lazy\" decoding=\"async\" class=\"size-full wp-image-3049 aligncenter\" src=\"https:\/\/agora.xtec.cat\/iesinfanta\/wp-content\/uploads\/usu231\/2021\/06\/llibre-2.jpg\" alt=\"\" width=\"338\" height=\"149\" srcset=\"https:\/\/agora.xtec.cat\/iesinfanta\/wp-content\/uploads\/usu231\/2021\/06\/llibre-2.jpg 338w, https:\/\/agora.xtec.cat\/iesinfanta\/wp-content\/uploads\/usu231\/2021\/06\/llibre-2-300x132.jpg 300w\" sizes=\"auto, (max-width: 338px) 100vw, 338px\" \/><\/td>\n<\/tr>\n<tr style=\"height: 33px;\">\n<td style=\"width: 120.547px; height: 33px; text-align: center;\"><a href=\"https:\/\/drive.google.com\/file\/d\/1chK1dnUk_A7MvdbfrOLV-oW65gCYxlkL\/view?usp=sharing\" target=\"_blank\" rel=\"noopener noreferrer\">CASTELL\u00c0<\/a><\/td>\n<td style=\"width: 163.75px; height: 33px; text-align: center;\"><a href=\"https:\/\/drive.google.com\/file\/d\/1Z4HDEMPtEBPbyK7tA-CRHH2yR-2QZ6MX\/view?usp=sharing\" target=\"_blank\" rel=\"noopener noreferrer\">MATEM\u00c0TIQUES<\/a><\/td>\n<td style=\"width: 141.703px; height: 33px; text-align: center;\"><a href=\"https:\/\/drive.google.com\/file\/d\/1e7cJOnL4YYVLJe2CADVLr3ooCRfSdTWa\/view?usp=sharing\" target=\"_blank\" rel=\"noopener noreferrer\">SOCIALS<\/a><\/td>\n<\/tr>\n<tr style=\"height: 31px;\">\n<td style=\"width: 120.547px; height: 12px; text-align: center;\"><a href=\"https:\/\/drive.google.com\/drive\/folders\/126lfavwHXmM39tEyv0Rdf2rO4_F-DUr1?usp=sharing\" target=\"_blank\" rel=\"noopener noreferrer\">ANGL\u00c8S<\/a><\/td>\n<td style=\"width: 163.75px; height: 12px;\">\n<p style=\"text-align: center;\"><a href=\"https:\/\/drive.google.com\/file\/d\/1B40M0r4_SLbI_ctPvyLJs3MoNHJrPNsn\/view?usp=sharing\" target=\"_blank\" rel=\"noopener noreferrer\">F\u00cdSICA I QU\u00cdMICA\u00a0\u00a0<\/a><\/p>\n<\/td>\n<td style=\"width: 141.703px; height: 12px; text-align: center;\"><a href=\"https:\/\/drive.google.com\/file\/d\/11Kpl70Icazw6O-PWVZsJ64Eq9O4Zl1Qs\/view?usp=sharing\" target=\"_blank\" rel=\"noopener noreferrer\">CATAL\u00c0<\/a><\/td>\n<\/tr>\n<tr>\n<td style=\"width: 120.547px; text-align: center;\"><a href=\"https:\/\/drive.google.com\/file\/d\/1DyK1dUpaEhbZWiXbpMeXCYlncq7SKIkN\/view?usp=sharing\" target=\"_blank\" rel=\"noopener noreferrer\">ALEMANY<\/a><\/td>\n<td style=\"width: 163.75px;\">\n<p style=\"text-align: center;\"><a href=\"https:\/\/drive.google.com\/file\/d\/1gkL_Epgu8L7ctVhAn-SW6URx26iFCxaN\/view?usp=sharing\" target=\"_blank\" rel=\"noopener noreferrer\">FRANC\u00c8S<\/a><\/p>\n<\/td>\n<td style=\"width: 141.703px; text-align: center;\"><\/td>\n<\/tr>\n<\/tbody>\n<\/table>\n<p>&nbsp;<\/p>\n","protected":false},"excerpt":{"rendered":"<p>\u200b \u00a0 CASTELL\u00c0 MATEM\u00c0TIQUES SOCIALS ANGL\u00c8S F\u00cdSICA I QU\u00cdMICA\u00a0\u00a0 CATAL\u00c0 ALEMANY FRANC\u00c8S &nbsp;<\/p>\n","protected":false},"author":5,"featured_media":0,"parent":0,"menu_order":0,"comment_status":"closed","ping_status":"closed","template":"","meta":{"_bbp_topic_count":0,"_bbp_reply_count":0,"_bbp_total_topic_count":0,"_bbp_total_reply_count":0,"_bbp_voice_count":0,"_bbp_anonymous_reply_count":0,"_bbp_topic_count_hidden":0,"_bbp_reply_count_hidden":0,"_bbp_forum_subforum_count":0,"site-sidebar-layout":"default","site-content-layout":"","ast-site-content-layout":"","site-content-style":"default","site-sidebar-style":"default","ast-global-header-display":"","ast-banner-title-visibility":"","ast-main-header-display":"","ast-hfb-above-header-display":"","ast-hfb-below-header-display":"","ast-hfb-mobile-header-display":"","site-post-title":"","ast-breadcrumbs-content":"","ast-featured-img":"","footer-sml-layout":"","theme-transparent-header-meta":"","adv-header-id-meta":"","stick-header-meta":"","header-above-stick-meta":"","header-main-stick-meta":"","header-below-stick-meta":"","astra-migrate-meta-layouts":"default","ast-page-background-enabled":"default","ast-page-background-meta":{"desktop":{"background-color":"var(--ast-global-color-4)","background-image":"","background-repeat":"repeat","background-position":"center center","background-size":"auto","background-attachment":"scroll","background-type":"","background-media":"","overlay-type":"","overlay-color":"","overlay-opacity":"","overlay-gradient":""},"tablet":{"background-color":"","background-image":"","background-repeat":"repeat","background-position":"center center","background-size":"auto","background-attachment":"scroll","background-type":"","background-media":"","overlay-type":"","overlay-color":"","overlay-opacity":"","overlay-gradient":""},"mobile":{"background-color":"","background-image":"","background-repeat":"repeat","background-position":"center center","background-size":"auto","background-attachment":"scroll","background-type":"","background-media":"","overlay-type":"","overlay-color":"","overlay-opacity":"","overlay-gradient":""}},"ast-content-background-meta":{"desktop":{"background-color":"var(--ast-global-color-5)","background-image":"","background-repeat":"repeat","background-position":"center center","background-size":"auto","background-attachment":"scroll","background-type":"","background-media":"","overlay-type":"","overlay-color":"","overlay-opacity":"","overlay-gradient":""},"tablet":{"background-color":"var(--ast-global-color-5)","background-image":"","background-repeat":"repeat","background-position":"center center","background-size":"auto","background-attachment":"scroll","background-type":"","background-media":"","overlay-type":"","overlay-color":"","overlay-opacity":"","overlay-gradient":""},"mobile":{"background-color":"var(--ast-global-color-5)","background-image":"","background-repeat":"repeat","background-position":"center center","background-size":"auto","background-attachment":"scroll","background-type":"","background-media":"","overlay-type":"","overlay-color":"","overlay-opacity":"","overlay-gradient":""}},"footnotes":""},"class_list":["post-2974","page","type-page","status-publish","hentry"],"post_mailing_queue_ids":[],"_links":{"self":[{"href":"https:\/\/agora.xtec.cat\/iesinfanta\/wp-json\/wp\/v2\/pages\/2974","targetHints":{"allow":["GET"]}}],"collection":[{"href":"https:\/\/agora.xtec.cat\/iesinfanta\/wp-json\/wp\/v2\/pages"}],"about":[{"href":"https:\/\/agora.xtec.cat\/iesinfanta\/wp-json\/wp\/v2\/types\/page"}],"author":[{"embeddable":true,"href":"https:\/\/agora.xtec.cat\/iesinfanta\/wp-json\/wp\/v2\/users\/5"}],"replies":[{"embeddable":true,"href":"https:\/\/agora.xtec.cat\/iesinfanta\/wp-json\/wp\/v2\/comments?post=2974"}],"version-history":[{"count":3,"href":"https:\/\/agora.xtec.cat\/iesinfanta\/wp-json\/wp\/v2\/pages\/2974\/revisions"}],"predecessor-version":[{"id":4281,"href":"https:\/\/agora.xtec.cat\/iesinfanta\/wp-json\/wp\/v2\/pages\/2974\/revisions\/4281"}],"wp:attachment":[{"href":"https:\/\/agora.xtec.cat\/iesinfanta\/wp-json\/wp\/v2\/media?parent=2974"}],"curies":[{"name":"wp","href":"https:\/\/api.w.org\/{rel}","templated":true}]}}