{"id":2970,"date":"2021-06-02T11:47:01","date_gmt":"2021-06-02T09:47:01","guid":{"rendered":"https:\/\/agora.xtec.cat\/iesinfanta\/?page_id=2970"},"modified":"2022-05-13T13:25:48","modified_gmt":"2022-05-13T11:25:48","slug":"deures-estiu-2021-1r-eso","status":"publish","type":"page","link":"https:\/\/agora.xtec.cat\/iesinfanta\/deures-estiu-2021-1r-eso\/","title":{"rendered":"DEURES ESTIU 1r ESO 2021"},"content":{"rendered":"<table style=\"height: 177px;\" width=\"398\">\n<tbody>\n<tr style=\"height: 89px;\">\n<td style=\"width: 392px; height: 89px;\" colspan=\"3\"><img loading=\"lazy\" decoding=\"async\" class=\"size-full wp-image-3049 aligncenter\" src=\"https:\/\/agora.xtec.cat\/iesinfanta\/wp-content\/uploads\/usu231\/2021\/06\/llibre-2.jpg\" alt=\"\" width=\"338\" height=\"149\" srcset=\"https:\/\/agora.xtec.cat\/iesinfanta\/wp-content\/uploads\/usu231\/2021\/06\/llibre-2.jpg 338w, https:\/\/agora.xtec.cat\/iesinfanta\/wp-content\/uploads\/usu231\/2021\/06\/llibre-2-300x132.jpg 300w\" sizes=\"auto, (max-width: 338px) 100vw, 338px\" \/><\/td>\n<\/tr>\n<tr style=\"height: 31px;\">\n<td style=\"width: 128.641px; height: 31px; text-align: center;\"><a href=\"https:\/\/drive.google.com\/file\/d\/1T1eYXuHvQzEKqRF3MUXT8-GmDjNKtBFM\/view?usp=sharing\" target=\"_blank\" rel=\"noopener noreferrer\">CASTELL\u00c0<\/a><\/td>\n<td style=\"width: 128.844px; height: 31px; text-align: center;\"><a href=\"https:\/\/drive.google.com\/file\/d\/1n70lZ9DGP1ieXMRP3pavSBxULXTWYTs6\/view?usp=sharing\" target=\"_blank\" rel=\"noopener noreferrer\">TECNOLOGIA<\/a><\/td>\n<td style=\"width: 130.516px; height: 31px;\"><a href=\"https:\/\/drive.google.com\/file\/d\/1cvE8BVCueLuuuKDF_NAvKbbK5OdV7Fk-\/view?usp=sharing\" target=\"_blank\" rel=\"noopener noreferrer\">MATEM\u00c0TIQUES<\/a><\/td>\n<\/tr>\n<tr style=\"height: 31px;\">\n<td style=\"width: 128.641px; height: 10px; text-align: center;\"><a href=\"https:\/\/drive.google.com\/file\/d\/1hxJPm3DqWv8Ah_7syN50stY2exkGfMbY\/view?usp=sharing\" target=\"_blank\" rel=\"noopener noreferrer\">SOCIALS<\/a><\/td>\n<td style=\"width: 128.844px; height: 10px; text-align: center;\"><a href=\"https:\/\/drive.google.com\/file\/d\/1dFroO4raZkeUfscHyOK9_Aq-M0ZFvOId\/view?usp=sharing\" target=\"_blank\" rel=\"noopener noreferrer\">M\u00daSICA<\/a><\/td>\n<td style=\"width: 130.516px; height: 10px; text-align: center;\"><a href=\"https:\/\/drive.google.com\/file\/d\/13DN0VhSVatwuIhFKqjdlg3KPIa2srFks\/view?usp=sharing\" target=\"_blank\" rel=\"noopener noreferrer\">BIOLOGIA<\/a><\/td>\n<\/tr>\n<tr style=\"height: 47px;\">\n<td style=\"width: 128.641px; text-align: center; height: 47px;\"><a href=\"https:\/\/drive.google.com\/drive\/folders\/1BO3g_ZahlnPVJr9t7yei5DHb3M_mQUyo?usp=sharing\" target=\"_blank\" rel=\"noopener noreferrer\">ANGL\u00c8S<\/a><\/td>\n<td style=\"width: 128.844px; text-align: center; height: 47px;\"><a href=\"https:\/\/drive.google.com\/file\/d\/1yyWzPwkqSqFmwpriLX8gK5CKZIh6C35c\/view?usp=sharing\" target=\"_blank\" rel=\"noopener noreferrer\">ALEMANY<\/a><\/td>\n<td style=\"width: 130.516px; text-align: center; height: 47px;\"><a href=\"https:\/\/drive.google.com\/file\/d\/1JqcnQlUA-ly6P0ODDgG5djJmi2gkUnLT\/view?usp=sharing\" target=\"_blank\" rel=\"noopener noreferrer\">BIOLOGIA (en angl\u00e8s<\/a><\/td>\n<\/tr>\n<tr>\n<td style=\"width: 128.641px; text-align: center;\"><a href=\"https:\/\/drive.google.com\/file\/d\/1Rs2je_jFkf8mAMrBGJ-4A34vwO3e_9Ss\/view?usp=sharing\" target=\"_blank\" rel=\"noopener noreferrer\">CATAL\u00c0<\/a><\/td>\n<td style=\"width: 128.844px; text-align: center;\"><a href=\"https:\/\/drive.google.com\/file\/d\/1w4q2jBq5ntW-gQy03qO-E_Xuu3w_bFID\/view?usp=sharing\" target=\"_blank\" rel=\"noopener noreferrer\">FRANC\u00c8S<\/a><\/td>\n<td style=\"width: 130.516px; text-align: center;\"><\/td>\n<\/tr>\n<\/tbody>\n<\/table>\n<p>&nbsp;<\/p>\n","protected":false},"excerpt":{"rendered":"<p>CASTELL\u00c0 TECNOLOGIA MATEM\u00c0TIQUES SOCIALS M\u00daSICA BIOLOGIA ANGL\u00c8S ALEMANY BIOLOGIA (en angl\u00e8s CATAL\u00c0 FRANC\u00c8S &nbsp;<\/p>\n","protected":false},"author":5,"featured_media":0,"parent":0,"menu_order":0,"comment_status":"closed","ping_status":"closed","template":"","meta":{"_bbp_topic_count":0,"_bbp_reply_count":0,"_bbp_total_topic_count":0,"_bbp_total_reply_count":0,"_bbp_voice_count":0,"_bbp_anonymous_reply_count":0,"_bbp_topic_count_hidden":0,"_bbp_reply_count_hidden":0,"_bbp_forum_subforum_count":0,"site-sidebar-layout":"default","site-content-layout":"","ast-site-content-layout":"","site-content-style":"default","site-sidebar-style":"default","ast-global-header-display":"","ast-banner-title-visibility":"","ast-main-header-display":"","ast-hfb-above-header-display":"","ast-hfb-below-header-display":"","ast-hfb-mobile-header-display":"","site-post-title":"","ast-breadcrumbs-content":"","ast-featured-img":"","footer-sml-layout":"","theme-transparent-header-meta":"","adv-header-id-meta":"","stick-header-meta":"","header-above-stick-meta":"","header-main-stick-meta":"","header-below-stick-meta":"","astra-migrate-meta-layouts":"default","ast-page-background-enabled":"default","ast-page-background-meta":{"desktop":{"background-color":"var(--ast-global-color-4)","background-image":"","background-repeat":"repeat","background-position":"center center","background-size":"auto","background-attachment":"scroll","background-type":"","background-media":"","overlay-type":"","overlay-color":"","overlay-opacity":"","overlay-gradient":""},"tablet":{"background-color":"","background-image":"","background-repeat":"repeat","background-position":"center center","background-size":"auto","background-attachment":"scroll","background-type":"","background-media":"","overlay-type":"","overlay-color":"","overlay-opacity":"","overlay-gradient":""},"mobile":{"background-color":"","background-image":"","background-repeat":"repeat","background-position":"center center","background-size":"auto","background-attachment":"scroll","background-type":"","background-media":"","overlay-type":"","overlay-color":"","overlay-opacity":"","overlay-gradient":""}},"ast-content-background-meta":{"desktop":{"background-color":"var(--ast-global-color-5)","background-image":"","background-repeat":"repeat","background-position":"center center","background-size":"auto","background-attachment":"scroll","background-type":"","background-media":"","overlay-type":"","overlay-color":"","overlay-opacity":"","overlay-gradient":""},"tablet":{"background-color":"var(--ast-global-color-5)","background-image":"","background-repeat":"repeat","background-position":"center center","background-size":"auto","background-attachment":"scroll","background-type":"","background-media":"","overlay-type":"","overlay-color":"","overlay-opacity":"","overlay-gradient":""},"mobile":{"background-color":"var(--ast-global-color-5)","background-image":"","background-repeat":"repeat","background-position":"center center","background-size":"auto","background-attachment":"scroll","background-type":"","background-media":"","overlay-type":"","overlay-color":"","overlay-opacity":"","overlay-gradient":""}},"footnotes":""},"class_list":["post-2970","page","type-page","status-publish","hentry"],"post_mailing_queue_ids":[],"_links":{"self":[{"href":"https:\/\/agora.xtec.cat\/iesinfanta\/wp-json\/wp\/v2\/pages\/2970","targetHints":{"allow":["GET"]}}],"collection":[{"href":"https:\/\/agora.xtec.cat\/iesinfanta\/wp-json\/wp\/v2\/pages"}],"about":[{"href":"https:\/\/agora.xtec.cat\/iesinfanta\/wp-json\/wp\/v2\/types\/page"}],"author":[{"embeddable":true,"href":"https:\/\/agora.xtec.cat\/iesinfanta\/wp-json\/wp\/v2\/users\/5"}],"replies":[{"embeddable":true,"href":"https:\/\/agora.xtec.cat\/iesinfanta\/wp-json\/wp\/v2\/comments?post=2970"}],"version-history":[{"count":3,"href":"https:\/\/agora.xtec.cat\/iesinfanta\/wp-json\/wp\/v2\/pages\/2970\/revisions"}],"predecessor-version":[{"id":4280,"href":"https:\/\/agora.xtec.cat\/iesinfanta\/wp-json\/wp\/v2\/pages\/2970\/revisions\/4280"}],"wp:attachment":[{"href":"https:\/\/agora.xtec.cat\/iesinfanta\/wp-json\/wp\/v2\/media?parent=2970"}],"curies":[{"name":"wp","href":"https:\/\/api.w.org\/{rel}","templated":true}]}}