{"id":2629,"date":"2021-03-11T16:46:07","date_gmt":"2021-03-11T15:46:07","guid":{"rendered":"https:\/\/agora.xtec.cat\/iesinfanta\/?page_id=2629"},"modified":"2026-02-23T10:37:05","modified_gmt":"2026-02-23T09:37:05","slug":"departament-dorientacio","status":"publish","type":"page","link":"https:\/\/agora.xtec.cat\/iesinfanta\/serveis\/projectes-departaments\/departament-dorientacio\/","title":{"rendered":"Departament d&#8217;Orientaci\u00f3"},"content":{"rendered":"<p><span style=\"font-weight: 400;\"><a href=\"https:\/\/agora.xtec.cat\/iesinfanta\/wp-content\/uploads\/usu231\/2021\/03\/do-1.png\"><img loading=\"lazy\" decoding=\"async\" class=\"wp-image-2630 alignleft\" src=\"https:\/\/agora.xtec.cat\/iesinfanta\/wp-content\/uploads\/usu231\/2021\/03\/do-1.png\" alt=\"\" width=\"150\" height=\"151\" srcset=\"https:\/\/agora.xtec.cat\/iesinfanta\/wp-content\/uploads\/usu231\/2021\/03\/do-1.png 637w, https:\/\/agora.xtec.cat\/iesinfanta\/wp-content\/uploads\/usu231\/2021\/03\/do-1-150x150.png 150w, https:\/\/agora.xtec.cat\/iesinfanta\/wp-content\/uploads\/usu231\/2021\/03\/do-1-300x300.png 300w\" sizes=\"auto, (max-width: 150px) 100vw, 150px\" \/><\/a>El Departament d&#8217;orientaci\u00f3 de l\u2019Institut Infanta Isabel d\u2019Arag\u00f3 som un servei d&#8217;orientaci\u00f3 educativa, psicopedag\u00f2gica i acad\u00e8mica que oferim suport a l\u2019alumnat i al conjunt de la comunitat educativa.<\/span><\/p>\n<p><span style=\"font-weight: 400;\">Les principals tasques que realitzem s\u00f3n planificar, coordinar i dinamitzar les tasques d\u2019acompanyament a l\u2019alumnat, seguiment i valoraci\u00f3 de l\u2019alumnat del centre.\u00a0<\/span><\/p>\n<p><span style=\"font-weight: 400;\">Prioritzem l\u2019atenci\u00f3 personalitzada a l\u2019alumnat amb necessitats espec\u00edfiques de suport educatiu i a l\u2019alumnat que, per situacions personals o socials, requereix una atenci\u00f3 individualitzada.<\/span><b>\u00a0 <\/b><span style=\"font-weight: 400;\">Per garantir aquest acompanyament personalitzat, les actuacions es duen a terme des d\u2019un enfocament global, intervenint de manera coordinada en totes les \u00e0rees: entorn educatiu, familiar i social.<\/span><\/p>\n<table style=\"height: 439px;\">\n<tbody>\n<tr style=\"height: 195px;\">\n<td style=\"width: 196px; text-align: center; height: 195px;\"><a href=\"https:\/\/agora.xtec.cat\/iesinfanta\/serveis\/projecte-de-diversificacio-curricular\/\" target=\"_blank\" rel=\"noopener noreferrer\">PROJECTE DE DIVERSIFICACI\u00d3 CURRICULAR<\/a><a href=\"https:\/\/agora.xtec.cat\/iesinfanta\/serveis\/projecte-de-diversificacio-curricular\/\" target=\"_blank\" rel=\"noopener noreferrer\"><img loading=\"lazy\" decoding=\"async\" class=\"aligncenter size-full wp-image-2780\" src=\"https:\/\/agora.xtec.cat\/iesinfanta\/wp-content\/uploads\/usu231\/2021\/03\/PDC-LOGO.jpg\" alt=\"\" width=\"355\" height=\"142\" srcset=\"https:\/\/agora.xtec.cat\/iesinfanta\/wp-content\/uploads\/usu231\/2021\/03\/PDC-LOGO.jpg 355w, https:\/\/agora.xtec.cat\/iesinfanta\/wp-content\/uploads\/usu231\/2021\/03\/PDC-LOGO-300x120.jpg 300w\" sizes=\"auto, (max-width: 355px) 100vw, 355px\" \/><\/a><\/td>\n<td style=\"width: 203px; height: 195px;\">\n<p style=\"text-align: center;\">ACOMPANYAMENT A L&#8217;ALUMNAT<\/p>\n<p><a href=\"https:\/\/agora.xtec.cat\/iesinfanta\/wp-content\/uploads\/usu231\/2021\/03\/WhatsApp-Image-2021-03-11-at-16.44.14.jpeg\"><img loading=\"lazy\" decoding=\"async\" class=\"aligncenter wp-image-2634\" src=\"https:\/\/agora.xtec.cat\/iesinfanta\/wp-content\/uploads\/usu231\/2021\/03\/WhatsApp-Image-2021-03-11-at-16.44.14.jpeg\" alt=\"\" width=\"150\" height=\"72\" srcset=\"https:\/\/agora.xtec.cat\/iesinfanta\/wp-content\/uploads\/usu231\/2021\/03\/WhatsApp-Image-2021-03-11-at-16.44.14.jpeg 1600w, https:\/\/agora.xtec.cat\/iesinfanta\/wp-content\/uploads\/usu231\/2021\/03\/WhatsApp-Image-2021-03-11-at-16.44.14-300x145.jpeg 300w, https:\/\/agora.xtec.cat\/iesinfanta\/wp-content\/uploads\/usu231\/2021\/03\/WhatsApp-Image-2021-03-11-at-16.44.14-768x370.jpeg 768w, https:\/\/agora.xtec.cat\/iesinfanta\/wp-content\/uploads\/usu231\/2021\/03\/WhatsApp-Image-2021-03-11-at-16.44.14-1024x493.jpeg 1024w\" sizes=\"auto, (max-width: 150px) 100vw, 150px\" \/><\/a><a href=\"https:\/\/agora.xtec.cat\/iesinfanta\/wp-content\/uploads\/usu231\/2021\/03\/WhatsApp-Image-2021-03-11-at-16.44.14-1.jpeg\"><img loading=\"lazy\" decoding=\"async\" class=\"aligncenter wp-image-2631\" src=\"https:\/\/agora.xtec.cat\/iesinfanta\/wp-content\/uploads\/usu231\/2021\/03\/WhatsApp-Image-2021-03-11-at-16.44.14-1.jpeg\" alt=\"\" width=\"150\" height=\"73\" srcset=\"https:\/\/agora.xtec.cat\/iesinfanta\/wp-content\/uploads\/usu231\/2021\/03\/WhatsApp-Image-2021-03-11-at-16.44.14-1.jpeg 1600w, https:\/\/agora.xtec.cat\/iesinfanta\/wp-content\/uploads\/usu231\/2021\/03\/WhatsApp-Image-2021-03-11-at-16.44.14-1-300x146.jpeg 300w, https:\/\/agora.xtec.cat\/iesinfanta\/wp-content\/uploads\/usu231\/2021\/03\/WhatsApp-Image-2021-03-11-at-16.44.14-1-768x373.jpeg 768w, https:\/\/agora.xtec.cat\/iesinfanta\/wp-content\/uploads\/usu231\/2021\/03\/WhatsApp-Image-2021-03-11-at-16.44.14-1-1024x498.jpeg 1024w\" sizes=\"auto, (max-width: 150px) 100vw, 150px\" \/><\/a><\/td>\n<td style=\"width: 218px; text-align: center; height: 195px;\"><a href=\"https:\/\/agora.xtec.cat\/iesinfanta\/projecte-educatiu\/programa-tei-tutoria-entre-iguals\/\" target=\"_blank\" rel=\"noopener noreferrer\">TUTORIA ENTRE IGUALS<\/a><\/p>\n<p><img loading=\"lazy\" decoding=\"async\" class=\"aligncenter wp-image-2618\" src=\"https:\/\/agora.xtec.cat\/iesinfanta\/wp-content\/uploads\/usu231\/2021\/03\/tei-1.png\" alt=\"\" width=\"113\" height=\"150\" srcset=\"https:\/\/agora.xtec.cat\/iesinfanta\/wp-content\/uploads\/usu231\/2021\/03\/tei-1.png 594w, https:\/\/agora.xtec.cat\/iesinfanta\/wp-content\/uploads\/usu231\/2021\/03\/tei-1-226x300.png 226w\" sizes=\"auto, (max-width: 113px) 100vw, 113px\" \/><\/td>\n<\/tr>\n<tr style=\"height: 244px;\">\n<td style=\"width: 196px; height: 244px;\">ACOMPANYAMENT A LES FAM\u00cdLIES<\/p>\n<p>Alumnat i Fam\u00edlies<\/p>\n<p><a href=\"https:\/\/agora.xtec.cat\/iesinfanta\/wp-content\/uploads\/usu231\/2026\/02\/foto-fam.png\"><img loading=\"lazy\" decoding=\"async\" class=\"alignnone size-thumbnail wp-image-8121\" src=\"https:\/\/agora.xtec.cat\/iesinfanta\/wp-content\/uploads\/usu231\/2026\/02\/foto-fam-150x150.png\" alt=\"\" width=\"150\" height=\"150\" \/><\/a><\/p>\n<p>&nbsp;<\/td>\n<td style=\"width: 203px; height: 244px;\">ITINERARIS ENSENYAMENTS<\/p>\n<p><a href=\"https:\/\/sites.google.com\/insinfanta.cat\/orientaciobatxillerat?usp=sharing&amp;pli=1\"><img loading=\"lazy\" decoding=\"async\" class=\"alignnone wp-image-8120 size-medium\" src=\"https:\/\/agora.xtec.cat\/iesinfanta\/wp-content\/uploads\/usu231\/2026\/02\/Itineraris-300x200.png\" alt=\"\" width=\"300\" height=\"200\" srcset=\"https:\/\/agora.xtec.cat\/iesinfanta\/wp-content\/uploads\/usu231\/2026\/02\/Itineraris-300x200.png 300w, https:\/\/agora.xtec.cat\/iesinfanta\/wp-content\/uploads\/usu231\/2026\/02\/Itineraris-1024x683.png 1024w, https:\/\/agora.xtec.cat\/iesinfanta\/wp-content\/uploads\/usu231\/2026\/02\/Itineraris-768x512.png 768w, https:\/\/agora.xtec.cat\/iesinfanta\/wp-content\/uploads\/usu231\/2026\/02\/Itineraris.png 1536w\" sizes=\"auto, (max-width: 300px) 100vw, 300px\" \/><\/a><\/td>\n<td style=\"width: 218px; height: 244px;\">P\u00c0GINES D&#8217;INTER\u00c8S<\/p>\n<p><a href=\"https:\/\/triaeducativa.gencat.cat\/ca\/inici\">Tria educativa<\/a><\/p>\n<p><a href=\"https:\/\/www.edubcn.cat\/ca\/centres_serveis_educatius\/servei_orientacio\/carpeta_de_lorienta%20dor\">Carpeta de l&#8217;orientaci\u00f3<\/a><\/p>\n<p><a href=\"https:\/\/www.edubcn.cat\/ca\/alumnat_i_familia\"><img loading=\"lazy\" decoding=\"async\" class=\"alignnone wp-image-8122 \" src=\"https:\/\/agora.xtec.cat\/iesinfanta\/wp-content\/uploads\/usu231\/2026\/02\/CEB_logo_blau_V-300x273.jpg\" alt=\"\" width=\"143\" height=\"130\" srcset=\"https:\/\/agora.xtec.cat\/iesinfanta\/wp-content\/uploads\/usu231\/2026\/02\/CEB_logo_blau_V-300x273.jpg 300w, https:\/\/agora.xtec.cat\/iesinfanta\/wp-content\/uploads\/usu231\/2026\/02\/CEB_logo_blau_V-1024x933.jpg 1024w, https:\/\/agora.xtec.cat\/iesinfanta\/wp-content\/uploads\/usu231\/2026\/02\/CEB_logo_blau_V-768x700.jpg 768w, https:\/\/agora.xtec.cat\/iesinfanta\/wp-content\/uploads\/usu231\/2026\/02\/CEB_logo_blau_V-1536x1400.jpg 1536w, https:\/\/agora.xtec.cat\/iesinfanta\/wp-content\/uploads\/usu231\/2026\/02\/CEB_logo_blau_V.jpg 1632w\" sizes=\"auto, (max-width: 143px) 100vw, 143px\" \/><\/a><\/p>\n<p>&nbsp;<\/td>\n<\/tr>\n<\/tbody>\n<\/table>\n<p>&nbsp;<\/p>\n","protected":false},"excerpt":{"rendered":"<p>El Departament d&#8217;orientaci\u00f3 de l\u2019Institut Infanta Isabel d\u2019Arag\u00f3 som un servei d&#8217;orientaci\u00f3 educativa, psicopedag\u00f2gica i acad\u00e8mica que oferim suport a l\u2019alumnat i al conjunt de la comunitat educativa. Les principals tasques que realitzem s\u00f3n planificar, coordinar i dinamitzar les tasques d\u2019acompanyament a l\u2019alumnat, seguiment i valoraci\u00f3 de l\u2019alumnat del centre.\u00a0 Prioritzem l\u2019atenci\u00f3 personalitzada a l\u2019alumnat [&hellip;]<\/p>\n","protected":false},"author":4,"featured_media":0,"parent":989,"menu_order":110,"comment_status":"closed","ping_status":"closed","template":"","meta":{"_bbp_topic_count":0,"_bbp_reply_count":0,"_bbp_total_topic_count":0,"_bbp_total_reply_count":0,"_bbp_voice_count":0,"_bbp_anonymous_reply_count":0,"_bbp_topic_count_hidden":0,"_bbp_reply_count_hidden":0,"_bbp_forum_subforum_count":0,"site-sidebar-layout":"default","site-content-layout":"","ast-site-content-layout":"default","site-content-style":"default","site-sidebar-style":"default","ast-global-header-display":"","ast-banner-title-visibility":"","ast-main-header-display":"","ast-hfb-above-header-display":"","ast-hfb-below-header-display":"","ast-hfb-mobile-header-display":"","site-post-title":"","ast-breadcrumbs-content":"","ast-featured-img":"","footer-sml-layout":"","theme-transparent-header-meta":"default","adv-header-id-meta":"","stick-header-meta":"","header-above-stick-meta":"","header-main-stick-meta":"","header-below-stick-meta":"","astra-migrate-meta-layouts":"set","ast-page-background-enabled":"default","ast-page-background-meta":{"desktop":{"background-color":"var(--ast-global-color-4)","background-image":"","background-repeat":"repeat","background-position":"center center","background-size":"auto","background-attachment":"scroll","background-type":"","background-media":"","overlay-type":"","overlay-color":"","overlay-opacity":"","overlay-gradient":""},"tablet":{"background-color":"","background-image":"","background-repeat":"repeat","background-position":"center center","background-size":"auto","background-attachment":"scroll","background-type":"","background-media":"","overlay-type":"","overlay-color":"","overlay-opacity":"","overlay-gradient":""},"mobile":{"background-color":"","background-image":"","background-repeat":"repeat","background-position":"center center","background-size":"auto","background-attachment":"scroll","background-type":"","background-media":"","overlay-type":"","overlay-color":"","overlay-opacity":"","overlay-gradient":""}},"ast-content-background-meta":{"desktop":{"background-color":"var(--ast-global-color-5)","background-image":"","background-repeat":"repeat","background-position":"center center","background-size":"auto","background-attachment":"scroll","background-type":"","background-media":"","overlay-type":"","overlay-color":"","overlay-opacity":"","overlay-gradient":""},"tablet":{"background-color":"var(--ast-global-color-5)","background-image":"","background-repeat":"repeat","background-position":"center center","background-size":"auto","background-attachment":"scroll","background-type":"","background-media":"","overlay-type":"","overlay-color":"","overlay-opacity":"","overlay-gradient":""},"mobile":{"background-color":"var(--ast-global-color-5)","background-image":"","background-repeat":"repeat","background-position":"center center","background-size":"auto","background-attachment":"scroll","background-type":"","background-media":"","overlay-type":"","overlay-color":"","overlay-opacity":"","overlay-gradient":""}},"footnotes":""},"class_list":["post-2629","page","type-page","status-publish","hentry"],"post_mailing_queue_ids":[],"_links":{"self":[{"href":"https:\/\/agora.xtec.cat\/iesinfanta\/wp-json\/wp\/v2\/pages\/2629","targetHints":{"allow":["GET"]}}],"collection":[{"href":"https:\/\/agora.xtec.cat\/iesinfanta\/wp-json\/wp\/v2\/pages"}],"about":[{"href":"https:\/\/agora.xtec.cat\/iesinfanta\/wp-json\/wp\/v2\/types\/page"}],"author":[{"embeddable":true,"href":"https:\/\/agora.xtec.cat\/iesinfanta\/wp-json\/wp\/v2\/users\/4"}],"replies":[{"embeddable":true,"href":"https:\/\/agora.xtec.cat\/iesinfanta\/wp-json\/wp\/v2\/comments?post=2629"}],"version-history":[{"count":7,"href":"https:\/\/agora.xtec.cat\/iesinfanta\/wp-json\/wp\/v2\/pages\/2629\/revisions"}],"predecessor-version":[{"id":4728,"href":"https:\/\/agora.xtec.cat\/iesinfanta\/wp-json\/wp\/v2\/pages\/2629\/revisions\/4728"}],"up":[{"embeddable":true,"href":"https:\/\/agora.xtec.cat\/iesinfanta\/wp-json\/wp\/v2\/pages\/989"}],"wp:attachment":[{"href":"https:\/\/agora.xtec.cat\/iesinfanta\/wp-json\/wp\/v2\/media?parent=2629"}],"curies":[{"name":"wp","href":"https:\/\/api.w.org\/{rel}","templated":true}]}}