{"id":2592,"date":"2021-03-11T15:45:18","date_gmt":"2021-03-11T14:45:18","guid":{"rendered":"https:\/\/agora.xtec.cat\/iesinfanta\/?page_id=2592"},"modified":"2021-03-11T15:56:27","modified_gmt":"2021-03-11T14:56:27","slug":"iiiasostenible","status":"publish","type":"page","link":"https:\/\/agora.xtec.cat\/iesinfanta\/serveis\/iiiasostenible\/","title":{"rendered":"IIIA+Sostenible"},"content":{"rendered":"<p>Durant el curs 2018-2019 l\u2019Institut Infanta Isabel d\u2019Arag\u00f3 va plantejar abordar el tema de la millora ambiental del centre d\u2019una manera formal. Aix\u00f2 comporta realitzar accions coordinades, projectes concrets i integrar en els plans d\u2019estudis la component ambiental de manera transversal.<\/p>\n<p><strong>El curs 2018-2019 va ser acordat que el nostre centre demanaria pert\u00e0nyer al grup de centres d\u2019ensenyament de Barcelona conegut com a Escoles + Sostenibles<\/strong>. El dia 24 d\u2019octubre de 2019 vam ser acceptats. Aix\u00ed, el curs 2019-2020 va ser el primer en el que vam ser un institut incl\u00f2s a la xarxa d\u2019Escoles+Sostenibles de la ciutat de Barcelona.<\/p>\n<p>De la nostra pertinen\u00e7a a aquest grup de centres es deriva que cada any hem de realitzar una proposta de projecte ambiental que ha de ser aplicat a l\u2019institut.<\/p>\n<p>El nostre institut se\u2019n beneficia coneixent les experi\u00e8ncies d\u2019altres centres, intercanviant-ne idees i rebent assessorament dels serveis t\u00e8cnics d\u2019Escoles+Sostenibles.<\/p>\n<p><strong>El curs 2019-2020 va ser presentat el projecte: <em>Residus 3R.<a href=\"https:\/\/agora.xtec.cat\/iesinfanta\/wp-content\/uploads\/usu231\/2021\/03\/WhatsApp-Image-2021-03-11-at-15.42.38.jpeg\"><img loading=\"lazy\" decoding=\"async\" class=\"alignright wp-image-2593\" src=\"https:\/\/agora.xtec.cat\/iesinfanta\/wp-content\/uploads\/usu231\/2021\/03\/WhatsApp-Image-2021-03-11-at-15.42.38.jpeg\" alt=\"\" width=\"477\" height=\"316\" srcset=\"https:\/\/agora.xtec.cat\/iesinfanta\/wp-content\/uploads\/usu231\/2021\/03\/WhatsApp-Image-2021-03-11-at-15.42.38.jpeg 1600w, https:\/\/agora.xtec.cat\/iesinfanta\/wp-content\/uploads\/usu231\/2021\/03\/WhatsApp-Image-2021-03-11-at-15.42.38-300x199.jpeg 300w, https:\/\/agora.xtec.cat\/iesinfanta\/wp-content\/uploads\/usu231\/2021\/03\/WhatsApp-Image-2021-03-11-at-15.42.38-768x508.jpeg 768w, https:\/\/agora.xtec.cat\/iesinfanta\/wp-content\/uploads\/usu231\/2021\/03\/WhatsApp-Image-2021-03-11-at-15.42.38-1024x678.jpeg 1024w\" sizes=\"auto, (max-width: 477px) 100vw, 477px\" \/><\/a><\/em><\/strong><\/p>\n<p>Aquest projecte t\u00e9 com a objectiu:<\/p>\n<ol>\n<li>Recollida de paper\/cartr\u00f3 a tots els espais comuns<\/li>\n<li>Campanya per a la utilitzaci\u00f3 d\u2019embolcalls sostenibles en els esmorzars.<\/li>\n<li>Minimitzaci\u00f3 de l\u2019\u00fas de paper a partir de la seva reutilitzaci\u00f3<\/li>\n<li>Minimitzaci\u00f3 en l\u2019\u00fas de grapes.<\/li>\n<li>Minimitzaci\u00f3 en l\u2019\u00fas de tip-ex.<\/li>\n<\/ol>\n<p><strong>El curs 2020-2021 ha estat presentat el projecte: <em>Estalviem aigua.<\/em>\u00a0 <\/strong><\/p>\n<p>Aquest projecte t\u00e9 com a objectiu:<\/p>\n<ol>\n<li>Comunicaci\u00f3 i informaci\u00f3 a tota la comunitat educativa sobre el projecte.<\/li>\n<li>Diagnosi sobre com s\u2019utilitza l\u2019aigua a l\u2019Institut Infanta Isabel d\u2019Arag\u00f3<\/li>\n<li>Diagnosi de l\u2019estat de la xarxa d\u2019aigua de l\u2019Institut Infanta Isabel d\u2019Arag\u00f3<\/li>\n<li>Establiment d\u2019un conjunt d\u2019indicadors de sostenibilitat relacionats amb l\u2019aigua<\/li>\n<li>Millora de la xarxa d\u2019aigua de l\u2019institut<\/li>\n<li>Millores higi\u00e8niques. COVID-19<\/li>\n<li>Diagnosticar i actuar en relaci\u00f3 a les begudes de les m\u00e0quines de v\u00e8nding<\/li>\n<li>Campanya relacionada amb l\u2019estalvi d\u2019aigua<\/li>\n<li>Campanya salut i aigua<\/li>\n<\/ol>\n<p><strong>Un dels reptes m\u00e9s importants en relaci\u00f3 a les actuacions en mat\u00e8ria ambiental \u00e9s el d\u2019implicar a tota la comunitat educativa a partir de la seva participaci\u00f3 directa.<\/strong><\/p>\n<p>En aquest sentit, cada grup-classe elegeix cada curs unes delegades\/delegats ambientals que participen en les campanyes suggerint accions i rebent\/donant informaci\u00f3 als seus companys.<\/p>\n<p>En aquest moment, una de les fites m\u00e9s importants a aconseguir \u00e9s la d\u2019implicar-hi les fam\u00edlies.<\/p>\n<p><strong>Aix\u00ed, doncs, animeu-vos a participar-hi !!<\/strong><\/p>\n","protected":false},"excerpt":{"rendered":"<p>Durant el curs 2018-2019 l\u2019Institut Infanta Isabel d\u2019Arag\u00f3 va plantejar abordar el tema de la millora ambiental del centre d\u2019una manera formal. Aix\u00f2 comporta realitzar accions coordinades, projectes concrets i integrar en els plans d\u2019estudis la component ambiental de manera transversal. El curs 2018-2019 va ser acordat que el nostre centre demanaria pert\u00e0nyer al grup [&hellip;]<\/p>\n","protected":false},"author":4,"featured_media":0,"parent":63,"menu_order":55,"comment_status":"closed","ping_status":"closed","template":"page-templates\/side-menu.php","meta":{"_bbp_topic_count":0,"_bbp_reply_count":0,"_bbp_total_topic_count":0,"_bbp_total_reply_count":0,"_bbp_voice_count":0,"_bbp_anonymous_reply_count":0,"_bbp_topic_count_hidden":0,"_bbp_reply_count_hidden":0,"_bbp_forum_subforum_count":0,"site-sidebar-layout":"default","site-content-layout":"","ast-site-content-layout":"","site-content-style":"default","site-sidebar-style":"default","ast-global-header-display":"","ast-banner-title-visibility":"","ast-main-header-display":"","ast-hfb-above-header-display":"","ast-hfb-below-header-display":"","ast-hfb-mobile-header-display":"","site-post-title":"","ast-breadcrumbs-content":"","ast-featured-img":"","footer-sml-layout":"","theme-transparent-header-meta":"","adv-header-id-meta":"","stick-header-meta":"","header-above-stick-meta":"","header-main-stick-meta":"","header-below-stick-meta":"","astra-migrate-meta-layouts":"default","ast-page-background-enabled":"default","ast-page-background-meta":{"desktop":{"background-color":"var(--ast-global-color-4)","background-image":"","background-repeat":"repeat","background-position":"center center","background-size":"auto","background-attachment":"scroll","background-type":"","background-media":"","overlay-type":"","overlay-color":"","overlay-opacity":"","overlay-gradient":""},"tablet":{"background-color":"","background-image":"","background-repeat":"repeat","background-position":"center center","background-size":"auto","background-attachment":"scroll","background-type":"","background-media":"","overlay-type":"","overlay-color":"","overlay-opacity":"","overlay-gradient":""},"mobile":{"background-color":"","background-image":"","background-repeat":"repeat","background-position":"center center","background-size":"auto","background-attachment":"scroll","background-type":"","background-media":"","overlay-type":"","overlay-color":"","overlay-opacity":"","overlay-gradient":""}},"ast-content-background-meta":{"desktop":{"background-color":"var(--ast-global-color-5)","background-image":"","background-repeat":"repeat","background-position":"center center","background-size":"auto","background-attachment":"scroll","background-type":"","background-media":"","overlay-type":"","overlay-color":"","overlay-opacity":"","overlay-gradient":""},"tablet":{"background-color":"var(--ast-global-color-5)","background-image":"","background-repeat":"repeat","background-position":"center center","background-size":"auto","background-attachment":"scroll","background-type":"","background-media":"","overlay-type":"","overlay-color":"","overlay-opacity":"","overlay-gradient":""},"mobile":{"background-color":"var(--ast-global-color-5)","background-image":"","background-repeat":"repeat","background-position":"center center","background-size":"auto","background-attachment":"scroll","background-type":"","background-media":"","overlay-type":"","overlay-color":"","overlay-opacity":"","overlay-gradient":""}},"footnotes":""},"class_list":["post-2592","page","type-page","status-publish","hentry"],"post_mailing_queue_ids":[],"_links":{"self":[{"href":"https:\/\/agora.xtec.cat\/iesinfanta\/wp-json\/wp\/v2\/pages\/2592","targetHints":{"allow":["GET"]}}],"collection":[{"href":"https:\/\/agora.xtec.cat\/iesinfanta\/wp-json\/wp\/v2\/pages"}],"about":[{"href":"https:\/\/agora.xtec.cat\/iesinfanta\/wp-json\/wp\/v2\/types\/page"}],"author":[{"embeddable":true,"href":"https:\/\/agora.xtec.cat\/iesinfanta\/wp-json\/wp\/v2\/users\/4"}],"replies":[{"embeddable":true,"href":"https:\/\/agora.xtec.cat\/iesinfanta\/wp-json\/wp\/v2\/comments?post=2592"}],"version-history":[{"count":3,"href":"https:\/\/agora.xtec.cat\/iesinfanta\/wp-json\/wp\/v2\/pages\/2592\/revisions"}],"predecessor-version":[{"id":2598,"href":"https:\/\/agora.xtec.cat\/iesinfanta\/wp-json\/wp\/v2\/pages\/2592\/revisions\/2598"}],"up":[{"embeddable":true,"href":"https:\/\/agora.xtec.cat\/iesinfanta\/wp-json\/wp\/v2\/pages\/63"}],"wp:attachment":[{"href":"https:\/\/agora.xtec.cat\/iesinfanta\/wp-json\/wp\/v2\/media?parent=2592"}],"curies":[{"name":"wp","href":"https:\/\/api.w.org\/{rel}","templated":true}]}}