{"id":2478,"date":"2021-03-03T18:33:46","date_gmt":"2021-03-03T17:33:46","guid":{"rendered":"https:\/\/agora.xtec.cat\/iesinfanta\/?page_id=2478"},"modified":"2024-06-25T12:50:41","modified_gmt":"2024-06-25T10:50:41","slug":"deutsch","status":"publish","type":"page","link":"https:\/\/agora.xtec.cat\/iesinfanta\/serveis\/projectes-departaments\/departament-dangles\/deutsch\/","title":{"rendered":"Deutsch"},"content":{"rendered":"<p><b>\u00a0Intercanvi amb Alemanya<\/b><\/p>\n<p class=\"western\" lang=\"en-US\"><span style=\"color: #222222;\"><span style=\"font-family: Arial, sans-serif;\"><span lang=\"es-ES\">Cada any el nostre centre organitza un intercanvi ling\u00fc\u00edstic amb l&#8217;escola alemanya Karl-Rehbein-Schule de Hanau destinat als alumnes de tercer i quart de l&#8217;ESO. Aquest intercanvi t\u00e9 una primera fase a Barcelona amb l&#8217;estada dels alumnes alemanys a la nostra escola i una segona amb el viatge dels nostres alumnes a Alemanya. \u00c9s un projecte enriquidor en el qual els alumnes aprenen molt sobre la cultura alemanya.<\/span><\/span><\/span><\/p>\n<p class=\"western\" lang=\"en-US\"><span style=\"color: #222222;\"><span style=\"font-family: Arial, sans-serif;\"><span lang=\"es-ES\">Aquest curs escolar 2023-2024 hem tingut la sort de poder englobar aquest intercanvi dins el programa Erasmus +.<\/span><\/span><\/span><\/p>\n<p class=\"western\" lang=\"en-US\"><span style=\"color: #222222;\"><span style=\"font-family: Arial, sans-serif;\"><span lang=\"es-ES\">Totes les tasques pr\u00e8vies a l\u2019aula, les activitats pr\u00f2pies de l\u2019intercanvi i el feedback, un cop acabat el viatge, amb el nostre mural resum afavoreixen l\u2019aprenentatge en context del nou vocabulari i de les estructures verbals. <\/span><\/span><\/span><\/p>\n<table style=\"border-collapse: collapse; width: 100%;\">\n<tbody>\n<tr>\n<td style=\"width: 50%;\"><a href=\"https:\/\/agora.xtec.cat\/iesinfanta\/wp-content\/uploads\/usu231\/2024\/06\/20240620_125801-scaled.jpg\"><img loading=\"lazy\" decoding=\"async\" class=\"alignnone size-full wp-image-6940\" src=\"https:\/\/agora.xtec.cat\/iesinfanta\/wp-content\/uploads\/usu231\/2024\/06\/20240620_125801-scaled.jpg\" alt=\"\" width=\"2059\" height=\"2560\" \/><\/a><\/td>\n<td style=\"width: 50%;\"><a href=\"https:\/\/agora.xtec.cat\/iesinfanta\/wp-content\/uploads\/usu231\/2024\/06\/20240620_125746-scaled.jpg\"><img loading=\"lazy\" decoding=\"async\" class=\"alignnone size-full wp-image-6941\" src=\"https:\/\/agora.xtec.cat\/iesinfanta\/wp-content\/uploads\/usu231\/2024\/06\/20240620_125746-scaled.jpg\" alt=\"\" width=\"2290\" height=\"2560\" \/><\/a><\/td>\n<\/tr>\n<tr>\n<td style=\"width: 50%;\"><a href=\"https:\/\/agora.xtec.cat\/iesinfanta\/wp-content\/uploads\/usu231\/2024\/06\/20240613_133305-scaled.jpg\"><img loading=\"lazy\" decoding=\"async\" class=\"alignnone size-full wp-image-6942\" src=\"https:\/\/agora.xtec.cat\/iesinfanta\/wp-content\/uploads\/usu231\/2024\/06\/20240613_133305-scaled.jpg\" alt=\"\" width=\"2210\" height=\"2560\" \/><\/a><\/td>\n<td style=\"width: 50%;\"><a href=\"https:\/\/agora.xtec.cat\/iesinfanta\/wp-content\/uploads\/usu231\/2024\/06\/20240613_115649-scaled.jpg\"><img loading=\"lazy\" decoding=\"async\" class=\"alignnone size-full wp-image-6947\" src=\"https:\/\/agora.xtec.cat\/iesinfanta\/wp-content\/uploads\/usu231\/2024\/06\/20240613_115649-scaled.jpg\" alt=\"\" width=\"2560\" height=\"1920\" \/><\/a><\/td>\n<\/tr>\n<tr>\n<td style=\"width: 50%;\"><a href=\"https:\/\/agora.xtec.cat\/iesinfanta\/wp-content\/uploads\/usu231\/2024\/06\/20240613_115816-1-scaled.jpg\"><img loading=\"lazy\" decoding=\"async\" class=\"alignnone size-full wp-image-6945\" src=\"https:\/\/agora.xtec.cat\/iesinfanta\/wp-content\/uploads\/usu231\/2024\/06\/20240613_115816-1-scaled.jpg\" alt=\"\" width=\"2560\" height=\"1920\" srcset=\"https:\/\/agora.xtec.cat\/iesinfanta\/wp-content\/uploads\/usu231\/2024\/06\/20240613_115816-1-scaled.jpg 2560w, https:\/\/agora.xtec.cat\/iesinfanta\/wp-content\/uploads\/usu231\/2024\/06\/20240613_115816-1-300x225.jpg 300w, https:\/\/agora.xtec.cat\/iesinfanta\/wp-content\/uploads\/usu231\/2024\/06\/20240613_115816-1-1024x768.jpg 1024w, https:\/\/agora.xtec.cat\/iesinfanta\/wp-content\/uploads\/usu231\/2024\/06\/20240613_115816-1-768x576.jpg 768w, https:\/\/agora.xtec.cat\/iesinfanta\/wp-content\/uploads\/usu231\/2024\/06\/20240613_115816-1-1536x1152.jpg 1536w, https:\/\/agora.xtec.cat\/iesinfanta\/wp-content\/uploads\/usu231\/2024\/06\/20240613_115816-1-2048x1536.jpg 2048w, https:\/\/agora.xtec.cat\/iesinfanta\/wp-content\/uploads\/usu231\/2024\/06\/20240613_115816-1-200x150.jpg 200w\" sizes=\"auto, (max-width: 2560px) 100vw, 2560px\" \/><\/a><\/td>\n<td style=\"width: 50%;\"><a href=\"https:\/\/agora.xtec.cat\/iesinfanta\/wp-content\/uploads\/usu231\/2024\/06\/20240613_115314-scaled.jpg\"><img loading=\"lazy\" decoding=\"async\" class=\"alignnone size-full wp-image-6946\" src=\"https:\/\/agora.xtec.cat\/iesinfanta\/wp-content\/uploads\/usu231\/2024\/06\/20240613_115314-scaled.jpg\" alt=\"\" width=\"2560\" height=\"2208\" \/><\/a><\/td>\n<\/tr>\n<\/tbody>\n<\/table>\n<p><b>Projecte: Comunicaci\u00f3 des del primer dia<\/b><\/p>\n<p><span style=\"font-weight: 400;\">Wer bist du? Wir sprechen miteinander!<\/span><\/p>\n<p><span style=\"font-weight: 400;\">Des de primer curs, els alumnes s\u00f3n capa\u00e7os de fer servir la llengua per comunicar-se, tant oralment com per escrit. I ho fan molt b\u00e9!<\/span><\/p>\n<p>\u200b<\/p>\n<table>\n<tbody>\n<tr>\n<td><a href=\"https:\/\/drive.google.com\/file\/d\/11SNfcO9vkDNgvPzWder5NLype9GPhPH4\/view?usp=sharing\" target=\"_blank\" rel=\"noopener noreferrer\"><img loading=\"lazy\" decoding=\"async\" class=\"wp-image-2522 aligncenter\" src=\"https:\/\/agora.xtec.cat\/iesinfanta\/wp-content\/uploads\/usu231\/2021\/03\/alem-1.png\" alt=\"\" width=\"150\" height=\"65\" srcset=\"https:\/\/agora.xtec.cat\/iesinfanta\/wp-content\/uploads\/usu231\/2021\/03\/alem-1.png 1054w, https:\/\/agora.xtec.cat\/iesinfanta\/wp-content\/uploads\/usu231\/2021\/03\/alem-1-300x130.png 300w, https:\/\/agora.xtec.cat\/iesinfanta\/wp-content\/uploads\/usu231\/2021\/03\/alem-1-768x333.png 768w, https:\/\/agora.xtec.cat\/iesinfanta\/wp-content\/uploads\/usu231\/2021\/03\/alem-1-1024x444.png 1024w\" sizes=\"auto, (max-width: 150px) 100vw, 150px\" \/><\/a><\/td>\n<td><a href=\"https:\/\/drive.google.com\/file\/d\/1pENGzZetWpDchrsyLsGiiDcMMw-qZrpm\/view?usp=sharing\" target=\"_blank\" rel=\"noopener noreferrer\"><img loading=\"lazy\" decoding=\"async\" class=\"wp-image-2523 aligncenter\" src=\"https:\/\/agora.xtec.cat\/iesinfanta\/wp-content\/uploads\/usu231\/2021\/03\/alem-2.png\" alt=\"\" width=\"150\" height=\"50\" srcset=\"https:\/\/agora.xtec.cat\/iesinfanta\/wp-content\/uploads\/usu231\/2021\/03\/alem-2.png 690w, https:\/\/agora.xtec.cat\/iesinfanta\/wp-content\/uploads\/usu231\/2021\/03\/alem-2-300x100.png 300w\" sizes=\"auto, (max-width: 150px) 100vw, 150px\" \/><\/a><\/td>\n<td><a href=\"https:\/\/agora.xtec.cat\/iesinfanta\/wp-content\/uploads\/usu231\/2021\/03\/imatge1-grup-reduit-a-4t.jpg\"><img loading=\"lazy\" decoding=\"async\" class=\"wp-image-2526 aligncenter\" src=\"https:\/\/agora.xtec.cat\/iesinfanta\/wp-content\/uploads\/usu231\/2021\/03\/imatge1-grup-reduit-a-4t.jpg\" alt=\"\" width=\"150\" height=\"200\" srcset=\"https:\/\/agora.xtec.cat\/iesinfanta\/wp-content\/uploads\/usu231\/2021\/03\/imatge1-grup-reduit-a-4t.jpg 720w, https:\/\/agora.xtec.cat\/iesinfanta\/wp-content\/uploads\/usu231\/2021\/03\/imatge1-grup-reduit-a-4t-225x300.jpg 225w\" sizes=\"auto, (max-width: 150px) 100vw, 150px\" \/><\/a><\/td>\n<td>\u00a0<img loading=\"lazy\" decoding=\"async\" class=\"wp-image-2525 aligncenter\" style=\"font-size: 16px;\" src=\"https:\/\/agora.xtec.cat\/iesinfanta\/wp-content\/uploads\/usu231\/2021\/03\/alem-3.png\" alt=\"\" width=\"150\" height=\"113\" srcset=\"https:\/\/agora.xtec.cat\/iesinfanta\/wp-content\/uploads\/usu231\/2021\/03\/alem-3.png 809w, https:\/\/agora.xtec.cat\/iesinfanta\/wp-content\/uploads\/usu231\/2021\/03\/alem-3-300x227.png 300w, https:\/\/agora.xtec.cat\/iesinfanta\/wp-content\/uploads\/usu231\/2021\/03\/alem-3-768x581.png 768w, https:\/\/agora.xtec.cat\/iesinfanta\/wp-content\/uploads\/usu231\/2021\/03\/alem-3-200x150.png 200w\" sizes=\"auto, (max-width: 150px) 100vw, 150px\" \/><\/td>\n<\/tr>\n<tr>\n<td><a href=\"https:\/\/drive.google.com\/file\/d\/1pTjsvGZPJeSQicCliIQ1rR8r-kqE5_Vu\/view?usp=sharing\" target=\"_blank\" rel=\"noopener noreferrer\"><img loading=\"lazy\" decoding=\"async\" class=\"wp-image-2528 aligncenter\" src=\"https:\/\/agora.xtec.cat\/iesinfanta\/wp-content\/uploads\/usu231\/2021\/03\/alem-4.png\" alt=\"\" width=\"99\" height=\"150\" srcset=\"https:\/\/agora.xtec.cat\/iesinfanta\/wp-content\/uploads\/usu231\/2021\/03\/alem-4.png 321w, https:\/\/agora.xtec.cat\/iesinfanta\/wp-content\/uploads\/usu231\/2021\/03\/alem-4-198x300.png 198w\" sizes=\"auto, (max-width: 99px) 100vw, 99px\" \/><\/a><\/td>\n<td><a href=\"https:\/\/drive.google.com\/file\/d\/1VVP8QF9Bdb6cevPgUTgdUVEa2gsGWqXO\/view?usp=sharing\" target=\"_blank\" rel=\"noopener noreferrer\"><img loading=\"lazy\" decoding=\"async\" class=\"wp-image-2527 aligncenter\" src=\"https:\/\/agora.xtec.cat\/iesinfanta\/wp-content\/uploads\/usu231\/2021\/03\/alem-5.png\" alt=\"\" width=\"150\" height=\"80\" srcset=\"https:\/\/agora.xtec.cat\/iesinfanta\/wp-content\/uploads\/usu231\/2021\/03\/alem-5.png 922w, https:\/\/agora.xtec.cat\/iesinfanta\/wp-content\/uploads\/usu231\/2021\/03\/alem-5-300x161.png 300w, https:\/\/agora.xtec.cat\/iesinfanta\/wp-content\/uploads\/usu231\/2021\/03\/alem-5-768x411.png 768w\" sizes=\"auto, (max-width: 150px) 100vw, 150px\" \/><\/a><\/td>\n<td><a href=\"https:\/\/drive.google.com\/file\/d\/1zYBRCDr-u9fdJbuFq3OM92n_cXCpt9vo\/view?usp=sharing\" target=\"_blank\" rel=\"noopener noreferrer\"><img loading=\"lazy\" decoding=\"async\" class=\"wp-image-2530 aligncenter\" src=\"https:\/\/agora.xtec.cat\/iesinfanta\/wp-content\/uploads\/usu231\/2021\/03\/alem-6.png\" alt=\"\" width=\"134\" height=\"150\" srcset=\"https:\/\/agora.xtec.cat\/iesinfanta\/wp-content\/uploads\/usu231\/2021\/03\/alem-6.png 457w, https:\/\/agora.xtec.cat\/iesinfanta\/wp-content\/uploads\/usu231\/2021\/03\/alem-6-268x300.png 268w\" sizes=\"auto, (max-width: 134px) 100vw, 134px\" \/><\/a><\/td>\n<td><a href=\"https:\/\/drive.google.com\/file\/d\/1S2uuKWVN5oJCdy1PQoOlB3x5j55vMCmS\/view?usp=sharing\" target=\"_blank\" rel=\"noopener noreferrer\"><img loading=\"lazy\" decoding=\"async\" class=\"wp-image-2529 aligncenter\" src=\"https:\/\/agora.xtec.cat\/iesinfanta\/wp-content\/uploads\/usu231\/2021\/03\/alem-7.png\" alt=\"\" width=\"108\" height=\"150\" srcset=\"https:\/\/agora.xtec.cat\/iesinfanta\/wp-content\/uploads\/usu231\/2021\/03\/alem-7.png 324w, https:\/\/agora.xtec.cat\/iesinfanta\/wp-content\/uploads\/usu231\/2021\/03\/alem-7-216x300.png 216w\" sizes=\"auto, (max-width: 108px) 100vw, 108px\" \/><\/a><\/td>\n<\/tr>\n<\/tbody>\n<\/table>\n","protected":false},"excerpt":{"rendered":"<p>\u00a0Intercanvi amb Alemanya Cada any el nostre centre organitza un intercanvi ling\u00fc\u00edstic amb l&#8217;escola alemanya Karl-Rehbein-Schule de Hanau destinat als alumnes de tercer i quart de l&#8217;ESO. Aquest intercanvi t\u00e9 una primera fase a Barcelona amb l&#8217;estada dels alumnes alemanys a la nostra escola i una segona amb el viatge dels nostres alumnes a Alemanya. [&hellip;]<\/p>\n","protected":false},"author":4,"featured_media":0,"parent":944,"menu_order":20,"comment_status":"closed","ping_status":"closed","template":"page-templates\/side-menu.php","meta":{"_bbp_topic_count":0,"_bbp_reply_count":0,"_bbp_total_topic_count":0,"_bbp_total_reply_count":0,"_bbp_voice_count":0,"_bbp_anonymous_reply_count":0,"_bbp_topic_count_hidden":0,"_bbp_reply_count_hidden":0,"_bbp_forum_subforum_count":0,"site-sidebar-layout":"default","site-content-layout":"","ast-site-content-layout":"","site-content-style":"default","site-sidebar-style":"default","ast-global-header-display":"","ast-banner-title-visibility":"","ast-main-header-display":"","ast-hfb-above-header-display":"","ast-hfb-below-header-display":"","ast-hfb-mobile-header-display":"","site-post-title":"","ast-breadcrumbs-content":"","ast-featured-img":"","footer-sml-layout":"","theme-transparent-header-meta":"","adv-header-id-meta":"","stick-header-meta":"","header-above-stick-meta":"","header-main-stick-meta":"","header-below-stick-meta":"","astra-migrate-meta-layouts":"default","ast-page-background-enabled":"default","ast-page-background-meta":{"desktop":{"background-color":"var(--ast-global-color-4)","background-image":"","background-repeat":"repeat","background-position":"center center","background-size":"auto","background-attachment":"scroll","background-type":"","background-media":"","overlay-type":"","overlay-color":"","overlay-opacity":"","overlay-gradient":""},"tablet":{"background-color":"","background-image":"","background-repeat":"repeat","background-position":"center center","background-size":"auto","background-attachment":"scroll","background-type":"","background-media":"","overlay-type":"","overlay-color":"","overlay-opacity":"","overlay-gradient":""},"mobile":{"background-color":"","background-image":"","background-repeat":"repeat","background-position":"center center","background-size":"auto","background-attachment":"scroll","background-type":"","background-media":"","overlay-type":"","overlay-color":"","overlay-opacity":"","overlay-gradient":""}},"ast-content-background-meta":{"desktop":{"background-color":"var(--ast-global-color-5)","background-image":"","background-repeat":"repeat","background-position":"center center","background-size":"auto","background-attachment":"scroll","background-type":"","background-media":"","overlay-type":"","overlay-color":"","overlay-opacity":"","overlay-gradient":""},"tablet":{"background-color":"var(--ast-global-color-5)","background-image":"","background-repeat":"repeat","background-position":"center center","background-size":"auto","background-attachment":"scroll","background-type":"","background-media":"","overlay-type":"","overlay-color":"","overlay-opacity":"","overlay-gradient":""},"mobile":{"background-color":"var(--ast-global-color-5)","background-image":"","background-repeat":"repeat","background-position":"center center","background-size":"auto","background-attachment":"scroll","background-type":"","background-media":"","overlay-type":"","overlay-color":"","overlay-opacity":"","overlay-gradient":""}},"footnotes":""},"class_list":["post-2478","page","type-page","status-publish","hentry"],"post_mailing_queue_ids":[],"_links":{"self":[{"href":"https:\/\/agora.xtec.cat\/iesinfanta\/wp-json\/wp\/v2\/pages\/2478","targetHints":{"allow":["GET"]}}],"collection":[{"href":"https:\/\/agora.xtec.cat\/iesinfanta\/wp-json\/wp\/v2\/pages"}],"about":[{"href":"https:\/\/agora.xtec.cat\/iesinfanta\/wp-json\/wp\/v2\/types\/page"}],"author":[{"embeddable":true,"href":"https:\/\/agora.xtec.cat\/iesinfanta\/wp-json\/wp\/v2\/users\/4"}],"replies":[{"embeddable":true,"href":"https:\/\/agora.xtec.cat\/iesinfanta\/wp-json\/wp\/v2\/comments?post=2478"}],"version-history":[{"count":5,"href":"https:\/\/agora.xtec.cat\/iesinfanta\/wp-json\/wp\/v2\/pages\/2478\/revisions"}],"predecessor-version":[{"id":6948,"href":"https:\/\/agora.xtec.cat\/iesinfanta\/wp-json\/wp\/v2\/pages\/2478\/revisions\/6948"}],"up":[{"embeddable":true,"href":"https:\/\/agora.xtec.cat\/iesinfanta\/wp-json\/wp\/v2\/pages\/944"}],"wp:attachment":[{"href":"https:\/\/agora.xtec.cat\/iesinfanta\/wp-json\/wp\/v2\/media?parent=2478"}],"curies":[{"name":"wp","href":"https:\/\/api.w.org\/{rel}","templated":true}]}}