{"id":2456,"date":"2021-03-03T17:59:44","date_gmt":"2021-03-03T16:59:44","guid":{"rendered":"https:\/\/agora.xtec.cat\/iesinfanta\/?page_id=2456"},"modified":"2023-10-11T12:25:28","modified_gmt":"2023-10-11T10:25:28","slug":"english","status":"publish","type":"page","link":"https:\/\/agora.xtec.cat\/iesinfanta\/serveis\/projectes-departaments\/departament-dangles\/english\/","title":{"rendered":"English"},"content":{"rendered":"<table>\n<tbody>\n<tr>\n<td style=\"width: 441.778px;\"><span lang=\"ca-ES\"><b>Desdoblaments<\/b><\/span><\/p>\n<p><span lang=\"ca-ES\">Treballem amb grups molt m\u00e9s redu\u00efts, amb una atenci\u00f3 m\u00e9s individual i una interacci\u00f3 oral molt m\u00e9s real i pr\u00e0ctica, que facilita l\u2019aprenentatge de la llengua.<\/span><\/td>\n<td style=\"width: 711.111px;\"><span lang=\"ca-ES\"><b>ESO: <\/b><\/span>Els alumnes desdoblen (grup partit) una de les hores que fan d\u2019Angl\u00e8s a la setmana<\/p>\n<p><span lang=\"ca-ES\"><b>BATX: <\/b><\/span><span lang=\"ca-ES\">3 hores de classe a la setmana.<\/span><\/td>\n<\/tr>\n<tr>\n<td style=\"width: 441.778px;\"><span lang=\"ca-ES\"><b>Aula d\u2019Idiomes<\/b><\/span><\/td>\n<td style=\"width: 711.111px;\"><span lang=\"ca-ES\">Ens permet fer activitats m\u00e9s pr\u00e0ctiques i exercitar m\u00e9s l\u2019expressi\u00f3 oral. Es tracta d\u2019una aula amb unes taules hex\u00e0gonals que es poden separar en dues meitats per poder treballar la llengua en grups petits de dues o tres persones.<\/span><\/td>\n<\/tr>\n<tr>\n<td style=\"width: 441.778px;\"><span lang=\"ca-ES\"><b>Projectes i activitats orals:<\/b><\/span><\/td>\n<td style=\"width: 711.111px;\"><span lang=\"ca-ES\"><b>Treballem amb Chromebooks.<\/b><\/span> \u201c<span lang=\"ca-ES\">Oral Presentations\u201d, \u201cDialogues\u201d, \u201cDiscussions\u201d, \u201cRole Plays\u201d, entrevistes de treball.<\/span><\/td>\n<\/tr>\n<tr>\n<td style=\"width: 441.778px;\"><strong>Projecte de lectura a 1r d\u2019ESO<\/strong><\/td>\n<td style=\"width: 711.111px;\">El Projecte de Lectura \u00e9s una activitat multiling\u00fce que promouen els Departaments de Catal\u00e0, Castell\u00e0 i Angl\u00e8s, els de l\u2019\u00e0mbit ling\u00fc\u00edstic, i que es desenvolupar\u00e0 al llarg de tot el curs escolar 2022-23.<\/p>\n<p>El punt de partida d\u2019aquest projecte \u00e9s refor\u00e7ar l\u2019aprenentatge dels usos reals de les lleng\u00fces vehiculars i curriculars de l\u2019ensenyament a trav\u00e9s de la lectura com a fil conductor. L\u2019alumnat hi treballar\u00e0 de manera competencial diversos sabers vinculats a la pr\u00e0ctica lectora, com\u00a0 l\u2019acc\u00e9s a cultures diferents i el respecte a altres maneres d\u2019entendre la vida (per exemple, amb la lectura d\u2019un escriptor irland\u00e8s com fou Oscar Wilde)<\/td>\n<\/tr>\n<tr>\n<td style=\"width: 441.778px;\">&nbsp;<\/p>\n<p><strong> Projecte de lectura a 2n d\u2019ESO<\/strong><\/td>\n<td style=\"width: 711.111px;\">El Projecte de Lectura \u00e9s una activitat multiling\u00fce que promouen els Departaments de Catal\u00e0, Castell\u00e0 i Angl\u00e8s, els de l\u2019\u00e0mbit ling\u00fc\u00edstic, i que es desenvolupar\u00e0 al llarg de tot el curs escolar 2023-24. El t\u00edtol d\u2019aquest projecte \u00e9s \u00abViatges que transformen\u00bb.<br \/>\nEl punt de partida d\u2019aquest projecte \u00e9s refor\u00e7ar l\u2019aprenentatge dels usos reals de les lleng\u00fces vehiculars i curriculars de l\u2019ensenyament a trav\u00e9s de la lectura com a fil conductor.<br \/>\nL\u2019alumnat hi treballar\u00e0 de manera competencial diversos sabers vinculats a la pr\u00e0ctica lectora, com l\u2019acc\u00e9s a cultures diferents i el respecte a altres maneres d\u2019entendre la vida. El llibre triat per aquest projecte a 2n d\u2019ESO \u00e9s \u201cGulliver\u2019s travels\u201d.<\/td>\n<\/tr>\n<tr>\n<td style=\"width: 441.778px;\"><strong>Optativa \u00abAround the world\u00bb<\/strong><\/td>\n<td style=\"width: 711.111px;\">Aquesta optativa s\u2019adre\u00e7a a l\u2019alumnat que vulgui con\u00e8ixer una mica m\u00e9s els pa\u00efsos de llengua anglesa. Coneixerem els seus costums, menjars, tradicions, geografia, la utilitzaci\u00f3 de la llengua anglesa per relacionar-se amb altres pa\u00efsos, relacionant-la amb els viatges. Finalment mostrarem en un audiovisual la nostra cultura i costums.<\/td>\n<\/tr>\n<\/tbody>\n<\/table>\n<table style=\"width: 100%; height: 1895px;\">\n<tbody>\n<tr style=\"height: 33px;\">\n<td style=\"height: 33px;\">\n<div>\n<div><span style=\"font-size: 16px;\">1r BATX<\/span><\/div>\n<\/div>\n<\/td>\n<td style=\"height: 33px;\"><span style=\"font-size: 16px;\">Our reviews and recommendations, if you want to spend a good time!!!\u00a0 Per veure els v\u00eddeos cliqueu <a href=\"https:\/\/drive.google.com\/drive\/folders\/1D7Y6fwWGovQwwtjLDGy4E0_eBa3CvY6o?usp=sharing\" target=\"_blank\" rel=\"noopener\">aqu\u00ed<\/a><\/span><\/td>\n<\/tr>\n<tr style=\"height: 130px;\">\n<td style=\"height: 130px;\">\n<div>\n<div><span style=\"font-size: 16px;\">1r ESO<\/span><\/div>\n<\/div>\n<\/td>\n<td style=\"height: 130px;\"><span style=\"font-family: inherit; font-size: 0.875em;\"><a href=\"https:\/\/youtu.be\/GYchvRhVU30\" target=\"_blank\" rel=\"noopener noreferrer\"><img loading=\"lazy\" decoding=\"async\" class=\"wp-image-2701 alignleft\" src=\"https:\/\/agora.xtec.cat\/iesinfanta\/wp-content\/uploads\/usu231\/2021\/03\/angles-13-150x150.png\" alt=\"\" width=\"100\" height=\"55\" srcset=\"https:\/\/agora.xtec.cat\/iesinfanta\/wp-content\/uploads\/usu231\/2021\/03\/angles-13-300x166.png 300w, https:\/\/agora.xtec.cat\/iesinfanta\/wp-content\/uploads\/usu231\/2021\/03\/angles-13-768x425.png 768w, https:\/\/agora.xtec.cat\/iesinfanta\/wp-content\/uploads\/usu231\/2021\/03\/angles-13.png 967w\" sizes=\"auto, (max-width: 100px) 100vw, 100px\" \/><\/a><\/span><\/td>\n<\/tr>\n<tr style=\"height: 144px;\">\n<td style=\"height: 144px;\"><span style=\"font-size: 16px;\">4tESO. Desdoblament angl\u00e8s<\/span><\/p>\n<div>\n<div><span style=\"font-size: 16px;\">\u00a0<\/span><\/div>\n<\/div>\n<\/td>\n<td style=\"height: 144px;\">\n<div><span style=\"font-size: 16px;\">Hem volgut trobar tradicions una mica diferents de les nostres i les hem presentat als companys. Do you find them strange?<\/span><\/div>\n<div><span style=\"color: #222222;\"><span style=\"font-size: 16px;\"><a href=\"https:\/\/docs.google.com\/presentation\/d\/1bS7BHjcIWd00TtCimJ0wxlECAYu8KCDeGLn8PJL7BEA\/edit?usp=sharing\" target=\"_blank\" rel=\"noopener noreferrer\"><img loading=\"lazy\" decoding=\"async\" class=\"wp-image-2851 alignleft\" src=\"https:\/\/agora.xtec.cat\/iesinfanta\/wp-content\/uploads\/usu231\/2021\/03\/ANGL-4.png\" alt=\"\" width=\"100\" height=\"97\" srcset=\"https:\/\/agora.xtec.cat\/iesinfanta\/wp-content\/uploads\/usu231\/2021\/03\/ANGL-4.png 491w, https:\/\/agora.xtec.cat\/iesinfanta\/wp-content\/uploads\/usu231\/2021\/03\/ANGL-4-300x291.png 300w\" sizes=\"auto, (max-width: 100px) 100vw, 100px\" \/><\/a> <a href=\"https:\/\/docs.google.com\/presentation\/d\/1OTsFni-tDGBBKbslq5xlFjEAPfo46hOl2NcPAmaSI_o\/edit?usp=sharing\" target=\"_blank\" rel=\"noopener noreferrer\"><img loading=\"lazy\" decoding=\"async\" class=\"wp-image-2852 alignleft\" src=\"https:\/\/agora.xtec.cat\/iesinfanta\/wp-content\/uploads\/usu231\/2021\/03\/ANGL-3.png\" alt=\"\" width=\"100\" height=\"49\" srcset=\"https:\/\/agora.xtec.cat\/iesinfanta\/wp-content\/uploads\/usu231\/2021\/03\/ANGL-3.png 809w, https:\/\/agora.xtec.cat\/iesinfanta\/wp-content\/uploads\/usu231\/2021\/03\/ANGL-3-300x147.png 300w, https:\/\/agora.xtec.cat\/iesinfanta\/wp-content\/uploads\/usu231\/2021\/03\/ANGL-3-768x376.png 768w\" sizes=\"auto, (max-width: 100px) 100vw, 100px\" \/><\/a> <a href=\"https:\/\/docs.google.com\/presentation\/d\/1CCIJVPKgw3q-DcqvxV14gu61dOxdnQrL7Wd_WZl21zQ\/edit?usp=sharing\" target=\"_blank\" rel=\"noopener noreferrer\"><img loading=\"lazy\" decoding=\"async\" class=\"wp-image-2853 alignleft\" src=\"https:\/\/agora.xtec.cat\/iesinfanta\/wp-content\/uploads\/usu231\/2021\/03\/ANGL-2.png\" alt=\"\" width=\"100\" height=\"60\" srcset=\"https:\/\/agora.xtec.cat\/iesinfanta\/wp-content\/uploads\/usu231\/2021\/03\/ANGL-2.png 692w, https:\/\/agora.xtec.cat\/iesinfanta\/wp-content\/uploads\/usu231\/2021\/03\/ANGL-2-300x180.png 300w\" sizes=\"auto, (max-width: 100px) 100vw, 100px\" \/><\/a><\/span><\/span><\/div>\n<\/td>\n<\/tr>\n<tr style=\"height: 171px;\">\n<td style=\"height: 171px;\">\n<div>\n<div><span style=\"font-size: 16px;\">\u00a0<\/span><\/div>\n<div>\n<p><span style=\"font-size: 16px;\">STORY CREATION<\/span><\/p>\n<div><span style=\"font-size: 16px;\">\u00a0<\/span><\/div>\n<\/div>\n<\/div>\n<\/td>\n<td style=\"height: 171px;\"><span style=\"font-size: 16px;\">Utilitzem diferents recursos per crear hist\u00f2ries. Once upon a time&#8230;<\/span><\/p>\n<p><span style=\"color: #222222;\"><span style=\"font-size: 16px;\"><a href=\"https:\/\/drive.google.com\/file\/d\/11TT4Z4lzZ4YaD-C1CjRkkoWETb1SLpGG\/view?usp=sharing\" target=\"_blank\" rel=\"noopener noreferrer\"><img loading=\"lazy\" decoding=\"async\" class=\"alignleft wp-image-2458\" src=\"https:\/\/agora.xtec.cat\/iesinfanta\/wp-content\/uploads\/usu231\/2021\/03\/angles-2-150x150.png\" alt=\"\" width=\"95\" height=\"95\" \/><\/a><a href=\"https:\/\/drive.google.com\/file\/d\/1cxAU7R-_Ie6ZWKWBSiHKdHm6rSlXhaqC\/view?usp=sharing\" target=\"_blank\" rel=\"noopener noreferrer\"><img loading=\"lazy\" decoding=\"async\" class=\"alignleft wp-image-2457\" src=\"https:\/\/agora.xtec.cat\/iesinfanta\/wp-content\/uploads\/usu231\/2021\/03\/angles-1-150x150.png\" alt=\"\" width=\"100\" height=\"100\" \/><\/a><\/span><\/span><\/td>\n<\/tr>\n<tr style=\"height: 137px;\">\n<td style=\"height: 137px;\">\n<div>\n<div>\n<p><span style=\"font-size: 16px;\">PROJECT: AN ADVERTISEMENT<\/span><\/p>\n<div><span style=\"font-size: 16px;\">\u00a0<\/span><\/div>\n<\/div>\n<\/div>\n<\/td>\n<td style=\"height: 137px;\"><span style=\"font-size: 16px;\">Tenim alumnes molt creatius!!!!!<a href=\"https:\/\/drive.google.com\/file\/d\/14MKlE_ksmSI-Cz2n3Xnq220XvDfOA0d3\/view?usp=sharing\" target=\"_blank\" rel=\"noopener noreferrer\"><img loading=\"lazy\" decoding=\"async\" class=\"alignleft wp-image-2460\" src=\"https:\/\/agora.xtec.cat\/iesinfanta\/wp-content\/uploads\/usu231\/2021\/03\/angles-3-150x150.png\" alt=\"\" width=\"106\" height=\"106\" \/><\/a><\/span><\/td>\n<\/tr>\n<tr style=\"height: 182px;\">\n<td style=\"height: 182px;\">\n<div>\n<div>\n<p><span style=\"font-size: 16px;\">PROJECT: A NATURAL PARK<\/span><\/p>\n<div><span style=\"font-size: 16px;\">\u00a0<\/span><\/div>\n<\/div>\n<\/div>\n<\/td>\n<td style=\"height: 182px;\"><span style=\"font-size: 16px;\">Ens agrada la natura i ens agrada la seva protecci\u00f3. Embrace nature!!!<\/span><\/p>\n<p><a style=\"font-size: 16px;\" href=\"https:\/\/docs.google.com\/presentation\/d\/1oLjHxLWGO3DKH0p2kFZs3ZrlHhbcTrIrmrufTBUmvu0\/edit?usp=sharing\" target=\"_blank\" rel=\"noopener noreferrer\"><span style=\"color: #222222;\"><img loading=\"lazy\" decoding=\"async\" class=\"alignleft wp-image-2464\" src=\"https:\/\/agora.xtec.cat\/iesinfanta\/wp-content\/uploads\/usu231\/2021\/03\/angles-4-150x150.png\" alt=\"\" width=\"111\" height=\"111\" \/><\/span><\/a><\/td>\n<\/tr>\n<tr style=\"height: 174px;\">\n<td style=\"height: 174px;\">\n<div>\n<div>\n<div>\n<div>\n<p><span style=\"font-size: 16px;\">OVERSHARING<\/span><\/p>\n<div><span style=\"font-size: 16px;\">\u00a0<\/span><\/div>\n<\/div>\n<\/div>\n<\/div>\n<\/div>\n<\/td>\n<td style=\"height: 174px;\"><span style=\"font-size: 16px;\">2BATX. Ens agrada sentir les opinions dels nostres alumnes. Do you agree?<\/span><\/p>\n<p><span style=\"color: #222222;\"><span style=\"font-size: 16px;\"><a href=\"https:\/\/drive.google.com\/file\/d\/1RSZ8Z7HnsukBG6TM3yFaMXt1BdOh8xMN\/view?usp=sharing\" target=\"_blank\" rel=\"noopener noreferrer\"><img loading=\"lazy\" decoding=\"async\" class=\"alignleft wp-image-2467\" src=\"https:\/\/agora.xtec.cat\/iesinfanta\/wp-content\/uploads\/usu231\/2021\/03\/angles-9-150x150.png\" alt=\"\" width=\"103\" height=\"103\" \/><\/a> <a href=\"https:\/\/drive.google.com\/file\/d\/1YQXFOz28oeYj8SrEcAbh9vmJ4VjB0e_S\/view?usp=sharing\" target=\"_blank\" rel=\"noopener noreferrer\"><img loading=\"lazy\" decoding=\"async\" class=\"alignleft wp-image-2468\" src=\"https:\/\/agora.xtec.cat\/iesinfanta\/wp-content\/uploads\/usu231\/2021\/03\/angles-8-150x150.png\" alt=\"\" width=\"103\" height=\"104\" \/><\/a><\/span><\/span><\/td>\n<\/tr>\n<tr style=\"height: 176px;\">\n<td style=\"height: 176px;\">\n<div>\n<div>\n<div>\n<div>\n<div>\n<div><span style=\"font-size: 16px;\">1BATX<\/span><\/div>\n<div>\n<p><span style=\"font-size: 16px;\">ACTING OUT<\/span><\/p>\n<div><span style=\"font-size: 16px;\">\u00a0<\/span><\/div>\n<\/div>\n<\/div>\n<\/div>\n<\/div>\n<\/div>\n<\/div>\n<\/td>\n<td style=\"height: 176px;\"><span style=\"font-size: 16px;\">De vegades inventem situacions i en fem petites obres de teatre. Grab some popcorn and relax<\/span><\/p>\n<p><a style=\"font-size: 16px;\" href=\"https:\/\/drive.google.com\/file\/d\/1uARFuP1JboMqZxeN9jL-5cmgXnQSikXC\/view?usp=sharing\" target=\"_blank\" rel=\"noopener noreferrer\"><span style=\"color: #222222;\"><img loading=\"lazy\" decoding=\"async\" class=\"alignleft wp-image-2470 \" src=\"https:\/\/agora.xtec.cat\/iesinfanta\/wp-content\/uploads\/usu231\/2021\/03\/angles-10.png\" alt=\"\" width=\"227\" height=\"105\" srcset=\"https:\/\/agora.xtec.cat\/iesinfanta\/wp-content\/uploads\/usu231\/2021\/03\/angles-10.png 1008w, https:\/\/agora.xtec.cat\/iesinfanta\/wp-content\/uploads\/usu231\/2021\/03\/angles-10-300x139.png 300w, https:\/\/agora.xtec.cat\/iesinfanta\/wp-content\/uploads\/usu231\/2021\/03\/angles-10-768x355.png 768w\" sizes=\"auto, (max-width: 227px) 100vw, 227px\" \/><\/span><\/a><\/td>\n<\/tr>\n<tr style=\"height: 189px;\">\n<td style=\"height: 189px;\">\n<div>\n<div>\n<div>\n<div>\n<div>\n<div>\n<p><span style=\"font-size: 16px;\">BARCELONA TOUR<\/span><\/p>\n<div><span style=\"font-size: 16px;\">Projecte de 1BATX :un tour per la ciutat<\/span><\/div>\n<\/div>\n<\/div>\n<\/div>\n<\/div>\n<\/div>\n<\/div>\n<\/td>\n<td style=\"height: 189px;\">\n<table style=\"border-collapse: collapse; width: 100%; height: 142px;\">\n<tbody>\n<tr style=\"height: 128px;\">\n<td style=\"width: 25%; height: 128px;\"><a style=\"font-size: 16px;\" href=\"https:\/\/drive.google.com\/file\/d\/1tMxh7D25qm70ZtZX6G6IEY0cARab3njW\/view?usp=sharing\" target=\"_blank\" rel=\"noopener\"><span style=\"color: #222222;\"><img loading=\"lazy\" decoding=\"async\" class=\"aligncenter wp-image-4120\" src=\"https:\/\/agora.xtec.cat\/iesinfanta\/wp-content\/uploads\/usu231\/2022\/04\/tour-2-150x150.png\" alt=\"\" width=\"100\" height=\"55\" srcset=\"https:\/\/agora.xtec.cat\/iesinfanta\/wp-content\/uploads\/usu231\/2022\/04\/tour-2-300x166.png 300w, https:\/\/agora.xtec.cat\/iesinfanta\/wp-content\/uploads\/usu231\/2022\/04\/tour-2-768x424.png 768w, https:\/\/agora.xtec.cat\/iesinfanta\/wp-content\/uploads\/usu231\/2022\/04\/tour-2.png 964w\" sizes=\"auto, (max-width: 100px) 100vw, 100px\" \/><\/span><\/a><\/td>\n<td style=\"width: 25%; height: 128px;\"><a style=\"color: #2795b6; font-size: 14px;\" href=\"https:\/\/drive.google.com\/file\/d\/1gRVUrlT-s3Ss-a0QDD6Nu7XgwU28M-Aq\/view?usp=sharing\" target=\"_blank\" rel=\"noopener noreferrer\"><span style=\"color: #222222;\"><img loading=\"lazy\" decoding=\"async\" class=\"wp-image-2471 aligncenter\" src=\"https:\/\/agora.xtec.cat\/iesinfanta\/wp-content\/uploads\/usu231\/2021\/03\/angles-12-150x150.png\" alt=\"\" width=\"100\" height=\"142\" srcset=\"https:\/\/agora.xtec.cat\/iesinfanta\/wp-content\/uploads\/usu231\/2021\/03\/angles-12-212x300.png 212w, https:\/\/agora.xtec.cat\/iesinfanta\/wp-content\/uploads\/usu231\/2021\/03\/angles-12.png 354w\" sizes=\"auto, (max-width: 100px) 100vw, 100px\" \/><\/span><\/a><\/td>\n<\/tr>\n<\/tbody>\n<\/table>\n<p><span style=\"font-size: 16px;\">\u00a0<\/span><\/td>\n<\/tr>\n<tr style=\"height: 88px;\">\n<td style=\"height: 163px;\" rowspan=\"2\">\n<div>\n<div>\n<div>\n<div>\n<div>\n<div>\n<p><span style=\"font-size: 16px;\">FEINES D&#8217;ESTIU<\/span><\/p>\n<\/div>\n<\/div>\n<\/div>\n<\/div>\n<\/div>\n<\/div>\n<div>\n<div>\n<div>\n<div>\n<div>\n<div>\n<p><span style=\"font-size: 16px;\">\u00a0<\/span><\/p>\n<\/div>\n<\/div>\n<\/div>\n<\/div>\n<\/div>\n<\/div>\n<\/td>\n<td style=\"height: 88px;\"><span style=\"color: #222222;\"><span style=\"font-size: 16px;\"><a href=\"https:\/\/drive.google.com\/file\/d\/1UFE-pSaFbUtz5qmHnnRKK7HvQ3gChSpv\/view?usp=sharing\" target=\"_blank\" rel=\"noopener\"><img loading=\"lazy\" decoding=\"async\" class=\"wp-image-3672 alignleft\" src=\"https:\/\/agora.xtec.cat\/iesinfanta\/wp-content\/uploads\/usu231\/2022\/02\/london-3.png\" alt=\"\" width=\"100\" height=\"56\" srcset=\"https:\/\/agora.xtec.cat\/iesinfanta\/wp-content\/uploads\/usu231\/2022\/02\/london-3.png 1190w, https:\/\/agora.xtec.cat\/iesinfanta\/wp-content\/uploads\/usu231\/2022\/02\/london-3-300x167.png 300w, https:\/\/agora.xtec.cat\/iesinfanta\/wp-content\/uploads\/usu231\/2022\/02\/london-3-1024x570.png 1024w, https:\/\/agora.xtec.cat\/iesinfanta\/wp-content\/uploads\/usu231\/2022\/02\/london-3-768x427.png 768w\" sizes=\"auto, (max-width: 100px) 100vw, 100px\" \/><\/a><a href=\"https:\/\/drive.google.com\/file\/d\/1O_2A1qWD58aBvVTFYGHCirI95HIEjzhM\/view?usp=sharing\" target=\"_blank\" rel=\"noopener\"><img loading=\"lazy\" decoding=\"async\" class=\"wp-image-3671 alignleft\" src=\"https:\/\/agora.xtec.cat\/iesinfanta\/wp-content\/uploads\/usu231\/2022\/02\/london-4.png\" alt=\"\" width=\"100\" height=\"56\" srcset=\"https:\/\/agora.xtec.cat\/iesinfanta\/wp-content\/uploads\/usu231\/2022\/02\/london-4.png 1189w, https:\/\/agora.xtec.cat\/iesinfanta\/wp-content\/uploads\/usu231\/2022\/02\/london-4-300x169.png 300w, https:\/\/agora.xtec.cat\/iesinfanta\/wp-content\/uploads\/usu231\/2022\/02\/london-4-1024x578.png 1024w, https:\/\/agora.xtec.cat\/iesinfanta\/wp-content\/uploads\/usu231\/2022\/02\/london-4-768x433.png 768w\" sizes=\"auto, (max-width: 100px) 100vw, 100px\" \/><\/a><a href=\"https:\/\/drive.google.com\/file\/d\/196Hzw9FQ04cn-9sd-dmr6O0LIy6QdF7-\/view?usp=sharing\" target=\"_blank\" rel=\"noopener\"><img loading=\"lazy\" decoding=\"async\" class=\"alignleft wp-image-3673\" src=\"https:\/\/agora.xtec.cat\/iesinfanta\/wp-content\/uploads\/usu231\/2022\/02\/london-2.png\" alt=\"\" width=\"100\" height=\"56\" srcset=\"https:\/\/agora.xtec.cat\/iesinfanta\/wp-content\/uploads\/usu231\/2022\/02\/london-2.png 1194w, https:\/\/agora.xtec.cat\/iesinfanta\/wp-content\/uploads\/usu231\/2022\/02\/london-2-300x169.png 300w, https:\/\/agora.xtec.cat\/iesinfanta\/wp-content\/uploads\/usu231\/2022\/02\/london-2-1024x575.png 1024w, https:\/\/agora.xtec.cat\/iesinfanta\/wp-content\/uploads\/usu231\/2022\/02\/london-2-768x432.png 768w\" sizes=\"auto, (max-width: 100px) 100vw, 100px\" \/><\/a><a href=\"https:\/\/drive.google.com\/file\/d\/15mU26BIeSMUmoFQ2klw6tBAi5Cy8II7D\/view?usp=sharing\" target=\"_blank\" rel=\"noopener\"><img loading=\"lazy\" decoding=\"async\" class=\"wp-image-3675 alignleft\" src=\"https:\/\/agora.xtec.cat\/iesinfanta\/wp-content\/uploads\/usu231\/2022\/02\/london-1.png\" alt=\"\" width=\"100\" height=\"56\" srcset=\"https:\/\/agora.xtec.cat\/iesinfanta\/wp-content\/uploads\/usu231\/2022\/02\/london-1.png 950w, https:\/\/agora.xtec.cat\/iesinfanta\/wp-content\/uploads\/usu231\/2022\/02\/london-1-300x169.png 300w, https:\/\/agora.xtec.cat\/iesinfanta\/wp-content\/uploads\/usu231\/2022\/02\/london-1-768x432.png 768w\" sizes=\"auto, (max-width: 100px) 100vw, 100px\" \/><\/a><\/span><\/span><\/td>\n<\/tr>\n<tr style=\"height: 75px;\">\n<td style=\"height: 75px;\"><span style=\"color: #2795b6;\"><a style=\"color: #2795b6;\" href=\"https:\/\/drive.google.com\/file\/d\/1KJ0Bzc4mCKpGWpwN9o2Xt5kB8Xb-NDSk\/view?usp=sharing\" target=\"_blank\" rel=\"noopener\"><img loading=\"lazy\" decoding=\"async\" class=\"wp-image-3674 alignleft\" src=\"https:\/\/agora.xtec.cat\/iesinfanta\/wp-content\/uploads\/usu231\/2022\/02\/audio.png\" alt=\"\" width=\"100\" height=\"21\" srcset=\"https:\/\/agora.xtec.cat\/iesinfanta\/wp-content\/uploads\/usu231\/2022\/02\/audio.png 574w, https:\/\/agora.xtec.cat\/iesinfanta\/wp-content\/uploads\/usu231\/2022\/02\/audio-300x64.png 300w\" sizes=\"auto, (max-width: 100px) 100vw, 100px\" \/><\/a><\/span><\/p>\n<p><span style=\"font-size: 16px;\">\u00a0<\/span><\/td>\n<\/tr>\n<\/tbody>\n<\/table>\n","protected":false},"excerpt":{"rendered":"<p>Desdoblaments Treballem amb grups molt m\u00e9s redu\u00efts, amb una atenci\u00f3 m\u00e9s individual i una interacci\u00f3 oral molt m\u00e9s real i pr\u00e0ctica, que facilita l\u2019aprenentatge de la llengua. ESO: Els alumnes desdoblen (grup partit) una de les hores que fan d\u2019Angl\u00e8s a la setmana BATX: 3 hores de classe a la setmana. Aula d\u2019Idiomes Ens permet [&hellip;]<\/p>\n","protected":false},"author":4,"featured_media":0,"parent":944,"menu_order":10,"comment_status":"closed","ping_status":"closed","template":"page-templates\/side-menu.php","meta":{"_bbp_topic_count":0,"_bbp_reply_count":0,"_bbp_total_topic_count":0,"_bbp_total_reply_count":0,"_bbp_voice_count":0,"_bbp_anonymous_reply_count":0,"_bbp_topic_count_hidden":0,"_bbp_reply_count_hidden":0,"_bbp_forum_subforum_count":0,"site-sidebar-layout":"default","site-content-layout":"","ast-site-content-layout":"","site-content-style":"default","site-sidebar-style":"default","ast-global-header-display":"","ast-banner-title-visibility":"","ast-main-header-display":"","ast-hfb-above-header-display":"","ast-hfb-below-header-display":"","ast-hfb-mobile-header-display":"","site-post-title":"","ast-breadcrumbs-content":"","ast-featured-img":"","footer-sml-layout":"","theme-transparent-header-meta":"","adv-header-id-meta":"","stick-header-meta":"","header-above-stick-meta":"","header-main-stick-meta":"","header-below-stick-meta":"","astra-migrate-meta-layouts":"default","ast-page-background-enabled":"default","ast-page-background-meta":{"desktop":{"background-color":"var(--ast-global-color-4)","background-image":"","background-repeat":"repeat","background-position":"center center","background-size":"auto","background-attachment":"scroll","background-type":"","background-media":"","overlay-type":"","overlay-color":"","overlay-opacity":"","overlay-gradient":""},"tablet":{"background-color":"","background-image":"","background-repeat":"repeat","background-position":"center center","background-size":"auto","background-attachment":"scroll","background-type":"","background-media":"","overlay-type":"","overlay-color":"","overlay-opacity":"","overlay-gradient":""},"mobile":{"background-color":"","background-image":"","background-repeat":"repeat","background-position":"center center","background-size":"auto","background-attachment":"scroll","background-type":"","background-media":"","overlay-type":"","overlay-color":"","overlay-opacity":"","overlay-gradient":""}},"ast-content-background-meta":{"desktop":{"background-color":"var(--ast-global-color-5)","background-image":"","background-repeat":"repeat","background-position":"center center","background-size":"auto","background-attachment":"scroll","background-type":"","background-media":"","overlay-type":"","overlay-color":"","overlay-opacity":"","overlay-gradient":""},"tablet":{"background-color":"var(--ast-global-color-5)","background-image":"","background-repeat":"repeat","background-position":"center center","background-size":"auto","background-attachment":"scroll","background-type":"","background-media":"","overlay-type":"","overlay-color":"","overlay-opacity":"","overlay-gradient":""},"mobile":{"background-color":"var(--ast-global-color-5)","background-image":"","background-repeat":"repeat","background-position":"center center","background-size":"auto","background-attachment":"scroll","background-type":"","background-media":"","overlay-type":"","overlay-color":"","overlay-opacity":"","overlay-gradient":""}},"footnotes":""},"class_list":["post-2456","page","type-page","status-publish","hentry"],"post_mailing_queue_ids":[],"_links":{"self":[{"href":"https:\/\/agora.xtec.cat\/iesinfanta\/wp-json\/wp\/v2\/pages\/2456","targetHints":{"allow":["GET"]}}],"collection":[{"href":"https:\/\/agora.xtec.cat\/iesinfanta\/wp-json\/wp\/v2\/pages"}],"about":[{"href":"https:\/\/agora.xtec.cat\/iesinfanta\/wp-json\/wp\/v2\/types\/page"}],"author":[{"embeddable":true,"href":"https:\/\/agora.xtec.cat\/iesinfanta\/wp-json\/wp\/v2\/users\/4"}],"replies":[{"embeddable":true,"href":"https:\/\/agora.xtec.cat\/iesinfanta\/wp-json\/wp\/v2\/comments?post=2456"}],"version-history":[{"count":7,"href":"https:\/\/agora.xtec.cat\/iesinfanta\/wp-json\/wp\/v2\/pages\/2456\/revisions"}],"predecessor-version":[{"id":6273,"href":"https:\/\/agora.xtec.cat\/iesinfanta\/wp-json\/wp\/v2\/pages\/2456\/revisions\/6273"}],"up":[{"embeddable":true,"href":"https:\/\/agora.xtec.cat\/iesinfanta\/wp-json\/wp\/v2\/pages\/944"}],"wp:attachment":[{"href":"https:\/\/agora.xtec.cat\/iesinfanta\/wp-json\/wp\/v2\/media?parent=2456"}],"curies":[{"name":"wp","href":"https:\/\/api.w.org\/{rel}","templated":true}]}}