{"id":2302,"date":"2021-02-16T13:09:34","date_gmt":"2021-02-16T12:09:34","guid":{"rendered":"https:\/\/agora.xtec.cat\/iesinfanta\/?page_id=2302"},"modified":"2021-02-17T12:21:10","modified_gmt":"2021-02-17T11:21:10","slug":"el-meu-primer-dia-a-linstitut","status":"publish","type":"page","link":"https:\/\/agora.xtec.cat\/iesinfanta\/el-meu-primer-dia-a-linstitut\/","title":{"rendered":"El meu primer dia a l&#8217;Institut"},"content":{"rendered":"<p>Aqu\u00ed teniu les redaccions d&#8217;alguns alumnes de 1r d&#8217;ESO sobre el seu primer dia a l&#8217;Institut<\/p>\n<table>\n<tbody>\n<tr>\n<td><a href=\"https:\/\/agora.xtec.cat\/iesinfanta\/wp-content\/uploads\/usu231\/2021\/02\/1A-Ignasi-Salv\u00e0.pdf\" target=\"_blank\" rel=\"noopener noreferrer\">Ignasi Salv\u00e0<\/a><\/td>\n<td><a href=\"https:\/\/agora.xtec.cat\/iesinfanta\/wp-content\/uploads\/usu231\/2021\/02\/1B-Arnau-G\u00f3mez.docx.pdf\" target=\"_blank\" rel=\"noopener noreferrer\">Arnau Gomez<\/a><\/td>\n<td><a href=\"https:\/\/agora.xtec.cat\/iesinfanta\/wp-content\/uploads\/usu231\/2021\/02\/1B-Roa-Laouamera.docx.pdf\" target=\"_blank\" rel=\"noopener noreferrer\">Roa Louamera<\/a><\/td>\n<td><a href=\"https:\/\/agora.xtec.cat\/iesinfanta\/wp-content\/uploads\/usu231\/2021\/02\/1C-Nadia-Ben.pdf\" target=\"_blank\" rel=\"noopener noreferrer\">Nadia Ben el Kaid<\/a><\/td>\n<\/tr>\n<tr>\n<td><a href=\"https:\/\/agora.xtec.cat\/iesinfanta\/wp-content\/uploads\/usu231\/2021\/02\/1A-Marc-Tusset.pdf\" target=\"_blank\" rel=\"noopener noreferrer\">Marc Tusset<\/a><\/td>\n<td><a href=\"https:\/\/agora.xtec.cat\/iesinfanta\/wp-content\/uploads\/usu231\/2021\/02\/1B-Biel-Mart\u00edn.docx.pdf\" target=\"_blank\" rel=\"noopener noreferrer\">Biel Martin<\/a><\/td>\n<td><a href=\"https:\/\/agora.xtec.cat\/iesinfanta\/wp-content\/uploads\/usu231\/2021\/02\/1C-Alex-Torrente.pdf\" target=\"_blank\" rel=\"noopener noreferrer\">Alex Torrente<\/a><\/td>\n<td><a href=\"https:\/\/agora.xtec.cat\/iesinfanta\/wp-content\/uploads\/usu231\/2021\/02\/1C-Victoria-Valverde.pdf\" target=\"_blank\" rel=\"noopener noreferrer\">Vict\u00f2ria Valverde<\/a><\/td>\n<\/tr>\n<tr>\n<td><a href=\"https:\/\/agora.xtec.cat\/iesinfanta\/wp-content\/uploads\/usu231\/2021\/02\/1A-Oriol-Gonz\u00e1lez.pdf\" target=\"_blank\" rel=\"noopener noreferrer\">Oriol Gonzalez<\/a><\/td>\n<td><a href=\"https:\/\/agora.xtec.cat\/iesinfanta\/wp-content\/uploads\/usu231\/2021\/02\/1B-Laia-Majadas.docx.pdf\" target=\"_blank\" rel=\"noopener noreferrer\">Laia Majadas<\/a><\/td>\n<td><a href=\"https:\/\/agora.xtec.cat\/iesinfanta\/wp-content\/uploads\/usu231\/2021\/02\/1C-Laia-Moreno.pdf\" target=\"_blank\" rel=\"noopener noreferrer\">Laia Moreno<\/a><\/td>\n<td><a href=\"https:\/\/agora.xtec.cat\/iesinfanta\/wp-content\/uploads\/usu231\/2021\/02\/1D-Joan-Carles-Castro.docx.pdf\" target=\"_blank\" rel=\"noopener noreferrer\">Joan Carles Castro<\/a><\/td>\n<\/tr>\n<tr>\n<td><a href=\"https:\/\/agora.xtec.cat\/iesinfanta\/wp-content\/uploads\/usu231\/2021\/02\/1B-\u00c0lex-Jara.docx.pdf\" target=\"_blank\" rel=\"noopener noreferrer\">\u00c0lex Jara<\/a><\/td>\n<td><a href=\"https:\/\/agora.xtec.cat\/iesinfanta\/wp-content\/uploads\/usu231\/2021\/02\/1B-Lucia-Buqu\u00e9.docx.pdf\" target=\"_blank\" rel=\"noopener noreferrer\">Lucia Buqu\u00e9<\/a><\/td>\n<td><a href=\"https:\/\/agora.xtec.cat\/iesinfanta\/wp-content\/uploads\/usu231\/2021\/02\/1C-Luna-Diaz.pdf\" target=\"_blank\" rel=\"noopener noreferrer\">Luna Diaz<\/a><\/td>\n<td><a href=\"https:\/\/agora.xtec.cat\/iesinfanta\/wp-content\/uploads\/usu231\/2021\/02\/1D-Leonardo-Distefano.docx.pdf\" target=\"_blank\" rel=\"noopener noreferrer\">Leonardo Distefano<\/a><\/td>\n<\/tr>\n<\/tbody>\n<\/table>\n","protected":false},"excerpt":{"rendered":"<p>Aqu\u00ed teniu les redaccions d&#8217;alguns alumnes de 1r d&#8217;ESO sobre el seu primer dia a l&#8217;Institut Ignasi Salv\u00e0 Arnau Gomez Roa Louamera Nadia Ben el Kaid Marc Tusset Biel Martin Alex Torrente Vict\u00f2ria Valverde Oriol Gonzalez Laia Majadas Laia Moreno Joan Carles Castro \u00c0lex Jara Lucia Buqu\u00e9 Luna Diaz Leonardo Distefano<\/p>\n","protected":false},"author":4,"featured_media":0,"parent":0,"menu_order":0,"comment_status":"closed","ping_status":"closed","template":"","meta":{"_bbp_topic_count":0,"_bbp_reply_count":0,"_bbp_total_topic_count":0,"_bbp_total_reply_count":0,"_bbp_voice_count":0,"_bbp_anonymous_reply_count":0,"_bbp_topic_count_hidden":0,"_bbp_reply_count_hidden":0,"_bbp_forum_subforum_count":0,"site-sidebar-layout":"default","site-content-layout":"","ast-site-content-layout":"","site-content-style":"default","site-sidebar-style":"default","ast-global-header-display":"","ast-banner-title-visibility":"","ast-main-header-display":"","ast-hfb-above-header-display":"","ast-hfb-below-header-display":"","ast-hfb-mobile-header-display":"","site-post-title":"","ast-breadcrumbs-content":"","ast-featured-img":"","footer-sml-layout":"","theme-transparent-header-meta":"","adv-header-id-meta":"","stick-header-meta":"","header-above-stick-meta":"","header-main-stick-meta":"","header-below-stick-meta":"","astra-migrate-meta-layouts":"default","ast-page-background-enabled":"default","ast-page-background-meta":{"desktop":{"background-color":"var(--ast-global-color-4)","background-image":"","background-repeat":"repeat","background-position":"center center","background-size":"auto","background-attachment":"scroll","background-type":"","background-media":"","overlay-type":"","overlay-color":"","overlay-opacity":"","overlay-gradient":""},"tablet":{"background-color":"","background-image":"","background-repeat":"repeat","background-position":"center center","background-size":"auto","background-attachment":"scroll","background-type":"","background-media":"","overlay-type":"","overlay-color":"","overlay-opacity":"","overlay-gradient":""},"mobile":{"background-color":"","background-image":"","background-repeat":"repeat","background-position":"center center","background-size":"auto","background-attachment":"scroll","background-type":"","background-media":"","overlay-type":"","overlay-color":"","overlay-opacity":"","overlay-gradient":""}},"ast-content-background-meta":{"desktop":{"background-color":"var(--ast-global-color-5)","background-image":"","background-repeat":"repeat","background-position":"center center","background-size":"auto","background-attachment":"scroll","background-type":"","background-media":"","overlay-type":"","overlay-color":"","overlay-opacity":"","overlay-gradient":""},"tablet":{"background-color":"var(--ast-global-color-5)","background-image":"","background-repeat":"repeat","background-position":"center center","background-size":"auto","background-attachment":"scroll","background-type":"","background-media":"","overlay-type":"","overlay-color":"","overlay-opacity":"","overlay-gradient":""},"mobile":{"background-color":"var(--ast-global-color-5)","background-image":"","background-repeat":"repeat","background-position":"center center","background-size":"auto","background-attachment":"scroll","background-type":"","background-media":"","overlay-type":"","overlay-color":"","overlay-opacity":"","overlay-gradient":""}},"footnotes":""},"class_list":["post-2302","page","type-page","status-publish","hentry"],"post_mailing_queue_ids":[],"_links":{"self":[{"href":"https:\/\/agora.xtec.cat\/iesinfanta\/wp-json\/wp\/v2\/pages\/2302","targetHints":{"allow":["GET"]}}],"collection":[{"href":"https:\/\/agora.xtec.cat\/iesinfanta\/wp-json\/wp\/v2\/pages"}],"about":[{"href":"https:\/\/agora.xtec.cat\/iesinfanta\/wp-json\/wp\/v2\/types\/page"}],"author":[{"embeddable":true,"href":"https:\/\/agora.xtec.cat\/iesinfanta\/wp-json\/wp\/v2\/users\/4"}],"replies":[{"embeddable":true,"href":"https:\/\/agora.xtec.cat\/iesinfanta\/wp-json\/wp\/v2\/comments?post=2302"}],"version-history":[{"count":3,"href":"https:\/\/agora.xtec.cat\/iesinfanta\/wp-json\/wp\/v2\/pages\/2302\/revisions"}],"predecessor-version":[{"id":2325,"href":"https:\/\/agora.xtec.cat\/iesinfanta\/wp-json\/wp\/v2\/pages\/2302\/revisions\/2325"}],"wp:attachment":[{"href":"https:\/\/agora.xtec.cat\/iesinfanta\/wp-json\/wp\/v2\/media?parent=2302"}],"curies":[{"name":"wp","href":"https:\/\/api.w.org\/{rel}","templated":true}]}}