{"id":2241,"date":"2021-02-01T10:23:39","date_gmt":"2021-02-01T09:23:39","guid":{"rendered":"https:\/\/agora.xtec.cat\/iesinfanta\/?page_id=2241"},"modified":"2024-01-23T11:59:15","modified_gmt":"2024-01-23T10:59:15","slug":"certificat-de-catala","status":"publish","type":"page","link":"https:\/\/agora.xtec.cat\/iesinfanta\/secretaria\/certificats-academics\/certificat-de-catala\/","title":{"rendered":"Certificat de Catal\u00e0"},"content":{"rendered":"<h4 style=\"text-align: left;\">Certificat d&#8217;acreditaci\u00f3 de Catal\u00e0<\/h4>\n<h3 class=\"western\"><span style=\"color: #000000;\"><span style=\"font-family: Arial, serif;\"><span style=\"font-size: medium;\">Tramitaci\u00f3 de certificats d&#8217;acreditaci\u00f3 de reconeixement dels nivells B2 i C1 de catal\u00e0 per escolaritat reglada no universit\u00e0ria<\/span><\/span><\/span><\/h3>\n<p><span style=\"font-family: Arial, serif;\">La Secretaria de Pol\u00edtica Ling\u00fc\u00edstica de la Generalitat de Catalunya reconeix l\u2019equival\u00e8ncia dels coneixements de catal\u00e0 i delega als centres l\u2019expedici\u00f3 del corresponent certificat.<\/span><\/p>\n<p><span style=\"font-family: Arial, serif;\">El certificat el podeu sol\u00b7licitar a qualsevol centre de secund\u00e0ria p\u00fablic de Catalunya.<\/span><\/p>\n<p><span style=\"font-family: Arial, serif;\">Els requisits varien segons els estudis que s\u2019han cursat i els anys en els que es van realitzar.<\/span><\/p>\n<p><span style=\"font-family: Arial, serif;\"><i><b>Taula equival\u00e8ncies<\/b><\/i><\/span><\/p>\n<table style=\"height: 590px; width: 608px;\" width=\"621\" cellspacing=\"0\" cellpadding=\"11\">\n<colgroup>\n<col width=\"286\" \/>\n<col width=\"49\" \/>\n<col width=\"462\" \/> <\/colgroup>\n<tbody>\n<tr valign=\"top\">\n<td style=\"background: #f79646; width: 213.333px;\" bgcolor=\"#f79646\"><span style=\"color: #ffffff;\"><b><span style=\"font-size: small;\"><i>Titulaci\u00f3<\/i><\/span><\/b><\/span><\/td>\n<td style=\"background: #f79646; width: 56px;\" bgcolor=\"#f79646\"><span style=\"color: #ffffff;\"><b><span style=\"font-size: small;\"><i>Nivell<\/i><\/span><\/b><\/span><\/td>\n<td style=\"background: #f79646; width: 336px;\" bgcolor=\"#f79646\"><span style=\"color: #ffffff;\"><b><span style=\"font-size: small;\"><i>Requisits<\/i><\/span><\/b><\/span><\/td>\n<\/tr>\n<tr valign=\"top\">\n<td style=\"width: 213.333px;\"><span style=\"font-size: small;\">T\u00edtol de Graduat Escolar<\/span><b><span style=\"font-size: small;\"> (EGB)<\/span><\/b><\/td>\n<td style=\"width: 56px;\">\n<p align=\"center\"><span style=\"font-size: small;\"><b>B2<\/b><\/span><\/p>\n<\/td>\n<td style=\"width: 336px;\" rowspan=\"3\">\n<ul>\n<li><span style=\"font-size: small;\">El t\u00edtol corresponent (EGB, FP1, BUP, FP2)<\/span><\/li>\n<li><span style=\"font-size: small;\">Que s\u2019hagin cursat tots els estudis a Catalunya.<\/span><\/li>\n<li><span style=\"font-size: small;\">Que s\u2019hagi cursat Llengua catalana en la totalitat dels estudis.<\/span><\/li>\n<li><span style=\"font-size: small;\">Estudis iniciats a partir del curs 1978\/1979 (s\u00f3n els nascuts a partir de l\u2019any 1972).<\/span><\/li>\n<\/ul>\n<\/td>\n<\/tr>\n<tr valign=\"top\">\n<td style=\"width: 213.333px;\"><span style=\"font-size: small;\">T\u00edtol BUP<\/span><\/td>\n<td style=\"width: 56px;\">\n<p align=\"center\"><span style=\"font-size: small;\"><b>C1<\/b><\/span><\/p>\n<\/td>\n<\/tr>\n<tr valign=\"top\">\n<td style=\"width: 213.333px;\"><span style=\"font-size: small;\">T\u00edtol de t\u00e8cnic\/a especialista <\/span><b><span style=\"font-size: small;\">(FP2)<\/span><\/b><\/td>\n<td style=\"width: 56px;\">\n<p align=\"center\"><span style=\"font-size: small;\"><b>C1<\/b><\/span><\/p>\n<\/td>\n<\/tr>\n<tr valign=\"top\">\n<td style=\"width: 213.333px;\"><span style=\"font-size: small;\">T\u00edtol d\u2019 ESO<\/span><\/td>\n<td style=\"width: 56px;\">\n<p align=\"center\"><span style=\"font-size: small;\"><b>C1<\/b><\/span><\/p>\n<\/td>\n<td style=\"width: 336px;\">\n<ul>\n<li><span style=\"font-size: small;\">T\u00edtol d\u2019ESO<\/span><\/li>\n<li><a name=\"_GoBack\"><\/a> <span style=\"font-size: small;\">Que s\u2019hagin cursat a Catalunya almenys 3 cursos de prim\u00e0ria i tota l\u2019ESO.<\/span><\/li>\n<li><span style=\"font-size: small;\">Que s\u2019hagi cursat Llengua catalana en la totalitat dels estudis m\u00ednims esmentats.<\/span><\/li>\n<li><span style=\"font-size: small;\">A partir del curs 2007\/2008 haver aprovat la mat\u00e8ria Llengua catalana en la totalitat dels estudis m\u00ednims esmentats (el t\u00edtol d\u2019ESO no garanteix que s\u2019hagi superat la mat\u00e8ria).<\/span><\/li>\n<\/ul>\n<\/td>\n<\/tr>\n<tr valign=\"top\">\n<td style=\"width: 213.333px;\"><span style=\"font-size: small;\">T\u00edtol de Batxiller <\/span><b><span style=\"font-size: small;\">(LOGSE, LOE)<\/span><\/b><\/td>\n<td style=\"width: 56px;\">\n<p align=\"center\"><span style=\"font-size: small;\"><b>C1<\/b><\/span><\/p>\n<\/td>\n<td style=\"width: 336px;\">\n<ul>\n<li><span style=\"font-size: small;\">T\u00edtol de batxillerat LOGSE<\/span><\/li>\n<li><span style=\"font-size: small;\">Que s\u2019hagin cursat a Catalunya almenys 3 cursos de prim\u00e0ria i 5 cursos entre ESO i batxillerat<\/span><\/li>\n<li><span style=\"font-size: small;\">Que s\u2019hagi cursat llengua catalana en la totalitat dels estudis m\u00ednims esmentats.<\/span><\/li>\n<\/ul>\n<\/td>\n<\/tr>\n<\/tbody>\n<\/table>\n<h5 style=\"text-align: left;\">Per a m\u00e9s infor<span style=\"font-size: 1.125em; font-weight: bold;\">maci\u00f3 podeu consultar la p\u00e0gina web de <\/span><a style=\"font-size: 1.125em; font-weight: bold;\" href=\"https:\/\/llengua.gencat.cat\/ca\/direccio_general_politica_linguistica\/\" target=\"_blank\" rel=\"noopener noreferrer\">Pol\u00edtica Ling\u00fc\u00edstica<\/a><\/h5>\n<p><span style=\"font-family: Arial, serif;\"><i><b>Documentaci\u00f3 que cal aportar<\/b><\/i><\/span><\/p>\n<ul>\n<li><span style=\"font-family: Arial, serif;\">Full de sol\u00b7licitud emplenat i signat<\/span><\/li>\n<li><span style=\"font-family: Arial, serif;\">Original i c\u00f2pia DNI, NIE o passaport de l\u2019interessat\/da.<\/span><\/li>\n<li><span style=\"font-family: Arial, serif;\">T\u00edtol original i c\u00f2pia dels estudis que permeten l\u2019acc\u00e9s al certificat d\u2019 equival\u00e8ncia.<\/span><\/li>\n<li><span style=\"font-family: Arial, serif;\">Original i c\u00f2pia de documentaci\u00f3 acreditativa d\u2019 haver cursat els estudis a Catalunya i haver cursat la mat\u00e8ria de llengua catalana en la totalitat dels estudis esmentats a partir del curs 1978-1979 (cursos anteriors no podem expedir el certificat).<\/span><\/li>\n<\/ul>\n<p><span style=\"font-family: Arial, serif;\">Poden ser llibres d\u2019 escolaritat o certificats expedits pels centres on s\u2019han cursat els estudis.<\/span><\/p>\n<p><span style=\"font-family: Arial, serif;\">La secretaria del centre emetr\u00e0 el certificat en un per\u00edode m\u00e0xim de 7 dies des de la data de sol\u00b7licitud, llevat dels per\u00edodes de preinscripci\u00f3 i matr\u00edcula, on el termini ser\u00e0 de 10 dies.<\/span><\/p>\n<p><span style=\"font-family: Arial, serif;\">Durant els per\u00edodes vacacionals del <\/span><span style=\"color: #0000ff;\"><u><a href=\"http:\/\/educacio.gencat.cat\/ca\/arees-actuacio\/centres-serveis-educatius\/centres\/calendari-escolar\/\" target=\"_blank\" rel=\"noopener noreferrer\"><span style=\"font-family: Arial, serif;\">calendari escolar<\/span><\/a><\/u><\/span><span style=\"font-family: Arial, serif;\">, el personal de Secretaria no tramitar\u00e0 certificats ni t\u00edtols.<\/span><\/p>\n<p>Per iniciar el tr\u00e0mit, dubtes i\/o consultes podeu enviar un correu electr\u00f2nic a\u00a0<i><a href=\"mailto:secretaria@insinfanta.cat\" target=\"_blank\" rel=\"noopener\">secretaria@insinfanta.cat<\/a><\/i><\/p>\n<div class=\"gmail_default\"><\/div>\n<p><span style=\"font-family: Arial, serif;\">Arxius per descarregar:<\/span><\/p>\n<ul>\n<li><a href=\"https:\/\/drive.google.com\/file\/d\/1MSKnaWtewC5ri7F999gju4AS-NHuN_9j\/view?usp=sharing\" target=\"_blank\" rel=\"noopener\"><span style=\"font-family: Arial, serif;\">Full de sol\u00b7licitud del certificat d\u2019equival\u00e8ncia de nivell B2\/C1 de catal\u00e0 <\/span><\/a><\/li>\n<li><a href=\"https:\/\/agora.xtec.cat\/iesinfanta\/wp-content\/uploads\/usu231\/2021\/02\/Autoritzaci\u00f3-per-al-lliurament-del-t\u00edtol-i-certificat.pdf\" target=\"_blank\" rel=\"noopener noreferrer\"><span style=\"font-family: Arial, serif;\">Full d\u2019autoritzaci\u00f3 de lliurament del t\u00edtol i\/o certificat<\/span><\/a><\/li>\n<\/ul>\n<p>&nbsp;<\/p>\n<p>&nbsp;<\/p>\n<p>&nbsp;<\/p>\n<p>&nbsp;<\/p>\n<p>&nbsp;<\/p>\n","protected":false},"excerpt":{"rendered":"<p>Certificat d&#8217;acreditaci\u00f3 de Catal\u00e0 Tramitaci\u00f3 de certificats d&#8217;acreditaci\u00f3 de reconeixement dels nivells B2 i C1 de catal\u00e0 per escolaritat reglada no universit\u00e0ria La Secretaria de Pol\u00edtica Ling\u00fc\u00edstica de la Generalitat de Catalunya reconeix l\u2019equival\u00e8ncia dels coneixements de catal\u00e0 i delega als centres l\u2019expedici\u00f3 del corresponent certificat. El certificat el podeu sol\u00b7licitar a qualsevol centre de [&hellip;]<\/p>\n","protected":false},"author":4,"featured_media":0,"parent":2235,"menu_order":20,"comment_status":"closed","ping_status":"closed","template":"page-templates\/side-menu.php","meta":{"_bbp_topic_count":0,"_bbp_reply_count":0,"_bbp_total_topic_count":0,"_bbp_total_reply_count":0,"_bbp_voice_count":0,"_bbp_anonymous_reply_count":0,"_bbp_topic_count_hidden":0,"_bbp_reply_count_hidden":0,"_bbp_forum_subforum_count":0,"site-sidebar-layout":"default","site-content-layout":"","ast-site-content-layout":"","site-content-style":"default","site-sidebar-style":"default","ast-global-header-display":"","ast-banner-title-visibility":"","ast-main-header-display":"","ast-hfb-above-header-display":"","ast-hfb-below-header-display":"","ast-hfb-mobile-header-display":"","site-post-title":"","ast-breadcrumbs-content":"","ast-featured-img":"","footer-sml-layout":"","theme-transparent-header-meta":"","adv-header-id-meta":"","stick-header-meta":"","header-above-stick-meta":"","header-main-stick-meta":"","header-below-stick-meta":"","astra-migrate-meta-layouts":"default","ast-page-background-enabled":"default","ast-page-background-meta":{"desktop":{"background-color":"var(--ast-global-color-4)","background-image":"","background-repeat":"repeat","background-position":"center center","background-size":"auto","background-attachment":"scroll","background-type":"","background-media":"","overlay-type":"","overlay-color":"","overlay-opacity":"","overlay-gradient":""},"tablet":{"background-color":"","background-image":"","background-repeat":"repeat","background-position":"center center","background-size":"auto","background-attachment":"scroll","background-type":"","background-media":"","overlay-type":"","overlay-color":"","overlay-opacity":"","overlay-gradient":""},"mobile":{"background-color":"","background-image":"","background-repeat":"repeat","background-position":"center center","background-size":"auto","background-attachment":"scroll","background-type":"","background-media":"","overlay-type":"","overlay-color":"","overlay-opacity":"","overlay-gradient":""}},"ast-content-background-meta":{"desktop":{"background-color":"var(--ast-global-color-5)","background-image":"","background-repeat":"repeat","background-position":"center center","background-size":"auto","background-attachment":"scroll","background-type":"","background-media":"","overlay-type":"","overlay-color":"","overlay-opacity":"","overlay-gradient":""},"tablet":{"background-color":"var(--ast-global-color-5)","background-image":"","background-repeat":"repeat","background-position":"center center","background-size":"auto","background-attachment":"scroll","background-type":"","background-media":"","overlay-type":"","overlay-color":"","overlay-opacity":"","overlay-gradient":""},"mobile":{"background-color":"var(--ast-global-color-5)","background-image":"","background-repeat":"repeat","background-position":"center center","background-size":"auto","background-attachment":"scroll","background-type":"","background-media":"","overlay-type":"","overlay-color":"","overlay-opacity":"","overlay-gradient":""}},"footnotes":""},"class_list":["post-2241","page","type-page","status-publish","hentry"],"post_mailing_queue_ids":[],"_links":{"self":[{"href":"https:\/\/agora.xtec.cat\/iesinfanta\/wp-json\/wp\/v2\/pages\/2241","targetHints":{"allow":["GET"]}}],"collection":[{"href":"https:\/\/agora.xtec.cat\/iesinfanta\/wp-json\/wp\/v2\/pages"}],"about":[{"href":"https:\/\/agora.xtec.cat\/iesinfanta\/wp-json\/wp\/v2\/types\/page"}],"author":[{"embeddable":true,"href":"https:\/\/agora.xtec.cat\/iesinfanta\/wp-json\/wp\/v2\/users\/4"}],"replies":[{"embeddable":true,"href":"https:\/\/agora.xtec.cat\/iesinfanta\/wp-json\/wp\/v2\/comments?post=2241"}],"version-history":[{"count":5,"href":"https:\/\/agora.xtec.cat\/iesinfanta\/wp-json\/wp\/v2\/pages\/2241\/revisions"}],"predecessor-version":[{"id":6383,"href":"https:\/\/agora.xtec.cat\/iesinfanta\/wp-json\/wp\/v2\/pages\/2241\/revisions\/6383"}],"up":[{"embeddable":true,"href":"https:\/\/agora.xtec.cat\/iesinfanta\/wp-json\/wp\/v2\/pages\/2235"}],"wp:attachment":[{"href":"https:\/\/agora.xtec.cat\/iesinfanta\/wp-json\/wp\/v2\/media?parent=2241"}],"curies":[{"name":"wp","href":"https:\/\/api.w.org\/{rel}","templated":true}]}}