{"id":2238,"date":"2021-02-01T10:10:02","date_gmt":"2021-02-01T09:10:02","guid":{"rendered":"https:\/\/agora.xtec.cat\/iesinfanta\/?page_id=2238"},"modified":"2024-01-23T11:56:20","modified_gmt":"2024-01-23T10:56:20","slug":"certificat-academic","status":"publish","type":"page","link":"https:\/\/agora.xtec.cat\/iesinfanta\/secretaria\/certificats-academics\/certificat-academic\/","title":{"rendered":"Certificat acad\u00e8mic"},"content":{"rendered":"<h3>Tramitaci\u00f3 de certificats d\u2019estudis cursats al Institut Infanta Isabel d\u2019Arag\u00f3 i centres adscrits<\/h3>\n<p><strong><em>Documentaci\u00f3 que cal aportar<\/em><\/strong><\/p>\n<ul>\n<li>Full de sol\u00b7licitud emplenat i signat (per l\u2019alumne o tutor)<\/li>\n<li>Original i c\u00f2pia DNI, NIE o passaport de l\u2019interessat\/interessada.<\/li>\n<\/ul>\n<p>La secretaria del centre emetr\u00e0 el certificat en un per\u00edode m\u00e0xim de 7 dies des de la data de sol\u00b7licitud, llevat dels per\u00edodes de preinscripci\u00f3 i matr\u00edcula, on el termini ser\u00e0 de 10 dies.<\/p>\n<p>Durant els per\u00edodes vacacionals del <a href=\"http:\/\/educacio.gencat.cat\/ca\/arees-actuacio\/centres-serveis-educatius\/centres\/calendari-escolar\/\" target=\"_blank\" rel=\"noopener noreferrer\">calendari escolar<\/a>, el personal de Secretaria no tramitar\u00e0 certificats ni t\u00edtols.<\/p>\n<p>Arxius per descarregar:<\/p>\n<ul>\n<li><a href=\"https:\/\/drive.google.com\/file\/d\/1wt-Gyjjw8ToLxyI62-G3Dg82HtWD_zPj\/view?usp=sharing\" target=\"_blank\" rel=\"noopener noreferrer\">Full de sol\u00b7licitud del certificat acad\u00e8mic<\/a><\/li>\n<li><a href=\"https:\/\/agora.xtec.cat\/iesinfanta\/wp-content\/uploads\/usu231\/2021\/02\/Autoritzaci\u00f3-per-al-lliurament-del-t\u00edtol-i-certificat.pdf\" target=\"_blank\" rel=\"noopener noreferrer\">Full d\u2019autoritzaci\u00f3 de lliurament del t\u00edtol i\/o certificat<\/a><\/li>\n<\/ul>\n","protected":false},"excerpt":{"rendered":"<p>Tramitaci\u00f3 de certificats d\u2019estudis cursats al Institut Infanta Isabel d\u2019Arag\u00f3 i centres adscrits Documentaci\u00f3 que cal aportar Full de sol\u00b7licitud emplenat i signat (per l\u2019alumne o tutor) Original i c\u00f2pia DNI, NIE o passaport de l\u2019interessat\/interessada. La secretaria del centre emetr\u00e0 el certificat en un per\u00edode m\u00e0xim de 7 dies des de la data de [&hellip;]<\/p>\n","protected":false},"author":4,"featured_media":0,"parent":2235,"menu_order":10,"comment_status":"closed","ping_status":"closed","template":"page-templates\/side-menu.php","meta":{"_bbp_topic_count":0,"_bbp_reply_count":0,"_bbp_total_topic_count":0,"_bbp_total_reply_count":0,"_bbp_voice_count":0,"_bbp_anonymous_reply_count":0,"_bbp_topic_count_hidden":0,"_bbp_reply_count_hidden":0,"_bbp_forum_subforum_count":0,"site-sidebar-layout":"default","site-content-layout":"","ast-site-content-layout":"","site-content-style":"default","site-sidebar-style":"default","ast-global-header-display":"","ast-banner-title-visibility":"","ast-main-header-display":"","ast-hfb-above-header-display":"","ast-hfb-below-header-display":"","ast-hfb-mobile-header-display":"","site-post-title":"","ast-breadcrumbs-content":"","ast-featured-img":"","footer-sml-layout":"","theme-transparent-header-meta":"","adv-header-id-meta":"","stick-header-meta":"","header-above-stick-meta":"","header-main-stick-meta":"","header-below-stick-meta":"","astra-migrate-meta-layouts":"default","ast-page-background-enabled":"default","ast-page-background-meta":{"desktop":{"background-color":"var(--ast-global-color-4)","background-image":"","background-repeat":"repeat","background-position":"center center","background-size":"auto","background-attachment":"scroll","background-type":"","background-media":"","overlay-type":"","overlay-color":"","overlay-opacity":"","overlay-gradient":""},"tablet":{"background-color":"","background-image":"","background-repeat":"repeat","background-position":"center center","background-size":"auto","background-attachment":"scroll","background-type":"","background-media":"","overlay-type":"","overlay-color":"","overlay-opacity":"","overlay-gradient":""},"mobile":{"background-color":"","background-image":"","background-repeat":"repeat","background-position":"center center","background-size":"auto","background-attachment":"scroll","background-type":"","background-media":"","overlay-type":"","overlay-color":"","overlay-opacity":"","overlay-gradient":""}},"ast-content-background-meta":{"desktop":{"background-color":"var(--ast-global-color-5)","background-image":"","background-repeat":"repeat","background-position":"center center","background-size":"auto","background-attachment":"scroll","background-type":"","background-media":"","overlay-type":"","overlay-color":"","overlay-opacity":"","overlay-gradient":""},"tablet":{"background-color":"var(--ast-global-color-5)","background-image":"","background-repeat":"repeat","background-position":"center center","background-size":"auto","background-attachment":"scroll","background-type":"","background-media":"","overlay-type":"","overlay-color":"","overlay-opacity":"","overlay-gradient":""},"mobile":{"background-color":"var(--ast-global-color-5)","background-image":"","background-repeat":"repeat","background-position":"center center","background-size":"auto","background-attachment":"scroll","background-type":"","background-media":"","overlay-type":"","overlay-color":"","overlay-opacity":"","overlay-gradient":""}},"footnotes":""},"class_list":["post-2238","page","type-page","status-publish","hentry"],"post_mailing_queue_ids":[],"_links":{"self":[{"href":"https:\/\/agora.xtec.cat\/iesinfanta\/wp-json\/wp\/v2\/pages\/2238","targetHints":{"allow":["GET"]}}],"collection":[{"href":"https:\/\/agora.xtec.cat\/iesinfanta\/wp-json\/wp\/v2\/pages"}],"about":[{"href":"https:\/\/agora.xtec.cat\/iesinfanta\/wp-json\/wp\/v2\/types\/page"}],"author":[{"embeddable":true,"href":"https:\/\/agora.xtec.cat\/iesinfanta\/wp-json\/wp\/v2\/users\/4"}],"replies":[{"embeddable":true,"href":"https:\/\/agora.xtec.cat\/iesinfanta\/wp-json\/wp\/v2\/comments?post=2238"}],"version-history":[{"count":5,"href":"https:\/\/agora.xtec.cat\/iesinfanta\/wp-json\/wp\/v2\/pages\/2238\/revisions"}],"predecessor-version":[{"id":6382,"href":"https:\/\/agora.xtec.cat\/iesinfanta\/wp-json\/wp\/v2\/pages\/2238\/revisions\/6382"}],"up":[{"embeddable":true,"href":"https:\/\/agora.xtec.cat\/iesinfanta\/wp-json\/wp\/v2\/pages\/2235"}],"wp:attachment":[{"href":"https:\/\/agora.xtec.cat\/iesinfanta\/wp-json\/wp\/v2\/media?parent=2238"}],"curies":[{"name":"wp","href":"https:\/\/api.w.org\/{rel}","templated":true}]}}