{"id":195,"date":"2014-09-22T10:39:39","date_gmt":"2014-09-22T10:39:39","guid":{"rendered":"http:\/\/agora.xtec.cat\/iesinfanta\/?page_id=195"},"modified":"2021-09-26T18:58:40","modified_gmt":"2021-09-26T16:58:40","slug":"estudis","status":"publish","type":"page","link":"https:\/\/agora.xtec.cat\/iesinfanta\/estudis\/","title":{"rendered":"Estudis"},"content":{"rendered":"<p><a href=\"https:\/\/agora.xtec.cat\/iesinfanta\/wp-content\/uploads\/usu231\/2019\/11\/ESO.jpg\"><img loading=\"lazy\" decoding=\"async\" class=\"alignleft wp-image-680\" src=\"https:\/\/agora.xtec.cat\/iesinfanta\/wp-content\/uploads\/usu231\/2019\/11\/ESO.jpg\" alt=\"\" width=\"244\" height=\"199\" srcset=\"https:\/\/agora.xtec.cat\/iesinfanta\/wp-content\/uploads\/usu231\/2019\/11\/ESO.jpg 512w, https:\/\/agora.xtec.cat\/iesinfanta\/wp-content\/uploads\/usu231\/2019\/11\/ESO-300x245.jpg 300w\" sizes=\"auto, (max-width: 244px) 100vw, 244px\" \/><\/a>Us presentem aqu\u00ed, de manera breu, algunes de les caracter\u00edstiques principals del pla d&#8217;estudis\u00a0d&#8217;aquest institut, que en alguns casos s\u00f3n diferents de les d&#8217;altres centres. Les podeu consultar\u00a0tamb\u00e9 als dossiers d&#8217;ESO (<a href=\"https:\/\/agora.xtec.cat\/iesinfanta\/estudis\/eso\/primer-deso\/\" target=\"_blank\" rel=\"noopener\">1r<\/a>, <a title=\"Dossier informatiu\" href=\"https:\/\/agora.xtec.cat\/iesinfanta\/estudis\/eso\/segon-deso\/\" target=\"_blank\" rel=\"noopener noreferrer\">2n<\/a>, <a title=\"Dossier informatiu\" href=\"https:\/\/agora.xtec.cat\/iesinfanta\/estudis\/eso\/tercer-deso\/\" target=\"_blank\" rel=\"noopener noreferrer\">3r<\/a> i <a href=\"https:\/\/agora.xtec.cat\/iesinfanta\/estudis\/eso\/quart-deso\/\" target=\"_blank\" rel=\"noopener\">4t<\/a>) i el del <a href=\"https:\/\/agora.xtec.cat\/iesinfanta\/estudis\/batxillerat\/\" target=\"_blank\" rel=\"noopener\">Batxillerat<\/a>, on us n&#8217;informem de manera m\u00e9s \u00e0mplia<\/p>\n<p>En el nostre centre s&#8217;imparteixen ESO i Batxillerat (en les modalitats d&#8217;arts, ci\u00e8ncies i tecnologia i humanitats i ci\u00e8ncies socials i tamb\u00e9 el Batxillerat Professionalitzador de la modalitat de ci\u00e8ncies i tecnologia).<br \/>\nEl nostre horari \u00e9s, per a l&#8217;ESO, de mat\u00ed i tarda els\u00a0 dimarts i dijous (de 8:00 a 13:30 i de 15:00 a 17:00) , i nom\u00e9s matins els dilluns (de 8:00 a 14:30), dimecres i divendres (de 8:00 a 13:30).<br \/>\nEls alumnes de Batxillerat tenen nom\u00e9s horari de matins (de 8:00 a 14;30).<\/p>\n<p>Durant l&#8217;ESO i el Batxillerat treballem amb una plataforma digital (iEduca) on les fam\u00edlies podeu consultar les observacions fetes pel professorat, les notes , l&#8217;assist\u00e8ncia o retards dels vostres fills , les amonestacions, aix\u00ed com comunicar-vos amb al tutor\/a del vostre fill si ho desitgeu.<\/p>\n<div class=\"entry-content\">\n<p style=\"padding-left: 400px;\">\n<\/div>\n","protected":false},"excerpt":{"rendered":"<p>Us presentem aqu\u00ed, de manera breu, algunes de les caracter\u00edstiques principals del pla d&#8217;estudis\u00a0d&#8217;aquest institut, que en alguns casos s\u00f3n diferents de les d&#8217;altres centres. Les podeu consultar\u00a0tamb\u00e9 als dossiers d&#8217;ESO (1r, 2n, 3r i 4t) i el del Batxillerat, on us n&#8217;informem de manera m\u00e9s \u00e0mplia En el nostre centre s&#8217;imparteixen ESO i Batxillerat [&hellip;]<\/p>\n","protected":false},"author":1,"featured_media":0,"parent":0,"menu_order":0,"comment_status":"closed","ping_status":"closed","template":"page-templates\/side-menu.php","meta":{"_bbp_topic_count":0,"_bbp_reply_count":0,"_bbp_total_topic_count":0,"_bbp_total_reply_count":0,"_bbp_voice_count":0,"_bbp_anonymous_reply_count":0,"_bbp_topic_count_hidden":0,"_bbp_reply_count_hidden":0,"_bbp_forum_subforum_count":0,"site-sidebar-layout":"default","site-content-layout":"","ast-site-content-layout":"","site-content-style":"default","site-sidebar-style":"default","ast-global-header-display":"","ast-banner-title-visibility":"","ast-main-header-display":"","ast-hfb-above-header-display":"","ast-hfb-below-header-display":"","ast-hfb-mobile-header-display":"","site-post-title":"","ast-breadcrumbs-content":"","ast-featured-img":"","footer-sml-layout":"","theme-transparent-header-meta":"","adv-header-id-meta":"","stick-header-meta":"","header-above-stick-meta":"","header-main-stick-meta":"","header-below-stick-meta":"","astra-migrate-meta-layouts":"default","ast-page-background-enabled":"default","ast-page-background-meta":{"desktop":{"background-color":"var(--ast-global-color-4)","background-image":"","background-repeat":"repeat","background-position":"center center","background-size":"auto","background-attachment":"scroll","background-type":"","background-media":"","overlay-type":"","overlay-color":"","overlay-opacity":"","overlay-gradient":""},"tablet":{"background-color":"","background-image":"","background-repeat":"repeat","background-position":"center center","background-size":"auto","background-attachment":"scroll","background-type":"","background-media":"","overlay-type":"","overlay-color":"","overlay-opacity":"","overlay-gradient":""},"mobile":{"background-color":"","background-image":"","background-repeat":"repeat","background-position":"center center","background-size":"auto","background-attachment":"scroll","background-type":"","background-media":"","overlay-type":"","overlay-color":"","overlay-opacity":"","overlay-gradient":""}},"ast-content-background-meta":{"desktop":{"background-color":"var(--ast-global-color-5)","background-image":"","background-repeat":"repeat","background-position":"center center","background-size":"auto","background-attachment":"scroll","background-type":"","background-media":"","overlay-type":"","overlay-color":"","overlay-opacity":"","overlay-gradient":""},"tablet":{"background-color":"var(--ast-global-color-5)","background-image":"","background-repeat":"repeat","background-position":"center center","background-size":"auto","background-attachment":"scroll","background-type":"","background-media":"","overlay-type":"","overlay-color":"","overlay-opacity":"","overlay-gradient":""},"mobile":{"background-color":"var(--ast-global-color-5)","background-image":"","background-repeat":"repeat","background-position":"center center","background-size":"auto","background-attachment":"scroll","background-type":"","background-media":"","overlay-type":"","overlay-color":"","overlay-opacity":"","overlay-gradient":""}},"footnotes":""},"class_list":["post-195","page","type-page","status-publish","hentry"],"post_mailing_queue_ids":[],"_links":{"self":[{"href":"https:\/\/agora.xtec.cat\/iesinfanta\/wp-json\/wp\/v2\/pages\/195","targetHints":{"allow":["GET"]}}],"collection":[{"href":"https:\/\/agora.xtec.cat\/iesinfanta\/wp-json\/wp\/v2\/pages"}],"about":[{"href":"https:\/\/agora.xtec.cat\/iesinfanta\/wp-json\/wp\/v2\/types\/page"}],"author":[{"embeddable":true,"href":"https:\/\/agora.xtec.cat\/iesinfanta\/wp-json\/wp\/v2\/users\/1"}],"replies":[{"embeddable":true,"href":"https:\/\/agora.xtec.cat\/iesinfanta\/wp-json\/wp\/v2\/comments?post=195"}],"version-history":[{"count":5,"href":"https:\/\/agora.xtec.cat\/iesinfanta\/wp-json\/wp\/v2\/pages\/195\/revisions"}],"predecessor-version":[{"id":3383,"href":"https:\/\/agora.xtec.cat\/iesinfanta\/wp-json\/wp\/v2\/pages\/195\/revisions\/3383"}],"wp:attachment":[{"href":"https:\/\/agora.xtec.cat\/iesinfanta\/wp-json\/wp\/v2\/media?parent=195"}],"curies":[{"name":"wp","href":"https:\/\/api.w.org\/{rel}","templated":true}]}}